{"id":968,"date":"2016-03-10T16:45:40","date_gmt":"2016-03-10T14:45:40","guid":{"rendered":"http:\/\/ventilatsiooniseade.ee\/?post_type=product&#038;p=968"},"modified":"2016-10-06T23:41:22","modified_gmt":"2016-10-06T20:41:22","slug":"deekax-talteri-divk-c-95-de","status":"publish","type":"product","link":"https:\/\/ventilatsiooniseade.ee\/?product=deekax-talteri-divk-c-95-de","title":{"rendered":"Deekax Talteri DIVK-C 95 DE"},"content":{"rendered":"<table width=\"561\">\n<tbody>\n<tr>\n<td colspan=\"2\" width=\"202\"><strong>Parameetrid<\/strong><\/td>\n<td width=\"264\"><strong>V\u00e4\u00e4rtus<\/strong><\/td>\n<td width=\"95\"><strong>M\u00f5\u00f5t\u00fchik<\/strong><\/td>\n<\/tr>\n<tr>\n<td colspan=\"2\" width=\"202\">Tootja<\/td>\n<td width=\"264\">Deekax Air OY<\/td>\n<td>&#8211;<\/td>\n<\/tr>\n<tr>\n<td colspan=\"2\" width=\"202\">Mudel<\/td>\n<td width=\"264\">DIVK-C95 DE R (vasak); DIVK-C95 DE L (parem)<\/td>\n<td>&#8211;<\/td>\n<\/tr>\n<tr>\n<td rowspan=\"3\" width=\"143\">SEC<\/td>\n<td width=\"59\">K\u00fclm<\/td>\n<td width=\"264\">-67,46<\/td>\n<td rowspan=\"3\">kWh\/(m<sup>2<\/sup> aasta)<\/td>\n<\/tr>\n<tr>\n<td width=\"59\">Keskmine<\/td>\n<td width=\"264\">-31,53<\/td>\n<\/tr>\n<tr>\n<td width=\"59\">Soe<\/td>\n<td width=\"264\">-8,32<\/td>\n<\/tr>\n<tr>\n<td rowspan=\"3\" width=\"143\">SEC klass<\/td>\n<td width=\"59\">K\u00fclm<\/td>\n<td width=\"264\">A+<\/td>\n<td>&#8211;<\/td>\n<\/tr>\n<tr>\n<td width=\"59\">Keskmine<\/td>\n<td width=\"264\">B<\/td>\n<td>&#8211;<\/td>\n<\/tr>\n<tr>\n<td width=\"59\">Soe<\/td>\n<td width=\"264\">F<\/td>\n<td>&#8211;<\/td>\n<\/tr>\n<tr>\n<td colspan=\"2\" width=\"202\">Liigitamine<\/td>\n<td width=\"264\">Eluhoonetesse m\u00f5eldud ventilatsiooniseade kahe \u00f5huvooluga<\/td>\n<td>&#8211;<\/td>\n<\/tr>\n<tr>\n<td colspan=\"2\" width=\"202\">Juhtimise t\u00fc\u00fcp<\/td>\n<td width=\"264\">Sujuv reguleerimine<\/td>\n<td>&#8211;<\/td>\n<\/tr>\n<tr>\n<td colspan=\"2\" width=\"202\">Soojussalvestuss\u00fcsteemi t\u00fc\u00fcp<\/td>\n<td width=\"264\">Rekuperatiivne<\/td>\n<td>&#8211;<\/td>\n<\/tr>\n<tr>\n<td colspan=\"2\" width=\"202\">Soojuslik kasutegur<\/td>\n<td width=\"264\">80,8<\/td>\n<td>%<\/td>\n<\/tr>\n<tr>\n<td colspan=\"2\" width=\"202\">Maksimaalne \u00f5huvool<\/td>\n<td width=\"264\">342<\/td>\n<td width=\"95\">m<sup>3<\/sup>\/h<\/td>\n<\/tr>\n<tr>\n<td colspan=\"2\" width=\"202\">Ventilaatorite elektriline v\u00f5imsus<\/td>\n<td width=\"264\">243<\/td>\n<td>W<\/td>\n<\/tr>\n<tr>\n<td colspan=\"2\" width=\"202\">Helim\u00fcratase<\/td>\n<td width=\"264\">38<\/td>\n<td width=\"95\">L<sub>wa<\/sub><\/td>\n<\/tr>\n<tr>\n<td colspan=\"2\" width=\"202\">V\u00f5rdlus\u00f5huvool<\/td>\n<td width=\"264\">0,067<\/td>\n<td width=\"95\">m<sup>3<\/sup>\/s<\/td>\n<\/tr>\n<tr>\n<td colspan=\"2\" width=\"202\">V\u00f5rdlusr\u00f5huerinevus<\/td>\n<td width=\"264\">50<\/td>\n<td width=\"95\">Pa<\/td>\n<\/tr>\n<tr>\n<td colspan=\"2\" width=\"202\">SPI<\/td>\n<td width=\"264\">0,4<\/td>\n<td width=\"95\">W\/(m<sup>3<\/sup>\/h)<\/td>\n<\/tr>\n<tr>\n<td colspan=\"2\" width=\"202\">\u00dcldine liigitus<\/td>\n<td width=\"264\">Kanali\u00fchendustega ventilatsiooniseade<\/td>\n<td>&#8211;<\/td>\n<\/tr>\n<tr>\n<td colspan=\"2\" width=\"202\">Ventilatsiooni juhtimine<\/td>\n<td width=\"264\">Kell-juhtimine<\/td>\n<td>&#8211;<\/td>\n<\/tr>\n<tr>\n<td colspan=\"2\" width=\"202\">Sisene maksimumleke<\/td>\n<td width=\"264\">2,2<\/td>\n<td>%<\/td>\n<\/tr>\n<tr>\n<td colspan=\"2\" width=\"202\">V\u00e4line maksimumleke<\/td>\n<td width=\"264\">1,1<\/td>\n<td>%<\/td>\n<\/tr>\n<tr>\n<td colspan=\"2\" width=\"202\">Filtri vahetamise vajadus<\/td>\n<td width=\"264\">M\u00e4rgitud kasutusjuhendisse, lisaks meeldetuletus juhtpaneelil<\/td>\n<td>&#8211;<\/td>\n<\/tr>\n<tr>\n<td rowspan=\"3\" width=\"143\">Aastane elektrikulu<\/td>\n<td width=\"59\">K\u00fclm<\/td>\n<td width=\"264\">10,5<\/td>\n<td rowspan=\"3\">kWh\/aastas<\/td>\n<\/tr>\n<tr>\n<td width=\"59\">Keskmine<\/td>\n<td width=\"264\">5,2<\/td>\n<\/tr>\n<tr>\n<td width=\"59\">Soe<\/td>\n<td width=\"264\">4,7<\/td>\n<\/tr>\n<tr>\n<td rowspan=\"3\" width=\"143\">Aastane k\u00fctte kokkuhoid<\/td>\n<td width=\"59\">K\u00fclm<\/td>\n<td width=\"264\">84,5<\/td>\n<td rowspan=\"3\">kWh\/aastas<\/td>\n<\/tr>\n<tr>\n<td width=\"59\">Keskmine<\/td>\n<td width=\"264\">43,2<\/td>\n<\/tr>\n<tr>\n<td width=\"59\">Soe<\/td>\n<td width=\"264\">19,5<\/td>\n<\/tr>\n<\/tbody>\n<\/table>\n<p>&nbsp;<\/p>\n<p><strong>Saadaval nii\u00a0parema- kui ka vasakuk\u00e4elised seadmed<\/strong><br \/>\n<a href=\"https:\/\/ventilatsiooniseade.ee\/wp-content\/uploads\/2016\/02\/DIVK_C9095_m\u00f5\u00f5dud_parem.jpg\"><img loading=\"lazy\" decoding=\"async\" class=\"alignleft  wp-image-993\" src=\"https:\/\/ventilatsiooniseade.ee\/wp-content\/uploads\/2016\/02\/DIVK_C9095_m\u00f5\u00f5dud_parem.jpg\" alt=\"DIVK C95 DE m\u00f5\u00f5dud paremak\u00e4eline\" width=\"319\" height=\"305\" srcset=\"https:\/\/ventilatsiooniseade.ee\/wp-content\/uploads\/2016\/02\/DIVK_C9095_m\u00f5\u00f5dud_parem.jpg 831w, https:\/\/ventilatsiooniseade.ee\/wp-content\/uploads\/2016\/02\/DIVK_C9095_m\u00f5\u00f5dud_parem-470x450.jpg 470w, https:\/\/ventilatsiooniseade.ee\/wp-content\/uploads\/2016\/02\/DIVK_C9095_m\u00f5\u00f5dud_parem-300x287.jpg 300w, https:\/\/ventilatsiooniseade.ee\/wp-content\/uploads\/2016\/02\/DIVK_C9095_m\u00f5\u00f5dud_parem-80x77.jpg 80w\" sizes=\"auto, (max-width: 319px) 100vw, 319px\" \/><\/a><a href=\"https:\/\/ventilatsiooniseade.ee\/wp-content\/uploads\/2016\/02\/DIVK_C9095_m\u00f5\u00f5dud_vasak.jpg\"><img loading=\"lazy\" decoding=\"async\" class=\"alignleft  wp-image-995\" src=\"https:\/\/ventilatsiooniseade.ee\/wp-content\/uploads\/2016\/02\/DIVK_C9095_m\u00f5\u00f5dud_vasak.jpg\" alt=\"DIVK C95 DE m\u00f5\u00f5dud vasakuk\u00e4eline\" width=\"325\" height=\"304\" srcset=\"https:\/\/ventilatsiooniseade.ee\/wp-content\/uploads\/2016\/02\/DIVK_C9095_m\u00f5\u00f5dud_vasak.jpg 826w, https:\/\/ventilatsiooniseade.ee\/wp-content\/uploads\/2016\/02\/DIVK_C9095_m\u00f5\u00f5dud_vasak-470x439.jpg 470w, https:\/\/ventilatsiooniseade.ee\/wp-content\/uploads\/2016\/02\/DIVK_C9095_m\u00f5\u00f5dud_vasak-300x280.jpg 300w, https:\/\/ventilatsiooniseade.ee\/wp-content\/uploads\/2016\/02\/DIVK_C9095_m\u00f5\u00f5dud_vasak-80x75.jpg 80w\" sizes=\"auto, (max-width: 325px) 100vw, 325px\" \/><\/a><\/p>\n<p>&nbsp;<\/p>\n<p>&nbsp;<\/p>\n<p>&nbsp;<\/p>\n<p>&nbsp;<\/p>\n<p>&nbsp;<\/p>\n<p>&nbsp;<\/p>\n<p>&nbsp;<\/p>\n<p>&nbsp;<\/p>\n<p>&nbsp;<\/p>\n<p>&nbsp;<\/p>\n<p><strong>Talteri ventilatsiooniseadme kirjeldus<\/strong><\/p>\n<ul>\n<li>vajadusp\u00f5hiselt juhitav ventilatsioon<\/li>\n<li>soojusvahetus v\u00e4ljat\u00f5mbe\u00f5hust sissepuhke\u00f5hku vastuvooluelemendis<\/li>\n<li>soojusvaheti kasutegur \u00fcle 80%<\/li>\n<li>alalisvooluventilaatorid<\/li>\n<li>sissepuhke\u00f5hu vajadusp\u00f5hine filtreerimine ja soojendamine<\/li>\n<li>kiiruse reguleerimine eraldi elektroonilise regulaatoriga<\/li>\n<li>k\u00f6\u00f6gifunktsioon, ventilatsiooni t\u00f5hustamine pliidiventilaatorilt (KTST) v\u00f5i kiiruse juhtimine (PEC)<\/li>\n<li>suvise kasutamise siiber<\/li>\n<li>seadmel on t\u00f5husa heliisolatsiooniga valge korpus<\/li>\n<li>seadmel on kaasas laepaigaldusplaat, v\u00f5imalus kasutada ka seinakinnitust<\/li>\n<li>elektriline j\u00e4rel- ja eelkalorifeer<\/li>\n<li>max\u00a0\u00f5hukogus 100 l\/s r\u00f5hul 100 Pa<\/li>\n<\/ul>\n<p><strong>Elektroonilise regulaatori mitmek\u00fclgsed funktsioonid<\/strong><\/p>\n<ul>\n<li>ventilaatori kiiruse reguleerimine<\/li>\n<li>sissepuhke\u00f5hu temperatuuri reguleerimine<\/li>\n<li>kaminal\u00fcliti<\/li>\n<li>taimeri abil toimiv t\u00f5hustamisfunktsioon<\/li>\n<li>t\u00f6\u00f6 juhtimiseks n\u00e4dala ja p\u00e4eva kell<\/li>\n<li>hooldusaegade meeldetuletus<\/li>\n<li>keeleversioonid: soome, rootsi, inglise ja eesti<\/li>\n<\/ul>\n<p><strong>Valmidused<\/strong><\/p>\n<ul>\n<li>CO<sub>2<\/sub> anduri kasutamise v\u00f5imalus<\/li>\n<li>niiskusanduri kasutamise v\u00f5imalus<\/li>\n<li>pikendusaja ja kaminal\u00fcliti kasutamise v\u00f5imalus<\/li>\n<li>eraldi t\u00f5hustamisl\u00fcliti kasutamise v\u00f5imalus<\/li>\n<li>eemalolekul\u00fcliti v\u00f5imalus<\/li>\n<li>kaugjuhtimise kasutamine<\/li>\n<li>v\u00e4line juhtimine 0\u201310 V<\/li>\n<\/ul>\n<p>&nbsp;<\/p>\n<p><strong>S\u00dcSTEEMI KOMPONENDID<\/strong><\/p>\n<p><a href=\"https:\/\/ventilatsiooniseade.ee\/wp-content\/uploads\/2016\/02\/Deekax-DIVK_eramu-ventilatsioon-KTST.jpg\"><img loading=\"lazy\" decoding=\"async\" class=\"alignleft size-full wp-image-1020\" src=\"https:\/\/ventilatsiooniseade.ee\/wp-content\/uploads\/2016\/02\/Deekax-DIVK_eramu-ventilatsioon-KTST.jpg\" alt=\"Deekax DIVK_eramu ventilatsioon\" width=\"900\" height=\"475\" srcset=\"https:\/\/ventilatsiooniseade.ee\/wp-content\/uploads\/2016\/02\/Deekax-DIVK_eramu-ventilatsioon-KTST.jpg 900w, https:\/\/ventilatsiooniseade.ee\/wp-content\/uploads\/2016\/02\/Deekax-DIVK_eramu-ventilatsioon-KTST-470x248.jpg 470w, https:\/\/ventilatsiooniseade.ee\/wp-content\/uploads\/2016\/02\/Deekax-DIVK_eramu-ventilatsioon-KTST-300x158.jpg 300w, https:\/\/ventilatsiooniseade.ee\/wp-content\/uploads\/2016\/02\/Deekax-DIVK_eramu-ventilatsioon-KTST-80x42.jpg 80w\" sizes=\"auto, (max-width: 900px) 100vw, 900px\" \/><\/a><\/p>\n<p>1 Ventilatsiooniseade&#8230;&#8230; DIVK-C90 DE<br \/>\n2 Regulaatori kate&#8230;&#8230;&#8230;&#8230;&#8230;.DX-ULTRA- KTST<br \/>\n3 J\u00e4\u00e4k\u00f5hu katusel\u00e4biviik&#8230;&#8230; DLVS-125<br \/>\n4 Kanali m\u00fcrasummuti&#8230;&#8230;&#8230;&#8230;&#8230;&#8230;..125<br \/>\n5 Seadme v\u00e4ljat\u00f5mbe\u00f5hk&#8230;&#8230;&#8230;&#8230;&#8230;.125<br \/>\n6 Seadme v\u00e4lis\u00f5hk&#8230;&#8230;&#8230;&#8230;&#8230;&#8230;&#8230;&#8230;..125<br \/>\n7 Sissepuhke\u00f5hk ruumidesse&#8230;&#8230;&#8230;125<\/p>\n<p>&nbsp;<\/p>\n<p><strong>SEADME OSAD JA TEHNILISED ANDMED<\/strong><\/p>\n<p>1 J\u00e4\u00e4k\u00f5hu v\u00e4ljutamine&#8230;&#8230;&#8230;&#8230;..125 mm<br \/>\n2 Seadme v\u00e4lis\u00f5hk&#8230;&#8230;&#8230;&#8230;&#8230;&#8230;.125 mm<br \/>\n3 Seadme v\u00e4ljat\u00f5mbe\u00f5hk&#8230;&#8230;..125 mm<br \/>\n4 Sissepuhke\u00f5hk korterisse&#8230;..125 mm<br \/>\n5 K\u00f6\u00f6k v\u00e4ljat\u00f5mbe\u00f5hk<br \/>\n6 Ukse l\u00fcliti<br \/>\n7 Sissepuhke\u00f5hu puhur, reguleeritav&#8230;EC 163W<br \/>\n8 V\u00e4ljat\u00f5mbe\u00f5hu puhur, reguleeritav&#8230;.EC 163W<br \/>\n9 Soojuse \u00fclekandeseade<br \/>\n10 J\u00e4relsoojendus, reguleeritav&#8230;500W<br \/>\n11 Eeelsoojendus, reguleeritav&#8230;.1000 W<br \/>\n12 V\u00e4ljat\u00f5mbe\u00f5hu filter&#8230;&#8230;&#8230;..G3<br \/>\n13 Sissepuhke\u00f5hu filter&#8230;&#8230;&#8230;..F7<br \/>\n14 Kondensvee v\u00e4ljutamine<br \/>\n15 Juhtpaneel<br \/>\n16 K\u00e4sitsi tagasi keeratavate l\u00fclitite<br \/>\n\u00fclekuumenemiskaitse(Eeelsoojendus)<br \/>\n17 K\u00e4sitsi tagasi keeratavate l\u00fclitite<br \/>\n\u00fclekuumenemiskaitse(J\u00e4relsoojendus)<\/p>\n<p><a href=\"https:\/\/ventilatsiooniseade.ee\/wp-content\/uploads\/2016\/02\/DIVK_C90_m\u00f5\u00f5dud.jpg\"><img loading=\"lazy\" decoding=\"async\" class=\"alignleft  wp-image-980\" src=\"https:\/\/ventilatsiooniseade.ee\/wp-content\/uploads\/2016\/02\/DIVK_C90_m\u00f5\u00f5dud.jpg\" alt=\"DIVK_C95_m\u00f5\u00f5dud\" width=\"572\" height=\"386\" srcset=\"https:\/\/ventilatsiooniseade.ee\/wp-content\/uploads\/2016\/02\/DIVK_C90_m\u00f5\u00f5dud.jpg 844w, https:\/\/ventilatsiooniseade.ee\/wp-content\/uploads\/2016\/02\/DIVK_C90_m\u00f5\u00f5dud-470x317.jpg 470w, https:\/\/ventilatsiooniseade.ee\/wp-content\/uploads\/2016\/02\/DIVK_C90_m\u00f5\u00f5dud-300x203.jpg 300w, https:\/\/ventilatsiooniseade.ee\/wp-content\/uploads\/2016\/02\/DIVK_C90_m\u00f5\u00f5dud-80x54.jpg 80w\" sizes=\"auto, (max-width: 572px) 100vw, 572px\" \/><\/a><a href=\"https:\/\/ventilatsiooniseade.ee\/wp-content\/uploads\/2016\/02\/Deekax-DIVK_ventilatsiooniseade.jpg\"><img loading=\"lazy\" decoding=\"async\" class=\"alignleft size-full wp-image-984\" src=\"https:\/\/ventilatsiooniseade.ee\/wp-content\/uploads\/2016\/02\/Deekax-DIVK_ventilatsiooniseade.jpg\" alt=\"Deekax DIVK_ventilatsiooniseade\" width=\"922\" height=\"619\" srcset=\"https:\/\/ventilatsiooniseade.ee\/wp-content\/uploads\/2016\/02\/Deekax-DIVK_ventilatsiooniseade.jpg 922w, https:\/\/ventilatsiooniseade.ee\/wp-content\/uploads\/2016\/02\/Deekax-DIVK_ventilatsiooniseade-470x316.jpg 470w, https:\/\/ventilatsiooniseade.ee\/wp-content\/uploads\/2016\/02\/Deekax-DIVK_ventilatsiooniseade-300x201.jpg 300w, https:\/\/ventilatsiooniseade.ee\/wp-content\/uploads\/2016\/02\/Deekax-DIVK_ventilatsiooniseade-80x54.jpg 80w\" sizes=\"auto, (max-width: 922px) 100vw, 922px\" \/><\/a><\/p>\n<p>&nbsp;<\/p>\n<p>&nbsp;<\/p>\n<p>&nbsp;<\/p>\n<p>&nbsp;<\/p>\n<p>&nbsp;<\/p>\n<p>&nbsp;<\/p>\n<p>&nbsp;<\/p>\n<p>&nbsp;<\/p>\n<p>&nbsp;<\/p>\n<p>&nbsp;<\/p>\n<p>&nbsp;<\/p>\n<p>&nbsp;<\/p>\n<p>&nbsp;<\/p>\n<p>&nbsp;<\/p>\n<p><strong>R\u00d5HU GRAAFIK<\/strong><\/p>\n<p><a href=\"https:\/\/ventilatsiooniseade.ee\/wp-content\/uploads\/2016\/02\/Divk-DE-C-95-\u00f5hur\u00f5hugraafik.jpg\"><img loading=\"lazy\" decoding=\"async\" class=\"alignleft size-full wp-image-978\" src=\"https:\/\/ventilatsiooniseade.ee\/wp-content\/uploads\/2016\/02\/Divk-DE-C-95-\u00f5hur\u00f5hugraafik.jpg\" alt=\"Divk DE-C 95 \u00f5hur\u00f5hugraafik\" width=\"738\" height=\"553\" srcset=\"https:\/\/ventilatsiooniseade.ee\/wp-content\/uploads\/2016\/02\/Divk-DE-C-95-\u00f5hur\u00f5hugraafik.jpg 738w, https:\/\/ventilatsiooniseade.ee\/wp-content\/uploads\/2016\/02\/Divk-DE-C-95-\u00f5hur\u00f5hugraafik-470x352.jpg 470w, https:\/\/ventilatsiooniseade.ee\/wp-content\/uploads\/2016\/02\/Divk-DE-C-95-\u00f5hur\u00f5hugraafik-300x225.jpg 300w, https:\/\/ventilatsiooniseade.ee\/wp-content\/uploads\/2016\/02\/Divk-DE-C-95-\u00f5hur\u00f5hugraafik-80x60.jpg 80w\" sizes=\"auto, (max-width: 738px) 100vw, 738px\" \/><\/a><\/p>\n","protected":false},"excerpt":{"rendered":"<p>Soojustagastusega ventilatsiooniseade eramule. Eraldi toru \u00fchendamise v\u00f5imalus k\u00f6\u00f6gikubu jaoks, mis annab veel parema soojusenergia kokkuhoiu.\u00a0Seadme on olemas nii \u00f5hu eelsoojendi kui ka j\u00e4relsoojendi, mis tagab suurema mugavuse sissepuhutava \u00f5hu temperatuuri osas.<\/p>\n<p>Sobib hoonele ruumipindalaga ca 200 m2.<\/p>\n<p>\u00d5huhulk kuni 342 m3\/h.<\/p>\n<p>Soojustagastus \u00fcle 80%.<\/p>\n<p>Vaata -&gt; <span style=\"color: #0000ff;\"><a style=\"color: #0000ff;\" href=\"http:\/\/www.deekaxair.fi\/laskurit\/DxVuosihyotylaskuri-DIVK-EC\/laskuri.php?model=divkc95de&amp;tuloilma=40&amp;poistoilma=40&amp;tulopaine=20&amp;poistopaine=20&amp;mitoituslampo=-26&amp;jateilma=4&amp;tulotavoite=16&amp;poistolampo=21&amp;Pvm=&amp;kohde=&amp;nimi=&amp;katuosoite=&amp;postinumero=&amp;postitoimipaikka=&amp;projekti=&amp;positio=&amp;lisatiedot=&amp;kaupunki=helsinki&amp;tulostus=0&amp;details=0&amp;octave=0\" target=\"_blank\">diagramme<\/a><\/span><\/p>\n<p>&nbsp;<\/p>\n","protected":false},"featured_media":986,"comment_status":"closed","ping_status":"closed","template":"","meta":[],"product_brand":[],"product_cat":[41,40],"product_tag":[],"class_list":{"0":"post-968","1":"product","2":"type-product","3":"status-publish","4":"has-post-thumbnail","6":"product_cat-riputatavad-seadmed","7":"product_cat-porandakinnitusega-seadmed","9":"first","10":"instock","11":"shipping-taxable","12":"purchasable","13":"product-type-simple"},"_links":{"self":[{"href":"https:\/\/ventilatsiooniseade.ee\/index.php?rest_route=\/wp\/v2\/product\/968","targetHints":{"allow":["GET"]}}],"collection":[{"href":"https:\/\/ventilatsiooniseade.ee\/index.php?rest_route=\/wp\/v2\/product"}],"about":[{"href":"https:\/\/ventilatsiooniseade.ee\/index.php?rest_route=\/wp\/v2\/types\/product"}],"replies":[{"embeddable":true,"href":"https:\/\/ventilatsiooniseade.ee\/index.php?rest_route=%2Fwp%2Fv2%2Fcomments&post=968"}],"wp:featuredmedia":[{"embeddable":true,"href":"https:\/\/ventilatsiooniseade.ee\/index.php?rest_route=\/wp\/v2\/media\/986"}],"wp:attachment":[{"href":"https:\/\/ventilatsiooniseade.ee\/index.php?rest_route=%2Fwp%2Fv2%2Fmedia&parent=968"}],"wp:term":[{"taxonomy":"product_brand","embeddable":true,"href":"https:\/\/ventilatsiooniseade.ee\/index.php?rest_route=%2Fwp%2Fv2%2Fproduct_brand&post=968"},{"taxonomy":"product_cat","embeddable":true,"href":"https:\/\/ventilatsiooniseade.ee\/index.php?rest_route=%2Fwp%2Fv2%2Fproduct_cat&post=968"},{"taxonomy":"product_tag","embeddable":true,"href":"https:\/\/ventilatsiooniseade.ee\/index.php?rest_route=%2Fwp%2Fv2%2Fproduct_tag&post=968"}],"curies":[{"name":"wp","href":"https:\/\/api.w.org\/{rel}","templated":true}]}}