{"id":95,"date":"2025-01-24T08:00:32","date_gmt":"2025-01-24T06:00:32","guid":{"rendered":"http:\/\/ventilatsiooniseade.ee\/uus\/?post_type=product&#038;p=95"},"modified":"2025-07-14T08:51:53","modified_gmt":"2025-07-14T05:51:53","slug":"vents-vue-100-p-mini","status":"publish","type":"product","link":"https:\/\/ventilatsiooniseade.ee\/?product=vents-vue-100-p-mini","title":{"rendered":"VUE 100 P mini"},"content":{"rendered":"<h3>VUE 100 P mini tehnilised andmed<\/h3>\n<table>\n<thead>\n<tr>\n<th>Parameeter<\/th>\n<th>M\u00f5\u00f5t\u00fchik<\/th>\n<th>VUE 100 P mini<\/th>\n<\/tr>\n<\/thead>\n<tbody>\n<tr>\n<td><strong>\u00d5hukanali \u00fchenduse suurus<\/strong><\/td>\n<td>mm<\/td>\n<td>125<\/td>\n<\/tr>\n<tr>\n<td><strong>Kiirused<\/strong><\/td>\n<td>&#8211;<\/td>\n<td>3<\/td>\n<\/tr>\n<tr>\n<td><strong>Minimaalne toitepinge<\/strong><\/td>\n<td>V<\/td>\n<td>230<\/td>\n<\/tr>\n<tr>\n<td><strong>Maksimaalne toitepinge<\/strong><\/td>\n<td>V<\/td>\n<td>230<\/td>\n<\/tr>\n<tr>\n<td><strong>Toitesagedus<\/strong><\/td>\n<td>Hz<\/td>\n<td>50<\/td>\n<\/tr>\n<tr>\n<td><strong>Nominaalne v\u00f5imsus<\/strong><\/td>\n<td>W<\/td>\n<td>56<\/td>\n<\/tr>\n<tr>\n<td><strong>Seadme voolutarve<\/strong><\/td>\n<td>A<\/td>\n<td>0.34<\/td>\n<\/tr>\n<tr>\n<td><strong>Maksimaalne \u00f5huvool<\/strong><\/td>\n<td>m\u00b3\/h<\/td>\n<td>55 \/ 74 \/ 100<\/td>\n<\/tr>\n<tr>\n<td><strong>Helir\u00f5hutase 3 m kaugusel<\/strong><\/td>\n<td>dB(A)<\/td>\n<td>24 \/ 32 \/ 41<\/td>\n<\/tr>\n<tr>\n<td><strong>Soojustagastuse efektiivsus, max<\/strong><\/td>\n<td>%<\/td>\n<td>72<\/td>\n<\/tr>\n<tr>\n<td><strong>Soojusvaheti t\u00fc\u00fcp<\/strong><\/td>\n<td>&#8211;<\/td>\n<td>Ristvool<\/td>\n<\/tr>\n<tr>\n<td><strong>Soojusvaheti materjal<\/strong><\/td>\n<td>&#8211;<\/td>\n<td>Entalpia<\/td>\n<\/tr>\n<tr>\n<td><strong>Kaal<\/strong><\/td>\n<td>kg<\/td>\n<td>10<\/td>\n<\/tr>\n<tr>\n<td><strong>Eemaldus\u00f5hu filter<\/strong><\/td>\n<td>&#8211;<\/td>\n<td>G4<\/td>\n<\/tr>\n<tr>\n<td><strong>Varustus\u00f5hu filter<\/strong><\/td>\n<td>&#8211;<\/td>\n<td>G4<\/td>\n<\/tr>\n<tr>\n<td><strong>Transporditava \u00f5hu maksimaalne temp.<\/strong><\/td>\n<td>\u00b0C<\/td>\n<td>40<\/td>\n<\/tr>\n<tr>\n<td><strong>Transporditava \u00f5hu minimaalne temp.<\/strong><\/td>\n<td>\u00b0C<\/td>\n<td>-25<\/td>\n<\/tr>\n<tr>\n<td><strong>Keskkonna minimaalne temperatuur<\/strong><\/td>\n<td>\u00b0C<\/td>\n<td>1<\/td>\n<\/tr>\n<tr>\n<td><strong>Keskkonna maksimaalne temperatuur<\/strong><\/td>\n<td>\u00b0C<\/td>\n<td>40<\/td>\n<\/tr>\n<tr>\n<td><strong>Keskkonna maksimaalne niiskus<\/strong><\/td>\n<td>%<\/td>\n<td>60<\/td>\n<\/tr>\n<tr>\n<td><strong>Kaitseklass<\/strong><\/td>\n<td>&#8211;<\/td>\n<td>IP22<\/td>\n<\/tr>\n<\/tbody>\n<\/table>\n","protected":false},"excerpt":{"rendered":"<p>Kompaktse heli- ja soojusisolatsiooniga korpuses soojusvahetiga ventilatsiooniseadmed, mis on varustatud entalpia ristvoolu soojusvahetiga.<\/p>\n<p><strong>Maksimaalne \u00f5huvool<\/strong>: 100 m\u00b3\/h<br \/>\n<strong>Helir\u00f5hutase 3 m kaugusel<\/strong>: 41 dB(A)<br \/>\n<strong>Soojusvaheti t\u00fc\u00fcp<\/strong>: Ristvool<br \/>\n<strong>Eemaldus\u00f5hu filter<\/strong>: G4<br \/>\n<strong>Varustus\u00f5hu filter<\/strong>: G4<br \/>\n<strong>Heliisolatsioon<br \/>\nMootorit\u00fc\u00fcp<\/strong>: AC<br \/>\n<strong>Entalpia soojusvaheti<br \/>\nJuhtimine<\/strong>: Kaugjuhtimispult<br \/>\n<strong>Korpuse materjal<\/strong>: Tsingitud teras<\/p>\n<p><a href=\"https:\/\/ventilation-system.com\/download\/vue-p-mini-datasheet-12057.pdf\"><span style=\"color: #0000ff;\"><strong>Infoleht<\/strong><\/span><\/a><\/p>\n","protected":false},"featured_media":98,"comment_status":"closed","ping_status":"closed","template":"","meta":[],"product_brand":[],"product_cat":[130,164,24],"product_tag":[],"class_list":{"0":"post-95","1":"product","2":"type-product","3":"status-publish","4":"has-post-thumbnail","6":"product_cat-hea-hind","7":"product_cat-vents","8":"product_cat-tsentraalsed-seadmed","10":"first","11":"instock","12":"shipping-taxable","13":"purchasable","14":"product-type-simple"},"_links":{"self":[{"href":"https:\/\/ventilatsiooniseade.ee\/index.php?rest_route=\/wp\/v2\/product\/95","targetHints":{"allow":["GET"]}}],"collection":[{"href":"https:\/\/ventilatsiooniseade.ee\/index.php?rest_route=\/wp\/v2\/product"}],"about":[{"href":"https:\/\/ventilatsiooniseade.ee\/index.php?rest_route=\/wp\/v2\/types\/product"}],"replies":[{"embeddable":true,"href":"https:\/\/ventilatsiooniseade.ee\/index.php?rest_route=%2Fwp%2Fv2%2Fcomments&post=95"}],"wp:featuredmedia":[{"embeddable":true,"href":"https:\/\/ventilatsiooniseade.ee\/index.php?rest_route=\/wp\/v2\/media\/98"}],"wp:attachment":[{"href":"https:\/\/ventilatsiooniseade.ee\/index.php?rest_route=%2Fwp%2Fv2%2Fmedia&parent=95"}],"wp:term":[{"taxonomy":"product_brand","embeddable":true,"href":"https:\/\/ventilatsiooniseade.ee\/index.php?rest_route=%2Fwp%2Fv2%2Fproduct_brand&post=95"},{"taxonomy":"product_cat","embeddable":true,"href":"https:\/\/ventilatsiooniseade.ee\/index.php?rest_route=%2Fwp%2Fv2%2Fproduct_cat&post=95"},{"taxonomy":"product_tag","embeddable":true,"href":"https:\/\/ventilatsiooniseade.ee\/index.php?rest_route=%2Fwp%2Fv2%2Fproduct_tag&post=95"}],"curies":[{"name":"wp","href":"https:\/\/api.w.org\/{rel}","templated":true}]}}