{"id":790,"date":"2022-03-08T12:00:38","date_gmt":"2022-03-08T10:00:38","guid":{"rendered":"http:\/\/ventilatsiooniseade.ee\/?post_type=product&#038;p=790"},"modified":"2022-03-08T12:55:12","modified_gmt":"2022-03-08T10:55:12","slug":"vents-vut-160-v-ec-a14","status":"publish","type":"product","link":"https:\/\/ventilatsiooniseade.ee\/?product=vents-vut-160-v-ec-a14","title":{"rendered":"VUT 160 V EC A14"},"content":{"rendered":"<table width=\"545\">\n<tbody>\n<tr>\n<td width=\"266\"><strong>Parameeter<\/strong><\/td>\n<td width=\"227\"><strong>V\u00e4\u00e4rtus<\/strong><\/td>\n<td width=\"52\"><strong>M\u00f5\u00f5t\u00fchik<\/strong><\/td>\n<\/tr>\n<tr>\n<td width=\"266\">Faaside arv<\/td>\n<td width=\"227\">1<\/td>\n<td width=\"52\">\u02dc<\/td>\n<\/tr>\n<tr>\n<td width=\"266\">Toitepinge<\/td>\n<td width=\"227\">220-240<\/td>\n<td width=\"52\">V<\/td>\n<\/tr>\n<tr>\n<td width=\"266\">Voolusagedus<\/td>\n<td width=\"227\">50\/60<\/td>\n<td width=\"52\">Hz<\/td>\n<\/tr>\n<tr>\n<td width=\"266\">Kogu seadme v\u00f5imsus<\/td>\n<td width=\"227\">51<\/td>\n<td width=\"52\">W<\/td>\n<\/tr>\n<tr>\n<td width=\"266\">Kogu seadme voolutarve<\/td>\n<td width=\"227\">0.4<\/td>\n<td width=\"52\">A<\/td>\n<\/tr>\n<tr>\n<td rowspan=\"5\">Maksimaalne \u00f5hu tootlikkus<\/td>\n<td width=\"227\">180<\/td>\n<td width=\"52\">m\u00b3\/h<\/td>\n<\/tr>\n<tr>\n<td width=\"227\">106,02<\/td>\n<td width=\"52\">CFM<\/td>\n<\/tr>\n<tr>\n<td width=\"227\">50,04<\/td>\n<td width=\"52\">l\/s<\/td>\n<\/tr>\n<tr>\n<td width=\"227\">0,05004<\/td>\n<td width=\"52\">m\u00b3\/s<\/td>\n<\/tr>\n<tr>\n<td width=\"227\">3006<\/td>\n<td width=\"52\">l\/m<\/td>\n<\/tr>\n<tr>\n<td width=\"266\">P\u00f6\u00f6rlemiskiirus<\/td>\n<td width=\"227\">3770<\/td>\n<td width=\"52\">min\u00a0<sup>-1<\/sup><\/td>\n<\/tr>\n<tr>\n<td width=\"266\">M\u00fcra 3 meetri kaugusel<\/td>\n<td width=\"227\">24<\/td>\n<td width=\"52\">[dBA]<\/td>\n<\/tr>\n<tr>\n<td width=\"266\">Kesta materjal<\/td>\n<td width=\"227\">pol\u00fcmeeriga kaetud teras<\/td>\n<td width=\"52\"><\/td>\n<\/tr>\n<tr>\n<td width=\"266\">Maksimaalne sissepuhutava \u00f5hu temperatuur<\/td>\n<td width=\"227\">\u00a0-25 +60<\/td>\n<td width=\"52\"><sup>\u043e<\/sup>C<\/td>\n<\/tr>\n<tr>\n<td width=\"266\">Isolatsioonimaterjal<\/td>\n<td width=\"227\">20 mm, mineraalvill<\/td>\n<td width=\"52\"><\/td>\n<\/tr>\n<tr>\n<td width=\"266\">\u00dchendustoru diameeter<\/td>\n<td width=\"227\">125<\/td>\n<td width=\"52\">mm<\/td>\n<\/tr>\n<tr>\n<td width=\"266\">Kaal<\/td>\n<td width=\"227\">34<\/td>\n<td width=\"52\">kg<\/td>\n<\/tr>\n<tr>\n<td width=\"266\">Filter: v\u00e4ljat\u00f5mme<\/td>\n<td width=\"227\">G4<\/td>\n<td width=\"52\"><\/td>\n<\/tr>\n<tr>\n<td width=\"266\">Filter: sissepuhe<\/td>\n<td width=\"227\">G4 (F7*)<\/td>\n<td><\/td>\n<\/tr>\n<tr>\n<td width=\"266\">Soojusenergia tagastamise efektiivsus<\/td>\n<td width=\"227\">88 &#8211; 98<\/td>\n<td width=\"52\">%<\/td>\n<\/tr>\n<tr>\n<td width=\"266\">Soojusvaheti t\u00fc\u00fcp<\/td>\n<td width=\"227\">vastuvoolne<\/td>\n<td width=\"52\"><\/td>\n<\/tr>\n<tr>\n<td width=\"266\">Soojusvaheti materjal<\/td>\n<td width=\"227\">pol\u00fcst\u00fcreen<\/td>\n<td width=\"52\"><\/td>\n<\/tr>\n<tr>\n<td width=\"266\">EC-mootor<\/td>\n<td width=\"227\">jah<\/td>\n<td width=\"52\"><\/td>\n<\/tr>\n<tr>\n<td width=\"266\">T\u00fc\u00fcp<\/td>\n<td width=\"227\">soojustagastusega ventilatsiooniseade<\/td>\n<td width=\"52\"><\/td>\n<\/tr>\n<tr>\n<td width=\"266\">Soojusvaheti<\/td>\n<td width=\"227\">jah<\/td>\n<td><\/td>\n<\/tr>\n<\/tbody>\n<\/table>\n<p>* v\u00f5imalus<\/p>\n<p>&nbsp;<\/p>\n<p><a href=\"https:\/\/ventilatsiooniseade.ee\/wp-content\/uploads\/2015\/11\/VENTS-VUT-VB-EC-m\u00f5\u00f5dud.jpg\"><img loading=\"lazy\" decoding=\"async\" class=\"size-full wp-image-793\" src=\"https:\/\/ventilatsiooniseade.ee\/wp-content\/uploads\/2015\/11\/VENTS-VUT-VB-EC-m\u00f5\u00f5dud.jpg\" alt=\"VENTS VUT V(B) EC m\u00f5\u00f5dud\" width=\"280\" height=\"248\" srcset=\"https:\/\/ventilatsiooniseade.ee\/wp-content\/uploads\/2015\/11\/VENTS-VUT-VB-EC-m\u00f5\u00f5dud.jpg 280w, https:\/\/ventilatsiooniseade.ee\/wp-content\/uploads\/2015\/11\/VENTS-VUT-VB-EC-m\u00f5\u00f5dud-80x71.jpg 80w\" sizes=\"auto, (max-width: 280px) 100vw, 280px\" \/><\/a><\/p>\n<table class=\"hka_table\">\n<thead>\n<tr>\n<th>M\u00f5\u00f5dud<\/th>\n<th>\u2205D<\/th>\n<th>B1<\/th>\n<th>H<\/th>\n<th>H1<\/th>\n<th>L<\/th>\n<th>L1<\/th>\n<th>L2<\/th>\n<\/tr>\n<\/thead>\n<tbody>\n<tr>\n<td>mm<\/td>\n<td>125<\/td>\n<td>330<\/td>\n<td>650<\/td>\n<td>550<\/td>\n<td>600<\/td>\n<td>388<\/td>\n<td>143<\/td>\n<\/tr>\n<\/tbody>\n<\/table>\n","protected":false},"excerpt":{"rendered":"<p>Soojustagastusega efektiivne ventilatsiooniseade korterile, majale v\u00f5i maamajale.<\/p>\n<p>Soojustagastus 88-98%.<\/p>\n<p>\u00d5huhulk kuni 180 m2\/h.<\/p>\n<p>Vaata -&gt; <a href=\"http:\/\/www.ventilation-system.com\/item\/7680\/VUT_160_V_EC\/#diagrams\" target=\"_blank\">diagramme<\/a><\/p>\n","protected":false},"featured_media":808,"comment_status":"closed","ping_status":"closed","template":"","meta":[],"product_brand":[],"product_cat":[40],"product_tag":[],"class_list":{"0":"post-790","1":"product","2":"type-product","3":"status-publish","4":"has-post-thumbnail","6":"product_cat-porandakinnitusega-seadmed","8":"first","9":"instock","10":"shipping-taxable","11":"purchasable","12":"product-type-simple"},"_links":{"self":[{"href":"https:\/\/ventilatsiooniseade.ee\/index.php?rest_route=\/wp\/v2\/product\/790","targetHints":{"allow":["GET"]}}],"collection":[{"href":"https:\/\/ventilatsiooniseade.ee\/index.php?rest_route=\/wp\/v2\/product"}],"about":[{"href":"https:\/\/ventilatsiooniseade.ee\/index.php?rest_route=\/wp\/v2\/types\/product"}],"replies":[{"embeddable":true,"href":"https:\/\/ventilatsiooniseade.ee\/index.php?rest_route=%2Fwp%2Fv2%2Fcomments&post=790"}],"wp:featuredmedia":[{"embeddable":true,"href":"https:\/\/ventilatsiooniseade.ee\/index.php?rest_route=\/wp\/v2\/media\/808"}],"wp:attachment":[{"href":"https:\/\/ventilatsiooniseade.ee\/index.php?rest_route=%2Fwp%2Fv2%2Fmedia&parent=790"}],"wp:term":[{"taxonomy":"product_brand","embeddable":true,"href":"https:\/\/ventilatsiooniseade.ee\/index.php?rest_route=%2Fwp%2Fv2%2Fproduct_brand&post=790"},{"taxonomy":"product_cat","embeddable":true,"href":"https:\/\/ventilatsiooniseade.ee\/index.php?rest_route=%2Fwp%2Fv2%2Fproduct_cat&post=790"},{"taxonomy":"product_tag","embeddable":true,"href":"https:\/\/ventilatsiooniseade.ee\/index.php?rest_route=%2Fwp%2Fv2%2Fproduct_tag&post=790"}],"curies":[{"name":"wp","href":"https:\/\/api.w.org\/{rel}","templated":true}]}}