{"id":698,"date":"2015-11-07T20:20:33","date_gmt":"2015-11-07T18:20:33","guid":{"rendered":"http:\/\/ventilatsiooniseade.ee\/?product=vents-vut-r-900-tn-eh-ec"},"modified":"2020-10-22T13:28:38","modified_gmt":"2020-10-22T10:28:38","slug":"vents-vut-r-900-tn-eh-ec","status":"publish","type":"product","link":"https:\/\/ventilatsiooniseade.ee\/?product=vents-vut-r-900-tn-eh-ec","title":{"rendered":"VUT R 900 TN EH EC A17"},"content":{"rendered":"<table width=\"373\">\n<tbody>\n<tr>\n<td width=\"252\"><strong>Parameetrid<\/strong><\/td>\n<td width=\"57\"><strong>V\u00e4\u00e4rtus<\/strong><\/td>\n<td width=\"64\"><strong>\u00dchik<\/strong><\/td>\n<\/tr>\n<tr>\n<td width=\"252\">Faaside arv<\/td>\n<td width=\"57\">1<\/td>\n<td width=\"64\">\u02dc<\/td>\n<\/tr>\n<tr>\n<td width=\"252\">Toitepinge<\/td>\n<td width=\"57\">230<\/td>\n<td width=\"64\">V<\/td>\n<\/tr>\n<tr>\n<td width=\"252\">Voolusagedus<\/td>\n<td width=\"57\">50<\/td>\n<td width=\"64\">Hz<\/td>\n<\/tr>\n<tr>\n<td rowspan=\"5\">Maksimaalne \u00f5hu tootlikkus<\/td>\n<td width=\"57\">955<\/td>\n<td width=\"64\">m\u00b3\/h<\/td>\n<\/tr>\n<tr>\n<td width=\"57\">562,495<\/td>\n<td width=\"64\">CFM<\/td>\n<\/tr>\n<tr>\n<td width=\"57\">265,49<\/td>\n<td width=\"64\">l\/s<\/td>\n<\/tr>\n<tr>\n<td width=\"57\">0,26549<\/td>\n<td width=\"64\">m\u00b3\/s<\/td>\n<\/tr>\n<tr>\n<td width=\"57\">15948,5<\/td>\n<td width=\"64\">l\/m<\/td>\n<\/tr>\n<tr>\n<td width=\"252\">M\u00fcra 3 meetri kaugusel<\/td>\n<td width=\"57\">58<\/td>\n<td width=\"64\">[dBA]<\/td>\n<\/tr>\n<tr>\n<td width=\"252\">Kesta materjal<\/td>\n<td width=\"57\">alutsink<\/td>\n<td width=\"64\"><\/td>\n<\/tr>\n<tr>\n<td width=\"252\">Maksimaalne sissepuhutava \u00f5hu temperatuur<\/td>\n<td width=\"57\">\u00a0-25 +40<\/td>\n<td width=\"64\"><sup>\u043e<\/sup>C<\/td>\n<\/tr>\n<tr>\n<td width=\"252\">\u00dchendustoru diameeter<\/td>\n<td width=\"57\">250<\/td>\n<td width=\"64\">mm<\/td>\n<\/tr>\n<tr>\n<td width=\"252\">Kaal<\/td>\n<td width=\"57\">165<\/td>\n<td width=\"64\">kg<\/td>\n<\/tr>\n<tr>\n<td width=\"252\">Filter: v\u00e4ljat\u00f5mme<\/td>\n<td width=\"57\">G4<\/td>\n<td width=\"64\"><\/td>\n<\/tr>\n<tr>\n<td width=\"252\">Filter: sissepuhe<\/td>\n<td width=\"57\">G4 (F7*)<\/td>\n<td width=\"64\"><\/td>\n<\/tr>\n<tr>\n<td width=\"252\">Soojusenergia taastumise efektiivsus<\/td>\n<td width=\"57\">85<\/td>\n<td width=\"64\">kuni %<\/td>\n<\/tr>\n<tr>\n<td width=\"252\">Soojusvaheti t\u00fc\u00fcp<\/td>\n<td width=\"57\">rootor<\/td>\n<td width=\"64\"><\/td>\n<\/tr>\n<tr>\n<td width=\"252\">Soojusvaheti materjal<\/td>\n<td width=\"57\">alumiinium<\/td>\n<td width=\"64\"><\/td>\n<\/tr>\n<tr>\n<td width=\"252\">EC-mootor<\/td>\n<td width=\"57\">jah<\/td>\n<td width=\"64\"><\/td>\n<\/tr>\n<tr>\n<td width=\"252\">Soojustagastus<\/td>\n<td width=\"57\">jah<\/td>\n<td><\/td>\n<\/tr>\n<\/tbody>\n<\/table>\n<p>* valikuline<\/p>\n<div id=\"attachment_675\" style=\"width: 310px\" class=\"wp-caption alignleft\"><a href=\"https:\/\/ventilatsiooniseade.ee\/wp-content\/uploads\/2015\/11\/VUT-R-400-800-TN-EH-EC-m\u00f5\u00f5dud.jpg\"><img loading=\"lazy\" decoding=\"async\" aria-describedby=\"caption-attachment-675\" class=\"size-full wp-image-675\" src=\"https:\/\/ventilatsiooniseade.ee\/wp-content\/uploads\/2015\/11\/VUT-R-400-800-TN-EH-EC-m\u00f5\u00f5dud.jpg\" alt=\"VUT R 400-800 TN (E)H EC m\u00f5\u00f5dud\" width=\"300\" height=\"255\" srcset=\"https:\/\/ventilatsiooniseade.ee\/wp-content\/uploads\/2015\/11\/VUT-R-400-800-TN-EH-EC-m\u00f5\u00f5dud.jpg 300w, https:\/\/ventilatsiooniseade.ee\/wp-content\/uploads\/2015\/11\/VUT-R-400-800-TN-EH-EC-m\u00f5\u00f5dud-80x68.jpg 80w\" sizes=\"auto, (max-width: 300px) 100vw, 300px\" \/><\/a><p id=\"caption-attachment-675\" class=\"wp-caption-text\">VUT R 400-800 TN (E)H EC m\u00f5\u00f5dud<\/p><\/div>\n<p><strong>\u00a0<\/strong><\/p>\n<table class=\"hka_table\">\n<thead>\n<tr>\n<th>M\u00f5\u00f5dud<\/th>\n<th>\u2205D<\/th>\n<th>B<\/th>\n<th>H<\/th>\n<th>L<\/th>\n<\/tr>\n<\/thead>\n<tbody>\n<tr>\n<td>mm<\/td>\n<td>249<\/td>\n<td>748<\/td>\n<td>750<\/td>\n<td>1667<\/td>\n<\/tr>\n<\/tbody>\n<\/table>\n<p>&nbsp;<\/p>\n<p><strong>Tooteseeria selgitus:<\/strong><\/p>\n<p><strong>VUT R TN H EC<\/strong>\u00a0mudelid on varustatud rootorsoojustagastiga ja soojuspumbaga ning ilma eelk\u00fctteta.<br \/>\n<strong>VUT R TN EH EC<\/strong> mudelid on varustatud rootorsoojustagastiga ja soojuspumbaga ning koos\u00a0eelk\u00fcttega.<\/p>\n","protected":false},"excerpt":{"rendered":"<p>Heli- ja soojusisolatsioonist kestaga kompaktne horisontaalsete torupruntidega rootorsoojusvahetiga<span style=\"color: #0000ff;\">\u00a0ventilatsiooniseade ja soojuspump \u00fches t\u00fckis<\/span>.<\/p>\n<p>Seade on varustatud lisaks posistor elektrilise k\u00fcttekehaga, mis eelsoojendab sisset\u00f5mmatavat \u00f5hku siis, kui v\u00e4listemperatuur langeb alla normaalset taset. Eelsoojendus v\u00e4hendab soojuspumba sulatusts\u00fcklite arvu, mis omakorda suurendab \u00fcldist seadme t\u00f6\u00f6 efektiivsust.<\/p>\n<p>Kui \u00fcldjuhul ei saa ventilatsiooniga hoonet k\u00fctta, siis selle seadme puhul on see v\u00f5imalik.<\/p>\n<p>\u00d5huhulk kuni 955\u00a0m3\/h.<\/p>\n<p>Soojustagastusm\u00e4\u00e4r kuni 85%.<\/p>\n","protected":false},"featured_media":677,"comment_status":"closed","ping_status":"closed","template":"","meta":[],"product_brand":[],"product_cat":[42],"product_tag":[],"class_list":{"0":"post-698","1":"product","2":"type-product","3":"status-publish","4":"has-post-thumbnail","6":"product_cat-porandakinnitusega-seadmed-tsentraalsed-seadmed","8":"first","9":"instock","10":"shipping-taxable","11":"purchasable","12":"product-type-simple"},"_links":{"self":[{"href":"https:\/\/ventilatsiooniseade.ee\/index.php?rest_route=\/wp\/v2\/product\/698","targetHints":{"allow":["GET"]}}],"collection":[{"href":"https:\/\/ventilatsiooniseade.ee\/index.php?rest_route=\/wp\/v2\/product"}],"about":[{"href":"https:\/\/ventilatsiooniseade.ee\/index.php?rest_route=\/wp\/v2\/types\/product"}],"replies":[{"embeddable":true,"href":"https:\/\/ventilatsiooniseade.ee\/index.php?rest_route=%2Fwp%2Fv2%2Fcomments&post=698"}],"wp:featuredmedia":[{"embeddable":true,"href":"https:\/\/ventilatsiooniseade.ee\/index.php?rest_route=\/wp\/v2\/media\/677"}],"wp:attachment":[{"href":"https:\/\/ventilatsiooniseade.ee\/index.php?rest_route=%2Fwp%2Fv2%2Fmedia&parent=698"}],"wp:term":[{"taxonomy":"product_brand","embeddable":true,"href":"https:\/\/ventilatsiooniseade.ee\/index.php?rest_route=%2Fwp%2Fv2%2Fproduct_brand&post=698"},{"taxonomy":"product_cat","embeddable":true,"href":"https:\/\/ventilatsiooniseade.ee\/index.php?rest_route=%2Fwp%2Fv2%2Fproduct_cat&post=698"},{"taxonomy":"product_tag","embeddable":true,"href":"https:\/\/ventilatsiooniseade.ee\/index.php?rest_route=%2Fwp%2Fv2%2Fproduct_tag&post=698"}],"curies":[{"name":"wp","href":"https:\/\/api.w.org\/{rel}","templated":true}]}}