{"id":6652,"date":"2026-04-25T18:01:51","date_gmt":"2026-04-25T15:01:51","guid":{"rendered":"https:\/\/ventilatsiooniseade.ee\/?post_type=product&#038;p=6652"},"modified":"2026-04-25T18:01:51","modified_gmt":"2026-04-25T15:01:51","slug":"paikesekaitse","status":"publish","type":"product","link":"https:\/\/ventilatsiooniseade.ee\/?product=paikesekaitse","title":{"rendered":"P\u00e4ikesekaitse"},"content":{"rendered":"<h3>Nortverk O\u00dc tegeleb ka premium klassi p\u00e4ikesekaitse toodetega br\u00e4ndi &#8220;Renson Eesti&#8221; all.<\/h3>\n<p>Selleks on loodud: <strong>koduleht\u00a0 \u00a0<\/strong><a href=\"https:\/\/rensoneesti.ee\/\" target=\"_blank\" rel=\"noopener\"><strong>https:\/\/rensoneesti.ee\/<\/strong><\/a>\u00a0 ja <a href=\"https:\/\/ventilatsiooniseade.ee\/wp-content\/uploads\/2026\/04\/fb.jpg\"><img loading=\"lazy\" decoding=\"async\" class=\"alignnone wp-image-6645\" src=\"https:\/\/ventilatsiooniseade.ee\/wp-content\/uploads\/2026\/04\/fb-150x150.jpg\" alt=\"\" width=\"16\" height=\"16\" srcset=\"https:\/\/ventilatsiooniseade.ee\/wp-content\/uploads\/2026\/04\/fb-150x150.jpg 150w, https:\/\/ventilatsiooniseade.ee\/wp-content\/uploads\/2026\/04\/fb-100x100.jpg 100w, https:\/\/ventilatsiooniseade.ee\/wp-content\/uploads\/2026\/04\/fb.jpg 172w\" sizes=\"auto, (max-width: 16px) 100vw, 16px\" \/><\/a> <a href=\"https:\/\/www.facebook.com\/rensoneesti\"><strong>Facebooki <\/strong><\/a><a href=\"https:\/\/www.facebook.com\/rensoneesti\"><strong>leht<\/strong>.<\/a><\/p>\n<p>&nbsp;<\/p>\n<h2><a href=\"https:\/\/rensoneesti.ee\/tooted\/paikesekaitse-ekraanid\/\">P\u00e4ikesekaitse ekraanid<\/a><\/h2>\n<p><a href=\"https:\/\/ventilatsiooniseade.ee\/wp-content\/uploads\/2026\/04\/Screens_verandas_topfix_598x400_1.jpg\"><img loading=\"lazy\" decoding=\"async\" class=\"alignnone size-thumbnail wp-image-6661\" src=\"https:\/\/ventilatsiooniseade.ee\/wp-content\/uploads\/2026\/04\/Screens_verandas_topfix_598x400_1-150x150.jpg\" alt=\"renson p\u00e4ikesekaitse renson ruloo renson screen renson zip screen renson v\u00e4liruloo renson p\u00e4ikesesirm renson varjestus renson fassaadiruloo renson terrassi varikatus renson pergola renson pergola screenid renson varikatus terrassile renson p\u00e4ikesevari renson tuulekaitse renson k\u00fcljesirm renson v\u00e4lisruloo p\u00e4ikesekaitse renson p\u00e4ikesekaitse lahendus p\u00e4ikesekaitse ruloo zip\u2011ruloo terrassile v\u00e4liruloo p\u00e4ikese vastu tuulekindel p\u00e4ikesekaitse p\u00e4ikesekaitse akendele ruloo kuumuse vastu fassaadi p\u00e4ikesekaitse terrassi varjestus akna v\u00e4lisruloo kuumakaitse ruloo p\u00e4ikesevarjestus kodu jaoks premium p\u00e4ikesekaitse lahendus\" width=\"150\" height=\"150\" srcset=\"https:\/\/ventilatsiooniseade.ee\/wp-content\/uploads\/2026\/04\/Screens_verandas_topfix_598x400_1-150x150.jpg 150w, https:\/\/ventilatsiooniseade.ee\/wp-content\/uploads\/2026\/04\/Screens_verandas_topfix_598x400_1-195x195.jpg 195w, https:\/\/ventilatsiooniseade.ee\/wp-content\/uploads\/2026\/04\/Screens_verandas_topfix_598x400_1-100x100.jpg 100w\" sizes=\"auto, (max-width: 150px) 100vw, 150px\" \/><\/a> <a href=\"https:\/\/ventilatsiooniseade.ee\/wp-content\/uploads\/2026\/04\/zonwering_binnen-of-buiten_600x342.jpg\"><img loading=\"lazy\" decoding=\"async\" class=\"alignnone size-thumbnail wp-image-6655\" src=\"https:\/\/ventilatsiooniseade.ee\/wp-content\/uploads\/2026\/04\/zonwering_binnen-of-buiten_600x342-150x150.jpg\" alt=\"renson p\u00e4ikesekaitse renson ruloo renson screen renson zip screen renson v\u00e4liruloo renson p\u00e4ikesesirm renson varjestus renson fassaadiruloo renson terrassi varikatus renson pergola renson pergola screenid renson varikatus terrassile renson p\u00e4ikesevari renson tuulekaitse renson k\u00fcljesirm renson v\u00e4lisruloo p\u00e4ikesekaitse renson p\u00e4ikesekaitse lahendus p\u00e4ikesekaitse ruloo zip\u2011ruloo terrassile v\u00e4liruloo p\u00e4ikese vastu tuulekindel p\u00e4ikesekaitse p\u00e4ikesekaitse akendele ruloo kuumuse vastu fassaadi p\u00e4ikesekaitse terrassi varjestus akna v\u00e4lisruloo kuumakaitse ruloo p\u00e4ikesevarjestus kodu jaoks premium p\u00e4ikesekaitse lahendus\" width=\"150\" height=\"150\" srcset=\"https:\/\/ventilatsiooniseade.ee\/wp-content\/uploads\/2026\/04\/zonwering_binnen-of-buiten_600x342-150x150.jpg 150w, https:\/\/ventilatsiooniseade.ee\/wp-content\/uploads\/2026\/04\/zonwering_binnen-of-buiten_600x342-195x195.jpg 195w, https:\/\/ventilatsiooniseade.ee\/wp-content\/uploads\/2026\/04\/zonwering_binnen-of-buiten_600x342-100x100.jpg 100w\" sizes=\"auto, (max-width: 150px) 100vw, 150px\" \/><\/a><\/p>\n<ul class=\"su-subpages\">\n<li class=\"page_item page-item-1177\"><a href=\"https:\/\/rensoneesti.ee\/tooted\/paikesekaitse-ekraanid\/inspiratsiooniks\/\">Inspiratsiooniks<\/a><\/li>\n<li class=\"page_item page-item-1179 page_item_has_children\"><a href=\"https:\/\/rensoneesti.ee\/tooted\/paikesekaitse-ekraanid\/vertikaalsed-rull-ekraanid\/\">Vertikaalsed rull-ekraanid<\/a>\n<ul class=\"children\">\n<li class=\"page_item page-item-1199\"><a href=\"https:\/\/rensoneesti.ee\/tooted\/paikesekaitse-ekraanid\/vertikaalsed-rull-ekraanid\/fixscreen\/\">Fixscreen\u00ae<\/a><\/li>\n<li class=\"page_item page-item-1202\"><a href=\"https:\/\/rensoneesti.ee\/tooted\/paikesekaitse-ekraanid\/vertikaalsed-rull-ekraanid\/fixscreen-f\/\">Fixscreen F<\/a><\/li>\n<li class=\"page_item page-item-1204\"><a href=\"https:\/\/rensoneesti.ee\/tooted\/paikesekaitse-ekraanid\/vertikaalsed-rull-ekraanid\/fixscreen-mono-ak-evo-fixscreen\/\">Fixscreen Mono AK Evo Fixscreen\u00ae<\/a><\/li>\n<li class=\"page_item page-item-1208\"><a href=\"https:\/\/rensoneesti.ee\/tooted\/paikesekaitse-ekraanid\/vertikaalsed-rull-ekraanid\/panovista-panovista-max\/\">Panovista &amp; Panovista Max<\/a><\/li>\n<li class=\"page_item page-item-1210\"><a href=\"https:\/\/rensoneesti.ee\/tooted\/paikesekaitse-ekraanid\/vertikaalsed-rull-ekraanid\/slidefix\/\">Slidefix<\/a><\/li>\n<\/ul>\n<\/li>\n<li class=\"page_item page-item-1180 page_item_has_children\"><a href=\"https:\/\/rensoneesti.ee\/tooted\/paikesekaitse-ekraanid\/horisontaalsed-rull-ekraanid\/\">Horisontaalsed rull-ekraanid<\/a>\n<ul class=\"children\">\n<li class=\"page_item page-item-1216\"><a href=\"https:\/\/rensoneesti.ee\/tooted\/paikesekaitse-ekraanid\/horisontaalsed-rull-ekraanid\/topfix\/\">Topfix\u00ae<\/a><\/li>\n<li class=\"page_item page-item-1220\"><a href=\"https:\/\/rensoneesti.ee\/tooted\/paikesekaitse-ekraanid\/horisontaalsed-rull-ekraanid\/topfix-max-f\/\">Topfix\u00ae Max F<\/a><\/li>\n<li class=\"page_item page-item-1223\"><a href=\"https:\/\/rensoneesti.ee\/tooted\/paikesekaitse-ekraanid\/horisontaalsed-rull-ekraanid\/vegascreen\/\">Vegascreen\u00ae<\/a><\/li>\n<\/ul>\n<\/li>\n<\/ul>\n<h2><a href=\"https:\/\/rensoneesti.ee\/tooted\/konstruktiivsed-paikesevarjud\/\">Konstruktiivsed p\u00e4ikesevarjud<\/a><\/h2>\n<p><a href=\"https:\/\/ventilatsiooniseade.ee\/wp-content\/uploads\/2026\/04\/RENSON-SUNCLIPS-PROFIL_1.jpg\"><img loading=\"lazy\" decoding=\"async\" class=\"alignnone size-thumbnail wp-image-6669\" src=\"https:\/\/ventilatsiooniseade.ee\/wp-content\/uploads\/2026\/04\/RENSON-SUNCLIPS-PROFIL_1-150x150.jpg\" alt=\"renson p\u00e4ikesekaitse renson ruloo renson screen renson zip screen renson v\u00e4liruloo renson p\u00e4ikesesirm renson varjestus renson fassaadiruloo renson terrassi varikatus renson pergola renson pergola screenid renson varikatus terrassile renson p\u00e4ikesevari renson tuulekaitse renson k\u00fcljesirm renson v\u00e4lisruloo p\u00e4ikesekaitse renson p\u00e4ikesekaitse lahendus p\u00e4ikesekaitse ruloo zip\u2011ruloo terrassile v\u00e4liruloo p\u00e4ikese vastu tuulekindel p\u00e4ikesekaitse p\u00e4ikesekaitse akendele ruloo kuumuse vastu fassaadi p\u00e4ikesekaitse terrassi varjestus akna v\u00e4lisruloo kuumakaitse ruloo p\u00e4ikesevarjestus kodu jaoks premium p\u00e4ikesekaitse lahendus\" width=\"150\" height=\"150\" srcset=\"https:\/\/ventilatsiooniseade.ee\/wp-content\/uploads\/2026\/04\/RENSON-SUNCLIPS-PROFIL_1-150x150.jpg 150w, https:\/\/ventilatsiooniseade.ee\/wp-content\/uploads\/2026\/04\/RENSON-SUNCLIPS-PROFIL_1-195x195.jpg 195w, https:\/\/ventilatsiooniseade.ee\/wp-content\/uploads\/2026\/04\/RENSON-SUNCLIPS-PROFIL_1-100x100.jpg 100w\" sizes=\"auto, (max-width: 150px) 100vw, 150px\" \/><\/a> <a href=\"https:\/\/ventilatsiooniseade.ee\/wp-content\/uploads\/2026\/04\/3029-10-02.jpg\"><img loading=\"lazy\" decoding=\"async\" class=\"alignnone size-thumbnail wp-image-6665\" src=\"https:\/\/ventilatsiooniseade.ee\/wp-content\/uploads\/2026\/04\/3029-10-02-150x150.jpg\" alt=\"renson p\u00e4ikesekaitse renson ruloo renson screen renson zip screen renson v\u00e4liruloo renson p\u00e4ikesesirm renson varjestus renson fassaadiruloo renson terrassi varikatus renson pergola renson pergola screenid renson varikatus terrassile renson p\u00e4ikesevari renson tuulekaitse renson k\u00fcljesirm renson v\u00e4lisruloo p\u00e4ikesekaitse renson p\u00e4ikesekaitse lahendus p\u00e4ikesekaitse ruloo zip\u2011ruloo terrassile v\u00e4liruloo p\u00e4ikese vastu tuulekindel p\u00e4ikesekaitse p\u00e4ikesekaitse akendele ruloo kuumuse vastu fassaadi p\u00e4ikesekaitse terrassi varjestus akna v\u00e4lisruloo kuumakaitse ruloo p\u00e4ikesevarjestus kodu jaoks premium p\u00e4ikesekaitse lahendus\" width=\"150\" height=\"150\" srcset=\"https:\/\/ventilatsiooniseade.ee\/wp-content\/uploads\/2026\/04\/3029-10-02-150x150.jpg 150w, https:\/\/ventilatsiooniseade.ee\/wp-content\/uploads\/2026\/04\/3029-10-02-195x195.jpg 195w, https:\/\/ventilatsiooniseade.ee\/wp-content\/uploads\/2026\/04\/3029-10-02-100x100.jpg 100w\" sizes=\"auto, (max-width: 150px) 100vw, 150px\" \/><\/a><\/p>\n<ul class=\"su-subpages\">\n<li class=\"page_item page-item-1081\"><a href=\"https:\/\/rensoneesti.ee\/tooted\/konstruktiivsed-paikesevarjud\/cilium-volditavad-varjud\/\">CILIUM volditavad varjud<\/a><\/li>\n<li class=\"page_item page-item-1083\"><a href=\"https:\/\/rensoneesti.ee\/tooted\/konstruktiivsed-paikesevarjud\/lukatavad-liugpaneelid-loggia-ja-patio\/\">L\u00fckatavad liugpaneelid LOGGIA ja PATIO<\/a><\/li>\n<li class=\"page_item page-item-1086\"><a href=\"https:\/\/rensoneesti.ee\/tooted\/konstruktiivsed-paikesevarjud\/horisontaalsed-ja-vertikaalsed-varjud\/\">Horisontaalsed ja vertikaalsed varjud<\/a><\/li>\n<li class=\"page_item page-item-1088\"><a href=\"https:\/\/rensoneesti.ee\/tooted\/konstruktiivsed-paikesevarjud\/iriss-paikesevarju-susteem\/\">IRISS p\u00e4ikesevarju s\u00fcsteem<\/a><\/li>\n<\/ul>\n<p>&nbsp;<\/p>\n<p>&nbsp;<\/p>\n<blockquote class=\"instagram-media\" style=\"background: #FFF; border: 0; border-radius: 3px; box-shadow: 0 0 1px 0 rgba(0,0,0,0.5),0 1px 10px 0 rgba(0,0,0,0.15); margin: 1px; max-width: 270px; min-width: 326px; padding: 0; width: calc(100% - 2px);\" data-instgrm-captioned=\"\" data-instgrm-permalink=\"https:\/\/www.instagram.com\/p\/DW-5dAJCsGM\/?utm_source=ig_embed&amp;utm_campaign=loading\" data-instgrm-version=\"14\">\n<div style=\"padding: 16px;\">\n<p>&nbsp;<\/p>\n<div style=\"display: flex; flex-direction: row; align-items: center;\">\n<div style=\"background-color: #f4f4f4; border-radius: 50%; flex-grow: 0; height: 40px; margin-right: 14px; width: 40px;\"><\/div>\n<div style=\"display: flex; flex-direction: column; flex-grow: 1; justify-content: center;\">\n<div style=\"background-color: #f4f4f4; border-radius: 4px; flex-grow: 0; height: 14px; margin-bottom: 6px; width: 100px;\"><\/div>\n<div style=\"background-color: #f4f4f4; border-radius: 4px; flex-grow: 0; height: 14px; width: 60px;\"><\/div>\n<\/div>\n<\/div>\n<div style=\"padding: 19% 0;\"><\/div>\n<div style=\"display: block; height: 50px; margin: 0 auto 12px; width: 50px;\"><\/div>\n<div style=\"padding-top: 8px;\">\n<div style=\"color: #3897f0; font-family: Arial,sans-serif; font-size: 14px; font-style: normal; font-weight: 550; line-height: 18px;\">View this post on Instagram<\/div>\n<\/div>\n<div style=\"padding: 12.5% 0;\"><\/div>\n<div style=\"display: flex; flex-direction: row; margin-bottom: 14px; align-items: center;\">\n<div>\n<div style=\"background-color: #f4f4f4; border-radius: 50%; height: 12.5px; width: 12.5px; transform: translateX(0px) translateY(7px);\"><\/div>\n<div style=\"background-color: #f4f4f4; height: 12.5px; transform: rotate(-45deg) translateX(3px) translateY(1px); width: 12.5px; flex-grow: 0; margin-right: 14px; margin-left: 2px;\"><\/div>\n<div style=\"background-color: #f4f4f4; border-radius: 50%; height: 12.5px; width: 12.5px; transform: translateX(9px) translateY(-18px);\"><\/div>\n<\/div>\n<div style=\"margin-left: 8px;\">\n<div style=\"background-color: #f4f4f4; border-radius: 50%; flex-grow: 0; height: 20px; width: 20px;\"><\/div>\n<div style=\"width: 0; height: 0; border-top: 2px solid transparent; border-left: 6px solid #f4f4f4; border-bottom: 2px solid transparent; transform: translateX(16px) translateY(-4px) rotate(30deg);\"><\/div>\n<\/div>\n<div style=\"margin-left: auto;\">\n<div style=\"width: 0px; border-top: 8px solid #F4F4F4; border-right: 8px solid transparent; transform: translateY(16px);\"><\/div>\n<div style=\"background-color: #f4f4f4; flex-grow: 0; height: 12px; width: 16px; transform: translateY(-4px);\"><\/div>\n<div style=\"width: 0; height: 0; border-top: 8px solid #F4F4F4; border-left: 8px solid transparent; transform: translateY(-4px) translateX(8px);\"><\/div>\n<\/div>\n<\/div>\n<div style=\"display: flex; flex-direction: column; flex-grow: 1; justify-content: center; margin-bottom: 24px;\">\n<div style=\"background-color: #f4f4f4; border-radius: 4px; flex-grow: 0; height: 14px; margin-bottom: 6px; width: 224px;\"><\/div>\n<div style=\"background-color: #f4f4f4; border-radius: 4px; flex-grow: 0; height: 14px; width: 144px;\"><\/div>\n<\/div>\n<p>&nbsp;<\/p>\n<p style=\"color: #c9c8cd; font-family: Arial,sans-serif; font-size: 14px; line-height: 17px; margin-bottom: 0; margin-top: 8px; overflow: hidden; padding: 8px 0 7px; text-align: center; text-overflow: ellipsis; white-space: nowrap;\"><a style=\"color: #c9c8cd; font-family: Arial,sans-serif; font-size: 14px; font-style: normal; font-weight: normal; line-height: 17px; text-decoration: none;\" href=\"https:\/\/www.instagram.com\/p\/DW-5dAJCsGM\/?utm_source=ig_embed&amp;utm_campaign=loading\" target=\"_blank\" rel=\"noopener\">A post shared by Nortverk (@nortverk)<\/a><\/p>\n<\/div>\n<\/blockquote>\n<p><script async src=\"\/\/www.instagram.com\/embed.js\"><\/script><\/p>\n<blockquote class=\"instagram-media\" style=\"background: #FFF; border: 0; border-radius: 3px; box-shadow: 0 0 1px 0 rgba(0,0,0,0.5),0 1px 10px 0 rgba(0,0,0,0.15); margin: 1px; max-width: 270px; min-width: 326px; padding: 0; width: calc(100% - 2px);\" data-instgrm-captioned=\"\" data-instgrm-permalink=\"https:\/\/www.instagram.com\/p\/DWG8VPsCnNa\/?utm_source=ig_embed&amp;utm_campaign=loading\" data-instgrm-version=\"14\">\n<div style=\"padding: 16px;\">\n<p>&nbsp;<\/p>\n<div style=\"display: flex; flex-direction: row; align-items: center;\">\n<div style=\"background-color: #f4f4f4; border-radius: 50%; flex-grow: 0; height: 40px; margin-right: 14px; width: 40px;\"><\/div>\n<div style=\"display: flex; flex-direction: column; flex-grow: 1; justify-content: center;\">\n<div style=\"background-color: #f4f4f4; border-radius: 4px; flex-grow: 0; height: 14px; margin-bottom: 6px; width: 100px;\"><\/div>\n<div style=\"background-color: #f4f4f4; border-radius: 4px; flex-grow: 0; height: 14px; width: 60px;\"><\/div>\n<\/div>\n<\/div>\n<div style=\"padding: 19% 0;\"><\/div>\n<div style=\"display: block; height: 50px; margin: 0 auto 12px; width: 50px;\"><\/div>\n<div style=\"padding-top: 8px;\">\n<div style=\"color: #3897f0; font-family: Arial,sans-serif; font-size: 14px; font-style: normal; font-weight: 550; line-height: 18px;\">View this post on Instagram<\/div>\n<\/div>\n<div style=\"padding: 12.5% 0;\"><\/div>\n<div style=\"display: flex; flex-direction: row; margin-bottom: 14px; align-items: center;\">\n<div>\n<div style=\"background-color: #f4f4f4; border-radius: 50%; height: 12.5px; width: 12.5px; transform: translateX(0px) translateY(7px);\"><\/div>\n<div style=\"background-color: #f4f4f4; height: 12.5px; transform: rotate(-45deg) translateX(3px) translateY(1px); width: 12.5px; flex-grow: 0; margin-right: 14px; margin-left: 2px;\"><\/div>\n<div style=\"background-color: #f4f4f4; border-radius: 50%; height: 12.5px; width: 12.5px; transform: translateX(9px) translateY(-18px);\"><\/div>\n<\/div>\n<div style=\"margin-left: 8px;\">\n<div style=\"background-color: #f4f4f4; border-radius: 50%; flex-grow: 0; height: 20px; width: 20px;\"><\/div>\n<div style=\"width: 0; height: 0; border-top: 2px solid transparent; border-left: 6px solid #f4f4f4; border-bottom: 2px solid transparent; transform: translateX(16px) translateY(-4px) rotate(30deg);\"><\/div>\n<\/div>\n<div style=\"margin-left: auto;\">\n<div style=\"width: 0px; border-top: 8px solid #F4F4F4; border-right: 8px solid transparent; transform: translateY(16px);\"><\/div>\n<div style=\"background-color: #f4f4f4; flex-grow: 0; height: 12px; width: 16px; transform: translateY(-4px);\"><\/div>\n<div style=\"width: 0; height: 0; border-top: 8px solid #F4F4F4; border-left: 8px solid transparent; transform: translateY(-4px) translateX(8px);\"><\/div>\n<\/div>\n<\/div>\n<div style=\"display: flex; flex-direction: column; flex-grow: 1; justify-content: center; margin-bottom: 24px;\">\n<div style=\"background-color: #f4f4f4; border-radius: 4px; flex-grow: 0; height: 14px; margin-bottom: 6px; width: 224px;\"><\/div>\n<div style=\"background-color: #f4f4f4; border-radius: 4px; flex-grow: 0; height: 14px; width: 144px;\"><\/div>\n<\/div>\n<p>&nbsp;<\/p>\n<p style=\"color: #c9c8cd; font-family: Arial,sans-serif; font-size: 14px; line-height: 17px; margin-bottom: 0; margin-top: 8px; overflow: hidden; padding: 8px 0 7px; text-align: center; text-overflow: ellipsis; white-space: nowrap;\"><a style=\"color: #c9c8cd; font-family: Arial,sans-serif; font-size: 14px; font-style: normal; font-weight: normal; line-height: 17px; text-decoration: none;\" href=\"https:\/\/www.instagram.com\/p\/DWG8VPsCnNa\/?utm_source=ig_embed&amp;utm_campaign=loading\" target=\"_blank\" rel=\"noopener\">A post shared by Nortverk (@nortverk)<\/a><\/p>\n<\/div>\n<\/blockquote>\n<p><script async src=\"\/\/www.instagram.com\/embed.js\"><\/script><\/p>\n<blockquote class=\"instagram-media\" style=\"background: #FFF; border: 0; border-radius: 3px; box-shadow: 0 0 1px 0 rgba(0,0,0,0.5),0 1px 10px 0 rgba(0,0,0,0.15); margin: 1px; max-width: 270px; min-width: 326px; padding: 0; width: calc(100% - 2px);\" data-instgrm-captioned=\"\" data-instgrm-permalink=\"https:\/\/www.instagram.com\/p\/DWG8VPsCnNa\/?utm_source=ig_embed&amp;utm_campaign=loading\" data-instgrm-version=\"14\">\n<div style=\"padding: 16px;\">\n<p>&nbsp;<\/p>\n<div style=\"display: flex; flex-direction: row; align-items: center;\">\n<div style=\"background-color: #f4f4f4; border-radius: 50%; flex-grow: 0; height: 40px; margin-right: 14px; width: 40px;\"><\/div>\n<div style=\"display: flex; flex-direction: column; flex-grow: 1; justify-content: center;\">\n<div style=\"background-color: #f4f4f4; border-radius: 4px; flex-grow: 0; height: 14px; margin-bottom: 6px; width: 100px;\"><\/div>\n<div style=\"background-color: #f4f4f4; border-radius: 4px; flex-grow: 0; height: 14px; width: 60px;\"><\/div>\n<\/div>\n<\/div>\n<div style=\"padding: 19% 0;\"><\/div>\n<div style=\"display: block; height: 50px; margin: 0 auto 12px; width: 50px;\"><\/div>\n<div style=\"padding-top: 8px;\">\n<div style=\"color: #3897f0; font-family: Arial,sans-serif; font-size: 14px; font-style: normal; font-weight: 550; line-height: 18px;\">View this post on Instagram<\/div>\n<\/div>\n<div style=\"padding: 12.5% 0;\"><\/div>\n<div style=\"display: flex; flex-direction: row; margin-bottom: 14px; align-items: center;\">\n<div>\n<div style=\"background-color: #f4f4f4; border-radius: 50%; height: 12.5px; width: 12.5px; transform: translateX(0px) translateY(7px);\"><\/div>\n<div style=\"background-color: #f4f4f4; height: 12.5px; transform: rotate(-45deg) translateX(3px) translateY(1px); width: 12.5px; flex-grow: 0; margin-right: 14px; margin-left: 2px;\"><\/div>\n<div style=\"background-color: #f4f4f4; border-radius: 50%; height: 12.5px; width: 12.5px; transform: translateX(9px) translateY(-18px);\"><\/div>\n<\/div>\n<div style=\"margin-left: 8px;\">\n<div style=\"background-color: #f4f4f4; border-radius: 50%; flex-grow: 0; height: 20px; width: 20px;\"><\/div>\n<div style=\"width: 0; height: 0; border-top: 2px solid transparent; border-left: 6px solid #f4f4f4; border-bottom: 2px solid transparent; transform: translateX(16px) translateY(-4px) rotate(30deg);\"><\/div>\n<\/div>\n<div style=\"margin-left: auto;\">\n<div style=\"width: 0px; border-top: 8px solid #F4F4F4; border-right: 8px solid transparent; transform: translateY(16px);\"><\/div>\n<div style=\"background-color: #f4f4f4; flex-grow: 0; height: 12px; width: 16px; transform: translateY(-4px);\"><\/div>\n<div style=\"width: 0; height: 0; border-top: 8px solid #F4F4F4; border-left: 8px solid transparent; transform: translateY(-4px) translateX(8px);\"><\/div>\n<\/div>\n<\/div>\n<div style=\"display: flex; flex-direction: column; flex-grow: 1; justify-content: center; margin-bottom: 24px;\">\n<div style=\"background-color: #f4f4f4; border-radius: 4px; flex-grow: 0; height: 14px; margin-bottom: 6px; width: 224px;\"><\/div>\n<div style=\"background-color: #f4f4f4; border-radius: 4px; flex-grow: 0; height: 14px; width: 144px;\"><\/div>\n<\/div>\n<p>&nbsp;<\/p>\n<p style=\"color: #c9c8cd; font-family: Arial,sans-serif; font-size: 14px; line-height: 17px; margin-bottom: 0; margin-top: 8px; overflow: hidden; padding: 8px 0 7px; text-align: center; text-overflow: ellipsis; white-space: nowrap;\"><a style=\"color: #c9c8cd; font-family: Arial,sans-serif; font-size: 14px; font-style: normal; font-weight: normal; line-height: 17px; text-decoration: none;\" href=\"https:\/\/www.instagram.com\/p\/DWG8VPsCnNa\/?utm_source=ig_embed&amp;utm_campaign=loading\" target=\"_blank\" rel=\"noopener\">A post shared by Nortverk (@nortverk)<\/a><\/p>\n<\/div>\n<\/blockquote>\n<p><script async src=\"\/\/www.instagram.com\/embed.js\"><\/script><\/p>\n","protected":false},"excerpt":{"rendered":"<p>Nortverk O\u00dc tegeleb ka premium klassi p\u00e4ikesekaitse toodetega br\u00e4ndi &#8220;Renson Eesti&#8221; all. Selleks on loodud: koduleht\u00a0 \u00a0https:\/\/rensoneesti.ee\/\u00a0 ja Facebooki leht. &nbsp; P\u00e4ikesekaitse ekraanid Inspiratsiooniks Vertikaalsed rull-ekraanid Fixscreen\u00ae Fixscreen F Fixscreen Mono AK Evo Fixscreen\u00ae Panovista &amp; Panovista Max Slidefix Horisontaalsed rull-ekraanid Topfix\u00ae Topfix\u00ae Max F Vegascreen\u00ae Konstruktiivsed p\u00e4ikesevarjud CILIUM volditavad varjud L\u00fckatavad liugpaneelid LOGGIA ja [&hellip;]<\/p>\n","protected":false},"featured_media":6670,"comment_status":"closed","ping_status":"closed","template":"","meta":[],"product_brand":[],"product_cat":[319],"product_tag":[307],"class_list":{"0":"post-6652","1":"product","2":"type-product","3":"status-publish","4":"has-post-thumbnail","6":"product_cat-paikesekaitse","7":"product_tag-renson","9":"first","10":"instock","11":"shipping-taxable","12":"product-type-simple"},"_links":{"self":[{"href":"https:\/\/ventilatsiooniseade.ee\/index.php?rest_route=\/wp\/v2\/product\/6652","targetHints":{"allow":["GET"]}}],"collection":[{"href":"https:\/\/ventilatsiooniseade.ee\/index.php?rest_route=\/wp\/v2\/product"}],"about":[{"href":"https:\/\/ventilatsiooniseade.ee\/index.php?rest_route=\/wp\/v2\/types\/product"}],"replies":[{"embeddable":true,"href":"https:\/\/ventilatsiooniseade.ee\/index.php?rest_route=%2Fwp%2Fv2%2Fcomments&post=6652"}],"wp:featuredmedia":[{"embeddable":true,"href":"https:\/\/ventilatsiooniseade.ee\/index.php?rest_route=\/wp\/v2\/media\/6670"}],"wp:attachment":[{"href":"https:\/\/ventilatsiooniseade.ee\/index.php?rest_route=%2Fwp%2Fv2%2Fmedia&parent=6652"}],"wp:term":[{"taxonomy":"product_brand","embeddable":true,"href":"https:\/\/ventilatsiooniseade.ee\/index.php?rest_route=%2Fwp%2Fv2%2Fproduct_brand&post=6652"},{"taxonomy":"product_cat","embeddable":true,"href":"https:\/\/ventilatsiooniseade.ee\/index.php?rest_route=%2Fwp%2Fv2%2Fproduct_cat&post=6652"},{"taxonomy":"product_tag","embeddable":true,"href":"https:\/\/ventilatsiooniseade.ee\/index.php?rest_route=%2Fwp%2Fv2%2Fproduct_tag&post=6652"}],"curies":[{"name":"wp","href":"https:\/\/api.w.org\/{rel}","templated":true}]}}