{"id":6606,"date":"2026-04-20T13:38:30","date_gmt":"2026-04-20T10:38:30","guid":{"rendered":"https:\/\/ventilatsiooniseade.ee\/?post_type=product&#038;p=6606"},"modified":"2026-04-20T15:56:42","modified_gmt":"2026-04-20T12:56:42","slug":"tsentraalne-niisutikomplekt-renson-flux-seadmetele","status":"publish","type":"product","link":"https:\/\/ventilatsiooniseade.ee\/?product=tsentraalne-niisutikomplekt-renson-flux-seadmetele","title":{"rendered":"Tsentraalne ventilatsiooni niisutikomplekt Renson Flux+ seadmetele"},"content":{"rendered":"<h2><strong> Renson Flux+ v\u00e4line tsentraalne ventilatsiooni niisuti tagab meeldiva ja tervisliku sisekliima, hoides kuiva kliima ja aastaaegadel \u00f5iget niiskustaset.<\/strong><\/h2>\n<p>Talvel langeb \u00f5huniiskus kodudes sageli ebatervislikult madalale tasemele. Tagaj\u00e4rjed: kuivad silmad, l\u00f5henenud huuled, \u00e4rritav k\u00f6ha ja kuivavad limaskestad. Lisaks elanike enesetundele v\u00f5ib madal \u00f5huniiskus kahjustada ka v\u00e4\u00e4rtuslikke sisustuselemente, nagu puitp\u00f5randad, m\u00f6\u00f6bel, kunstiteosed, sest madal \u00f5huniiskus v\u00f5ib p\u00f5hjustada kokkut\u00f5mbumist ja pragunemist.<\/p>\n<p><strong>Muretu ja turvaline kasutamine<\/strong><\/p>\n<ul>\n<li>Interj\u00f6\u00f6ris n\u00e4htamatu, t\u00f6\u00f6tab automaatselt koos Flux+ seadmega ja \u00fchendub otse veev\u00e4rgiga.<\/li>\n<li>Kasutajas\u00f5bralik juhtimine ja reaalajas tagasiside Rensoni rakenduse kaudu.<\/li>\n<li>T\u00e4iesti ohutu ja h\u00fcgieeniline t\u00e4nu integreeritud legionella filtrile.<\/li>\n<li>Madala hooldusvajadusega disain vahetatava niisutusmooduliga.<\/li>\n<\/ul>\n<p><strong>Plug-and-play paigaldus<\/strong><\/p>\n<p>Kiire ja muretu paigaldus Flux+ \u00f6kos\u00fcsteemis. T\u00e4nu niisuti, Flux ventilatsiooniseadme ja selle andurite sujuvale integreerimisele saavutatakse kogu kodus \u00f5ige ja stabiilne niiskustase.<\/p>\n<p><strong>Toote eelised<\/strong><\/p>\n<ul>\n<li>Vajadusp\u00f5hine ventilatsioon<\/li>\n<li>Esteetiline integreeritus<\/li>\n<li>Kiire ja lihtne paigaldus<\/li>\n<li>Lihtne hooldus<\/li>\n<\/ul>\n<p>&nbsp;<\/p>\n<h3><strong>Tehnilised spetsifikatsioonid<\/strong><\/h3>\n<p><strong>F\u00fc\u00fcsikalised omadused<\/strong><\/p>\n<ul>\n<li><strong>M\u00f5\u00f5tmed (P\u00d7L\u00d7K):<\/strong> 344 \u00d7 258 \u00d7 336 mm Arvestada tuleb 428 mm p\u00f6\u00f6rderaadiusega laepaigalduse korral. Niisutaja peab saama p\u00f6\u00f6rduda 90\u00b0 \u00fcmber oma telje, et kassett oleks vahetatav.<\/li>\n<li><strong>Niisutusv\u00f5ime:<\/strong> 0\u20132 liitrit tunnis, s\u00f5ltuvalt \u00f5huvoolust ja \u00f5hutingimustest<\/li>\n<li><strong>Elektritarve:<\/strong> 3 VA<\/li>\n<li><strong>Maksimaalne veetarbimine:<\/strong> 3 liitrit tunnis<\/li>\n<li><strong>Vee sisselaske \u00fchendus:<\/strong> \u00be sisekeere, \u00fchendus 4 mm torule<\/li>\n<li><strong>Vee v\u00e4ljalaske \u00fchendus:<\/strong> \u00d8 16 mm vooliku\u00fchendus, pikkus 150 cm<\/li>\n<li><strong>Kanaliliides:<\/strong> Standardne \u00d8 200 mm sisemine<\/li>\n<li><strong>Kaal:<\/strong> 3 kg<\/li>\n<li><strong>Materjal:<\/strong> EPP<\/li>\n<li><strong>\u00dchilduvus:<\/strong> Ainult Flux+ seadmetega<\/li>\n<li><strong>R\u00f5hukadu seadmes:<\/strong> Vaata allolevat diagrammi<\/li>\n<li><strong>Veer\u00f5hk:<\/strong> Min. 0,15 MPa (1,5 bar), maks. 0,5 MPa (5,0 bar)<\/li>\n<\/ul>\n<p><strong>Elektrilised omadused<\/strong><\/p>\n<ul>\n<li><strong>Toitepinge:<\/strong> 230 V<\/li>\n<li><strong>Voolutarve:<\/strong> 0,01 kW<\/li>\n<\/ul>\n<p>&nbsp;<\/p>\n<table>\n<tbody>\n<tr>\n<td width=\"312\"><strong>Toode<\/strong><\/td>\n<td width=\"156\"><strong>Pilt<\/strong><\/td>\n<\/tr>\n<tr>\n<td width=\"312\">Aktiivse niisutaja komplekt Flux+ jaoks<\/p>\n<p>art. 36231<\/td>\n<td width=\"156\"><a href=\"https:\/\/ventilatsiooniseade.ee\/wp-content\/uploads\/2026\/04\/Screenshot-2026-04-20-134539.png\"><img loading=\"lazy\" decoding=\"async\" class=\"alignnone wp-image-6615\" src=\"https:\/\/ventilatsiooniseade.ee\/wp-content\/uploads\/2026\/04\/Screenshot-2026-04-20-134539.png\" alt=\"\" width=\"124\" height=\"132\" srcset=\"https:\/\/ventilatsiooniseade.ee\/wp-content\/uploads\/2026\/04\/Screenshot-2026-04-20-134539.png 542w, https:\/\/ventilatsiooniseade.ee\/wp-content\/uploads\/2026\/04\/Screenshot-2026-04-20-134539-281x300.png 281w, https:\/\/ventilatsiooniseade.ee\/wp-content\/uploads\/2026\/04\/Screenshot-2026-04-20-134539-470x501.png 470w\" sizes=\"auto, (max-width: 124px) 100vw, 124px\" \/><\/a><\/td>\n<\/tr>\n<tr>\n<td width=\"312\">T\u00e4ielik asenduskassett, sh Legiosafe filtriga aktiivsele niisutajale<\/p>\n<p>art. 37755<\/td>\n<td width=\"156\"><a href=\"https:\/\/ventilatsiooniseade.ee\/wp-content\/uploads\/2026\/04\/Screenshot-2026-04-20-132235.png\"><img loading=\"lazy\" decoding=\"async\" class=\"alignnone wp-image-6611\" src=\"https:\/\/ventilatsiooniseade.ee\/wp-content\/uploads\/2026\/04\/Screenshot-2026-04-20-132235.png\" alt=\"Ventilatsiooniseade Ventilatsioonit\u00f6\u00f6d Ventilatsiooniehitus Ventilatsioonifiltrid Ventilatsiooni paigaldus Ventilatsioonitoru Painduv toru Jahutus Passiivjahutus Laek\u00fcte Seinak\u00fcte Liginullenergia Nullenergia Passiivmaja Pelletik\u00fcte Airobot Ventitehnik Ventilatsioonihooldus Renson Flux Titon Helios Ventilatoren Vents Prodmax Zehnder Comfort Systems Cliox Flexovent Flexivent Feliton Kliimas\u00fcsteemid Soojuspump Maak\u00fcte Comfovent Salda Vitalair Kodukliima Niiskustagastus Soojustagastusega ventilatsioon Eelk\u00fcte Antibakteriaalne toru Liigniiskus kodus Trump Putin airobot Aeroo\" width=\"127\" height=\"121\" srcset=\"https:\/\/ventilatsiooniseade.ee\/wp-content\/uploads\/2026\/04\/Screenshot-2026-04-20-132235.png 397w, https:\/\/ventilatsiooniseade.ee\/wp-content\/uploads\/2026\/04\/Screenshot-2026-04-20-132235-300x286.png 300w\" sizes=\"auto, (max-width: 127px) 100vw, 127px\" \/><\/a><\/td>\n<\/tr>\n<tr>\n<td width=\"312\">Aurustumismatriits<\/p>\n<p>art. 37376<\/td>\n<td width=\"156\"><a href=\"https:\/\/ventilatsiooniseade.ee\/wp-content\/uploads\/2026\/04\/Screenshot-2026-04-20-132248.png\"><img loading=\"lazy\" decoding=\"async\" class=\"alignnone wp-image-6610\" src=\"https:\/\/ventilatsiooniseade.ee\/wp-content\/uploads\/2026\/04\/Screenshot-2026-04-20-132248.png\" alt=\"Ventilatsiooniseade Ventilatsioonit\u00f6\u00f6d Ventilatsiooniehitus Ventilatsioonifiltrid Ventilatsiooni paigaldus Ventilatsioonitoru Painduv toru Jahutus Passiivjahutus Laek\u00fcte Seinak\u00fcte Liginullenergia Nullenergia Passiivmaja Pelletik\u00fcte Airobot Ventitehnik Ventilatsioonihooldus Renson Flux Titon Helios Ventilatoren Vents Prodmax Zehnder Comfort Systems Cliox Flexovent Flexivent Feliton Kliimas\u00fcsteemid Soojuspump Maak\u00fcte Comfovent Salda Vitalair Kodukliima Niiskustagastus Soojustagastusega ventilatsioon Eelk\u00fcte Antibakteriaalne toru Liigniiskus kodus Trump Putin airobot Aeroo\" width=\"94\" height=\"95\" srcset=\"https:\/\/ventilatsiooniseade.ee\/wp-content\/uploads\/2026\/04\/Screenshot-2026-04-20-132248.png 364w, https:\/\/ventilatsiooniseade.ee\/wp-content\/uploads\/2026\/04\/Screenshot-2026-04-20-132248-297x300.png 297w, https:\/\/ventilatsiooniseade.ee\/wp-content\/uploads\/2026\/04\/Screenshot-2026-04-20-132248-150x150.png 150w, https:\/\/ventilatsiooniseade.ee\/wp-content\/uploads\/2026\/04\/Screenshot-2026-04-20-132248-195x195.png 195w, https:\/\/ventilatsiooniseade.ee\/wp-content\/uploads\/2026\/04\/Screenshot-2026-04-20-132248-100x100.png 100w\" sizes=\"auto, (max-width: 94px) 100vw, 94px\" \/><\/a><\/td>\n<\/tr>\n<tr>\n<td width=\"312\">Legiosafe-kassett<\/p>\n<p>art. 37748<\/td>\n<td width=\"156\"><a href=\"https:\/\/ventilatsiooniseade.ee\/wp-content\/uploads\/2026\/04\/Screenshot-2026-04-20-132255.png\"><img loading=\"lazy\" decoding=\"async\" class=\"alignnone wp-image-6609\" src=\"https:\/\/ventilatsiooniseade.ee\/wp-content\/uploads\/2026\/04\/Screenshot-2026-04-20-132255.png\" alt=\"Ventilatsiooniseade Ventilatsioonit\u00f6\u00f6d Ventilatsiooniehitus Ventilatsioonifiltrid Ventilatsiooni paigaldus Ventilatsioonitoru Painduv toru Jahutus Passiivjahutus Laek\u00fcte Seinak\u00fcte Liginullenergia Nullenergia Passiivmaja Pelletik\u00fcte Airobot Ventitehnik Ventilatsioonihooldus Renson Flux Titon Helios Ventilatoren Vents Prodmax Zehnder Comfort Systems Cliox Flexovent Flexivent Feliton Kliimas\u00fcsteemid Soojuspump Maak\u00fcte Comfovent Salda Vitalair Kodukliima Niiskustagastus Soojustagastusega ventilatsioon Eelk\u00fcte Antibakteriaalne toru Liigniiskus kodus Trump Putin airobot Aeroo\" width=\"68\" height=\"144\" srcset=\"https:\/\/ventilatsiooniseade.ee\/wp-content\/uploads\/2026\/04\/Screenshot-2026-04-20-132255.png 175w, https:\/\/ventilatsiooniseade.ee\/wp-content\/uploads\/2026\/04\/Screenshot-2026-04-20-132255-142x300.png 142w\" sizes=\"auto, (max-width: 68px) 100vw, 68px\" \/><\/a><\/td>\n<\/tr>\n<\/tbody>\n<\/table>\n<p>&nbsp;<\/p>\n","protected":false},"excerpt":{"rendered":"<p>Aktiivne niisutaja, mis t\u00f6\u00f6tab Flux+ ventilatsioonis\u00fcsteemiga \u00fchtse tervikuna ja hoiab kogu kodus stabiilse ning tervisliku \u00f5huniiskuse taseme.<\/p>\n","protected":false},"featured_media":6607,"comment_status":"closed","ping_status":"closed","template":"","meta":[],"product_brand":[],"product_cat":[161],"product_tag":[306,307],"class_list":{"0":"post-6606","1":"product","2":"type-product","3":"status-publish","4":"has-post-thumbnail","6":"product_cat-renson","7":"product_tag-flux","8":"product_tag-renson","10":"first","11":"instock","12":"shipping-taxable","13":"purchasable","14":"product-type-simple"},"_links":{"self":[{"href":"https:\/\/ventilatsiooniseade.ee\/index.php?rest_route=\/wp\/v2\/product\/6606","targetHints":{"allow":["GET"]}}],"collection":[{"href":"https:\/\/ventilatsiooniseade.ee\/index.php?rest_route=\/wp\/v2\/product"}],"about":[{"href":"https:\/\/ventilatsiooniseade.ee\/index.php?rest_route=\/wp\/v2\/types\/product"}],"replies":[{"embeddable":true,"href":"https:\/\/ventilatsiooniseade.ee\/index.php?rest_route=%2Fwp%2Fv2%2Fcomments&post=6606"}],"wp:featuredmedia":[{"embeddable":true,"href":"https:\/\/ventilatsiooniseade.ee\/index.php?rest_route=\/wp\/v2\/media\/6607"}],"wp:attachment":[{"href":"https:\/\/ventilatsiooniseade.ee\/index.php?rest_route=%2Fwp%2Fv2%2Fmedia&parent=6606"}],"wp:term":[{"taxonomy":"product_brand","embeddable":true,"href":"https:\/\/ventilatsiooniseade.ee\/index.php?rest_route=%2Fwp%2Fv2%2Fproduct_brand&post=6606"},{"taxonomy":"product_cat","embeddable":true,"href":"https:\/\/ventilatsiooniseade.ee\/index.php?rest_route=%2Fwp%2Fv2%2Fproduct_cat&post=6606"},{"taxonomy":"product_tag","embeddable":true,"href":"https:\/\/ventilatsiooniseade.ee\/index.php?rest_route=%2Fwp%2Fv2%2Fproduct_tag&post=6606"}],"curies":[{"name":"wp","href":"https:\/\/api.w.org\/{rel}","templated":true}]}}