{"id":6593,"date":"2026-03-26T21:22:13","date_gmt":"2026-03-26T19:22:13","guid":{"rendered":"https:\/\/ventilatsiooniseade.ee\/?post_type=product&#038;p=6593"},"modified":"2026-03-26T21:22:13","modified_gmt":"2026-03-26T19:22:13","slug":"renson-aeroo","status":"publish","type":"product","link":"https:\/\/ventilatsiooniseade.ee\/?product=renson-aeroo","title":{"rendered":"RENSON AEROO"},"content":{"rendered":"<p><!--StartFragment --><\/p>\n<p><strong>K\u00f5ige vaiksem ventialtsiooni disainplafoon tasakaalustatud ventilatsiooni jaoks<\/strong><\/p>\n<ul>\n<li><strong>T\u00e4iustatud aerod\u00fcnaamiline disain tagab turu k\u00f5ige vaiksema sissepuhke- ja v\u00e4ljat\u00f5mbeplafooni <\/strong>v\u00e4ga laias t\u00f6\u00f6vahemikus.<\/li>\n<li>\u00dcks plafoon nii sissepuhkeks (kuni 90 m\u00b3\/h) kui ka v\u00e4ljat\u00f5mbeks (kuni 100 m\u00b3\/h).<\/li>\n<li>Avatud asendis k\u00f5ige v\u00e4iksema takistusega plafoon: <strong>v\u00e4hendab ventilatsiooniseadme energiatarvet ja m\u00fcrataset<\/strong>.<\/li>\n<li>Paigaldus 125 mm l\u00e4bim\u00f5\u00f5duga kanalisse \u2013 <strong>t\u00f6\u00f6riistu pole vaja<\/strong>, integreeritud kummitihend tagab \u00f5hukindla \u00fchenduse.<\/li>\n<li>Mugav reguleerimismehhanism selge asendin\u00e4idikuga.<\/li>\n<li>T\u00e4pne l\u00f5ppasendi seadistus 50 erineva plafoonipositsiooni jaoks.<\/li>\n<li>V\u00f5imalus m\u00e4rkida plafooni ruum, asukoht ja seadistus.<\/li>\n<li>Lai valik \u00fcmmargusi ja ruudukujulisi, valgeid ja musti variante.<\/li>\n<li>Valikuline <strong>Air Blocker<\/strong>, mis v\u00e4ldib \u00f5hu v\u00e4ljumist konkreetses sektoris; \u00f5huvoolu saab piirata kuni 60 m\u00b3\/h.<\/li>\n<li>Valikuline lisatarvik plafooni reguleerimiseks p\u00f5randalt (ilma redelita).<\/li>\n<\/ul>\n<p>&nbsp;<\/p>\n<p><strong>HINNAKIRI:<\/strong><\/p>\n<table>\n<tbody>\n<tr>\n<td><strong>1<\/strong><\/td>\n<td>AEROO \u00fcmmargune must \u2013 reguleeritav sissepuhke- ja v\u00e4ljat\u00f5mbe<\/td>\n<td><strong>43,82 \u20ac<\/strong><\/td>\n<\/tr>\n<tr>\n<td><strong>2<\/strong><\/td>\n<td>AEROO \u00fcmmargune valge \u2013 reguleeritav sissepuhke- ja v\u00e4ljat\u00f5mbe<\/td>\n<td><strong>39,66 \u20ac<\/strong><\/td>\n<\/tr>\n<tr>\n<td><strong>3<\/strong><\/td>\n<td>AEROO ruudukujuline must \u2013 reguleeritav sissepuhke- ja v\u00e4ljat\u00f5mbe<\/td>\n<td><strong>47,63 \u20ac<\/strong><\/td>\n<\/tr>\n<tr>\n<td><strong>4<\/strong><\/td>\n<td>AEROO ruudukujuline valge \u2013 reguleeritav sissepuhke- ja v\u00e4ljat\u00f5mbe<\/td>\n<td><strong>43,62 \u20ac<\/strong><\/td>\n<\/tr>\n<tr>\n<td><strong>5<\/strong><\/td>\n<td>AEROO Airblocker lisatarvik<\/td>\n<td><strong>7,71 \u20ac<\/strong><\/td>\n<\/tr>\n<tr>\n<td><strong>6<\/strong><\/td>\n<td>AEROO positsioneerimisabi<\/td>\n<td><strong>48,68 \u20ac<\/strong><\/td>\n<\/tr>\n<\/tbody>\n<\/table>\n<p>&nbsp;<\/p>\n<p><strong>ALLALAADIMISEKS:<\/strong><\/p>\n<p><a href=\"https:\/\/dam.renson.net\/m\/3fe406dd5b1ba8ec\/original\/EN_Techn_data_sheet_Aeroo.pdf\" target=\"_blank\" rel=\"noopener\">Tootja tehniline leht<\/a><\/p>\n<p>&nbsp;<\/p>\n<p><strong>VIDEO:<\/strong><\/p>\n<div style=\"width: 1920px;\" class=\"wp-video\"><video class=\"wp-video-shortcode\" id=\"video-6593-1\" width=\"1920\" height=\"1080\" preload=\"metadata\" controls=\"controls\"><source type=\"video\/mp4\" src=\"https:\/\/ventilatsiooniseade.ee\/wp-content\/uploads\/2026\/03\/Aeroo_Animatie_ENG.mp4?_=1\" \/><a href=\"https:\/\/ventilatsiooniseade.ee\/wp-content\/uploads\/2026\/03\/Aeroo_Animatie_ENG.mp4\">https:\/\/ventilatsiooniseade.ee\/wp-content\/uploads\/2026\/03\/Aeroo_Animatie_ENG.mp4<\/a><\/video><\/div>\n","protected":false},"excerpt":{"rendered":"<p><strong>K\u00f5ige vaiksem<\/strong> <strong> ventialtsiooni disainplafoon<\/strong> tasakaalustatud ventilatsiooni jaoks. Valik \u00fcmmargusi ja ruudukujulisi, valgeid ja musti variante.<\/p>\n","protected":false},"featured_media":6596,"comment_status":"closed","ping_status":"closed","template":"","meta":[],"product_brand":[],"product_cat":[161,123],"product_tag":[312,307],"class_list":{"0":"post-6593","1":"product","2":"type-product","3":"status-publish","4":"has-post-thumbnail","6":"product_cat-renson","7":"product_cat-ventilatsiooni-plafoonid","8":"product_tag-aeroo","9":"product_tag-renson","11":"first","12":"instock","13":"shipping-taxable","14":"product-type-simple"},"_links":{"self":[{"href":"https:\/\/ventilatsiooniseade.ee\/index.php?rest_route=\/wp\/v2\/product\/6593","targetHints":{"allow":["GET"]}}],"collection":[{"href":"https:\/\/ventilatsiooniseade.ee\/index.php?rest_route=\/wp\/v2\/product"}],"about":[{"href":"https:\/\/ventilatsiooniseade.ee\/index.php?rest_route=\/wp\/v2\/types\/product"}],"replies":[{"embeddable":true,"href":"https:\/\/ventilatsiooniseade.ee\/index.php?rest_route=%2Fwp%2Fv2%2Fcomments&post=6593"}],"wp:featuredmedia":[{"embeddable":true,"href":"https:\/\/ventilatsiooniseade.ee\/index.php?rest_route=\/wp\/v2\/media\/6596"}],"wp:attachment":[{"href":"https:\/\/ventilatsiooniseade.ee\/index.php?rest_route=%2Fwp%2Fv2%2Fmedia&parent=6593"}],"wp:term":[{"taxonomy":"product_brand","embeddable":true,"href":"https:\/\/ventilatsiooniseade.ee\/index.php?rest_route=%2Fwp%2Fv2%2Fproduct_brand&post=6593"},{"taxonomy":"product_cat","embeddable":true,"href":"https:\/\/ventilatsiooniseade.ee\/index.php?rest_route=%2Fwp%2Fv2%2Fproduct_cat&post=6593"},{"taxonomy":"product_tag","embeddable":true,"href":"https:\/\/ventilatsiooniseade.ee\/index.php?rest_route=%2Fwp%2Fv2%2Fproduct_tag&post=6593"}],"curies":[{"name":"wp","href":"https:\/\/api.w.org\/{rel}","templated":true}]}}