{"id":6542,"date":"2026-02-06T11:42:49","date_gmt":"2026-02-06T09:42:49","guid":{"rendered":"https:\/\/ventilatsiooniseade.ee\/?post_type=product&#038;p=6542"},"modified":"2026-02-06T11:42:49","modified_gmt":"2026-02-06T09:42:49","slug":"vp-100-k-q-tsentrifugaal-laeventilaator-185-m3-h","status":"publish","type":"product","link":"https:\/\/ventilatsiooniseade.ee\/?product=vp-100-k-q-tsentrifugaal-laeventilaator-185-m3-h","title":{"rendered":"VP 100 K Q tsentrifugaal laeventilaator (185 m3\/h)"},"content":{"rendered":"<p><a href=\"https:\/\/ventilatsiooniseade.ee\/wp-content\/uploads\/2026\/02\/Kuvatommis_6-2-2026_114232_ventilation-system.com_.jpeg\"><img loading=\"lazy\" decoding=\"async\" class=\"alignnone size-large wp-image-6545\" src=\"https:\/\/ventilatsiooniseade.ee\/wp-content\/uploads\/2026\/02\/Kuvatommis_6-2-2026_114232_ventilation-system.com_-1024x464.jpeg\" alt=\"\" width=\"1024\" height=\"464\" srcset=\"https:\/\/ventilatsiooniseade.ee\/wp-content\/uploads\/2026\/02\/Kuvatommis_6-2-2026_114232_ventilation-system.com_-1024x464.jpeg 1024w, https:\/\/ventilatsiooniseade.ee\/wp-content\/uploads\/2026\/02\/Kuvatommis_6-2-2026_114232_ventilation-system.com_-300x136.jpeg 300w, https:\/\/ventilatsiooniseade.ee\/wp-content\/uploads\/2026\/02\/Kuvatommis_6-2-2026_114232_ventilation-system.com_-768x348.jpeg 768w, https:\/\/ventilatsiooniseade.ee\/wp-content\/uploads\/2026\/02\/Kuvatommis_6-2-2026_114232_ventilation-system.com_-470x213.jpeg 470w, https:\/\/ventilatsiooniseade.ee\/wp-content\/uploads\/2026\/02\/Kuvatommis_6-2-2026_114232_ventilation-system.com_.jpeg 1030w\" sizes=\"auto, (max-width: 1024px) 100vw, 1024px\" \/><\/a><\/p>\n","protected":false},"excerpt":{"rendered":"<p data-start=\"122\" data-end=\"344\">Tsingitud teraskorpusega tsentrifugaalne kanaliventilaator sissepuhke- ja v\u00e4ljat\u00f5mbelahendusteks. Varustatud AC-mootori ning tahapoole kaardunud labadega tsentrifugaaltiivikuga, mis tagab t\u00f6\u00f6kindla ja t\u00f5husa \u00f5hu liikumise.<\/p>\n<p data-start=\"348\" data-end=\"374\">M\u00fcratase: <strong>42 dB(A) @ 3 m<\/strong><br \/>\n<strong>AC-<\/strong>mootor<br \/>\n<strong>Tsentrifugaaltiivik<\/strong>, tahapoole kaardunud labad<br \/>\n<strong>Tsingitud teraskorpus<\/strong><\/p>\n<p data-start=\"348\" data-end=\"374\"><a href=\"https:\/\/ventilation-system.com\/download\/vp-datasheet-1711.pdf\"><span style=\"color: #0000ff;\"><strong>Infoleht<\/strong><\/span><\/a><\/p>\n","protected":false},"featured_media":6543,"comment_status":"closed","ping_status":"closed","template":"","meta":[],"product_brand":[],"product_cat":[11,66],"product_tag":[],"class_list":{"0":"post-6542","1":"product","2":"type-product","3":"status-publish","4":"has-post-thumbnail","6":"product_cat-ventilaatorid","7":"product_cat-tsentrifugaal-ventilaatorid","9":"first","10":"instock","11":"shipping-taxable","12":"product-type-simple"},"_links":{"self":[{"href":"https:\/\/ventilatsiooniseade.ee\/index.php?rest_route=\/wp\/v2\/product\/6542","targetHints":{"allow":["GET"]}}],"collection":[{"href":"https:\/\/ventilatsiooniseade.ee\/index.php?rest_route=\/wp\/v2\/product"}],"about":[{"href":"https:\/\/ventilatsiooniseade.ee\/index.php?rest_route=\/wp\/v2\/types\/product"}],"replies":[{"embeddable":true,"href":"https:\/\/ventilatsiooniseade.ee\/index.php?rest_route=%2Fwp%2Fv2%2Fcomments&post=6542"}],"wp:featuredmedia":[{"embeddable":true,"href":"https:\/\/ventilatsiooniseade.ee\/index.php?rest_route=\/wp\/v2\/media\/6543"}],"wp:attachment":[{"href":"https:\/\/ventilatsiooniseade.ee\/index.php?rest_route=%2Fwp%2Fv2%2Fmedia&parent=6542"}],"wp:term":[{"taxonomy":"product_brand","embeddable":true,"href":"https:\/\/ventilatsiooniseade.ee\/index.php?rest_route=%2Fwp%2Fv2%2Fproduct_brand&post=6542"},{"taxonomy":"product_cat","embeddable":true,"href":"https:\/\/ventilatsiooniseade.ee\/index.php?rest_route=%2Fwp%2Fv2%2Fproduct_cat&post=6542"},{"taxonomy":"product_tag","embeddable":true,"href":"https:\/\/ventilatsiooniseade.ee\/index.php?rest_route=%2Fwp%2Fv2%2Fproduct_tag&post=6542"}],"curies":[{"name":"wp","href":"https:\/\/api.w.org\/{rel}","templated":true}]}}