{"id":6528,"date":"2026-02-06T09:37:45","date_gmt":"2026-02-06T07:37:45","guid":{"rendered":"https:\/\/ventilatsiooniseade.ee\/?post_type=product&#038;p=6528"},"modified":"2026-02-06T09:37:45","modified_gmt":"2026-02-06T07:37:45","slug":"vk-125-ec-kanaliventilaator","status":"publish","type":"product","link":"https:\/\/ventilatsiooniseade.ee\/?product=vk-125-ec-kanaliventilaator","title":{"rendered":"VK 125 EC kanaliventilaator"},"content":{"rendered":"<p><a href=\"https:\/\/ventilatsiooniseade.ee\/wp-content\/uploads\/2026\/02\/Kuvatommis_6-2-2026_9367_ventilation-system.com_.jpeg\"><img loading=\"lazy\" decoding=\"async\" class=\"alignnone size-full wp-image-6529\" src=\"https:\/\/ventilatsiooniseade.ee\/wp-content\/uploads\/2026\/02\/Kuvatommis_6-2-2026_9367_ventilation-system.com_.jpeg\" alt=\"\" width=\"1014\" height=\"431\" srcset=\"https:\/\/ventilatsiooniseade.ee\/wp-content\/uploads\/2026\/02\/Kuvatommis_6-2-2026_9367_ventilation-system.com_.jpeg 1014w, https:\/\/ventilatsiooniseade.ee\/wp-content\/uploads\/2026\/02\/Kuvatommis_6-2-2026_9367_ventilation-system.com_-300x128.jpeg 300w, https:\/\/ventilatsiooniseade.ee\/wp-content\/uploads\/2026\/02\/Kuvatommis_6-2-2026_9367_ventilation-system.com_-768x326.jpeg 768w, https:\/\/ventilatsiooniseade.ee\/wp-content\/uploads\/2026\/02\/Kuvatommis_6-2-2026_9367_ventilation-system.com_-470x200.jpeg 470w\" sizes=\"auto, (max-width: 1014px) 100vw, 1014px\" \/><\/a><\/p>\n","protected":false},"excerpt":{"rendered":"<h3 data-start=\"65\" data-end=\"116\"><strong>Tsentrifugaalne kanaliventilaator plastkorpuses<\/strong><\/h3>\n<p data-start=\"118\" data-end=\"356\">Plastkorpusega tsentrifugaalne kanaliventilaator sissepuhke- ja v\u00e4ljat\u00f5mbelahendusteks. Energias\u00e4\u00e4stlik EC-mootor ja tahapoole kaardunud labadega tiivik tagavad t\u00f5husa ning usaldusv\u00e4\u00e4rse t\u00f6\u00f6. Ventilaator sobib paigaldamiseks igas asendis.<\/p>\n<p data-start=\"360\" data-end=\"386\">M\u00fcratase: <strong>42 dB(A) @ 3 m<\/strong><br \/>\n<strong>EC-mootor<\/strong><br \/>\n<strong>Tsentrifugaaltiivik<\/strong>, tahapoole kaardunud labad<br \/>\n<strong>Plastkorpus<\/strong><br \/>\nPaigaldus <strong>igas asendis<\/strong><\/p>\n<p data-start=\"360\" data-end=\"386\"><a href=\"https:\/\/ventilation-system.com\/download\/vk-ec-datasheet-1377.pdf\"><span style=\"color: #0000ff;\"><strong>Infoleht<\/strong><\/span><\/a><\/p>\n","protected":false},"featured_media":6530,"comment_status":"closed","ping_status":"closed","template":"","meta":[],"product_brand":[],"product_cat":[11,66],"product_tag":[],"class_list":{"0":"post-6528","1":"product","2":"type-product","3":"status-publish","4":"has-post-thumbnail","6":"product_cat-ventilaatorid","7":"product_cat-tsentrifugaal-ventilaatorid","9":"first","10":"instock","11":"shipping-taxable","12":"purchasable","13":"product-type-simple"},"_links":{"self":[{"href":"https:\/\/ventilatsiooniseade.ee\/index.php?rest_route=\/wp\/v2\/product\/6528","targetHints":{"allow":["GET"]}}],"collection":[{"href":"https:\/\/ventilatsiooniseade.ee\/index.php?rest_route=\/wp\/v2\/product"}],"about":[{"href":"https:\/\/ventilatsiooniseade.ee\/index.php?rest_route=\/wp\/v2\/types\/product"}],"replies":[{"embeddable":true,"href":"https:\/\/ventilatsiooniseade.ee\/index.php?rest_route=%2Fwp%2Fv2%2Fcomments&post=6528"}],"wp:featuredmedia":[{"embeddable":true,"href":"https:\/\/ventilatsiooniseade.ee\/index.php?rest_route=\/wp\/v2\/media\/6530"}],"wp:attachment":[{"href":"https:\/\/ventilatsiooniseade.ee\/index.php?rest_route=%2Fwp%2Fv2%2Fmedia&parent=6528"}],"wp:term":[{"taxonomy":"product_brand","embeddable":true,"href":"https:\/\/ventilatsiooniseade.ee\/index.php?rest_route=%2Fwp%2Fv2%2Fproduct_brand&post=6528"},{"taxonomy":"product_cat","embeddable":true,"href":"https:\/\/ventilatsiooniseade.ee\/index.php?rest_route=%2Fwp%2Fv2%2Fproduct_cat&post=6528"},{"taxonomy":"product_tag","embeddable":true,"href":"https:\/\/ventilatsiooniseade.ee\/index.php?rest_route=%2Fwp%2Fv2%2Fproduct_tag&post=6528"}],"curies":[{"name":"wp","href":"https:\/\/api.w.org\/{rel}","templated":true}]}}