{"id":6514,"date":"2026-02-04T09:31:59","date_gmt":"2026-02-04T07:31:59","guid":{"rendered":"https:\/\/ventilatsiooniseade.ee\/?post_type=product&#038;p=6514"},"modified":"2026-02-04T09:35:39","modified_gmt":"2026-02-04T07:35:39","slug":"silent-m160-kanali-ventilaator-405-555-m3-h","status":"publish","type":"product","link":"https:\/\/ventilatsiooniseade.ee\/?product=silent-m160-kanali-ventilaator-405-555-m3-h","title":{"rendered":"Silent M160 kanaliventilaator (405-555 m3 \/h)"},"content":{"rendered":"<p><a href=\"https:\/\/ventilatsiooniseade.ee\/wp-content\/uploads\/2026\/02\/Kuvatommis_4-2-2026_93420_ventilation-system.com_.jpeg\"><img loading=\"lazy\" decoding=\"async\" class=\"alignnone size-full wp-image-6515\" src=\"https:\/\/ventilatsiooniseade.ee\/wp-content\/uploads\/2026\/02\/Kuvatommis_4-2-2026_93420_ventilation-system.com_.jpeg\" alt=\"\" width=\"1011\" height=\"394\" srcset=\"https:\/\/ventilatsiooniseade.ee\/wp-content\/uploads\/2026\/02\/Kuvatommis_4-2-2026_93420_ventilation-system.com_.jpeg 1011w, https:\/\/ventilatsiooniseade.ee\/wp-content\/uploads\/2026\/02\/Kuvatommis_4-2-2026_93420_ventilation-system.com_-300x117.jpeg 300w, https:\/\/ventilatsiooniseade.ee\/wp-content\/uploads\/2026\/02\/Kuvatommis_4-2-2026_93420_ventilation-system.com_-768x299.jpeg 768w, https:\/\/ventilatsiooniseade.ee\/wp-content\/uploads\/2026\/02\/Kuvatommis_4-2-2026_93420_ventilation-system.com_-470x183.jpeg 470w\" sizes=\"auto, (max-width: 1011px) 100vw, 1011px\" \/><\/a><\/p>\n","protected":false},"excerpt":{"rendered":"<h3 data-start=\"93\" data-end=\"157\">Vaiksed mixed-flow toruventilaatorid helisummutatud korpuses<\/h3>\n<p data-start=\"159\" data-end=\"384\">Mixed-flow inline ventilaatorid on loodud t\u00f5husaks \u00f5hu liigutamiseks madala m\u00fcrataseme juures. Helisummutatud korpus tagab vaikse t\u00f6\u00f6, mist\u00f5ttu sobivad need ideaalselt nii elamu- kui ka \u00e4ripindade ventilatsioonis\u00fcsteemidesse.<\/p>\n<p data-start=\"388\" data-end=\"450\"><strong data-start=\"388\" data-end=\"405\">Helir\u00f5hutase:<\/strong> vaid 33 dB(A) m\u00f5\u00f5detuna 3 meetri kauguselt<br \/>\n<strong data-start=\"453\" data-end=\"478\">Helisummutatud korpus<\/strong> v\u00e4hendab vibratsiooni ja m\u00fcra<br \/>\n<strong data-start=\"513\" data-end=\"530\">Mootori t\u00fc\u00fcp:<\/strong> AC<br \/>\n<strong data-start=\"604\" data-end=\"625\">Korpuse materjal:<\/strong> vastupidav, kaetud teras<br \/>\n<strong data-start=\"655\" data-end=\"669\">Paigaldus:<\/strong> v\u00f5imalik igas asendis<\/p>\n<p><a href=\"https:\/\/ventilation-system.com\/download\/tt-silent-m-datasheet-1725.pdf\"><span style=\"color: #0000ff;\"><strong>Infoleht<\/strong><\/span><\/a><\/p>\n","protected":false},"featured_media":6508,"comment_status":"closed","ping_status":"closed","template":"","meta":[],"product_brand":[],"product_cat":[11,26],"product_tag":[],"class_list":{"0":"post-6514","1":"product","2":"type-product","3":"status-publish","4":"has-post-thumbnail","6":"product_cat-ventilaatorid","7":"product_cat-telgventilaatorid","9":"first","10":"instock","11":"shipping-taxable","12":"purchasable","13":"product-type-simple"},"_links":{"self":[{"href":"https:\/\/ventilatsiooniseade.ee\/index.php?rest_route=\/wp\/v2\/product\/6514","targetHints":{"allow":["GET"]}}],"collection":[{"href":"https:\/\/ventilatsiooniseade.ee\/index.php?rest_route=\/wp\/v2\/product"}],"about":[{"href":"https:\/\/ventilatsiooniseade.ee\/index.php?rest_route=\/wp\/v2\/types\/product"}],"replies":[{"embeddable":true,"href":"https:\/\/ventilatsiooniseade.ee\/index.php?rest_route=%2Fwp%2Fv2%2Fcomments&post=6514"}],"wp:featuredmedia":[{"embeddable":true,"href":"https:\/\/ventilatsiooniseade.ee\/index.php?rest_route=\/wp\/v2\/media\/6508"}],"wp:attachment":[{"href":"https:\/\/ventilatsiooniseade.ee\/index.php?rest_route=%2Fwp%2Fv2%2Fmedia&parent=6514"}],"wp:term":[{"taxonomy":"product_brand","embeddable":true,"href":"https:\/\/ventilatsiooniseade.ee\/index.php?rest_route=%2Fwp%2Fv2%2Fproduct_brand&post=6514"},{"taxonomy":"product_cat","embeddable":true,"href":"https:\/\/ventilatsiooniseade.ee\/index.php?rest_route=%2Fwp%2Fv2%2Fproduct_cat&post=6514"},{"taxonomy":"product_tag","embeddable":true,"href":"https:\/\/ventilatsiooniseade.ee\/index.php?rest_route=%2Fwp%2Fv2%2Fproduct_tag&post=6514"}],"curies":[{"name":"wp","href":"https:\/\/api.w.org\/{rel}","templated":true}]}}