{"id":6507,"date":"2026-02-03T16:27:35","date_gmt":"2026-02-03T14:27:35","guid":{"rendered":"https:\/\/ventilatsiooniseade.ee\/?post_type=product&#038;p=6507"},"modified":"2026-02-03T16:27:35","modified_gmt":"2026-02-03T14:27:35","slug":"silent-m-125-kanaliventilaator-230-340-m3-h","status":"publish","type":"product","link":"https:\/\/ventilatsiooniseade.ee\/?product=silent-m-125-kanaliventilaator-230-340-m3-h","title":{"rendered":"Silent-M 125 kanaliventilaator (230-340 m3\/h)"},"content":{"rendered":"<p data-start=\"85\" data-end=\"385\"><strong data-start=\"85\" data-end=\"101\">Silent-M 125<\/strong> on vaikne ja t\u00f5hus <strong data-start=\"121\" data-end=\"142\">kanaliventilaator<\/strong>, mis on m\u00f5eldud ventilatsioonis\u00fcsteemidele, kus on oluline nii hea \u00f5huvahetus kui ka madal m\u00fcratase. Ventilaator kasutab <strong data-start=\"264\" data-end=\"303\">mixed-flow (segavoolu) tehnoloogiat<\/strong>, mis tagab k\u00f5rge \u00f5huvoolu ja stabiilse r\u00f5hu ka pikemates ventilatsioonikanalites.<\/p>\n<p data-start=\"387\" data-end=\"642\">Seade on paigutatud <strong data-start=\"407\" data-end=\"436\">helisummutatud korpusesse<\/strong>, mis v\u00e4hendab oluliselt t\u00f6\u00f6m\u00fcra \u2013 helir\u00f5hutase on vaid <strong data-start=\"492\" data-end=\"504\">25 dB(A)<\/strong> 3 meetri kauguselt. T\u00e4nu sellele sobib Silent-M 125 suurep\u00e4raselt eluruumidesse, kontoritesse ja muudesse m\u00fcratundlikesse keskkondadesse.<\/p>\n<p data-start=\"644\" data-end=\"896\">Ventilaatori <strong data-start=\"657\" data-end=\"679\">kaetud teraskorpus<\/strong> tagab vastupidavuse ja pika kasutusea. <strong data-start=\"719\" data-end=\"732\">AC-mootor<\/strong> on t\u00f6\u00f6kindel ning sobib pidevaks kasutamiseks. Seadet saab paigaldada <strong data-start=\"803\" data-end=\"819\">igas asendis<\/strong>, mis teeb selle kasutamise paindlikuks ka keerukamates paigaldusolukordades.<\/p>\n<p>&nbsp;<\/p>\n<p><a href=\"https:\/\/ventilatsiooniseade.ee\/wp-content\/uploads\/2026\/02\/Silent-M-125-kanaliventilaatori-moodud.jpeg\"><img loading=\"lazy\" decoding=\"async\" class=\"alignnone size-large wp-image-6513\" src=\"https:\/\/ventilatsiooniseade.ee\/wp-content\/uploads\/2026\/02\/Silent-M-125-kanaliventilaatori-moodud-1024x402.jpeg\" alt=\"\" width=\"1024\" height=\"402\" srcset=\"https:\/\/ventilatsiooniseade.ee\/wp-content\/uploads\/2026\/02\/Silent-M-125-kanaliventilaatori-moodud-1024x402.jpeg 1024w, https:\/\/ventilatsiooniseade.ee\/wp-content\/uploads\/2026\/02\/Silent-M-125-kanaliventilaatori-moodud-300x118.jpeg 300w, https:\/\/ventilatsiooniseade.ee\/wp-content\/uploads\/2026\/02\/Silent-M-125-kanaliventilaatori-moodud-768x302.jpeg 768w, https:\/\/ventilatsiooniseade.ee\/wp-content\/uploads\/2026\/02\/Silent-M-125-kanaliventilaatori-moodud-470x185.jpeg 470w, https:\/\/ventilatsiooniseade.ee\/wp-content\/uploads\/2026\/02\/Silent-M-125-kanaliventilaatori-moodud.jpeg 1057w\" sizes=\"auto, (max-width: 1024px) 100vw, 1024px\" \/><\/a><\/p>\n","protected":false},"excerpt":{"rendered":"<p data-start=\"644\" data-end=\"896\">\n<p data-start=\"898\" data-end=\"919\"><strong data-start=\"898\" data-end=\"919\">Peamised eelised:<\/strong><\/p>\n<p data-start=\"922\" data-end=\"952\">V\u00e4ga madal m\u00fcratase \u2013 25 dB(A)<br \/>\nHelisummutatud korpus<br \/>\nEfektiivne mixed-flow tiivik<br \/>\nVastupidav kaetud teraskorpus<br \/>\nPaigaldatav igas asendis<br \/>\nSobib nii elu- kui \u00e4ripindadele<\/p>\n<p><span style=\"color: #0000ff;\"><a style=\"color: #0000ff;\" href=\"https:\/\/ventilation-system.com\/download\/tt-silent-m-datasheet-1725.pdf\"><strong>Infoleht<\/strong><\/a><\/span><\/p>\n","protected":false},"featured_media":6508,"comment_status":"closed","ping_status":"closed","template":"","meta":[],"product_brand":[],"product_cat":[11,26],"product_tag":[],"class_list":{"0":"post-6507","1":"product","2":"type-product","3":"status-publish","4":"has-post-thumbnail","6":"product_cat-ventilaatorid","7":"product_cat-telgventilaatorid","9":"first","10":"instock","11":"shipping-taxable","12":"purchasable","13":"product-type-simple"},"_links":{"self":[{"href":"https:\/\/ventilatsiooniseade.ee\/index.php?rest_route=\/wp\/v2\/product\/6507","targetHints":{"allow":["GET"]}}],"collection":[{"href":"https:\/\/ventilatsiooniseade.ee\/index.php?rest_route=\/wp\/v2\/product"}],"about":[{"href":"https:\/\/ventilatsiooniseade.ee\/index.php?rest_route=\/wp\/v2\/types\/product"}],"replies":[{"embeddable":true,"href":"https:\/\/ventilatsiooniseade.ee\/index.php?rest_route=%2Fwp%2Fv2%2Fcomments&post=6507"}],"wp:featuredmedia":[{"embeddable":true,"href":"https:\/\/ventilatsiooniseade.ee\/index.php?rest_route=\/wp\/v2\/media\/6508"}],"wp:attachment":[{"href":"https:\/\/ventilatsiooniseade.ee\/index.php?rest_route=%2Fwp%2Fv2%2Fmedia&parent=6507"}],"wp:term":[{"taxonomy":"product_brand","embeddable":true,"href":"https:\/\/ventilatsiooniseade.ee\/index.php?rest_route=%2Fwp%2Fv2%2Fproduct_brand&post=6507"},{"taxonomy":"product_cat","embeddable":true,"href":"https:\/\/ventilatsiooniseade.ee\/index.php?rest_route=%2Fwp%2Fv2%2Fproduct_cat&post=6507"},{"taxonomy":"product_tag","embeddable":true,"href":"https:\/\/ventilatsiooniseade.ee\/index.php?rest_route=%2Fwp%2Fv2%2Fproduct_tag&post=6507"}],"curies":[{"name":"wp","href":"https:\/\/api.w.org\/{rel}","templated":true}]}}