{"id":6420,"date":"2026-01-22T10:58:12","date_gmt":"2026-01-22T08:58:12","guid":{"rendered":"https:\/\/ventilatsiooniseade.ee\/?post_type=product&#038;p=6420"},"modified":"2026-01-22T10:58:12","modified_gmt":"2026-01-22T08:58:12","slug":"mille-wifi-juhtpaneel","status":"publish","type":"product","link":"https:\/\/ventilatsiooniseade.ee\/?product=mille-wifi-juhtpaneel","title":{"rendered":"Mille WiFi-juhtpaneel"},"content":{"rendered":"<p><a href=\"https:\/\/ventilatsiooniseade.ee\/wp-content\/uploads\/2024\/05\/Kuvat\u00f5mmis_31-5-2024_143224_.jpeg\"><img loading=\"lazy\" decoding=\"async\" class=\"alignnone size-large wp-image-5961\" src=\"https:\/\/ventilatsiooniseade.ee\/wp-content\/uploads\/2024\/05\/Kuvat\u00f5mmis_31-5-2024_143224_-619x1024.jpeg\" alt=\"\" width=\"619\" height=\"1024\" srcset=\"https:\/\/ventilatsiooniseade.ee\/wp-content\/uploads\/2024\/05\/Kuvat\u00f5mmis_31-5-2024_143224_-619x1024.jpeg 619w, https:\/\/ventilatsiooniseade.ee\/wp-content\/uploads\/2024\/05\/Kuvat\u00f5mmis_31-5-2024_143224_-470x778.jpeg 470w, https:\/\/ventilatsiooniseade.ee\/wp-content\/uploads\/2024\/05\/Kuvat\u00f5mmis_31-5-2024_143224_-181x300.jpeg 181w, https:\/\/ventilatsiooniseade.ee\/wp-content\/uploads\/2024\/05\/Kuvat\u00f5mmis_31-5-2024_143224_-65x107.jpeg 65w, https:\/\/ventilatsiooniseade.ee\/wp-content\/uploads\/2024\/05\/Kuvat\u00f5mmis_31-5-2024_143224_-363x600.jpeg 363w, https:\/\/ventilatsiooniseade.ee\/wp-content\/uploads\/2024\/05\/Kuvat\u00f5mmis_31-5-2024_143224_.jpeg 686w\" sizes=\"auto, (max-width: 619px) 100vw, 619px\" \/><\/a><\/p>\n","protected":false},"excerpt":{"rendered":"<h2 data-start=\"80\" data-end=\"159\">Nutikas ja juhtmevaba juhtpaneel Airfi ventilatsiooniseadmetele<\/h2>\n<p data-start=\"161\" data-end=\"526\"><strong data-start=\"161\" data-end=\"175\">Mille WIFI<\/strong> on kaasaegne ja lihtsalt kasutatav <strong data-start=\"211\" data-end=\"251\">juhtmevaba puuteekraaniga juhtpaneel<\/strong>, mis v\u00f5imaldab Airfi \u00f5huk\u00e4itlusseadet mugavalt juhtida k\u00f5ikjalt kodust. T\u00e4nu WiFi-\u00fchendusele ja interneti\u00fchendusega seadmele kuvatakse ekraanil <strong data-start=\"396\" data-end=\"420\">reaalajas ilmaandmed<\/strong>, seadme olek ning muud kasulikud teated, mis muudavad ventilatsiooni juhtimise lihtsaks ja intuitiivseks.<\/p>\n<p data-start=\"528\" data-end=\"565\"><strong>Funktsioonid (standardvarustuses)<\/strong><br \/>\nVentilaatori kiiruste valik<br \/>\nKaminare\u017eiim<br \/>\nToite taimer<br \/>\nSauna taimer<br \/>\nKodu \/ v\u00e4ljas re\u017eiim<br \/>\nKellaaeg, kuup\u00e4ev ja n\u00e4dalakell<\/p>\n<p><strong>Tehnilised andmed<\/strong><br \/>\n<strong data-start=\"735\" data-end=\"746\">Korpus:<\/strong> alumiinium<br \/>\n<strong data-start=\"762\" data-end=\"773\">Ekraan:<\/strong> 8\u2033 IPS HD puuteekraan<br \/>\n<strong data-start=\"800\" data-end=\"809\">M\u00e4lu:<\/strong> 2 GB RAM<br \/>\n<strong data-start=\"823\" data-end=\"837\">Salvestus:<\/strong> 16 GB Flash<br \/>\n<strong data-start=\"854\" data-end=\"878\">Operatsioonis\u00fcsteem:<\/strong> Android 7.0<br \/>\n<strong data-start=\"895\" data-end=\"903\">Aku:<\/strong> 4800 mAh<\/p>\n<p><a href=\"https:\/\/airfi.fi\/app\/uploads\/2025\/09\/60801397-mille-wire-wifi-huolto-ohje-en.pdf\"><strong>Kasutusjuhend<\/strong><\/a><\/p>\n","protected":false},"featured_media":6421,"comment_status":"closed","ping_status":"closed","template":"","meta":[],"product_brand":[],"product_cat":[159,133,135],"product_tag":[],"class_list":{"0":"post-6420","1":"product","2":"type-product","3":"status-publish","4":"has-post-thumbnail","6":"product_cat-airfi","7":"product_cat-automaatika","8":"product_cat-regulaatorid","10":"first","11":"instock","12":"shipping-taxable","13":"product-type-simple"},"_links":{"self":[{"href":"https:\/\/ventilatsiooniseade.ee\/index.php?rest_route=\/wp\/v2\/product\/6420","targetHints":{"allow":["GET"]}}],"collection":[{"href":"https:\/\/ventilatsiooniseade.ee\/index.php?rest_route=\/wp\/v2\/product"}],"about":[{"href":"https:\/\/ventilatsiooniseade.ee\/index.php?rest_route=\/wp\/v2\/types\/product"}],"replies":[{"embeddable":true,"href":"https:\/\/ventilatsiooniseade.ee\/index.php?rest_route=%2Fwp%2Fv2%2Fcomments&post=6420"}],"wp:featuredmedia":[{"embeddable":true,"href":"https:\/\/ventilatsiooniseade.ee\/index.php?rest_route=\/wp\/v2\/media\/6421"}],"wp:attachment":[{"href":"https:\/\/ventilatsiooniseade.ee\/index.php?rest_route=%2Fwp%2Fv2%2Fmedia&parent=6420"}],"wp:term":[{"taxonomy":"product_brand","embeddable":true,"href":"https:\/\/ventilatsiooniseade.ee\/index.php?rest_route=%2Fwp%2Fv2%2Fproduct_brand&post=6420"},{"taxonomy":"product_cat","embeddable":true,"href":"https:\/\/ventilatsiooniseade.ee\/index.php?rest_route=%2Fwp%2Fv2%2Fproduct_cat&post=6420"},{"taxonomy":"product_tag","embeddable":true,"href":"https:\/\/ventilatsiooniseade.ee\/index.php?rest_route=%2Fwp%2Fv2%2Fproduct_tag&post=6420"}],"curies":[{"name":"wp","href":"https:\/\/api.w.org\/{rel}","templated":true}]}}