{"id":6413,"date":"2026-01-22T09:51:23","date_gmt":"2026-01-22T07:51:23","guid":{"rendered":"https:\/\/ventilatsiooniseade.ee\/?post_type=product&#038;p=6413"},"modified":"2026-04-22T16:59:24","modified_gmt":"2026-04-22T13:59:24","slug":"airfi-mudel-250-entalpia","status":"publish","type":"product","link":"https:\/\/ventilatsiooniseade.ee\/?product=airfi-mudel-250-entalpia","title":{"rendered":"Airfi mudel 250 ENTALPIA"},"content":{"rendered":"<p><a href=\"https:\/\/ventilatsiooniseade.ee\/wp-content\/uploads\/2026\/01\/Airfi-250-tootinfo.jpeg\"><img loading=\"lazy\" decoding=\"async\" class=\"alignnone size-full wp-image-6398\" src=\"https:\/\/ventilatsiooniseade.ee\/wp-content\/uploads\/2026\/01\/Airfi-250-tootinfo.jpeg\" alt=\"\" width=\"689\" height=\"773\" srcset=\"https:\/\/ventilatsiooniseade.ee\/wp-content\/uploads\/2026\/01\/Airfi-250-tootinfo.jpeg 689w, https:\/\/ventilatsiooniseade.ee\/wp-content\/uploads\/2026\/01\/Airfi-250-tootinfo-267x300.jpeg 267w, https:\/\/ventilatsiooniseade.ee\/wp-content\/uploads\/2026\/01\/Airfi-250-tootinfo-470x527.jpeg 470w\" sizes=\"auto, (max-width: 689px) 100vw, 689px\" \/><\/a><\/p>\n","protected":false},"excerpt":{"rendered":"<p data-start=\"168\" data-end=\"535\"><strong data-start=\"168\" data-end=\"187\">Airfi Model 250<\/strong> tagab v\u00e4rske ja tervisliku sise\u00f5hu ka suuremates eluruumides ning on loodud spetsiaalselt <strong data-start=\"278\" data-end=\"317\">P\u00f5hjamaade karmide kliimatingimuste<\/strong> jaoks. Seade on varustatud t\u00f5husa niiskuse eemaldamise s\u00fcsteemiga ning <strong data-start=\"389\" data-end=\"451\">uuendusliku Airfi Frost Pro System (AFPS) k\u00fclmumiskaitsega<\/strong>, mis tagab t\u00f6\u00f6kindluse, energiat\u00f5hususe ja soojustagastuse ka tugeva pakase korral.<\/p>\n<p data-start=\"537\" data-end=\"710\">Airfi Model 250 on saadaval <strong data-start=\"565\" data-end=\"609\">elektri- v\u00f5i veesoojendusega versioonina<\/strong> ning tarnitakse koos <strong data-start=\"631\" data-end=\"670\">reguleeritava ja kinnitatud alusega<\/strong>, mis lihtsustab paigaldust ja hooldust.<\/p>\n<h3 data-start=\"974\" data-end=\"999\"><strong data-start=\"978\" data-end=\"999\">Tehnilised andmed:<\/strong><\/h3>\n<p data-start=\"1061\" data-end=\"1108\"><strong data-start=\"1061\" data-end=\"1094\">Maksimaalne teenindatav pind:<\/strong> kuni 450 m\u00b2<br \/>\n<strong data-start=\"1111\" data-end=\"1134\">Sissepuhke\u00f5hu maht:<br \/>\n<\/strong>elekter: 248 dm\u00b3\/s<br \/>\nvesi: 243 dm\u00b3\/s<br \/>\n<strong data-start=\"1186\" data-end=\"1209\">V\u00e4ljat\u00f5mbe\u00f5hu maht:<\/strong> 265 dm\u00b3\/s (elekter ja vesi)<br \/>\n<strong data-start=\"1242\" data-end=\"1259\">Energiaklass:<\/strong> A+<\/p>\n<p><a href=\"https:\/\/ventilatsiooniseade.ee\/wp-content\/uploads\/2024\/05\/Kataloog.pdf\"><span style=\"color: #0000ff;\"><strong>Airfi kataloog<\/strong><\/span><\/a><\/p>\n","protected":false},"featured_media":6397,"comment_status":"closed","ping_status":"closed","template":"","meta":[],"product_brand":[],"product_cat":[13,159],"product_tag":[],"class_list":{"0":"post-6413","1":"product","2":"type-product","3":"status-publish","4":"has-post-thumbnail","6":"product_cat-ventilatsiooniseadmed","7":"product_cat-airfi","9":"first","10":"instock","11":"shipping-taxable","12":"product-type-simple"},"_links":{"self":[{"href":"https:\/\/ventilatsiooniseade.ee\/index.php?rest_route=\/wp\/v2\/product\/6413","targetHints":{"allow":["GET"]}}],"collection":[{"href":"https:\/\/ventilatsiooniseade.ee\/index.php?rest_route=\/wp\/v2\/product"}],"about":[{"href":"https:\/\/ventilatsiooniseade.ee\/index.php?rest_route=\/wp\/v2\/types\/product"}],"replies":[{"embeddable":true,"href":"https:\/\/ventilatsiooniseade.ee\/index.php?rest_route=%2Fwp%2Fv2%2Fcomments&post=6413"}],"wp:featuredmedia":[{"embeddable":true,"href":"https:\/\/ventilatsiooniseade.ee\/index.php?rest_route=\/wp\/v2\/media\/6397"}],"wp:attachment":[{"href":"https:\/\/ventilatsiooniseade.ee\/index.php?rest_route=%2Fwp%2Fv2%2Fmedia&parent=6413"}],"wp:term":[{"taxonomy":"product_brand","embeddable":true,"href":"https:\/\/ventilatsiooniseade.ee\/index.php?rest_route=%2Fwp%2Fv2%2Fproduct_brand&post=6413"},{"taxonomy":"product_cat","embeddable":true,"href":"https:\/\/ventilatsiooniseade.ee\/index.php?rest_route=%2Fwp%2Fv2%2Fproduct_cat&post=6413"},{"taxonomy":"product_tag","embeddable":true,"href":"https:\/\/ventilatsiooniseade.ee\/index.php?rest_route=%2Fwp%2Fv2%2Fproduct_tag&post=6413"}],"curies":[{"name":"wp","href":"https:\/\/api.w.org\/{rel}","templated":true}]}}