{"id":6234,"date":"2025-05-30T09:37:35","date_gmt":"2025-05-30T06:37:35","guid":{"rendered":"http:\/\/ventilatsiooniseade.ee\/?post_type=product&#038;p=6234"},"modified":"2025-05-30T14:56:51","modified_gmt":"2025-05-30T11:56:51","slug":"vents-enave-180-p-a21","status":"publish","type":"product","link":"https:\/\/ventilatsiooniseade.ee\/?product=vents-enave-180-p-a21","title":{"rendered":"Enave 180 P A21"},"content":{"rendered":"<table>\n<thead>\n<tr>\n<th>M\u00f5\u00f5t\u00fchik<\/th>\n<th>N\u00e4itaja<\/th>\n<\/tr>\n<\/thead>\n<tbody>\n<tr>\n<td>\u00dchendatava \u00f5hukanali l\u00e4bim\u00f5\u00f5t<\/td>\n<td>160 mm<\/td>\n<\/tr>\n<tr>\n<td>Faasid<\/td>\n<td>1<\/td>\n<\/tr>\n<tr>\n<td>Minimaalne toitepinge<\/td>\n<td>230 V<\/td>\n<\/tr>\n<tr>\n<td>Maksimaalne toitepinge<\/td>\n<td>230 V<\/td>\n<\/tr>\n<tr>\n<td>Toitesagedus<\/td>\n<td>50\/60 Hz<\/td>\n<\/tr>\n<tr>\n<td>Nimiv\u00f5imsus<\/td>\n<td>53 W<\/td>\n<\/tr>\n<tr>\n<td>T\u00f6\u00f6vool<\/td>\n<td>0.49 A<\/td>\n<\/tr>\n<tr>\n<td>Maksimaalne \u00f5huvool<\/td>\n<td>181 m\u00b3\/h<\/td>\n<\/tr>\n<tr>\n<td>Helir\u00f5hutase 3 m kaugusel<\/td>\n<td>29 dB(A)<\/td>\n<\/tr>\n<tr>\n<td>Maksimaalne soojustagastuse efektiivsus<\/td>\n<td>91 %<\/td>\n<\/tr>\n<tr>\n<td>Soojusvaheti t\u00fc\u00fcp<\/td>\n<td>Vastuvoolu (Counter flow)<\/td>\n<\/tr>\n<tr>\n<td>Soojusvaheti materjal<\/td>\n<td>Pol\u00fcst\u00fcreen<\/td>\n<\/tr>\n<tr>\n<td>Kaal<\/td>\n<td>12 kg<\/td>\n<\/tr>\n<tr>\n<td>V\u00e4ljat\u00f5mbe\u00f5hu filter<\/td>\n<td>J\u00e4me &gt; 60 % (G4)<\/td>\n<\/tr>\n<tr>\n<td>Siseneva \u00f5hu filter<\/td>\n<td>J\u00e4me &gt; 60 % (G4) (valikuline ePM1 60 % (F7))<\/td>\n<\/tr>\n<tr>\n<td>Maksimaalne transporditava \u00f5hu temperatuur<\/td>\n<td>45 \u00b0C<\/td>\n<\/tr>\n<tr>\n<td>Minimaalne \u00fcmbritseva \u00f5hu temperatuur<\/td>\n<td>1 \u00b0C<\/td>\n<\/tr>\n<tr>\n<td>Maksimaalne \u00fcmbritseva \u00f5hu temperatuur<\/td>\n<td>40 \u00b0C<\/td>\n<\/tr>\n<tr>\n<td>Maksimaalne \u00fcmbritseva \u00f5hu niiskus<\/td>\n<td>60 %<\/td>\n<\/tr>\n<tr>\n<td>Korpuse kaitseklass<\/td>\n<td>IP22<\/td>\n<\/tr>\n<tr>\n<td>Seadme draivi kaitseklass<\/td>\n<td>IP44<\/td>\n<\/tr>\n<\/tbody>\n<\/table>\n<p><a href=\"https:\/\/ventilatsiooniseade.ee\/wp-content\/uploads\/2025\/05\/Enave-180-P-A21-m\u00f5\u00f5dud.jpeg\"><img loading=\"lazy\" decoding=\"async\" class=\"alignleft size-large wp-image-6240\" src=\"https:\/\/ventilatsiooniseade.ee\/wp-content\/uploads\/2025\/05\/Enave-180-P-A21-m\u00f5\u00f5dud-1024x368.jpeg\" alt=\"Enave 180 P A21 m\u00f5\u00f5dud\" width=\"1024\" height=\"368\" srcset=\"https:\/\/ventilatsiooniseade.ee\/wp-content\/uploads\/2025\/05\/Enave-180-P-A21-m\u00f5\u00f5dud-1024x368.jpeg 1024w, https:\/\/ventilatsiooniseade.ee\/wp-content\/uploads\/2025\/05\/Enave-180-P-A21-m\u00f5\u00f5dud-470x169.jpeg 470w, https:\/\/ventilatsiooniseade.ee\/wp-content\/uploads\/2025\/05\/Enave-180-P-A21-m\u00f5\u00f5dud-300x108.jpeg 300w, https:\/\/ventilatsiooniseade.ee\/wp-content\/uploads\/2025\/05\/Enave-180-P-A21-m\u00f5\u00f5dud-768x276.jpeg 768w, https:\/\/ventilatsiooniseade.ee\/wp-content\/uploads\/2025\/05\/Enave-180-P-A21-m\u00f5\u00f5dud-80x29.jpeg 80w, https:\/\/ventilatsiooniseade.ee\/wp-content\/uploads\/2025\/05\/Enave-180-P-A21-m\u00f5\u00f5dud.jpeg 1213w\" sizes=\"auto, (max-width: 1024px) 100vw, 1024px\" \/><\/a><\/p>\n<p><span style=\"color: #0000ff;\"><a style=\"color: #0000ff;\" href=\"https:\/\/ventilation-system.com\/download\/enave-p-manual-10892.pdf\"><strong>Kasutusjuhend<\/strong><\/a><\/span><\/p>\n","protected":false},"excerpt":{"rendered":"<p>Energiat\u00f5hus ja vaikne ventilatsioon t\u00e4nu vastuvoolu t\u00fc\u00fcpi soojusvahetile ning kaasaegsele juhtimiss\u00fcsteemile. Seade sobib suurep\u00e4raselt nii elamutesse kui ka v\u00e4iksematele \u00e4ripindadele.<\/p>\n<p><img loading=\"lazy\" decoding=\"async\" class=\"\" src=\"https:\/\/ventilation-system.com\/upload\/svg\/0528497001677652493.svg\" alt=\"\" width=\"67\" height=\"67\" \/>\u00a0<img loading=\"lazy\" decoding=\"async\" class=\"\" src=\"https:\/\/ventilation-system.com\/upload\/svg\/0197842001677653286.svg\" alt=\"\" width=\"62\" height=\"62\" \/><br \/>\n<strong>Soojusvaheti t\u00fc\u00fcp:<\/strong> Vastuvoolu (pol\u00fcst\u00fcreen v\u00f5i entalpia)<br \/>\n<strong>M\u00fcratase:<\/strong> 29 dB(A) (m\u00f5\u00f5detud 3 m kaugusel)<br \/>\n<strong>Filtrid:<br \/>\nV\u00e4ljat\u00f5mbe\u00f5hk:<\/strong> (G4)<br \/>\n<strong>Sisenev \u00f5hk:<\/strong> (G4)<br \/>\n(valikuline peenfilter: F7)<br \/>\n<strong>Korpus:<\/strong> Heliisolatsiooniga EPP-materjalist<br \/>\n<strong>Mootor:<\/strong> Energiat\u00f5hus EC-t\u00fc\u00fcpi<br \/>\n<strong>Bypass:<\/strong> Automaatne suvine m\u00f6\u00f6daviik<br \/>\n<strong>Eelsoojendi \/ j\u00e4relsoojendi:<\/strong> Valikuline<br \/>\n<strong>Juhtimine: Nutitelefoni rakendusega<\/strong><\/p>\n<p><strong>T\u00e4iendavad valikud:<\/strong><br \/>\nNiiskusandur<br \/>\nCO\u2082 andur<br \/>\nVOC andur<br \/>\nPM2.5 peenosakeste andur<\/p>\n<p><a href=\"https:\/\/ventilation-system.com\/download\/enave-p-datasheet-5370.pdf\"><span style=\"color: #0000ff;\"><strong>Infoleht<\/strong><\/span><\/a><\/p>\n","protected":false},"featured_media":6236,"comment_status":"closed","ping_status":"closed","template":"","meta":[],"product_brand":[],"product_cat":[13,164,41],"product_tag":[],"class_list":{"0":"post-6234","1":"product","2":"type-product","3":"status-publish","4":"has-post-thumbnail","6":"product_cat-ventilatsiooniseadmed","7":"product_cat-vents","8":"product_cat-riputatavad-seadmed","10":"first","11":"instock","12":"shipping-taxable","13":"purchasable","14":"product-type-simple"},"_links":{"self":[{"href":"https:\/\/ventilatsiooniseade.ee\/index.php?rest_route=\/wp\/v2\/product\/6234","targetHints":{"allow":["GET"]}}],"collection":[{"href":"https:\/\/ventilatsiooniseade.ee\/index.php?rest_route=\/wp\/v2\/product"}],"about":[{"href":"https:\/\/ventilatsiooniseade.ee\/index.php?rest_route=\/wp\/v2\/types\/product"}],"replies":[{"embeddable":true,"href":"https:\/\/ventilatsiooniseade.ee\/index.php?rest_route=%2Fwp%2Fv2%2Fcomments&post=6234"}],"wp:featuredmedia":[{"embeddable":true,"href":"https:\/\/ventilatsiooniseade.ee\/index.php?rest_route=\/wp\/v2\/media\/6236"}],"wp:attachment":[{"href":"https:\/\/ventilatsiooniseade.ee\/index.php?rest_route=%2Fwp%2Fv2%2Fmedia&parent=6234"}],"wp:term":[{"taxonomy":"product_brand","embeddable":true,"href":"https:\/\/ventilatsiooniseade.ee\/index.php?rest_route=%2Fwp%2Fv2%2Fproduct_brand&post=6234"},{"taxonomy":"product_cat","embeddable":true,"href":"https:\/\/ventilatsiooniseade.ee\/index.php?rest_route=%2Fwp%2Fv2%2Fproduct_cat&post=6234"},{"taxonomy":"product_tag","embeddable":true,"href":"https:\/\/ventilatsiooniseade.ee\/index.php?rest_route=%2Fwp%2Fv2%2Fproduct_tag&post=6234"}],"curies":[{"name":"wp","href":"https:\/\/api.w.org\/{rel}","templated":true}]}}