{"id":6126,"date":"2026-01-21T09:17:09","date_gmt":"2026-01-21T07:17:09","guid":{"rendered":"http:\/\/ventilatsiooniseade.ee\/?post_type=product&#038;p=6126&#038;lang=ru"},"modified":"2026-01-21T15:42:42","modified_gmt":"2026-01-21T13:42:42","slug":"airfi-model-53-mini","status":"publish","type":"product","link":"https:\/\/ventilatsiooniseade.ee\/?product=airfi-model-53-mini","title":{"rendered":"Airfi mudel 53 Mini"},"content":{"rendered":"<table width=\"888\">\n<tbody>\n<tr>\n<td width=\"231\">Tehnilised andmed:<\/td>\n<td width=\"219\"><\/td>\n<\/tr>\n<tr>\n<td><\/td>\n<td>Model 53 mini<\/td>\n<\/tr>\n<tr>\n<td>M\u00f5\u00f5tmed (laius x k\u00f5rgus x s\u00fcgavus)<\/td>\n<td>598 x 665 x 320<\/td>\n<\/tr>\n<tr>\n<td>Kaal<\/td>\n<td>41 kg<\/td>\n<\/tr>\n<tr>\n<td>Kanalite v\u00e4ljumisavad<\/td>\n<td>4 x 125<\/td>\n<\/tr>\n<tr>\n<td>K\u00f6\u00f6gi m\u00f6\u00f6daviik<\/td>\n<td>P\u00f5hivarustus<\/td>\n<\/tr>\n<tr>\n<td>Kondensaadi seadmestik<\/td>\n<td>Keskel, 66 mm tagumisest servast<\/td>\n<\/tr>\n<tr>\n<td>Kondenatsioonivee alus<\/td>\n<td>Kalde all<\/td>\n<\/tr>\n<tr>\n<td width=\"231\">Maksimaalne v\u00e4ljat\u00f5mbe\u00f5hu vooluhulk (100 Pa)<\/td>\n<td>\u00a0&gt; 306 m3\/h (85 dm3\/s)<\/td>\n<\/tr>\n<tr>\n<td width=\"231\">Maksimaalne sissepuhke\u00f5hu vooluhulk (100 Pa)<\/td>\n<td>&gt; 288 m3\/h (80 dm3\/s)<\/td>\n<\/tr>\n<tr>\n<td>Energiatarve (SEC) k\u00fclmas kliimas<\/td>\n<td>A+<\/td>\n<\/tr>\n<tr>\n<td>Energiatarve (SEC) keskmises kliimas<\/td>\n<td>A<\/td>\n<\/tr>\n<tr>\n<td width=\"231\">V\u00e4ljat\u00f5mbe\u00f5hu soojustagastuse aastane kasutegur<\/td>\n<td width=\"219\">A+\/A (k\u00f6\u00f6gi m\u00f6\u00f6daviigu kasutamisel)<\/td>\n<\/tr>\n<tr>\n<td width=\"231\">Ventilatsiooniseadme spetsiifiline elektriv\u00f5imsuse klass \u00f5hu nimivooluhulga juures<\/td>\n<td>A<\/td>\n<\/tr>\n<tr>\n<td width=\"231\">Elektriline<\/td>\n<td width=\"219\">230 V, 50 Hz, 10 A, max. 1165 W: Pistik<\/td>\n<\/tr>\n<tr>\n<td width=\"231\">Maksimaalne soovituslik p\u00f5randapind m\u00b2<\/td>\n<td>160 m\u00b2<\/td>\n<\/tr>\n<\/tbody>\n<\/table>\n","protected":false},"excerpt":{"rendered":"<p>Airfi ventilatsiooniseadmed tagavad v\u00e4rske ja tervisliku sise\u00f5hu. Airfi uued ventilatsiooniseadmed on kavandatud vastama P\u00f5hjamaade n\u00f5udlikele tingimustele. Airfi tootevalikust leiate sobiva seadme nii \u00fchepereelamute, ridaelamute, korterelamute, avalike asutuste kui ka kontorite jaoks. Airfi seadmetel on t\u00f5hustatud \u00f5hukuivatuse funktsioon, mis toimib l\u00e4bi seadme alumise osa ning tagab t\u00f5husa ja energias\u00e4\u00e4stliku t\u00f6\u00f6 ka k\u00fclmade perioodide ajal.<\/p>\n<p><span class=\"jCAhz ChMk0b\"><span class=\"ryNqvb\">Mudel 53 Mini on v\u00e4lja t\u00f6\u00f6tatud klientide tagasiside p\u00f5hjal.<\/span><\/span> <span class=\"jCAhz ChMk0b\"><span class=\"ryNqvb\">Mudel 53 Mini s\u00e4\u00e4stab ruumi s\u00fcgavuti, kuna selle m\u00f5\u00f5tmed on vaid 320 mm s\u00fcgav, 665 mm k\u00f5rge ja 598 mm lai.<\/span><\/span><\/p>\n<p><a href=\"https:\/\/airfi.fi\/app\/uploads\/2025\/03\/60801258c1_mini53-en-web.pdf\"><span style=\"color: #0000ff;\"><strong>Seadme infoleht<\/strong><\/span><\/a><\/p>\n","protected":false},"featured_media":6157,"comment_status":"closed","ping_status":"closed","template":"","meta":[],"product_brand":[],"product_cat":[121,13,159,17,41,40],"product_tag":[],"class_list":{"0":"post-6126","1":"product","2":"type-product","3":"status-publish","4":"has-post-thumbnail","6":"product_cat-top-tooted","7":"product_cat-ventilatsiooniseadmed","8":"product_cat-airfi","9":"product_cat-soojustagastusega-ventilatsiooniseadmed","10":"product_cat-riputatavad-seadmed","11":"product_cat-porandakinnitusega-seadmed","13":"first","14":"instock","15":"shipping-taxable","16":"product-type-simple"},"_links":{"self":[{"href":"https:\/\/ventilatsiooniseade.ee\/index.php?rest_route=\/wp\/v2\/product\/6126","targetHints":{"allow":["GET"]}}],"collection":[{"href":"https:\/\/ventilatsiooniseade.ee\/index.php?rest_route=\/wp\/v2\/product"}],"about":[{"href":"https:\/\/ventilatsiooniseade.ee\/index.php?rest_route=\/wp\/v2\/types\/product"}],"replies":[{"embeddable":true,"href":"https:\/\/ventilatsiooniseade.ee\/index.php?rest_route=%2Fwp%2Fv2%2Fcomments&post=6126"}],"wp:featuredmedia":[{"embeddable":true,"href":"https:\/\/ventilatsiooniseade.ee\/index.php?rest_route=\/wp\/v2\/media\/6157"}],"wp:attachment":[{"href":"https:\/\/ventilatsiooniseade.ee\/index.php?rest_route=%2Fwp%2Fv2%2Fmedia&parent=6126"}],"wp:term":[{"taxonomy":"product_brand","embeddable":true,"href":"https:\/\/ventilatsiooniseade.ee\/index.php?rest_route=%2Fwp%2Fv2%2Fproduct_brand&post=6126"},{"taxonomy":"product_cat","embeddable":true,"href":"https:\/\/ventilatsiooniseade.ee\/index.php?rest_route=%2Fwp%2Fv2%2Fproduct_cat&post=6126"},{"taxonomy":"product_tag","embeddable":true,"href":"https:\/\/ventilatsiooniseade.ee\/index.php?rest_route=%2Fwp%2Fv2%2Fproduct_tag&post=6126"}],"curies":[{"name":"wp","href":"https:\/\/api.w.org\/{rel}","templated":true}]}}