{"id":6031,"date":"2025-05-30T09:00:18","date_gmt":"2025-05-30T06:00:18","guid":{"rendered":"http:\/\/ventilatsiooniseade.ee\/?post_type=product&#038;p=6031"},"modified":"2025-05-30T14:58:40","modified_gmt":"2025-05-30T11:58:40","slug":"enave-180-p-a14","status":"publish","type":"product","link":"https:\/\/ventilatsiooniseade.ee\/?product=enave-180-p-a14","title":{"rendered":"Enave-T 180 P A14"},"content":{"rendered":"<table>\n<thead>\n<tr>\n<th>N\u00e4itaja<\/th>\n<th>M\u00f5\u00f5t\u00fchik<\/th>\n<th>V\u00e4\u00e4rtus<\/th>\n<\/tr>\n<\/thead>\n<tbody>\n<tr>\n<td>\u00dchendatava \u00f5hukanali l\u00e4bim\u00f5\u00f5t<\/td>\n<td>mm<\/td>\n<td>160<\/td>\n<\/tr>\n<tr>\n<td>Faasid<\/td>\n<td>&#8211;<\/td>\n<td>1<\/td>\n<\/tr>\n<tr>\n<td>Minimaalne toitepinge<\/td>\n<td>V<\/td>\n<td>230<\/td>\n<\/tr>\n<tr>\n<td>Maksimaalne toitepinge<\/td>\n<td>V<\/td>\n<td>230<\/td>\n<\/tr>\n<tr>\n<td>Toitesagedus<\/td>\n<td>Hz<\/td>\n<td>50\/60<\/td>\n<\/tr>\n<tr>\n<td>Nimiv\u00f5imsus<\/td>\n<td>W<\/td>\n<td>53<\/td>\n<\/tr>\n<tr>\n<td>T\u00f6\u00f6vool<\/td>\n<td>A<\/td>\n<td>0.49<\/td>\n<\/tr>\n<tr>\n<td>Maksimaalne \u00f5huvool<\/td>\n<td>m\u00b3\/h<\/td>\n<td>181<\/td>\n<\/tr>\n<tr>\n<td>Helir\u00f5hutase 3 m kaugusel<\/td>\n<td>dB(A)<\/td>\n<td>29<\/td>\n<\/tr>\n<tr>\n<td>Maksimaalne soojustagastuse efektiivsus<\/td>\n<td>%<\/td>\n<td>84<\/td>\n<\/tr>\n<tr>\n<td>Soojusvaheti t\u00fc\u00fcp<\/td>\n<td>&#8211;<\/td>\n<td>Vastuvool (Counter flow)<\/td>\n<\/tr>\n<tr>\n<td>Soojusvaheti materjal<\/td>\n<td>&#8211;<\/td>\n<td>Entalpia<\/td>\n<\/tr>\n<tr>\n<td>Kaal<\/td>\n<td>kg<\/td>\n<td>15<\/td>\n<\/tr>\n<tr>\n<td>V\u00e4ljat\u00f5mbe\u00f5hu filter<\/td>\n<td>&#8211;<\/td>\n<td>J\u00e4me &gt; 60 % (G4)<\/td>\n<\/tr>\n<tr>\n<td>Siseneva \u00f5hu filter<\/td>\n<td>&#8211;<\/td>\n<td>J\u00e4me &gt; 60 % (G4) (valikuline ePM1 60 % (F7))<\/td>\n<\/tr>\n<tr>\n<td>Maksimaalne transporditava \u00f5hu temperatuur<\/td>\n<td>\u00b0C<\/td>\n<td>45<\/td>\n<\/tr>\n<tr>\n<td>Minimaalne \u00fcmbritseva \u00f5hu temperatuur<\/td>\n<td>\u00b0C<\/td>\n<td>1<\/td>\n<\/tr>\n<tr>\n<td>Maksimaalne \u00fcmbritseva \u00f5hu temperatuur<\/td>\n<td>\u00b0C<\/td>\n<td>40<\/td>\n<\/tr>\n<tr>\n<td>Maksimaalne \u00fcmbritseva \u00f5hu niiskus<\/td>\n<td>%<\/td>\n<td>60<\/td>\n<\/tr>\n<tr>\n<td>Korpuse kaitseklass<\/td>\n<td>&#8211;<\/td>\n<td>IP22<\/td>\n<\/tr>\n<tr>\n<td>Seadme draivi kaitseklass<\/td>\n<td>&#8211;<\/td>\n<td>IP44<\/td>\n<\/tr>\n<\/tbody>\n<\/table>\n<p>&nbsp;<\/p>\n<p><img decoding=\"async\" src=\"https:\/\/ventilation-system.com\/upload\/dimensions\/0521748001704194543.png\" \/><\/p>\n<p><a href=\"https:\/\/ventilatsiooniseade.ee\/wp-content\/uploads\/2025\/02\/Enave-180-m\u00f5\u00f5dud.jpeg\"><img loading=\"lazy\" decoding=\"async\" class=\"alignleft wp-image-6038\" src=\"https:\/\/ventilatsiooniseade.ee\/wp-content\/uploads\/2025\/02\/Enave-180-m\u00f5\u00f5dud-1024x88.jpeg\" alt=\"Enave 180 m\u00f5\u00f5dud\" width=\"1024\" height=\"88\" srcset=\"https:\/\/ventilatsiooniseade.ee\/wp-content\/uploads\/2025\/02\/Enave-180-m\u00f5\u00f5dud-1024x88.jpeg 1024w, https:\/\/ventilatsiooniseade.ee\/wp-content\/uploads\/2025\/02\/Enave-180-m\u00f5\u00f5dud-470x40.jpeg 470w, https:\/\/ventilatsiooniseade.ee\/wp-content\/uploads\/2025\/02\/Enave-180-m\u00f5\u00f5dud-300x26.jpeg 300w, https:\/\/ventilatsiooniseade.ee\/wp-content\/uploads\/2025\/02\/Enave-180-m\u00f5\u00f5dud-768x66.jpeg 768w, https:\/\/ventilatsiooniseade.ee\/wp-content\/uploads\/2025\/02\/Enave-180-m\u00f5\u00f5dud-80x7.jpeg 80w, https:\/\/ventilatsiooniseade.ee\/wp-content\/uploads\/2025\/02\/Enave-180-m\u00f5\u00f5dud-1170x101.jpeg 1170w, https:\/\/ventilatsiooniseade.ee\/wp-content\/uploads\/2025\/02\/Enave-180-m\u00f5\u00f5dud.jpeg 1176w\" sizes=\"auto, (max-width: 1024px) 100vw, 1024px\" \/><\/a><\/p>\n<p>&nbsp;<\/p>\n<p>&nbsp;<\/p>\n<p><a href=\"https:\/\/ventilation-system.com\/download\/enave-p-manual-10892.pdf\"><span style=\"color: #0000ff;\"><strong>Kasutusjuhend<\/strong><\/span><\/a><\/p>\n","protected":false},"excerpt":{"rendered":"<p>Kvaliteetne soojustagastusega Ventsi ventilatsiooniseade valmistatud heli- ja soojusisolatsiooniga<br \/>\nlaiendatud pol\u00fcprop\u00fcleenist (EPP), mis tagab vastupidavuse ja energiat\u00f5hususe.<br \/>\n<strong>Enave-T seadmed<\/strong> on varustatud <strong>entalpia<\/strong>-soojusvahetiga.<\/p>\n<p><img loading=\"lazy\" decoding=\"async\" class=\"\" src=\"https:\/\/ventilation-system.com\/upload\/svg\/0528497001677652493.svg\" alt=\"\" width=\"67\" height=\"67\" \/><\/p>\n<p><strong>Maksimaalne \u00f5huvool:<\/strong> 181 m\u00b3\/h<br \/>\n<strong>Helir\u00f5hu tase LpA 3 m kaugusel:<\/strong> 29 dB(A)<br \/>\n<strong>Soojusvaheti t\u00fc\u00fcp:<\/strong> Vastuvool<br \/>\n<strong>V\u00e4ljat\u00f5mbe filter:<\/strong> G4<br \/>\n<strong>Tarbe\u00f5hu filter:<\/strong> G4, valikuline F7<br \/>\n<strong>Heliisolatsioon:<\/strong> Jah<br \/>\n<strong>Mootori t\u00fc\u00fcp:<\/strong> EC<br \/>\n<strong>\u00dcmbers\u00f5it (bypass)<\/strong>: K\u00e4sitsi<br \/>\n<strong>Juhtimine:<\/strong> A14 juhtpult<br \/>\n<strong>Korpuse materjal:<\/strong> EPP<br \/>\n<strong>Niiskusandur:<\/strong> Valikuline<br \/>\n<strong>CO\u2082-andur:<\/strong> Valikuline<\/p>\n<p><span style=\"color: #0000ff;\"><a style=\"color: #0000ff;\" href=\"https:\/\/skfb.ly\/oRP8K\"><strong>3D mudel<\/strong><\/a><\/span><\/p>\n<p><a href=\"https:\/\/ventilation-system.com\/download\/enave-p-datasheet-5370.pdf\"><span style=\"color: #0000ff;\"><strong>Infoleht<\/strong><\/span><\/a><\/p>\n<p>&nbsp;<\/p>\n","protected":false},"featured_media":6159,"comment_status":"closed","ping_status":"closed","template":"","meta":[],"product_brand":[],"product_cat":[13,164,17,24,41],"product_tag":[],"class_list":{"0":"post-6031","1":"product","2":"type-product","3":"status-publish","4":"has-post-thumbnail","6":"product_cat-ventilatsiooniseadmed","7":"product_cat-vents","8":"product_cat-soojustagastusega-ventilatsiooniseadmed","9":"product_cat-tsentraalsed-seadmed","10":"product_cat-riputatavad-seadmed","12":"first","13":"instock","14":"shipping-taxable","15":"purchasable","16":"product-type-simple"},"_links":{"self":[{"href":"https:\/\/ventilatsiooniseade.ee\/index.php?rest_route=\/wp\/v2\/product\/6031","targetHints":{"allow":["GET"]}}],"collection":[{"href":"https:\/\/ventilatsiooniseade.ee\/index.php?rest_route=\/wp\/v2\/product"}],"about":[{"href":"https:\/\/ventilatsiooniseade.ee\/index.php?rest_route=\/wp\/v2\/types\/product"}],"replies":[{"embeddable":true,"href":"https:\/\/ventilatsiooniseade.ee\/index.php?rest_route=%2Fwp%2Fv2%2Fcomments&post=6031"}],"wp:featuredmedia":[{"embeddable":true,"href":"https:\/\/ventilatsiooniseade.ee\/index.php?rest_route=\/wp\/v2\/media\/6159"}],"wp:attachment":[{"href":"https:\/\/ventilatsiooniseade.ee\/index.php?rest_route=%2Fwp%2Fv2%2Fmedia&parent=6031"}],"wp:term":[{"taxonomy":"product_brand","embeddable":true,"href":"https:\/\/ventilatsiooniseade.ee\/index.php?rest_route=%2Fwp%2Fv2%2Fproduct_brand&post=6031"},{"taxonomy":"product_cat","embeddable":true,"href":"https:\/\/ventilatsiooniseade.ee\/index.php?rest_route=%2Fwp%2Fv2%2Fproduct_cat&post=6031"},{"taxonomy":"product_tag","embeddable":true,"href":"https:\/\/ventilatsiooniseade.ee\/index.php?rest_route=%2Fwp%2Fv2%2Fproduct_tag&post=6031"}],"curies":[{"name":"wp","href":"https:\/\/api.w.org\/{rel}","templated":true}]}}