{"id":5963,"date":"2026-01-22T09:16:56","date_gmt":"2026-01-22T07:16:56","guid":{"rendered":"http:\/\/ventilatsiooniseade.ee\/?product=juhtpaneel-airfi-mille-wire"},"modified":"2026-01-22T10:28:30","modified_gmt":"2026-01-22T08:28:30","slug":"juhtpaneel-airfi-mille-wire","status":"publish","type":"product","link":"https:\/\/ventilatsiooniseade.ee\/?product=juhtpaneel-airfi-mille-wire","title":{"rendered":"Mille WIRE juhtpaneel (juhtmega)"},"content":{"rendered":"<p><a href=\"https:\/\/ventilatsiooniseade.ee\/wp-content\/uploads\/2024\/05\/Kuvat\u00f5mmis_31-5-2024_143224_.jpeg\"><img loading=\"lazy\" decoding=\"async\" class=\"alignleft size-large wp-image-5961\" src=\"https:\/\/ventilatsiooniseade.ee\/wp-content\/uploads\/2024\/05\/Kuvat\u00f5mmis_31-5-2024_143224_-619x1024.jpeg\" alt=\"Kuvat\u00f5mmis_31-5-2024_143224_\" width=\"619\" height=\"1024\" srcset=\"https:\/\/ventilatsiooniseade.ee\/wp-content\/uploads\/2024\/05\/Kuvat\u00f5mmis_31-5-2024_143224_-619x1024.jpeg 619w, https:\/\/ventilatsiooniseade.ee\/wp-content\/uploads\/2024\/05\/Kuvat\u00f5mmis_31-5-2024_143224_-470x778.jpeg 470w, https:\/\/ventilatsiooniseade.ee\/wp-content\/uploads\/2024\/05\/Kuvat\u00f5mmis_31-5-2024_143224_-181x300.jpeg 181w, https:\/\/ventilatsiooniseade.ee\/wp-content\/uploads\/2024\/05\/Kuvat\u00f5mmis_31-5-2024_143224_-65x107.jpeg 65w, https:\/\/ventilatsiooniseade.ee\/wp-content\/uploads\/2024\/05\/Kuvat\u00f5mmis_31-5-2024_143224_-363x600.jpeg 363w, https:\/\/ventilatsiooniseade.ee\/wp-content\/uploads\/2024\/05\/Kuvat\u00f5mmis_31-5-2024_143224_.jpeg 686w\" sizes=\"auto, (max-width: 619px) 100vw, 619px\" \/><\/a><\/p>\n","protected":false},"excerpt":{"rendered":"<h2 data-start=\"74\" data-end=\"139\">Nutikas juhtpaneel Airfi ventilatsiooniseadmetele<\/h2>\n<p data-start=\"141\" data-end=\"397\"><strong data-start=\"141\" data-end=\"155\">Mille Wire<\/strong> on kaasaegne ja kasutajas\u00f5bralik juhtseade, mis v\u00f5imaldab mugavalt hallata Airfi \u00f5huk\u00e4itlusseadet l\u00e4bi <strong data-start=\"259\" data-end=\"284\">puutetundliku ekraani<\/strong>. Selge ja intuitiivne kasutajaliides teeb ventilatsiooni juhtimise lihtsaks ning mugavaks igap\u00e4evases kasutuses.<\/p>\n<p data-start=\"399\" data-end=\"597\">Kui Airfi seade on \u00fchendatud internetti, kuvab Mille juhtpaneel <strong data-start=\"463\" data-end=\"488\">reaalajas ilmaandmeid<\/strong>, ventilatsiooni t\u00f6\u00f6olekut ning muid kasulikke teateid, mis aitavad hoida kodu sisekliima alati optimaalsena.<\/p>\n<p data-start=\"599\" data-end=\"636\"><strong>Funktsioonid (standardvarustuses)<\/strong><br \/>\nVentilaatori kiiruste valik<br \/>\nKaminare\u017eiim<br \/>\nToite taimer<br \/>\nSauna taimer<br \/>\nKodu \/ v\u00e4ljas l\u00fcliti<br \/>\nKellaaeg, kuup\u00e4ev ja n\u00e4dalakell<\/p>\n<p><strong>Tehnilised andmed<br \/>\n<\/strong><strong data-start=\"806\" data-end=\"817\">Ekraan:<\/strong> 8\u2033 HD puuteekraan<br \/>\n<strong data-start=\"840\" data-end=\"849\">M\u00e4lu:<\/strong> 1 GB RAM<br \/>\n<strong data-start=\"863\" data-end=\"877\">Salvestus:<\/strong> 8 GB Flash<br \/>\n<strong data-start=\"893\" data-end=\"917\">Operatsioonis\u00fcsteem:<\/strong> Android 6.0.1<\/p>\n<p><span style=\"color: #0000ff;\"><strong><a style=\"color: #0000ff;\" href=\"https:\/\/airfi.fi\/app\/uploads\/2025\/09\/60801397-mille-wire-wifi-huolto-ohje-en.pdf\">Kasutusjuhend<\/a><\/strong><\/span><\/p>\n","protected":false},"featured_media":5965,"comment_status":"closed","ping_status":"closed","template":"","meta":[],"product_brand":[],"product_cat":[159,133,135],"product_tag":[],"class_list":{"0":"post-5963","1":"product","2":"type-product","3":"status-publish","4":"has-post-thumbnail","6":"product_cat-airfi","7":"product_cat-automaatika","8":"product_cat-regulaatorid","10":"first","11":"instock","12":"shipping-taxable","13":"product-type-simple"},"_links":{"self":[{"href":"https:\/\/ventilatsiooniseade.ee\/index.php?rest_route=\/wp\/v2\/product\/5963","targetHints":{"allow":["GET"]}}],"collection":[{"href":"https:\/\/ventilatsiooniseade.ee\/index.php?rest_route=\/wp\/v2\/product"}],"about":[{"href":"https:\/\/ventilatsiooniseade.ee\/index.php?rest_route=\/wp\/v2\/types\/product"}],"replies":[{"embeddable":true,"href":"https:\/\/ventilatsiooniseade.ee\/index.php?rest_route=%2Fwp%2Fv2%2Fcomments&post=5963"}],"wp:featuredmedia":[{"embeddable":true,"href":"https:\/\/ventilatsiooniseade.ee\/index.php?rest_route=\/wp\/v2\/media\/5965"}],"wp:attachment":[{"href":"https:\/\/ventilatsiooniseade.ee\/index.php?rest_route=%2Fwp%2Fv2%2Fmedia&parent=5963"}],"wp:term":[{"taxonomy":"product_brand","embeddable":true,"href":"https:\/\/ventilatsiooniseade.ee\/index.php?rest_route=%2Fwp%2Fv2%2Fproduct_brand&post=5963"},{"taxonomy":"product_cat","embeddable":true,"href":"https:\/\/ventilatsiooniseade.ee\/index.php?rest_route=%2Fwp%2Fv2%2Fproduct_cat&post=5963"},{"taxonomy":"product_tag","embeddable":true,"href":"https:\/\/ventilatsiooniseade.ee\/index.php?rest_route=%2Fwp%2Fv2%2Fproduct_tag&post=5963"}],"curies":[{"name":"wp","href":"https:\/\/api.w.org\/{rel}","templated":true}]}}