{"id":5954,"date":"2026-01-22T09:33:32","date_gmt":"2026-01-22T07:33:32","guid":{"rendered":"http:\/\/ventilatsiooniseade.ee\/?post_type=product&#038;p=5954"},"modified":"2026-01-22T10:51:18","modified_gmt":"2026-01-22T08:51:18","slug":"juhtpaneel-airfi-sento","status":"publish","type":"product","link":"https:\/\/ventilatsiooniseade.ee\/?product=juhtpaneel-airfi-sento","title":{"rendered":"Sento puutetundlik juhtpaneel"},"content":{"rendered":"<p><a href=\"https:\/\/ventilatsiooniseade.ee\/wp-content\/uploads\/2024\/05\/Kuvat\u00f5mmis_31-5-2024_143224_.jpeg\"><img loading=\"lazy\" decoding=\"async\" class=\"alignleft size-large wp-image-5961\" src=\"https:\/\/ventilatsiooniseade.ee\/wp-content\/uploads\/2024\/05\/Kuvat\u00f5mmis_31-5-2024_143224_-619x1024.jpeg\" alt=\"Kuvat\u00f5mmis_31-5-2024_143224_\" width=\"619\" height=\"1024\" srcset=\"https:\/\/ventilatsiooniseade.ee\/wp-content\/uploads\/2024\/05\/Kuvat\u00f5mmis_31-5-2024_143224_-619x1024.jpeg 619w, https:\/\/ventilatsiooniseade.ee\/wp-content\/uploads\/2024\/05\/Kuvat\u00f5mmis_31-5-2024_143224_-470x778.jpeg 470w, https:\/\/ventilatsiooniseade.ee\/wp-content\/uploads\/2024\/05\/Kuvat\u00f5mmis_31-5-2024_143224_-181x300.jpeg 181w, https:\/\/ventilatsiooniseade.ee\/wp-content\/uploads\/2024\/05\/Kuvat\u00f5mmis_31-5-2024_143224_-65x107.jpeg 65w, https:\/\/ventilatsiooniseade.ee\/wp-content\/uploads\/2024\/05\/Kuvat\u00f5mmis_31-5-2024_143224_-363x600.jpeg 363w, https:\/\/ventilatsiooniseade.ee\/wp-content\/uploads\/2024\/05\/Kuvat\u00f5mmis_31-5-2024_143224_.jpeg 686w\" sizes=\"auto, (max-width: 619px) 100vw, 619px\" \/><\/a><\/p>\n","protected":false},"excerpt":{"rendered":"<h2 data-start=\"110\" data-end=\"162\">Stiilne ja minimalistlik valik<\/h2>\n<p data-start=\"164\" data-end=\"380\"><strong data-start=\"164\" data-end=\"173\">Sento<\/strong> on ideaalne juhtseade neile, kes eelistavad <strong data-start=\"218\" data-end=\"255\">puhtaid jooni ja lihtsat kasutust<\/strong>. Minimalistliku disainiga juhtpaneel v\u00f5imaldab mugavalt kasutada k\u00f5iki olulisi funktsioone, nagu sauna- ja taimeriv\u00f5imendus.<\/p>\n<p data-start=\"382\" data-end=\"636\">Sento juhtpaneel t\u00f6\u00f6tab s\u00fcnkroonis teiste Airfi juhtseadmetega, n\u00e4iteks <strong data-start=\"454\" data-end=\"474\">Suvi p\u00f6\u00f6rdnupuga<\/strong> ja digitaalsete kontrolleritega. See t\u00e4hendab, et s\u00f5ltumata sellest, millisest seadmest ventilatsiooni juhitakse, kuvatakse k\u00f5ikjal alati \u00f5ige ja ajakohane olek.<\/p>\n<p data-start=\"638\" data-end=\"659\"><strong>Tehnilised andmed<\/strong><br \/>\n<strong data-start=\"662\" data-end=\"675\">Materjal:<\/strong> puutetundlik pleksiklaas<br \/>\n<strong data-start=\"704\" data-end=\"715\">M\u00f5\u00f5dud:<\/strong> 87 \u00d7 87 mm<br \/>\n<strong data-start=\"731\" data-end=\"743\">\u00dchendus:<\/strong> Nomak 2x2x0,5 + 0,5<br \/>\n<strong data-start=\"768\" data-end=\"782\">\u00dchilduvus:<\/strong> sobib k\u00f5ikidele Airfi \u00f5huk\u00e4itlusseadmetele<\/p>\n<p><span style=\"color: #0000ff;\"><strong><a style=\"color: #0000ff;\" href=\"https:\/\/airfi.fi\/app\/uploads\/2024\/10\/60800573b_en-airfi-sento-instruction-manual.pdf\">Kasutusjuhend<\/a><\/strong><\/span><\/p>\n","protected":false},"featured_media":6419,"comment_status":"closed","ping_status":"closed","template":"","meta":[],"product_brand":[],"product_cat":[159,133,135],"product_tag":[],"class_list":{"0":"post-5954","1":"product","2":"type-product","3":"status-publish","4":"has-post-thumbnail","6":"product_cat-airfi","7":"product_cat-automaatika","8":"product_cat-regulaatorid","10":"first","11":"instock","12":"shipping-taxable","13":"product-type-simple"},"_links":{"self":[{"href":"https:\/\/ventilatsiooniseade.ee\/index.php?rest_route=\/wp\/v2\/product\/5954","targetHints":{"allow":["GET"]}}],"collection":[{"href":"https:\/\/ventilatsiooniseade.ee\/index.php?rest_route=\/wp\/v2\/product"}],"about":[{"href":"https:\/\/ventilatsiooniseade.ee\/index.php?rest_route=\/wp\/v2\/types\/product"}],"replies":[{"embeddable":true,"href":"https:\/\/ventilatsiooniseade.ee\/index.php?rest_route=%2Fwp%2Fv2%2Fcomments&post=5954"}],"wp:featuredmedia":[{"embeddable":true,"href":"https:\/\/ventilatsiooniseade.ee\/index.php?rest_route=\/wp\/v2\/media\/6419"}],"wp:attachment":[{"href":"https:\/\/ventilatsiooniseade.ee\/index.php?rest_route=%2Fwp%2Fv2%2Fmedia&parent=5954"}],"wp:term":[{"taxonomy":"product_brand","embeddable":true,"href":"https:\/\/ventilatsiooniseade.ee\/index.php?rest_route=%2Fwp%2Fv2%2Fproduct_brand&post=5954"},{"taxonomy":"product_cat","embeddable":true,"href":"https:\/\/ventilatsiooniseade.ee\/index.php?rest_route=%2Fwp%2Fv2%2Fproduct_cat&post=5954"},{"taxonomy":"product_tag","embeddable":true,"href":"https:\/\/ventilatsiooniseade.ee\/index.php?rest_route=%2Fwp%2Fv2%2Fproduct_tag&post=5954"}],"curies":[{"name":"wp","href":"https:\/\/api.w.org\/{rel}","templated":true}]}}