{"id":59,"date":"2022-03-03T16:00:09","date_gmt":"2022-03-03T14:00:09","guid":{"rendered":"http:\/\/ventilatsiooniseade.ee\/uus\/?post_type=product&#038;p=59"},"modified":"2022-03-03T16:08:29","modified_gmt":"2022-03-03T14:08:29","slug":"vents-micra-150-e","status":"publish","type":"product","link":"https:\/\/ventilatsiooniseade.ee\/?product=vents-micra-150-e","title":{"rendered":"VENTS MICRA 150 E"},"content":{"rendered":"<table width=\"470\">\n<tbody>\n<tr>\n<td width=\"278\"><strong>Parameetrid<\/strong><\/td>\n<td style=\"text-align: center;\" colspan=\"2\" width=\"128\"><strong>V\u00e4\u00e4rtus<\/strong><\/td>\n<td width=\"64\"><strong>M\u00f5\u00f5t\u00fchik<\/strong><\/td>\n<\/tr>\n<tr>\n<td width=\"278\">Kiirus<\/td>\n<td colspan=\"2\" width=\"128\">\n<p style=\"text-align: center;\">min\u00a0\u00a0\u00a0\u00a0max<\/p>\n<\/td>\n<td width=\"64\"><\/td>\n<\/tr>\n<tr>\n<td width=\"278\">Toitepinge<\/td>\n<td colspan=\"2\" width=\"128\">\n<p style=\"text-align: center;\">230<\/p>\n<\/td>\n<td width=\"64\">V<\/td>\n<\/tr>\n<tr>\n<td width=\"278\">Voolusagedus<\/td>\n<td colspan=\"2\" width=\"128\">\n<p style=\"text-align: center;\">50<\/p>\n<\/td>\n<td width=\"64\">Hz<\/td>\n<\/tr>\n<tr>\n<td rowspan=\"5\" width=\"278\">\u00d5huhulgad<\/td>\n<td style=\"text-align: center;\" colspan=\"2\" width=\"128\">60\u00a0\u00a0\u00a0\u00a0150<\/td>\n<td width=\"64\">m<sup>3<\/sup>\/h<\/td>\n<\/tr>\n<tr>\n<td style=\"text-align: center;\" colspan=\"2\" width=\"128\">35,34\u00a0\u00a0\u00a0\u00a088,35<\/td>\n<td width=\"64\">CFM<\/td>\n<\/tr>\n<tr>\n<td style=\"text-align: center;\" colspan=\"2\" width=\"128\">16,68\u00a0\u00a0\u00a0\u00a041,7<\/td>\n<td width=\"64\">l\/s<\/td>\n<\/tr>\n<tr>\n<td style=\"text-align: center;\" colspan=\"2\" width=\"128\">0,01668\u00a0\u00a0\u00a0\u00a00,0417<\/td>\n<td width=\"64\">m\u00b3\/s<\/td>\n<\/tr>\n<tr>\n<td colspan=\"2\" width=\"128\">\n<p style=\"text-align: center;\">1002\u00a0\u00a0\u00a0\u00a02505<\/p>\n<\/td>\n<td width=\"64\">l\/m<\/td>\n<\/tr>\n<tr>\n<td width=\"278\">P\u00f6\u00f6rlemiskiirus<\/td>\n<td colspan=\"2\" width=\"128\">\n<p style=\"text-align: center;\">450\u00a0\u00a0\u00a0\u00a02000<\/p>\n<\/td>\n<td width=\"64\">min\u00a0<sup>-1<\/sup><\/td>\n<\/tr>\n<tr>\n<td width=\"278\">Helisurve 3 meetri kaugusel<\/td>\n<td colspan=\"2\" width=\"128\">\n<p style=\"text-align: center;\">30\u00a0\u00a0\u00a0\u00a038<\/p>\n<\/td>\n<td width=\"64\">dBA<\/td>\n<\/tr>\n<tr>\n<td width=\"278\">Suurim ventilaatorite v\u00f5imsustarve<\/td>\n<td colspan=\"2\" width=\"128\">\n<p style=\"text-align: center;\">9\u00a0\u00a0\u00a0\u00a040<\/p>\n<\/td>\n<td width=\"64\">W<\/td>\n<\/tr>\n<tr>\n<td width=\"278\">\u00d5hu lisak\u00fctte v\u00f5imsustarve<\/td>\n<td colspan=\"2\" width=\"128\">\n<p style=\"text-align: center;\">350<\/p>\n<\/td>\n<td width=\"64\">W<\/td>\n<\/tr>\n<tr>\n<td width=\"278\">Maksimaalne voolutarve (koos lisak\u00fcttega)<\/td>\n<td colspan=\"2\" width=\"128\">\n<p style=\"text-align: center;\">1,68<\/p>\n<\/td>\n<td width=\"64\">A<\/td>\n<\/tr>\n<tr>\n<td width=\"278\">Soojustagastuse efektiivsus<\/td>\n<td colspan=\"2\" width=\"128\">\n<p style=\"text-align: center;\">82-92<\/p>\n<\/td>\n<td width=\"64\">kuni %<\/td>\n<\/tr>\n<tr>\n<td width=\"278\">T\u00f6\u00f6deldava \u00f5hu temperatuuride piirid<\/td>\n<td colspan=\"2\" width=\"128\">\n<p style=\"text-align: center;\">-25&#8230;+50<\/p>\n<\/td>\n<td width=\"64\"><sup>\u043e<\/sup>C<\/td>\n<\/tr>\n<tr>\n<td width=\"278\">\u00dchendustoru diameeter<\/td>\n<td colspan=\"2\" width=\"128\">\n<p style=\"text-align: center;\">125<\/p>\n<\/td>\n<td width=\"64\">mm<\/td>\n<\/tr>\n<tr>\n<td width=\"278\">Soojusisolatsiooni paksus<\/td>\n<td colspan=\"2\" width=\"128\">\n<p style=\"text-align: center;\">10<\/p>\n<\/td>\n<td width=\"64\">mm<\/td>\n<\/tr>\n<tr>\n<td width=\"278\">Kaal<\/td>\n<td colspan=\"2\" width=\"128\">\n<p style=\"text-align: center;\">20<\/p>\n<\/td>\n<td width=\"64\">kg<\/td>\n<\/tr>\n<\/tbody>\n<\/table>\n<p>&nbsp;<\/p>\n<p><strong>Omadused:<\/strong><\/p>\n<ul>\n<li>Efektiivne eraldiseisvate ruumide (tubade) sissepuhke-v\u00e4ljat\u00f5mbe ventilatsioon<\/li>\n<li>K\u00fcttekeha v\u00f5imsusega 350 W \u00fclekuumunemise kaitsega<\/li>\n<li>Pol\u00fcst\u00fcreenist lamellarne vastuvoolu t\u00fc\u00fcpi soojusvaheti kasuteguriga 82-92%<\/li>\n<li>Madala energiatarbimisega ventilaatorid (9-40W)<\/li>\n<li>Integreeritud automaatika kolme t\u00f6\u00f6re\u017eiimiga (60-150 m<sup>3<\/sup>\/h)<\/li>\n<li>Madal m\u00fcratase\u00a0(30-38 dB)<\/li>\n<li>\u00d5hu puhastamine kahe G4 filtriga<\/li>\n<li>Lihtne montaa\u017e<\/li>\n<li>Kompaktsed m\u00f5\u00f5dud<\/li>\n<\/ul>\n<p>&nbsp;<\/p>\n<p><strong>Korpus<\/strong><\/p>\n<p>Korpus on tehtud spetsiaalse pol\u00fcmeerse kattega metallist roostevaba terase dekooriga. Soojus- ja heliisolatsioon on tehtud vahustatud s\u00fcnteetilisest kummist paksusega 10 mm. Kaasaegne disain annab v\u00f5imaluse harmooniliselt sulanduda igasse interj\u00f6\u00f6ri. Esipaneel on kergesti avatav\u00a0seadme teenindamiseks (puhastamiseks v\u00f5i filtrite vahetamiseks) ning on varustatud avamise kaitseanduriga (t\u00f6\u00f6tava seadme puhul avamine l\u00fclitab s\u00fcsteemi v\u00e4lja). Sissepuhutava \u00f5hu tagastus seadmesse ja t\u00f6\u00f6deldud \u00f5hu eemaldamine ruumist toimub kahe 125 mm l\u00e4bim\u00f5\u00f5duga kanali kaudu.<\/p>\n<p>&nbsp;<\/p>\n<p><strong>\u00d5hu filtreerimine<\/strong><\/p>\n<p>Sissepuhutava ja v\u00e4ljat\u00f5mmatava \u00f5hu puhastamine toimub kahe sisseehitatud G4 filtri kaudu. Filtrid tagavad v\u00e4rsket \u00f5hku, puhastust tolmust ja putukatest ning tagavad seamde elementide kaitset saastumisest.<\/p>\n<p>&nbsp;<\/p>\n<p><strong>\u00d5hu sissepuhe ja v\u00e4ljat\u00f5mme<\/strong><\/p>\n<p>\u00d5hu sissepuhke ja v\u00e4ljat\u00f5mbe jaoks kasutatakse k\u00f5rgefektiivseid EC mootoreid v\u00e4lise rootori ja ettepainutatud labade t\u00f6\u00f6rattaga. Ventilaatori mootorid on varustatud termokaitsega \u00fclekuuminemise vastu ja kuulaagerdega pikema eksplotatsiooni aja tagamiseks. T\u00e4nu EC tehnoloogiate kasutamisele eristub antud ruumip\u00f5hine seade madala energiatarbimise ja t\u00f6\u00f6kindluse poolest.<\/p>\n<p>Ventilaatorite mootorid on varustatud termokaitsega \u00fclekuumenemise vastu ja kuullaagritega pikema t\u00f6\u00f6ea kasuks.<\/p>\n<p>&nbsp;<\/p>\n<p><strong>Kondensvee kogumisalus<\/strong><\/p>\n<p>Soojusvaheti t\u00f6\u00f6 puhul on v\u00f5imalik kondensvee teke, mis koguneb spetsiaalsele alusele. Aluse t\u00e4itumise puhul seade l\u00fclitub automaatselt v\u00e4lja, millest annab teada m\u00e4rgutuli paneelil. Seadme edasise t\u00f6\u00f6 j\u00e4tkamiseks on vaja valada kondensvesi v\u00e4lja ning seade taask\u00e4ivitada.<\/p>\n<p>&nbsp;<\/p>\n<p><strong>T\u00f6\u00f6 p\u00f5him\u00f5te<\/strong><\/p>\n<p>\u00d5uest saabuv k\u00fclm \u00f5hk l\u00e4bib filtrit ja rekuperaatorit (soojusvaheti) ning seej\u00e4rel satub ruumi t\u00e4nu sissepuhke tsentrifugaalventilaatori abiga. Ruumist v\u00e4ljuv soe saastatud \u00f5hk l\u00e4bib filtrit ja rekuperaatorit ning v\u00e4ljub seina kaudu \u00f5ue v\u00e4ljapuhke tsentrifugaalventilaatori abiga. Soojusvaheti sees toimub ruumis tekkinud sooja, saastatud \u00f5hu sooja energia vahetus v\u00e4ljast saabunud v\u00e4rske \u00f5huga. See vahetus viib sooja energia kadude v\u00e4henemiseni ja k\u00fclmal perioodil k\u00fcttekulude alandamiseni. Sissepuhke ja v\u00e4ljat\u00f5mbe \u00f5huvoolud ei segune, t\u00e4nu millele on v\u00e4listatud \u00fchest voolust saaste, mikroobide ja l\u00f5hnade \u00fcleandmine teisele voolule.<\/p>\n<p>&nbsp;<\/p>\n<p><a href=\"https:\/\/ventilatsiooniseade.ee\/wp-content\/uploads\/2015\/03\/Micra-150-E-ehitus.jpg\"><img loading=\"lazy\" decoding=\"async\" class=\"alignleft size-full wp-image-514\" src=\"https:\/\/ventilatsiooniseade.ee\/wp-content\/uploads\/2015\/03\/Micra-150-E-ehitus.jpg\" alt=\"Micra-150-E-ehitus\" width=\"590\" height=\"304\" srcset=\"https:\/\/ventilatsiooniseade.ee\/wp-content\/uploads\/2015\/03\/Micra-150-E-ehitus.jpg 590w, https:\/\/ventilatsiooniseade.ee\/wp-content\/uploads\/2015\/03\/Micra-150-E-ehitus-470x242.jpg 470w, https:\/\/ventilatsiooniseade.ee\/wp-content\/uploads\/2015\/03\/Micra-150-E-ehitus-300x155.jpg 300w, https:\/\/ventilatsiooniseade.ee\/wp-content\/uploads\/2015\/03\/Micra-150-E-ehitus-80x41.jpg 80w\" sizes=\"auto, (max-width: 590px) 100vw, 590px\" \/><\/a><\/p>\n<p>&nbsp;<\/p>\n<p>&nbsp;<\/p>\n<p>&nbsp;<\/p>\n<p>&nbsp;<\/p>\n<p>&nbsp;<\/p>\n<p>&nbsp;<\/p>\n<p>&nbsp;<\/p>\n<p>&nbsp;<\/p>\n<p>&nbsp;<\/p>\n<p>&nbsp;<\/p>\n<p><strong>Soojusvaheti<\/strong><\/p>\n<p>Seadmes on kasutatud k\u00f5rgtehnoloogilist vastuvoolu t\u00fc\u00fcpi pol\u00fcst\u00fcreenist plaatsoojusvaheti soojusvahetusteguriga 82-92%. Talvisel perioodil kasutab soojusvaheti v\u00e4ljapuhutavat \u00f5hku sissepuhutava \u00f5hu soojendamiseks, sellega v\u00e4hendades k\u00fcttes\u00fcsteemi koormust. Suvisel perioodil vastupidi, jahutab sissepuhutavat \u00f5hku jahedama v\u00e4ljapuhutava \u00f5hu abiga. Seega MIKRA 150 E alandab k\u00fctte- ja konditsioneerimiss\u00fcsteemi koormust, millega s\u00e4\u00e4stab vahendeid.<\/p>\n<p>&nbsp;<\/p>\n<p><strong>Soojendi<\/strong><\/p>\n<p>\u00d5hu soojendamiseks komfortse toatemperatuurini on seadmes kasutatud pooljuht posistoriga soojendit, mis hoiab m\u00e4\u00e4ratud temperatuuri. Nimetatud soojendi eelised v\u00f5rreldes traditsiooniliste toruelektrisoojenditega: arvestusliku temperatuuri hoidmine, s\u00e4\u00e4stlikkus, tuleohutus (ei kuumune \u00fcle), \u00f6koloogilisus, enesereguleeritus, k\u00f5rge elektriline vastupidavus, k\u00f5rge eriv\u00f5imsus, madal infrapunakiirguse tase, ekspluateerimise lihtsus ja kindlus. Soojendi efektiivsus t\u00f5useb sellest l\u00e4biva \u00f5huvoolu tootlikkuse suurenemisega ja saavutab 90-95%.<\/p>\n<p>&nbsp;<\/p>\n<p><strong>K\u00fclmumiskaitse<\/strong><\/p>\n<p>Seade on varustatud k\u00fclmumiskaitsega. Soojusvaheti t\u00f6\u00f6 k\u00e4igus talvisel perioodil toimub v\u00e4ljapuhutava \u00f5hu soojuse kasutamine sissepuhutava jaheda \u00f5hu soojendamiseks. Samal ajal v\u00f5ib \u00a0v\u00e4ljapuhutava \u00f5hu jahutamise k\u00e4igus tekkida kondensvesi, mis koguneb spetsiaalsele alusele. Madalate v\u00e4lis\u00f5hutemperatuuridega v\u00f5ib kondensvesi \u00e4ra k\u00fclmuda ka juba soojusvaheti sees. Selle v\u00e4ltimiseks kasutatakse elektroonset kaitses\u00fcsteemi. Temperatuuri alanemisel alla teatud m\u00e4\u00e4ra sissepuhkeventilaator j\u00e4\u00e4b seisma. Soe v\u00e4ljuv \u00f5hk soojendab soojuvahetit ja v\u00e4ljuva \u00f5hu temperatuur sellest v\u00e4ljumisel t\u00f5useb. Seej\u00e4rel taask\u00e4ivitub\u00a0sissepuheventilaator ja seade j\u00e4tkab t\u00f6\u00f6d normaalre\u017eiimis.<\/p>\n<p>&nbsp;<\/p>\n<p><strong>Juhtimine ja t\u00f6\u00f6re\u017eiimid<\/strong><\/p>\n<p>Seade on varustatud juhtpaneeliga. Komplekti kuulub ka kaugjuhtimispult.<\/p>\n<p>Automaatika s\u00fcsteemil on 3 re\u017eiimi:<br \/>\n\u2013 <strong>1 kiirus<\/strong> \u2013 seadme t\u00f6\u00f6 v\u00f5imsusega 60 m3\/h ja \u00f5hu soojendamise v\u00f5imaluse funktsioon.<\/p>\n<p>\u2013 <strong>2 kiirus<\/strong> \u2013 seadme t\u00f6\u00f6 v\u00f5imsusega 105 m3\/h\u00a0ja \u00f5hu soojendamise v\u00f5imaluse funktsioon.<\/p>\n<p>\u2013 <strong>3 kiirus<\/strong> \u2013 seadme t\u00f6\u00f6 v\u00f5imsusega 150 m3\/h\u00a0ja \u00f5hu soojendamise v\u00f5imaluse funktsioon.<\/p>\n<p>&nbsp;<\/p>\n<p>Lisaks on saadaval lisafunktsioonid:<\/p>\n<ul>\n<li>Sissepuhke\u00f5hu lisasoojendus;<\/li>\n<li>Maksimaalse kiiruse sissel\u00fclitamise taimer 20-60 minutiks;<\/li>\n<li>Ventilaatorite kiiruse seadistamine;<\/li>\n<li>Seadme n\u00e4dalase t\u00f6\u00f6kava seadistamine;<\/li>\n<li>Filtivahetuse ja avarii indikatsioon.<\/li>\n<\/ul>\n<p>&nbsp;<\/p>\n<p><strong>MIKRA 150 E baasil ventilatsioons\u00fcsteemi korraldamise n\u00e4ide <\/strong><\/p>\n<p>Igas ruumis, mis n\u00f5uab ventilatsiooni, paigaldatakse \u00fcks v\u00f5i mitu seadet. \u00dcks seade suudab tagada efektiivset ventilatsiooni ruumis pindalaga kuni 60 m2. Ventilatsioons\u00fcsteem tagab katkestamatu \u00f5huvahetuse ruumis s\u00e4ilitades seal talvel soojust ja suvel jahedust.<\/p>\n<p><a href=\"https:\/\/ventilatsiooniseade.ee\/wp-content\/uploads\/2015\/03\/Micra-150-E-asetus-ruumis.jpg\"><img loading=\"lazy\" decoding=\"async\" class=\"alignleft size-full wp-image-516\" src=\"https:\/\/ventilatsiooniseade.ee\/wp-content\/uploads\/2015\/03\/Micra-150-E-asetus-ruumis.jpg\" alt=\"Micra 150-E asetus ruumis\" width=\"700\" height=\"414\" srcset=\"https:\/\/ventilatsiooniseade.ee\/wp-content\/uploads\/2015\/03\/Micra-150-E-asetus-ruumis.jpg 700w, https:\/\/ventilatsiooniseade.ee\/wp-content\/uploads\/2015\/03\/Micra-150-E-asetus-ruumis-470x278.jpg 470w, https:\/\/ventilatsiooniseade.ee\/wp-content\/uploads\/2015\/03\/Micra-150-E-asetus-ruumis-300x177.jpg 300w, https:\/\/ventilatsiooniseade.ee\/wp-content\/uploads\/2015\/03\/Micra-150-E-asetus-ruumis-80x47.jpg 80w\" sizes=\"auto, (max-width: 700px) 100vw, 700px\" \/><\/a><\/p>\n<p>&nbsp;<\/p>\n<p>&nbsp;<\/p>\n<p>&nbsp;<\/p>\n<p>&nbsp;<\/p>\n<p>&nbsp;<\/p>\n<p>&nbsp;<\/p>\n<p>&nbsp;<\/p>\n<p>&nbsp;<\/p>\n<p>&nbsp;<\/p>\n<p>&nbsp;<\/p>\n<p>&nbsp;<\/p>\n<p>&nbsp;<\/p>\n<p>&nbsp;<\/p>\n<p>Seade monteeritakse ruumi v\u00e4lisseina k\u00fclge, mille paksus on minimaalselt 100 mm. Seinale m\u00e4rgitakse \u00f5huavad papp\u0161hablooni abiga, mis kuulub komplekti. Peale avade puurimist kinnitatakse papp\u0161habloon t\u00fc\u00fcblite ja kruvidega seina k\u00fclge.<\/p>\n<p><a href=\"https:\/\/ventilatsiooniseade.ee\/wp-content\/uploads\/2015\/03\/Micra-150-E-punkt-1-300-352.jpg\"><img loading=\"lazy\" decoding=\"async\" class=\"alignleft size-full wp-image-70\" src=\"https:\/\/ventilatsiooniseade.ee\/wp-content\/uploads\/2015\/03\/Micra-150-E-punkt-1-300-352.jpg\" alt=\"Micra-150-E-punkt-1-300-352\" width=\"300\" height=\"352\" srcset=\"https:\/\/ventilatsiooniseade.ee\/wp-content\/uploads\/2015\/03\/Micra-150-E-punkt-1-300-352.jpg 300w, https:\/\/ventilatsiooniseade.ee\/wp-content\/uploads\/2015\/03\/Micra-150-E-punkt-1-300-352-256x300.jpg 256w, https:\/\/ventilatsiooniseade.ee\/wp-content\/uploads\/2015\/03\/Micra-150-E-punkt-1-300-352-80x94.jpg 80w\" sizes=\"auto, (max-width: 300px) 100vw, 300px\" \/><\/a><\/p>\n<p><a href=\"https:\/\/ventilatsiooniseade.ee\/wp-content\/uploads\/2015\/03\/Micra-150-E-punkt-2-300-352.jpg\"><img loading=\"lazy\" decoding=\"async\" class=\"alignleft size-full wp-image-72\" src=\"https:\/\/ventilatsiooniseade.ee\/wp-content\/uploads\/2015\/03\/Micra-150-E-punkt-2-300-352.jpg\" alt=\"Micra-150-E-punkt-2-300-352\" width=\"300\" height=\"352\" srcset=\"https:\/\/ventilatsiooniseade.ee\/wp-content\/uploads\/2015\/03\/Micra-150-E-punkt-2-300-352.jpg 300w, https:\/\/ventilatsiooniseade.ee\/wp-content\/uploads\/2015\/03\/Micra-150-E-punkt-2-300-352-256x300.jpg 256w, https:\/\/ventilatsiooniseade.ee\/wp-content\/uploads\/2015\/03\/Micra-150-E-punkt-2-300-352-80x94.jpg 80w\" sizes=\"auto, (max-width: 300px) 100vw, 300px\" \/><\/a><\/p>\n<p>&nbsp;<\/p>\n<p>&nbsp;<\/p>\n<p>&nbsp;<\/p>\n<p>&nbsp;<\/p>\n<p>&nbsp;<\/p>\n<p>&nbsp;<\/p>\n<p>&nbsp;<\/p>\n<p>&nbsp;<\/p>\n<p>&nbsp;<\/p>\n<p>&nbsp;<\/p>\n<p>&nbsp;<\/p>\n<p>&nbsp;<\/p>\n<p>Avadesse paigaldatakse plastikust \u00f5hutorud. Konduktor fikseerib \u00f5hutorud \u00f5igesse asendis, et sobitada torude ja avad kohakuti. Seina v\u00e4lisk\u00fcljele monteeritakse kahekordne metallist kate, mis kaitseb seadet sinna vee ja esemete sattumise eest. Seej\u00e4rel t\u00e4idetakse praod\/l\u00f5hed seina ja \u00f5hutorude vahel \u00a0montaa\u017evahuga (selleks on etten\u00e4htud eraldi avad). Kui vaht k\u00f5veneb, eemaldatakse \u0161abloon ja \u00f5hutorude j\u00e4\u00e4gid l\u00f5igatakse maha. Korpuse montaa\u017ei jaoks on vaja avada seadme esipaneel ja v\u00f5tta v\u00e4lja soojusvaheti. Korpus monteeritakse plastikust torudega \u00f5hukanali k\u00fclge kruvide abil. Seade \u00fchendatakse pistikuga elekriv\u00f5rku.<\/p>\n<p><a href=\"https:\/\/ventilatsiooniseade.ee\/wp-content\/uploads\/2015\/03\/Micra-150-E-punkt-3-300-352.jpg\"><img loading=\"lazy\" decoding=\"async\" class=\"alignleft size-full wp-image-74\" src=\"https:\/\/ventilatsiooniseade.ee\/wp-content\/uploads\/2015\/03\/Micra-150-E-punkt-3-300-352.jpg\" alt=\"Micra-150-E-punkt-3-300-352\" width=\"300\" height=\"352\" srcset=\"https:\/\/ventilatsiooniseade.ee\/wp-content\/uploads\/2015\/03\/Micra-150-E-punkt-3-300-352.jpg 300w, https:\/\/ventilatsiooniseade.ee\/wp-content\/uploads\/2015\/03\/Micra-150-E-punkt-3-300-352-256x300.jpg 256w, https:\/\/ventilatsiooniseade.ee\/wp-content\/uploads\/2015\/03\/Micra-150-E-punkt-3-300-352-80x94.jpg 80w\" sizes=\"auto, (max-width: 300px) 100vw, 300px\" \/><\/a><\/p>\n<p><a href=\"https:\/\/ventilatsiooniseade.ee\/wp-content\/uploads\/2015\/03\/Micra-150-E-punkt-4-300-352.jpg\"><img loading=\"lazy\" decoding=\"async\" class=\"alignleft size-full wp-image-76\" src=\"https:\/\/ventilatsiooniseade.ee\/wp-content\/uploads\/2015\/03\/Micra-150-E-punkt-4-300-352.jpg\" alt=\"Micra-150-E-punkt-4-300-352\" width=\"300\" height=\"351\" srcset=\"https:\/\/ventilatsiooniseade.ee\/wp-content\/uploads\/2015\/03\/Micra-150-E-punkt-4-300-352.jpg 300w, https:\/\/ventilatsiooniseade.ee\/wp-content\/uploads\/2015\/03\/Micra-150-E-punkt-4-300-352-256x300.jpg 256w, https:\/\/ventilatsiooniseade.ee\/wp-content\/uploads\/2015\/03\/Micra-150-E-punkt-4-300-352-80x94.jpg 80w\" sizes=\"auto, (max-width: 300px) 100vw, 300px\" \/><\/a><\/p>\n<p>&nbsp;<\/p>\n<p>&nbsp;<\/p>\n<p>&nbsp;<\/p>\n<p>&nbsp;<\/p>\n<p>&nbsp;<\/p>\n<p>&nbsp;<\/p>\n<p>&nbsp;<\/p>\n<p>&nbsp;<\/p>\n<p>&nbsp;<\/p>\n<p>&nbsp;<\/p>\n<p>&nbsp;<\/p>\n<p>&nbsp;<\/p>\n<p>Vajadusel v\u00f5ib seadmne \u00fchendada elektriv\u00f5rku ka klemmiv\u00e4ljundi kaudu. Selleks on vaja pistikuga toitejuhe seadme klemmkarbist lahti \u00fchendada ja selle asemele \u00fchendada eelevalt v\u00e4ljutatud elektriv\u00f5rgu juhtmed. Korpuse montaa\u017ei ja elektri\u00fchendamise j\u00e4rel on tarvis paigaldada tagasi soojusvaheti ja sulgeda esipaneel. Seade on valmis t\u00f6\u00f6ks.<\/p>\n<p>Maksimaalse ventilatsioons\u00fcsteemi efektiivsuse loomiseks lisaks seadmele MIKRA 150 E soovitame paigaldada tualetruumi v\u00e4ljapuhke ventilaatori <span style=\"text-decoration: underline; color: #0000ff;\"><a style=\"color: #0000ff; text-decoration: underline;\" href=\"https:\/\/ventilatsiooniseade.ee\/?product_cat=vents-vn-seeria\" target=\"_blank\">VENTS VN<\/a><\/span> seeriast.<\/p>\n<p>&nbsp;<\/p>\n<p><strong>Lisad<\/strong><\/p>\n<ul>\n<li><a href=\"https:\/\/ventilatsiooniseade.ee\/wp-content\/uploads\/2015\/03\/Micra-MK150-3002.jpg\"><img loading=\"lazy\" decoding=\"async\" class=\"alignleft size-full wp-image-202\" src=\"https:\/\/ventilatsiooniseade.ee\/wp-content\/uploads\/2015\/03\/Micra-MK150-3002.jpg\" alt=\"Micra-MK150-300\" width=\"340\" height=\"311\" srcset=\"https:\/\/ventilatsiooniseade.ee\/wp-content\/uploads\/2015\/03\/Micra-MK150-3002.jpg 340w, https:\/\/ventilatsiooniseade.ee\/wp-content\/uploads\/2015\/03\/Micra-MK150-3002-300x274.jpg 300w, https:\/\/ventilatsiooniseade.ee\/wp-content\/uploads\/2015\/03\/Micra-MK150-3002-80x73.jpg 80w\" sizes=\"auto, (max-width: 340px) 100vw, 340px\" \/><\/a><span style=\"text-decoration: underline; color: #0000ff;\"><a style=\"color: #0000ff;\" title=\"Paigalduskomplekt MK Micra 150 E\" href=\"https:\/\/ventilatsiooniseade.ee\/?product=paigalduskomplekt-mk-micra-150-e\">Paigalduskomplekt MK MICRA 150<\/a>:<\/span><\/li>\n<li>Kaks plastikust \u00f5jujuha (\u00d8 125 mm, pikkus 500 mm);<\/li>\n<\/ul>\n<p>Kahekordne metallist v\u00e4lisava kate.<\/p>\n","protected":false},"excerpt":{"rendered":"<p>Ruumip\u00f5hine soojustagastuse ja \u00f5hu lisasoojendusega ventilatsiooniseade. Seade on m\u00f5eldud lahendamaks ventilatsiooniprobleeme nii \u00e4ri- kui eluruumides, korterites ja maamajades. Micra 150 E on m\u00f5istlik\u00a0lahendus sellistes olukordads, kus kasutuses olevat eluruumi ei soovita suurejooneliselt \u00fcmberehitama hakata. Seda seadet on lihtne paigaldada ja ei ole vaja ventilatsioonitorusid laiali vedada.<\/p>\n<p>Maksimaalne \u00f5huvahetus\u00a0&#8211; 150 m<sup>3<\/sup>\/h.<\/p>\n","protected":false},"featured_media":60,"comment_status":"closed","ping_status":"closed","template":"","meta":[],"product_brand":[],"product_cat":[130,20],"product_tag":[],"class_list":{"0":"post-59","1":"product","2":"type-product","3":"status-publish","4":"has-post-thumbnail","6":"product_cat-hea-hind","7":"product_cat-ruumipohised-seadmed","9":"first","10":"instock","11":"shipping-taxable","12":"purchasable","13":"product-type-simple"},"_links":{"self":[{"href":"https:\/\/ventilatsiooniseade.ee\/index.php?rest_route=\/wp\/v2\/product\/59","targetHints":{"allow":["GET"]}}],"collection":[{"href":"https:\/\/ventilatsiooniseade.ee\/index.php?rest_route=\/wp\/v2\/product"}],"about":[{"href":"https:\/\/ventilatsiooniseade.ee\/index.php?rest_route=\/wp\/v2\/types\/product"}],"replies":[{"embeddable":true,"href":"https:\/\/ventilatsiooniseade.ee\/index.php?rest_route=%2Fwp%2Fv2%2Fcomments&post=59"}],"wp:featuredmedia":[{"embeddable":true,"href":"https:\/\/ventilatsiooniseade.ee\/index.php?rest_route=\/wp\/v2\/media\/60"}],"wp:attachment":[{"href":"https:\/\/ventilatsiooniseade.ee\/index.php?rest_route=%2Fwp%2Fv2%2Fmedia&parent=59"}],"wp:term":[{"taxonomy":"product_brand","embeddable":true,"href":"https:\/\/ventilatsiooniseade.ee\/index.php?rest_route=%2Fwp%2Fv2%2Fproduct_brand&post=59"},{"taxonomy":"product_cat","embeddable":true,"href":"https:\/\/ventilatsiooniseade.ee\/index.php?rest_route=%2Fwp%2Fv2%2Fproduct_cat&post=59"},{"taxonomy":"product_tag","embeddable":true,"href":"https:\/\/ventilatsiooniseade.ee\/index.php?rest_route=%2Fwp%2Fv2%2Fproduct_tag&post=59"}],"curies":[{"name":"wp","href":"https:\/\/api.w.org\/{rel}","templated":true}]}}