{"id":5857,"date":"2024-03-01T10:20:35","date_gmt":"2024-03-01T08:20:35","guid":{"rendered":"http:\/\/ventilatsiooniseade.ee\/?product=veekalorifeer-vents-nkv-%e2%88%85250-4"},"modified":"2024-03-01T12:57:05","modified_gmt":"2024-03-01T10:57:05","slug":"veekalorifeer-vents-nkv-%e2%88%85250-4","status":"publish","type":"product","link":"https:\/\/ventilatsiooniseade.ee\/?product=veekalorifeer-vents-nkv-%e2%88%85250-4","title":{"rendered":"Veekalorifeer Vents NKV \u2205250-4"},"content":{"rendered":"<p>M\u00f5\u00f5dud:<\/p>\n<p><a href=\"https:\/\/ventilatsiooniseade.ee\/wp-content\/uploads\/2024\/03\/NKV250-4.png\"><img loading=\"lazy\" decoding=\"async\" class=\"aligncenter size-large wp-image-5858\" src=\"https:\/\/ventilatsiooniseade.ee\/wp-content\/uploads\/2024\/03\/NKV250-4-1024x447.png\" alt=\"NKV250-4\" width=\"1024\" height=\"447\" srcset=\"https:\/\/ventilatsiooniseade.ee\/wp-content\/uploads\/2024\/03\/NKV250-4-1024x447.png 1024w, https:\/\/ventilatsiooniseade.ee\/wp-content\/uploads\/2024\/03\/NKV250-4-470x205.png 470w, https:\/\/ventilatsiooniseade.ee\/wp-content\/uploads\/2024\/03\/NKV250-4-300x131.png 300w, https:\/\/ventilatsiooniseade.ee\/wp-content\/uploads\/2024\/03\/NKV250-4-768x335.png 768w, https:\/\/ventilatsiooniseade.ee\/wp-content\/uploads\/2024\/03\/NKV250-4-80x35.png 80w, https:\/\/ventilatsiooniseade.ee\/wp-content\/uploads\/2024\/03\/NKV250-4.png 1183w\" sizes=\"auto, (max-width: 1024px) 100vw, 1024px\" \/><\/a><\/p>\n","protected":false},"excerpt":{"rendered":"<p>NKV veekalorifeer on m\u00f5eldud sissepuhke\u00f5hu soojendamiseks \u00fcmarate ventilatsioonis\u00fcsteemide\u00a0 puhul. Seda kalorifeeri saab kasutada sissepuhke v\u00f5i sissepuhke- ja v\u00e4ljat\u00f5mbeventilatsiooniseadmetes.<\/p>\n<p><a href=\"https:\/\/ventilation-system.com\/download\/2936\/\"><span style=\"color: #0000ff;\"><strong>Infoleht<\/strong><\/span><\/a><\/p>\n","protected":false},"featured_media":2896,"comment_status":"closed","ping_status":"closed","template":"","meta":[],"product_brand":[],"product_cat":[131],"product_tag":[],"class_list":{"0":"post-5857","1":"product","2":"type-product","3":"status-publish","4":"has-post-thumbnail","6":"product_cat-kalorifeerid","8":"first","9":"instock","10":"shipping-taxable","11":"purchasable","12":"product-type-simple"},"_links":{"self":[{"href":"https:\/\/ventilatsiooniseade.ee\/index.php?rest_route=\/wp\/v2\/product\/5857","targetHints":{"allow":["GET"]}}],"collection":[{"href":"https:\/\/ventilatsiooniseade.ee\/index.php?rest_route=\/wp\/v2\/product"}],"about":[{"href":"https:\/\/ventilatsiooniseade.ee\/index.php?rest_route=\/wp\/v2\/types\/product"}],"replies":[{"embeddable":true,"href":"https:\/\/ventilatsiooniseade.ee\/index.php?rest_route=%2Fwp%2Fv2%2Fcomments&post=5857"}],"wp:featuredmedia":[{"embeddable":true,"href":"https:\/\/ventilatsiooniseade.ee\/index.php?rest_route=\/wp\/v2\/media\/2896"}],"wp:attachment":[{"href":"https:\/\/ventilatsiooniseade.ee\/index.php?rest_route=%2Fwp%2Fv2%2Fmedia&parent=5857"}],"wp:term":[{"taxonomy":"product_brand","embeddable":true,"href":"https:\/\/ventilatsiooniseade.ee\/index.php?rest_route=%2Fwp%2Fv2%2Fproduct_brand&post=5857"},{"taxonomy":"product_cat","embeddable":true,"href":"https:\/\/ventilatsiooniseade.ee\/index.php?rest_route=%2Fwp%2Fv2%2Fproduct_cat&post=5857"},{"taxonomy":"product_tag","embeddable":true,"href":"https:\/\/ventilatsiooniseade.ee\/index.php?rest_route=%2Fwp%2Fv2%2Fproduct_tag&post=5857"}],"curies":[{"name":"wp","href":"https:\/\/api.w.org\/{rel}","templated":true}]}}