{"id":5849,"date":"2024-03-01T09:59:20","date_gmt":"2024-03-01T07:59:20","guid":{"rendered":"http:\/\/ventilatsiooniseade.ee\/?product=eelkutte-kalorifeer-vents-nkp-%e2%88%85160-20-1"},"modified":"2024-03-01T12:34:14","modified_gmt":"2024-03-01T10:34:14","slug":"eelkutte-kalorifeer-vents-nkp-%e2%88%85160-20-1","status":"publish","type":"product","link":"https:\/\/ventilatsiooniseade.ee\/?product=eelkutte-kalorifeer-vents-nkp-%e2%88%85160-20-1","title":{"rendered":"Eelk\u00fctte kalorifeer Vents NKP \u2205160 2,0-1"},"content":{"rendered":"<p>M\u00f5\u00f5dud:<\/p>\n<p><a href=\"https:\/\/ventilatsiooniseade.ee\/wp-content\/uploads\/2024\/03\/NKP-160-20-1.png\"><img loading=\"lazy\" decoding=\"async\" class=\"aligncenter size-large wp-image-5850\" src=\"https:\/\/ventilatsiooniseade.ee\/wp-content\/uploads\/2024\/03\/NKP-160-20-1-1024x394.png\" alt=\"NKP 160-2,0-1\" width=\"1024\" height=\"394\" srcset=\"https:\/\/ventilatsiooniseade.ee\/wp-content\/uploads\/2024\/03\/NKP-160-20-1-1024x394.png 1024w, https:\/\/ventilatsiooniseade.ee\/wp-content\/uploads\/2024\/03\/NKP-160-20-1-470x181.png 470w, https:\/\/ventilatsiooniseade.ee\/wp-content\/uploads\/2024\/03\/NKP-160-20-1-300x115.png 300w, https:\/\/ventilatsiooniseade.ee\/wp-content\/uploads\/2024\/03\/NKP-160-20-1-768x295.png 768w, https:\/\/ventilatsiooniseade.ee\/wp-content\/uploads\/2024\/03\/NKP-160-20-1-80x31.png 80w, https:\/\/ventilatsiooniseade.ee\/wp-content\/uploads\/2024\/03\/NKP-160-20-1.png 1181w\" sizes=\"auto, (max-width: 1024px) 100vw, 1024px\" \/><\/a><\/p>\n","protected":false},"excerpt":{"rendered":"<p>Ventilatsioonikanali elektriline k\u00fctteseade mis kaitseb soojusvahetit k\u00fclmumise eest. Tagab sissepuhke\u00f5hu eelsoojendamise ja s\u00e4ilitab sissepuhke\u00f5hukanalis piisava temperatuuri, mis ei lase soojusvahetil k\u00fclmuda.<\/p>\n<p><span style=\"text-decoration: underline;\"><span style=\"color: #ff0000; text-decoration: underline;\">\u00dchildub ainult Vents seadmega mis on juhitav juhtpuldiga A11\/A21.<\/span><\/span><\/p>\n<p><a href=\"https:\/\/ventilation-system.com\/download\/2045\/\"><span style=\"color: #0000ff;\"><strong>Infoleht<\/strong><\/span><\/a><\/p>\n","protected":false},"featured_media":2870,"comment_status":"closed","ping_status":"closed","template":"","meta":[],"product_brand":[],"product_cat":[131],"product_tag":[],"class_list":{"0":"post-5849","1":"product","2":"type-product","3":"status-publish","4":"has-post-thumbnail","6":"product_cat-kalorifeerid","8":"first","9":"instock","10":"shipping-taxable","11":"purchasable","12":"product-type-simple"},"_links":{"self":[{"href":"https:\/\/ventilatsiooniseade.ee\/index.php?rest_route=\/wp\/v2\/product\/5849","targetHints":{"allow":["GET"]}}],"collection":[{"href":"https:\/\/ventilatsiooniseade.ee\/index.php?rest_route=\/wp\/v2\/product"}],"about":[{"href":"https:\/\/ventilatsiooniseade.ee\/index.php?rest_route=\/wp\/v2\/types\/product"}],"replies":[{"embeddable":true,"href":"https:\/\/ventilatsiooniseade.ee\/index.php?rest_route=%2Fwp%2Fv2%2Fcomments&post=5849"}],"wp:featuredmedia":[{"embeddable":true,"href":"https:\/\/ventilatsiooniseade.ee\/index.php?rest_route=\/wp\/v2\/media\/2870"}],"wp:attachment":[{"href":"https:\/\/ventilatsiooniseade.ee\/index.php?rest_route=%2Fwp%2Fv2%2Fmedia&parent=5849"}],"wp:term":[{"taxonomy":"product_brand","embeddable":true,"href":"https:\/\/ventilatsiooniseade.ee\/index.php?rest_route=%2Fwp%2Fv2%2Fproduct_brand&post=5849"},{"taxonomy":"product_cat","embeddable":true,"href":"https:\/\/ventilatsiooniseade.ee\/index.php?rest_route=%2Fwp%2Fv2%2Fproduct_cat&post=5849"},{"taxonomy":"product_tag","embeddable":true,"href":"https:\/\/ventilatsiooniseade.ee\/index.php?rest_route=%2Fwp%2Fv2%2Fproduct_tag&post=5849"}],"curies":[{"name":"wp","href":"https:\/\/api.w.org\/{rel}","templated":true}]}}