{"id":5834,"date":"2024-02-29T14:51:43","date_gmt":"2024-02-29T12:51:43","guid":{"rendered":"http:\/\/ventilatsiooniseade.ee\/?post_type=product&#038;p=5834"},"modified":"2025-02-10T12:28:03","modified_gmt":"2025-02-10T10:28:03","slug":"tsentraalne-ohuniisuti-hygrobox-250","status":"publish","type":"product","link":"https:\/\/ventilatsiooniseade.ee\/?product=tsentraalne-ohuniisuti-hygrobox-250","title":{"rendered":"Helios tsentraalne \u00f5huniisuti HygroBox 250"},"content":{"rendered":"","protected":false},"excerpt":{"rendered":"<p>Elektrilise eelsoojendusega \u00f5huniisutusseade HygroBox tagab ruumi\u00f5hu p\u00fcsiva niiskuse vahemikus 40% kuni 60%. Seadet saab paigaldada ventilatsiooni- ja kliimaseadmetesse ning sellel on integreeritud elektrooniline juhtimiss\u00fcsteem. Niisutamine toimub loodusliku aurustumise p\u00f5him\u00f5ttel ning vee tase ja seadme puhtus tagatakse automaatselt. Seade on varustatud UV-C desinfitseerimiss\u00fcsteemi ja veetaseme regulaatoriga.<\/p>\n","protected":false},"featured_media":5835,"comment_status":"closed","ping_status":"closed","template":"","meta":[],"product_brand":[],"product_cat":[121],"product_tag":[],"class_list":{"0":"post-5834","1":"product","2":"type-product","3":"status-publish","4":"has-post-thumbnail","6":"product_cat-top-tooted","8":"first","9":"instock","10":"shipping-taxable","11":"purchasable","12":"product-type-simple"},"_links":{"self":[{"href":"https:\/\/ventilatsiooniseade.ee\/index.php?rest_route=\/wp\/v2\/product\/5834","targetHints":{"allow":["GET"]}}],"collection":[{"href":"https:\/\/ventilatsiooniseade.ee\/index.php?rest_route=\/wp\/v2\/product"}],"about":[{"href":"https:\/\/ventilatsiooniseade.ee\/index.php?rest_route=\/wp\/v2\/types\/product"}],"replies":[{"embeddable":true,"href":"https:\/\/ventilatsiooniseade.ee\/index.php?rest_route=%2Fwp%2Fv2%2Fcomments&post=5834"}],"wp:featuredmedia":[{"embeddable":true,"href":"https:\/\/ventilatsiooniseade.ee\/index.php?rest_route=\/wp\/v2\/media\/5835"}],"wp:attachment":[{"href":"https:\/\/ventilatsiooniseade.ee\/index.php?rest_route=%2Fwp%2Fv2%2Fmedia&parent=5834"}],"wp:term":[{"taxonomy":"product_brand","embeddable":true,"href":"https:\/\/ventilatsiooniseade.ee\/index.php?rest_route=%2Fwp%2Fv2%2Fproduct_brand&post=5834"},{"taxonomy":"product_cat","embeddable":true,"href":"https:\/\/ventilatsiooniseade.ee\/index.php?rest_route=%2Fwp%2Fv2%2Fproduct_cat&post=5834"},{"taxonomy":"product_tag","embeddable":true,"href":"https:\/\/ventilatsiooniseade.ee\/index.php?rest_route=%2Fwp%2Fv2%2Fproduct_tag&post=5834"}],"curies":[{"name":"wp","href":"https:\/\/api.w.org\/{rel}","templated":true}]}}