{"id":5810,"date":"2024-02-15T14:39:52","date_gmt":"2024-02-15T12:39:52","guid":{"rendered":"http:\/\/ventilatsiooniseade.ee\/?post_type=product&#038;p=5810"},"modified":"2024-02-19T13:18:06","modified_gmt":"2024-02-19T11:18:06","slug":"pellet-uni","status":"publish","type":"product","link":"https:\/\/ventilatsiooniseade.ee\/?product=pellet-uni","title":{"rendered":"Pellet Uni"},"content":{"rendered":"<p style=\"text-align: left;\"><a href=\"https:\/\/ventilatsiooniseade.ee\/wp-content\/uploads\/2024\/02\/Untitled-2.png\"><img loading=\"lazy\" decoding=\"async\" class=\"aligncenter size-full wp-image-5817\" src=\"https:\/\/ventilatsiooniseade.ee\/wp-content\/uploads\/2024\/02\/Untitled-2.png\" alt=\"Untitled\" width=\"800\" height=\"779\" srcset=\"https:\/\/ventilatsiooniseade.ee\/wp-content\/uploads\/2024\/02\/Untitled-2.png 800w, https:\/\/ventilatsiooniseade.ee\/wp-content\/uploads\/2024\/02\/Untitled-2-470x458.png 470w, https:\/\/ventilatsiooniseade.ee\/wp-content\/uploads\/2024\/02\/Untitled-2-300x292.png 300w, https:\/\/ventilatsiooniseade.ee\/wp-content\/uploads\/2024\/02\/Untitled-2-768x748.png 768w, https:\/\/ventilatsiooniseade.ee\/wp-content\/uploads\/2024\/02\/Untitled-2-80x78.png 80w\" sizes=\"auto, (max-width: 800px) 100vw, 800px\" \/><\/a><\/p>\n<p style=\"text-align: left;\"><a href=\"https:\/\/ventilatsiooniseade.ee\/wp-content\/uploads\/2024\/02\/Untitled-1.png\"><img loading=\"lazy\" decoding=\"async\" class=\"aligncenter size-full wp-image-5815\" src=\"https:\/\/ventilatsiooniseade.ee\/wp-content\/uploads\/2024\/02\/Untitled-1.png\" alt=\"Untitled\" width=\"824\" height=\"264\" srcset=\"https:\/\/ventilatsiooniseade.ee\/wp-content\/uploads\/2024\/02\/Untitled-1.png 824w, https:\/\/ventilatsiooniseade.ee\/wp-content\/uploads\/2024\/02\/Untitled-1-470x151.png 470w, https:\/\/ventilatsiooniseade.ee\/wp-content\/uploads\/2024\/02\/Untitled-1-300x96.png 300w, https:\/\/ventilatsiooniseade.ee\/wp-content\/uploads\/2024\/02\/Untitled-1-768x246.png 768w, https:\/\/ventilatsiooniseade.ee\/wp-content\/uploads\/2024\/02\/Untitled-1-80x26.png 80w\" sizes=\"auto, (max-width: 824px) 100vw, 824px\" \/><\/a><\/p>\n<p style=\"text-align: left;\"><span style=\"color: #0000ff;\"><strong><a style=\"color: #0000ff;\" href=\"https:\/\/www.aukstaitijoskatilai.lt\/assets\/Bandymu%20sertifikatas%20Pellet%20Uni.pdf\">Sertifikaat<\/a><\/strong><\/span><\/p>\n<p style=\"text-align: left;\"><span style=\"color: #0000ff;\"><strong><a style=\"color: #0000ff;\" href=\"https:\/\/www.aukstaitijoskatilai.lt\/assets\/pellet_uni_instruction_ee.pdf\">Kasutusjuhend<\/a><\/strong><\/span><\/p>\n<p style=\"text-align: left;\"><span style=\"color: #0000ff;\"><strong><a style=\"color: #0000ff;\" href=\"https:\/\/www.aukstaitijoskatilai.lt\/assets\/katalogas_ee.pdf\">Kataloog<\/a><\/strong><\/span><\/p>\n<p style=\"text-align: left;\"><span style=\"color: #0000ff;\"><strong><a style=\"color: #0000ff;\" href=\"https:\/\/www.aukstaitijoskatilai.lt\/assets\/pellet_uni_ee.pdf\">Tehniline spetsifikatsioon<\/a><\/strong><\/span><\/p>\n","protected":false},"excerpt":{"rendered":"<p>K\u00f5rgeima kategooria ja tehnilise tasemega graanulk\u00fctuse katel neljaosalise soojusvaheti ja keraamilise deflektoriga. Malmrest ja keraamika deflektor soodustavad ja tagavad sujuva p\u00f5lemise. See lubab saavutada katla kasuteguri \u00fcle 90%. T\u00e4isautomaatne p\u00f6\u00f6rdp\u00f5leti on ette n\u00e4htud madalama kvaliteedi ja suurema tuhasisaldusega graanulite p\u00f5letamiseks. P\u00f6\u00f6rlev p\u00f5lemiskamber aitab k\u00fctust t\u00e4ielikult p\u00f5letada ja takistab r\u00e4bu teket. Kontroller juhib k\u00f5iki katlaruumi puhastamise ja katla p\u00f5lemise protsesse.<\/p>\n<p><a href=\"https:\/\/ventilatsiooniseade.ee\/wp-content\/uploads\/2024\/02\/Untitled-3.png\"><img loading=\"lazy\" decoding=\"async\" class=\"size-full wp-image-5821 alignnone\" src=\"https:\/\/ventilatsiooniseade.ee\/wp-content\/uploads\/2024\/02\/Untitled-3.png\" alt=\"\" width=\"220\" height=\"94\" srcset=\"https:\/\/ventilatsiooniseade.ee\/wp-content\/uploads\/2024\/02\/Untitled-3.png 220w, https:\/\/ventilatsiooniseade.ee\/wp-content\/uploads\/2024\/02\/Untitled-3-80x34.png 80w\" sizes=\"auto, (max-width: 220px) 100vw, 220px\" \/><\/a><\/p>\n","protected":false},"featured_media":5807,"comment_status":"closed","ping_status":"closed","template":"","meta":[],"product_brand":[],"product_cat":[162],"product_tag":[],"class_list":{"0":"post-5810","1":"product","2":"type-product","3":"status-publish","4":"has-post-thumbnail","6":"product_cat-katlad","8":"first","9":"instock","10":"shipping-taxable","11":"product-type-simple"},"_links":{"self":[{"href":"https:\/\/ventilatsiooniseade.ee\/index.php?rest_route=\/wp\/v2\/product\/5810","targetHints":{"allow":["GET"]}}],"collection":[{"href":"https:\/\/ventilatsiooniseade.ee\/index.php?rest_route=\/wp\/v2\/product"}],"about":[{"href":"https:\/\/ventilatsiooniseade.ee\/index.php?rest_route=\/wp\/v2\/types\/product"}],"replies":[{"embeddable":true,"href":"https:\/\/ventilatsiooniseade.ee\/index.php?rest_route=%2Fwp%2Fv2%2Fcomments&post=5810"}],"wp:featuredmedia":[{"embeddable":true,"href":"https:\/\/ventilatsiooniseade.ee\/index.php?rest_route=\/wp\/v2\/media\/5807"}],"wp:attachment":[{"href":"https:\/\/ventilatsiooniseade.ee\/index.php?rest_route=%2Fwp%2Fv2%2Fmedia&parent=5810"}],"wp:term":[{"taxonomy":"product_brand","embeddable":true,"href":"https:\/\/ventilatsiooniseade.ee\/index.php?rest_route=%2Fwp%2Fv2%2Fproduct_brand&post=5810"},{"taxonomy":"product_cat","embeddable":true,"href":"https:\/\/ventilatsiooniseade.ee\/index.php?rest_route=%2Fwp%2Fv2%2Fproduct_cat&post=5810"},{"taxonomy":"product_tag","embeddable":true,"href":"https:\/\/ventilatsiooniseade.ee\/index.php?rest_route=%2Fwp%2Fv2%2Fproduct_tag&post=5810"}],"curies":[{"name":"wp","href":"https:\/\/api.w.org\/{rel}","templated":true}]}}