{"id":5735,"date":"2026-01-21T09:27:31","date_gmt":"2026-01-21T07:27:31","guid":{"rendered":"http:\/\/ventilatsiooniseade.ee\/?product=airfi-model-130"},"modified":"2026-01-21T15:42:32","modified_gmt":"2026-01-21T13:42:32","slug":"airfi-model-130","status":"publish","type":"product","link":"https:\/\/ventilatsiooniseade.ee\/?product=airfi-model-130","title":{"rendered":"Airfi mudel 130"},"content":{"rendered":"<p style=\"text-align: justify;\"><a href=\"https:\/\/ventilatsiooniseade.ee\/wp-content\/uploads\/2023\/11\/Airfi-KHH-A.png\"><img loading=\"lazy\" decoding=\"async\" class=\"wp-image-5720 alignright\" src=\"https:\/\/ventilatsiooniseade.ee\/wp-content\/uploads\/2023\/11\/Airfi-KHH-A-1024x1024.png\" alt=\"Airfi\" width=\"1166\" height=\"1166\" srcset=\"https:\/\/ventilatsiooniseade.ee\/wp-content\/uploads\/2023\/11\/Airfi-KHH-A-1024x1024.png 1024w, https:\/\/ventilatsiooniseade.ee\/wp-content\/uploads\/2023\/11\/Airfi-KHH-A-195x195.png 195w, https:\/\/ventilatsiooniseade.ee\/wp-content\/uploads\/2023\/11\/Airfi-KHH-A-100x100.png 100w, https:\/\/ventilatsiooniseade.ee\/wp-content\/uploads\/2023\/11\/Airfi-KHH-A-470x470.png 470w, https:\/\/ventilatsiooniseade.ee\/wp-content\/uploads\/2023\/11\/Airfi-KHH-A-150x150.png 150w, https:\/\/ventilatsiooniseade.ee\/wp-content\/uploads\/2023\/11\/Airfi-KHH-A-300x300.png 300w, https:\/\/ventilatsiooniseade.ee\/wp-content\/uploads\/2023\/11\/Airfi-KHH-A-768x768.png 768w, https:\/\/ventilatsiooniseade.ee\/wp-content\/uploads\/2023\/11\/Airfi-KHH-A-80x80.png 80w\" sizes=\"auto, (max-width: 1166px) 100vw, 1166px\" \/><\/a><\/p>\n<p>&nbsp;<\/p>\n<p>* <strong>Niiskuse automatiseerimine<\/strong><br \/>\nP\u00f5hivarustusse kuulub turu k\u00f5ige intelligentsem<br \/>\nn\u00f5udlusp\u00f5hine niiskuse automatiseerimine (Model 60, 100, 130 ja 150).<\/p>\n<p><strong>* Suur elamismugavus<\/strong><br \/>\nEnergiat\u00f5husa ja vaikse seadme kasutamine on lihtne ja pingevaba<\/p>\n<p><strong>* Kiire paigaldus<\/strong><br \/>\nKiire ja lihtne paigaldamine laekinnitusega.<\/p>\n<p><strong>* \u00dchtlane soojus<\/strong><br \/>\nSeadmel on intelligentne kaskaadjuhtimisega<br \/>\nm\u00f6\u00f6daviiguklapp, mis v\u00f5tab arvesse temperatuuri k\u00f5ikumisi.<\/p>\n<p><strong>* Airfi\u2122- tehnoloogia<\/strong><br \/>\nAirfi\u2122-i k\u00fclmakaitse tagab teie kodus pideva ventilatsiooni.<\/p>\n<p><strong>* Seadme juhtseadmed<\/strong><br \/>\nSeadet saab juhtida juhtpaneeli v\u00f5i Airfi rakenduse abil.<\/p>\n<p><strong>* Kondensaadi eemaldamine<\/strong><br \/>\nT\u00e4nu kalde all olevale sisemisele p\u00f5hjale eemaldatakse<br \/>\nkondenatsioonivesi t\u00f5husalt.<\/p>\n<p><strong>* Hooneautomaatika juhts\u00fcsteemid<\/strong><br \/>\nP\u00f5hivarustusse kuulub \u00fchenduvus tavalise<br \/>\nkoduautomaatika s\u00fcsteemidega.<\/p>\n<table width=\"888\">\n<tbody>\n<tr>\n<td width=\"231\">Tehnilised andmed:<\/td>\n<td width=\"219\"><\/td>\n<td width=\"219\"><\/td>\n<td width=\"219\"><\/td>\n<\/tr>\n<tr>\n<td><\/td>\n<td>Model 60<\/td>\n<td>Model 100<\/td>\n<td>Model 130<\/td>\n<\/tr>\n<tr>\n<td>M\u00f5\u00f5tmed (laius x k\u00f5rgus x s\u00fcgavus)<\/td>\n<td>558 x 450 x 558<\/td>\n<td>558 x 490 x 558<\/td>\n<td>558 x 490 x 558<\/td>\n<\/tr>\n<tr>\n<td>Kaal<\/td>\n<td>44 kg<\/td>\n<td>46 kg<\/td>\n<td>46 kg<\/td>\n<\/tr>\n<tr>\n<td>Kanalite v\u00e4ljumisavad<\/td>\n<td>4 x 160,1 x 125<\/td>\n<td>4 x 160,1 x 125<\/td>\n<td>4 x 160,1 x 125<\/td>\n<\/tr>\n<tr>\n<td>K\u00f6\u00f6gi m\u00f6\u00f6daviik<\/td>\n<td>P\u00f5hivarustus<\/td>\n<td>P\u00f5hivarustus<\/td>\n<td>P\u00f5hivarustus<\/td>\n<\/tr>\n<tr>\n<td>Kondensaadi seadmestik<\/td>\n<td>Keskel, 66 mm tagumisest servast<\/td>\n<td>Keskel, 66 mm tagumisest servast<\/td>\n<td>Keskel, 66 mm tagumisest servast<\/td>\n<\/tr>\n<tr>\n<td>Kondenatsioonivee alus<\/td>\n<td>Kalde all<\/td>\n<td>Kalde all<\/td>\n<td>Kalde all<\/td>\n<\/tr>\n<tr>\n<td width=\"231\">Maksimaalne v\u00e4ljat\u00f5mbe\u00f5hu vooluhulk (100 Pa)<\/td>\n<td>107 dm\u00b3\/s<\/td>\n<td>107 dm\u00b3\/s<\/td>\n<td>142 dm\u00b3\/s<\/td>\n<\/tr>\n<tr>\n<td width=\"231\">Maksimaalne sissepuhke\u00f5hu vooluhulk (100 Pa)<\/td>\n<td>99 dm\u00b3\/s<\/td>\n<td>95 dm\u00b3\/s<\/td>\n<td>125 dm\u00b3\/s<\/td>\n<\/tr>\n<tr>\n<td>Energiatarve (SEC) k\u00fclmas kliimas<\/td>\n<td>A+<\/td>\n<td>A+<\/td>\n<td>A+<\/td>\n<\/tr>\n<tr>\n<td>Energiatarve (SEC) keskmises kliimas<\/td>\n<td>A<\/td>\n<td>A<\/td>\n<td>A<\/td>\n<\/tr>\n<tr>\n<td width=\"231\">V\u00e4ljat\u00f5mbe\u00f5hu soojustagastuse aastane kasutegur<\/td>\n<td width=\"219\">A+\/A (k\u00f6\u00f6gi m\u00f6\u00f6daviigu kasutamisel)<\/td>\n<td width=\"219\">A+\/A (k\u00f6\u00f6gi m\u00f6\u00f6daviigu kasutamisel)<\/td>\n<td width=\"219\">A+\/A (k\u00f6\u00f6gi m\u00f6\u00f6daviigu kasutamisel)<\/td>\n<\/tr>\n<tr>\n<td width=\"231\">Ventilatsiooniseadme spetsiifiline elektriv\u00f5imsuse klass \u00f5hu nimivooluhulga juures<\/td>\n<td>A<\/td>\n<td>A<\/td>\n<td>A<\/td>\n<\/tr>\n<tr>\n<td width=\"231\">Elektriline<\/td>\n<td width=\"219\">230 V, 50 Hz, 10 A, max 1165 W: Pistik<\/td>\n<td width=\"219\">230 V, 50 Hz, 10 A, max 1165 W: Pistik<\/td>\n<td width=\"219\">230 V, 50 Hz, 10 A, max 1255 W: Pistik<\/td>\n<\/tr>\n<tr>\n<td width=\"231\">Maksimaalne soovituslik p\u00f5randapind m\u00b2<\/td>\n<td>200 m\u00b2<\/td>\n<td>200 m\u00b2<\/td>\n<td>250 m\u00b2<\/td>\n<\/tr>\n<tr>\n<td>Suve-\/talvefunktsioon<\/td>\n<td><\/td>\n<td><\/td>\n<td><\/td>\n<\/tr>\n<tr>\n<td width=\"231\">Automaatne, reguleeritav<\/td>\n<td>P\u00f5hivarustus<\/td>\n<td>P\u00f5hivarustus<\/td>\n<td>P\u00f5hivarustus<\/td>\n<\/tr>\n<tr>\n<td width=\"231\">Sulatamise automaatika<\/td>\n<td><\/td>\n<td><\/td>\n<td><\/td>\n<\/tr>\n<tr>\n<td>Konstantne sissepuhke\u00f5hk, AFPS<\/td>\n<td>P\u00f5hivarustus<\/td>\n<td>P\u00f5hivarustus<\/td>\n<td>P\u00f5hivarustus<\/td>\n<\/tr>\n<tr>\n<td>J\u00e4relk\u00fctteelement<\/td>\n<td><\/td>\n<td><\/td>\n<td><\/td>\n<\/tr>\n<tr>\n<td><\/td>\n<td>920 W (elektriline)<\/td>\n<td>920 W (elektriline)<\/td>\n<td>920 W (elektriline)<\/td>\n<\/tr>\n<tr>\n<td>Seadmed<\/td>\n<td><\/td>\n<td><\/td>\n<td><\/td>\n<\/tr>\n<tr>\n<td>Laekinnitus<\/td>\n<td>Lisatarvikud<\/td>\n<td>Lisatarvikud<\/td>\n<td>Lisatarvikud<\/td>\n<\/tr>\n<tr>\n<td>Seinakinnitus<\/td>\n<td>Lisatarvikud<\/td>\n<td>Lisatarvikud<\/td>\n<td>Lisatarvikud<\/td>\n<\/tr>\n<tr>\n<td>Alus<\/td>\n<td>&#8211;<\/td>\n<td>&#8211;<\/td>\n<td>&#8211;<\/td>\n<\/tr>\n<tr>\n<td>Aurut\u00f5kke tihendusplaat<\/td>\n<td>Lisatarvikud<\/td>\n<td>Lisatarvikud<\/td>\n<td>Lisatarvikud<\/td>\n<\/tr>\n<tr>\n<td>Niiskuse m\u00f5\u00f5temuundur (sisemine)<\/td>\n<td>P\u00f5hivarustus<\/td>\n<td>P\u00f5hivarustus<\/td>\n<td>P\u00f5hivarustus<\/td>\n<\/tr>\n<tr>\n<td>S\u00fcsinikdioksiidi m\u00f5\u00f5temuundur<\/td>\n<td>Lisatarvikud<\/td>\n<td>Lisatarvikud<\/td>\n<td>Lisatarvikud<\/td>\n<\/tr>\n<tr>\n<td>Jahutuskalorifeerid<\/td>\n<td>Lisatarvikud<\/td>\n<td>Lisatarvikud<\/td>\n<td>Lisatarvikud<\/td>\n<\/tr>\n<tr>\n<td>Filtri kaitse<\/td>\n<td>Lisatarvikud<\/td>\n<td>Lisatarvikud<\/td>\n<td>Lisatarvikud<\/td>\n<\/tr>\n<tr>\n<td>Konstantse r\u00f5hu reguleerimine<\/td>\n<td>Lisatarvikud<\/td>\n<td>Lisatarvikud<\/td>\n<td>Lisatarvikud<\/td>\n<\/tr>\n<tr>\n<td>Vedrutagastusklapp<\/td>\n<td>Lisatarvikud<\/td>\n<td>Lisatarvikud<\/td>\n<td>Lisatarvikud<\/td>\n<\/tr>\n<tr>\n<td>Airfi KNX-adapter<\/td>\n<td>Lisatarvikud<\/td>\n<td>Lisatarvikud<\/td>\n<td>Lisatarvikud<\/td>\n<\/tr>\n<tr>\n<td>Juhtseadised<\/td>\n<td><\/td>\n<td><\/td>\n<td><\/td>\n<\/tr>\n<tr>\n<td>Uno, sento, Mille-Wire, Mille-Wifi<\/td>\n<td>P\u00f5hivarustus<\/td>\n<td>P\u00f5hivarustus<\/td>\n<td>P\u00f5hivarustus<\/td>\n<\/tr>\n<tr>\n<td>Juhtkubud<\/td>\n<td>P\u00f5hivarustus<\/td>\n<td>P\u00f5hivarustus<\/td>\n<td>P\u00f5hivarustus<\/td>\n<\/tr>\n<tr>\n<td width=\"231\">Juhtkeskus, DDC, 10 V DC, m\u00f5\u00f5temuunduri juhtseadmed, Modbus RTU\/TCP, Ethernet<\/td>\n<td>P\u00f5hivarustus<\/td>\n<td>P\u00f5hivarustus<\/td>\n<td>P\u00f5hivarustus<\/td>\n<\/tr>\n<\/tbody>\n<\/table>\n","protected":false},"excerpt":{"rendered":"<p>Airfi ventilatsiooniseadmed tagavad v\u00e4rske ja tervisliku sise\u00f5hu. Airfi uued ventilatsiooniseadmed on kavandatud vastama P\u00f5hjamaade n\u00f5udlikele tingimustele. Airfi tootevalikust leiate sobiva seadme nii \u00fchepereelamute, ridaelamute, korterelamute, avalike asutuste kui ka kontorite jaoks. Airfi seadmetel on t\u00f5hustatud \u00f5hukuivatuse funktsioon, mis toimib l\u00e4bi seadme alumise osa ning tagab t\u00f5husa ja energias\u00e4\u00e4stliku t\u00f6\u00f6 ka k\u00fclmade perioodide ajal.<\/p>\n<p>Kompaktseid ventilatsiooniseadmeid Airfi Model 60, Model 100 ja Model 130 saab paigaldada kappi. Seadmed on ainult 558 mm laiad.<\/p>\n<p><a href=\"https:\/\/ventilatsiooniseade.ee\/wp-content\/uploads\/2024\/05\/Kataloog.pdf\"><span style=\"color: #0000ff;\"><strong>Airfi kataloog<\/strong><\/span><\/a><\/p>\n","protected":false},"featured_media":6385,"comment_status":"closed","ping_status":"closed","template":"","meta":[],"product_brand":[],"product_cat":[121,13,159],"product_tag":[],"class_list":{"0":"post-5735","1":"product","2":"type-product","3":"status-publish","4":"has-post-thumbnail","6":"product_cat-top-tooted","7":"product_cat-ventilatsiooniseadmed","8":"product_cat-airfi","10":"first","11":"instock","12":"shipping-taxable","13":"product-type-simple"},"_links":{"self":[{"href":"https:\/\/ventilatsiooniseade.ee\/index.php?rest_route=\/wp\/v2\/product\/5735","targetHints":{"allow":["GET"]}}],"collection":[{"href":"https:\/\/ventilatsiooniseade.ee\/index.php?rest_route=\/wp\/v2\/product"}],"about":[{"href":"https:\/\/ventilatsiooniseade.ee\/index.php?rest_route=\/wp\/v2\/types\/product"}],"replies":[{"embeddable":true,"href":"https:\/\/ventilatsiooniseade.ee\/index.php?rest_route=%2Fwp%2Fv2%2Fcomments&post=5735"}],"wp:featuredmedia":[{"embeddable":true,"href":"https:\/\/ventilatsiooniseade.ee\/index.php?rest_route=\/wp\/v2\/media\/6385"}],"wp:attachment":[{"href":"https:\/\/ventilatsiooniseade.ee\/index.php?rest_route=%2Fwp%2Fv2%2Fmedia&parent=5735"}],"wp:term":[{"taxonomy":"product_brand","embeddable":true,"href":"https:\/\/ventilatsiooniseade.ee\/index.php?rest_route=%2Fwp%2Fv2%2Fproduct_brand&post=5735"},{"taxonomy":"product_cat","embeddable":true,"href":"https:\/\/ventilatsiooniseade.ee\/index.php?rest_route=%2Fwp%2Fv2%2Fproduct_cat&post=5735"},{"taxonomy":"product_tag","embeddable":true,"href":"https:\/\/ventilatsiooniseade.ee\/index.php?rest_route=%2Fwp%2Fv2%2Fproduct_tag&post=5735"}],"curies":[{"name":"wp","href":"https:\/\/api.w.org\/{rel}","templated":true}]}}