{"id":5649,"date":"2023-09-25T13:14:12","date_gmt":"2023-09-25T10:14:12","guid":{"rendered":"http:\/\/ventilatsiooniseade.ee\/?product=plafooni-topelt-uhenduspolv-o125"},"modified":"2023-09-25T13:15:53","modified_gmt":"2023-09-25T10:15:53","slug":"plafooni-topelt-uhenduspolv-o125","status":"publish","type":"product","link":"https:\/\/ventilatsiooniseade.ee\/?product=plafooni-topelt-uhenduspolv-o125","title":{"rendered":"Plafooni topelt \u00fchendusp\u00f5lv \u00f8125"},"content":{"rendered":"","protected":false},"excerpt":{"rendered":"","protected":false},"featured_media":5650,"comment_status":"closed","ping_status":"closed","template":"","meta":[],"product_brand":[],"product_cat":[158],"product_tag":[],"class_list":{"0":"post-5649","1":"product","2":"type-product","3":"status-publish","4":"has-post-thumbnail","6":"product_cat-renson-easyflex-2","8":"first","9":"instock","10":"shipping-taxable","11":"purchasable","12":"product-type-simple"},"_links":{"self":[{"href":"https:\/\/ventilatsiooniseade.ee\/index.php?rest_route=\/wp\/v2\/product\/5649","targetHints":{"allow":["GET"]}}],"collection":[{"href":"https:\/\/ventilatsiooniseade.ee\/index.php?rest_route=\/wp\/v2\/product"}],"about":[{"href":"https:\/\/ventilatsiooniseade.ee\/index.php?rest_route=\/wp\/v2\/types\/product"}],"replies":[{"embeddable":true,"href":"https:\/\/ventilatsiooniseade.ee\/index.php?rest_route=%2Fwp%2Fv2%2Fcomments&post=5649"}],"wp:featuredmedia":[{"embeddable":true,"href":"https:\/\/ventilatsiooniseade.ee\/index.php?rest_route=\/wp\/v2\/media\/5650"}],"wp:attachment":[{"href":"https:\/\/ventilatsiooniseade.ee\/index.php?rest_route=%2Fwp%2Fv2%2Fmedia&parent=5649"}],"wp:term":[{"taxonomy":"product_brand","embeddable":true,"href":"https:\/\/ventilatsiooniseade.ee\/index.php?rest_route=%2Fwp%2Fv2%2Fproduct_brand&post=5649"},{"taxonomy":"product_cat","embeddable":true,"href":"https:\/\/ventilatsiooniseade.ee\/index.php?rest_route=%2Fwp%2Fv2%2Fproduct_cat&post=5649"},{"taxonomy":"product_tag","embeddable":true,"href":"https:\/\/ventilatsiooniseade.ee\/index.php?rest_route=%2Fwp%2Fv2%2Fproduct_tag&post=5649"}],"curies":[{"name":"wp","href":"https:\/\/api.w.org\/{rel}","templated":true}]}}