{"id":5599,"date":"2023-08-25T15:52:02","date_gmt":"2023-08-25T12:52:02","guid":{"rendered":"http:\/\/ventilatsiooniseade.ee\/?product=filter-f7-sfk-330x112x17-vut-300-e2v-ec-1-tk"},"modified":"2025-03-26T14:13:15","modified_gmt":"2025-03-26T12:13:15","slug":"filter-f7-sfk-330x112x17-vut-300-e2v-ec-1-tk","status":"publish","type":"product","link":"https:\/\/ventilatsiooniseade.ee\/?product=filter-f7-sfk-330x112x17-vut-300-e2v-ec-1-tk","title":{"rendered":"Filter F7 SFK 330x112x17 (VUT 300 E2V EC)-1 TK"},"content":{"rendered":"","protected":false},"excerpt":{"rendered":"<p>Filter F7\u00a0 SFK 330x112x17 sobib seadmetele VUT 300 E2V EC.<\/p>\n<p><span class=\"jCAhz ChMk0b\"><span class=\"ryNqvb\">M\u00f5\u00f5dud (mm):<\/span><\/span><br \/>\n<span class=\"jCAhz ChMk0b\"><span class=\"ryNqvb\">Sissepuhke\u00f5hu filter: 330x112x17 (F7)<\/span><\/span><br \/>\n<span class=\"jCAhz ChMk0b\"><span class=\"ryNqvb\">V\u00e4ljat\u00f5mbe\u00f5hu filter: 330x112x17 (G4)<\/span><\/span><\/p>\n","protected":false},"featured_media":5584,"comment_status":"closed","ping_status":"closed","template":"","meta":[],"product_brand":[],"product_cat":[139,165],"product_tag":[],"class_list":{"0":"post-5599","1":"product","2":"type-product","3":"status-publish","4":"has-post-thumbnail","6":"product_cat-filtrid-2","7":"product_cat-vents-2","9":"first","10":"instock","11":"shipping-taxable","12":"purchasable","13":"product-type-simple"},"_links":{"self":[{"href":"https:\/\/ventilatsiooniseade.ee\/index.php?rest_route=\/wp\/v2\/product\/5599","targetHints":{"allow":["GET"]}}],"collection":[{"href":"https:\/\/ventilatsiooniseade.ee\/index.php?rest_route=\/wp\/v2\/product"}],"about":[{"href":"https:\/\/ventilatsiooniseade.ee\/index.php?rest_route=\/wp\/v2\/types\/product"}],"replies":[{"embeddable":true,"href":"https:\/\/ventilatsiooniseade.ee\/index.php?rest_route=%2Fwp%2Fv2%2Fcomments&post=5599"}],"wp:featuredmedia":[{"embeddable":true,"href":"https:\/\/ventilatsiooniseade.ee\/index.php?rest_route=\/wp\/v2\/media\/5584"}],"wp:attachment":[{"href":"https:\/\/ventilatsiooniseade.ee\/index.php?rest_route=%2Fwp%2Fv2%2Fmedia&parent=5599"}],"wp:term":[{"taxonomy":"product_brand","embeddable":true,"href":"https:\/\/ventilatsiooniseade.ee\/index.php?rest_route=%2Fwp%2Fv2%2Fproduct_brand&post=5599"},{"taxonomy":"product_cat","embeddable":true,"href":"https:\/\/ventilatsiooniseade.ee\/index.php?rest_route=%2Fwp%2Fv2%2Fproduct_cat&post=5599"},{"taxonomy":"product_tag","embeddable":true,"href":"https:\/\/ventilatsiooniseade.ee\/index.php?rest_route=%2Fwp%2Fv2%2Fproduct_tag&post=5599"}],"curies":[{"name":"wp","href":"https:\/\/api.w.org\/{rel}","templated":true}]}}