{"id":5597,"date":"2023-08-25T15:45:28","date_gmt":"2023-08-25T12:45:28","guid":{"rendered":"http:\/\/ventilatsiooniseade.ee\/?product=filter-g4-sf-403x253x48-vut-160250-pb-ec-1-tk"},"modified":"2025-12-03T11:07:33","modified_gmt":"2025-12-03T09:07:33","slug":"filter-g4-sf-403x253x48-vut-160250-pb-ec-1-tk","status":"publish","type":"product","link":"https:\/\/ventilatsiooniseade.ee\/?product=filter-g4-sf-403x253x48-vut-160250-pb-ec-1-tk","title":{"rendered":"Filter G4 SF 403x253x48 (VUT 160\/250 PB EC)-1 TK"},"content":{"rendered":"","protected":false},"excerpt":{"rendered":"<p>Filter G4\u00a0 SF 403x253x48 sobib seadmetele VUT 160\/250 PB EC.<\/p>\n<p><span class=\"jCAhz ChMk0b\"><span class=\"ryNqvb\">M\u00f5\u00f5dud (mm):<\/span><\/span><br \/>\n<span class=\"jCAhz ChMk0b\"><span class=\"ryNqvb\">Sissepuhke\u00f5hu filter: 403x253x48 (F7)<\/span><\/span><br \/>\n<span class=\"jCAhz ChMk0b\"><span class=\"ryNqvb\">V\u00e4ljat\u00f5mbe\u00f5hu filter: 403x253x48 (G4)<\/span><\/span><\/p>\n","protected":false},"featured_media":5584,"comment_status":"closed","ping_status":"closed","template":"","meta":[],"product_brand":[],"product_cat":[139,165],"product_tag":[],"class_list":{"0":"post-5597","1":"product","2":"type-product","3":"status-publish","4":"has-post-thumbnail","6":"product_cat-filtrid-2","7":"product_cat-vents-2","9":"first","10":"instock","11":"shipping-taxable","12":"purchasable","13":"product-type-simple"},"_links":{"self":[{"href":"https:\/\/ventilatsiooniseade.ee\/index.php?rest_route=\/wp\/v2\/product\/5597","targetHints":{"allow":["GET"]}}],"collection":[{"href":"https:\/\/ventilatsiooniseade.ee\/index.php?rest_route=\/wp\/v2\/product"}],"about":[{"href":"https:\/\/ventilatsiooniseade.ee\/index.php?rest_route=\/wp\/v2\/types\/product"}],"replies":[{"embeddable":true,"href":"https:\/\/ventilatsiooniseade.ee\/index.php?rest_route=%2Fwp%2Fv2%2Fcomments&post=5597"}],"wp:featuredmedia":[{"embeddable":true,"href":"https:\/\/ventilatsiooniseade.ee\/index.php?rest_route=\/wp\/v2\/media\/5584"}],"wp:attachment":[{"href":"https:\/\/ventilatsiooniseade.ee\/index.php?rest_route=%2Fwp%2Fv2%2Fmedia&parent=5597"}],"wp:term":[{"taxonomy":"product_brand","embeddable":true,"href":"https:\/\/ventilatsiooniseade.ee\/index.php?rest_route=%2Fwp%2Fv2%2Fproduct_brand&post=5597"},{"taxonomy":"product_cat","embeddable":true,"href":"https:\/\/ventilatsiooniseade.ee\/index.php?rest_route=%2Fwp%2Fv2%2Fproduct_cat&post=5597"},{"taxonomy":"product_tag","embeddable":true,"href":"https:\/\/ventilatsiooniseade.ee\/index.php?rest_route=%2Fwp%2Fv2%2Fproduct_tag&post=5597"}],"curies":[{"name":"wp","href":"https:\/\/api.w.org\/{rel}","templated":true}]}}