{"id":5528,"date":"2023-06-15T13:22:02","date_gmt":"2023-06-15T10:22:02","guid":{"rendered":"http:\/\/ventilatsiooniseade.ee\/?product=ventilatsioonirest-mvmpo-100s-zn"},"modified":"2023-06-15T13:24:02","modified_gmt":"2023-06-15T10:24:02","slug":"ventilatsioonirest-mvmpo-100s-zn","status":"publish","type":"product","link":"https:\/\/ventilatsiooniseade.ee\/?product=ventilatsioonirest-mvmpo-100s-zn","title":{"rendered":"Ventilatsioonirest MVMPO 100s Zn"},"content":{"rendered":"","protected":false},"excerpt":{"rendered":"<p>MVMPO 100s Zn terasest ja tsingitud ventilatsiooniava katte rest putukav\u00f5rguga (v\u00e4lism\u00f5\u00f5dud 100x100x5,5mm).<\/p>\n","protected":false},"featured_media":4969,"comment_status":"closed","ping_status":"closed","template":"","meta":[],"product_brand":[],"product_cat":[134,141],"product_tag":[],"class_list":{"0":"post-5528","1":"product","2":"type-product","3":"status-publish","4":"has-post-thumbnail","6":"product_cat-materjalid","7":"product_cat-ohurestid","9":"first","10":"instock","11":"sale","12":"shipping-taxable","13":"purchasable","14":"product-type-simple"},"_links":{"self":[{"href":"https:\/\/ventilatsiooniseade.ee\/index.php?rest_route=\/wp\/v2\/product\/5528","targetHints":{"allow":["GET"]}}],"collection":[{"href":"https:\/\/ventilatsiooniseade.ee\/index.php?rest_route=\/wp\/v2\/product"}],"about":[{"href":"https:\/\/ventilatsiooniseade.ee\/index.php?rest_route=\/wp\/v2\/types\/product"}],"replies":[{"embeddable":true,"href":"https:\/\/ventilatsiooniseade.ee\/index.php?rest_route=%2Fwp%2Fv2%2Fcomments&post=5528"}],"wp:featuredmedia":[{"embeddable":true,"href":"https:\/\/ventilatsiooniseade.ee\/index.php?rest_route=\/wp\/v2\/media\/4969"}],"wp:attachment":[{"href":"https:\/\/ventilatsiooniseade.ee\/index.php?rest_route=%2Fwp%2Fv2%2Fmedia&parent=5528"}],"wp:term":[{"taxonomy":"product_brand","embeddable":true,"href":"https:\/\/ventilatsiooniseade.ee\/index.php?rest_route=%2Fwp%2Fv2%2Fproduct_brand&post=5528"},{"taxonomy":"product_cat","embeddable":true,"href":"https:\/\/ventilatsiooniseade.ee\/index.php?rest_route=%2Fwp%2Fv2%2Fproduct_cat&post=5528"},{"taxonomy":"product_tag","embeddable":true,"href":"https:\/\/ventilatsiooniseade.ee\/index.php?rest_route=%2Fwp%2Fv2%2Fproduct_tag&post=5528"}],"curies":[{"name":"wp","href":"https:\/\/api.w.org\/{rel}","templated":true}]}}