{"id":5524,"date":"2023-06-15T12:49:03","date_gmt":"2023-06-15T09:49:03","guid":{"rendered":"http:\/\/ventilatsiooniseade.ee\/?product=ventilatsioonirest-mvm-125s-zn"},"modified":"2023-06-15T12:54:21","modified_gmt":"2023-06-15T09:54:21","slug":"ventilatsioonirest-mvm-125s-zn","status":"publish","type":"product","link":"https:\/\/ventilatsiooniseade.ee\/?product=ventilatsioonirest-mvm-125s-zn","title":{"rendered":"Ventilatsioonirest MVM 125s Zn"},"content":{"rendered":"","protected":false},"excerpt":{"rendered":"<p>MVM 125s Zn terasest ja tsingitud ventilatsiooniava katte rest putukav\u00f5rguga (v\u00e4lism\u00f5\u00f5dud 125x111x0,8mm).<\/p>\n","protected":false},"featured_media":4969,"comment_status":"closed","ping_status":"closed","template":"","meta":[],"product_brand":[],"product_cat":[130,134,141],"product_tag":[],"class_list":{"0":"post-5524","1":"product","2":"type-product","3":"status-publish","4":"has-post-thumbnail","6":"product_cat-hea-hind","7":"product_cat-materjalid","8":"product_cat-ohurestid","10":"first","11":"instock","12":"sale","13":"shipping-taxable","14":"purchasable","15":"product-type-simple"},"_links":{"self":[{"href":"https:\/\/ventilatsiooniseade.ee\/index.php?rest_route=\/wp\/v2\/product\/5524","targetHints":{"allow":["GET"]}}],"collection":[{"href":"https:\/\/ventilatsiooniseade.ee\/index.php?rest_route=\/wp\/v2\/product"}],"about":[{"href":"https:\/\/ventilatsiooniseade.ee\/index.php?rest_route=\/wp\/v2\/types\/product"}],"replies":[{"embeddable":true,"href":"https:\/\/ventilatsiooniseade.ee\/index.php?rest_route=%2Fwp%2Fv2%2Fcomments&post=5524"}],"wp:featuredmedia":[{"embeddable":true,"href":"https:\/\/ventilatsiooniseade.ee\/index.php?rest_route=\/wp\/v2\/media\/4969"}],"wp:attachment":[{"href":"https:\/\/ventilatsiooniseade.ee\/index.php?rest_route=%2Fwp%2Fv2%2Fmedia&parent=5524"}],"wp:term":[{"taxonomy":"product_brand","embeddable":true,"href":"https:\/\/ventilatsiooniseade.ee\/index.php?rest_route=%2Fwp%2Fv2%2Fproduct_brand&post=5524"},{"taxonomy":"product_cat","embeddable":true,"href":"https:\/\/ventilatsiooniseade.ee\/index.php?rest_route=%2Fwp%2Fv2%2Fproduct_cat&post=5524"},{"taxonomy":"product_tag","embeddable":true,"href":"https:\/\/ventilatsiooniseade.ee\/index.php?rest_route=%2Fwp%2Fv2%2Fproduct_tag&post=5524"}],"curies":[{"name":"wp","href":"https:\/\/api.w.org\/{rel}","templated":true}]}}