{"id":5519,"date":"2023-06-13T15:00:26","date_gmt":"2023-06-13T12:00:26","guid":{"rendered":"http:\/\/ventilatsiooniseade.ee\/?product=ventilatsioonirest-valge-mvm-200s"},"modified":"2023-06-13T15:02:38","modified_gmt":"2023-06-13T12:02:38","slug":"ventilatsioonirest-valge-mvm-200s","status":"publish","type":"product","link":"https:\/\/ventilatsiooniseade.ee\/?product=ventilatsioonirest-valge-mvm-200s","title":{"rendered":"Ventilatsioonirest valge MVM 200s"},"content":{"rendered":"","protected":false},"excerpt":{"rendered":"<p>MVM 200s terasest, kaetud valge (RAL9016) pol\u00fcmeerv\u00e4rviga ventilatsiooniava katte rest putukav\u00f5rguga (v\u00e4lism\u00f5\u00f5dud 200x182x0,8mm).<\/p>\n","protected":false},"featured_media":4969,"comment_status":"closed","ping_status":"closed","template":"","meta":[],"product_brand":[],"product_cat":[130,134,141],"product_tag":[],"class_list":{"0":"post-5519","1":"product","2":"type-product","3":"status-publish","4":"has-post-thumbnail","6":"product_cat-hea-hind","7":"product_cat-materjalid","8":"product_cat-ohurestid","10":"first","11":"instock","12":"sale","13":"shipping-taxable","14":"purchasable","15":"product-type-simple"},"_links":{"self":[{"href":"https:\/\/ventilatsiooniseade.ee\/index.php?rest_route=\/wp\/v2\/product\/5519","targetHints":{"allow":["GET"]}}],"collection":[{"href":"https:\/\/ventilatsiooniseade.ee\/index.php?rest_route=\/wp\/v2\/product"}],"about":[{"href":"https:\/\/ventilatsiooniseade.ee\/index.php?rest_route=\/wp\/v2\/types\/product"}],"replies":[{"embeddable":true,"href":"https:\/\/ventilatsiooniseade.ee\/index.php?rest_route=%2Fwp%2Fv2%2Fcomments&post=5519"}],"wp:featuredmedia":[{"embeddable":true,"href":"https:\/\/ventilatsiooniseade.ee\/index.php?rest_route=\/wp\/v2\/media\/4969"}],"wp:attachment":[{"href":"https:\/\/ventilatsiooniseade.ee\/index.php?rest_route=%2Fwp%2Fv2%2Fmedia&parent=5519"}],"wp:term":[{"taxonomy":"product_brand","embeddable":true,"href":"https:\/\/ventilatsiooniseade.ee\/index.php?rest_route=%2Fwp%2Fv2%2Fproduct_brand&post=5519"},{"taxonomy":"product_cat","embeddable":true,"href":"https:\/\/ventilatsiooniseade.ee\/index.php?rest_route=%2Fwp%2Fv2%2Fproduct_cat&post=5519"},{"taxonomy":"product_tag","embeddable":true,"href":"https:\/\/ventilatsiooniseade.ee\/index.php?rest_route=%2Fwp%2Fv2%2Fproduct_tag&post=5519"}],"curies":[{"name":"wp","href":"https:\/\/api.w.org\/{rel}","templated":true}]}}