{"id":5509,"date":"2023-06-06T14:41:50","date_gmt":"2023-06-06T11:41:50","guid":{"rendered":"http:\/\/ventilatsiooniseade.ee\/?product=air-expert-400-v-epp-classic"},"modified":"2026-01-16T12:43:36","modified_gmt":"2026-01-16T10:43:36","slug":"air-expert-400-v-epp-classic","status":"publish","type":"product","link":"https:\/\/ventilatsiooniseade.ee\/?product=air-expert-400-v-epp-classic","title":{"rendered":"AIR EXPERT 400 V EPP CLASSIC"},"content":{"rendered":"<table dir=\"ltr\" border=\"1\" width=\"556\" cellspacing=\"0\" cellpadding=\"0\">\n<tbody>\n<tr>\n<td colspan=\"3\" rowspan=\"1\" data-sheets-value=\"{&quot;1&quot;:2,&quot;2&quot;:&quot;Charakterystyki techniczne:&quot;}\"><strong>Tehnilised omadused:<\/strong><\/td>\n<td data-sheets-value=\"{&quot;1&quot;:2,&quot;2&quot;:&quot;PRO MAX 400 V&quot;}\">AIR EXPERT 400 V<\/td>\n<\/tr>\n<tr>\n<td colspan=\"3\" rowspan=\"1\" data-sheets-value=\"{&quot;1&quot;:2,&quot;2&quot;:&quot;Napi\u0119cie [V\/Hz]&quot;}\">Pinge [V\/Hz]<\/td>\n<td data-sheets-value=\"{&quot;1&quot;:2,&quot;2&quot;:&quot;1 x 230 V&quot;}\">1 x 230 V<\/td>\n<\/tr>\n<tr>\n<td colspan=\"3\" rowspan=\"1\" data-sheets-value=\"{&quot;1&quot;:2,&quot;2&quot;:&quot;Maksymalna moc wentylator\u00f3w&quot;}\">Maksimaalne ventilaatori v\u00f5imsus<\/td>\n<td data-sheets-value=\"{&quot;1&quot;:2,&quot;2&quot;:&quot;2 szt x 149 W &quot;}\">2 tk x 170 W<\/td>\n<\/tr>\n<tr>\n<td colspan=\"3\" rowspan=\"1\" data-sheets-value=\"{&quot;1&quot;:2,&quot;2&quot;:&quot;Maksymalny pob\u00f3r pr\u0105du wentylatora [A]&quot;}\">Ventilaatori maksimaalne voolutarbimine<\/td>\n<td data-sheets-value=\"{&quot;1&quot;:2,&quot;2&quot;:&quot;2x1,09 A&quot;}\">2\u00d70,74 A<\/td>\n<\/tr>\n<tr>\n<td colspan=\"3\" rowspan=\"1\" data-sheets-value=\"{&quot;1&quot;:2,&quot;2&quot;:&quot;Obroty [min-1]&quot;}\" data-sheets-textstyleruns=\"{&quot;1&quot;:0}\uee10{&quot;1&quot;:11,&quot;2&quot;:{&quot;2&quot;:{&quot;1&quot;:2,&quot;2&quot;:0},&quot;3&quot;:&quot;Calibri&quot;,&quot;4&quot;:8,&quot;10&quot;:2}}\uee10{&quot;1&quot;:13,&quot;2&quot;:{&quot;2&quot;:{&quot;1&quot;:2,&quot;2&quot;:0},&quot;3&quot;:&quot;Calibri&quot;,&quot;4&quot;:8}}\">Rotatsioonid [min-1]<\/td>\n<td data-sheets-value=\"{&quot;1&quot;:3,&quot;3&quot;:1390}\">3400<\/td>\n<\/tr>\n<tr>\n<td colspan=\"3\" rowspan=\"1\" data-sheets-value=\"{&quot;1&quot;:2,&quot;2&quot;:&quot;Maksymalna temp. t\u0142oczonego powietrza [0 C]&quot;}\" data-sheets-textstyleruns=\"{&quot;1&quot;:0}\uee10{&quot;1&quot;:39,&quot;2&quot;:{&quot;2&quot;:{&quot;1&quot;:2,&quot;2&quot;:0},&quot;3&quot;:&quot;Calibri&quot;,&quot;4&quot;:8,&quot;10&quot;:2}}\uee10{&quot;1&quot;:41,&quot;2&quot;:{&quot;2&quot;:{&quot;1&quot;:2,&quot;2&quot;:0},&quot;3&quot;:&quot;Calibri&quot;,&quot;4&quot;:8}}\">Maksimaalne pumbatav \u00f5hutemperatuur [0\u00a0C]<\/td>\n<td data-sheets-value=\"{&quot;1&quot;:2,&quot;2&quot;:&quot;-20 do+50&quot;}\">-20 kuni+50<\/td>\n<\/tr>\n<tr>\n<td colspan=\"3\" rowspan=\"1\" data-sheets-value=\"{&quot;1&quot;:2,&quot;2&quot;:&quot;Typ wymiennika&quot;}\">Soojusvaheti t\u00fc\u00fcp<\/td>\n<td data-sheets-value=\"{&quot;1&quot;:2,&quot;2&quot;:&quot;krzy\u017cowo-przeciwpr\u0105dowy&quot;}\">vastuvoolne<\/td>\n<\/tr>\n<tr>\n<td colspan=\"3\" rowspan=\"1\" data-sheets-value=\"{&quot;1&quot;:2,&quot;2&quot;:&quot;Maksymalna Sprawno\u015b\u0107 wymiennika [%]&quot;}\">Maksimaalne soojusvaheti efektiivsus<\/td>\n<td data-sheets-value=\"{&quot;1&quot;:2,&quot;2&quot;:&quot;do 98 %&quot;}\">kuni 98 %<\/td>\n<\/tr>\n<tr>\n<td colspan=\"3\" rowspan=\"1\" data-sheets-value=\"{&quot;1&quot;:2,&quot;2&quot;:&quot;Materia\u0142 wymiennika&quot;}\">Soojusvaheti materjal<\/td>\n<td data-sheets-value=\"{&quot;1&quot;:2,&quot;2&quot;:&quot;polistyren&quot;}\">pol\u00fcst\u00fcreen<\/td>\n<\/tr>\n<tr>\n<td colspan=\"3\" rowspan=\"1\" data-sheets-value=\"{&quot;1&quot;:2,&quot;2&quot;:&quot;Materia\u0142 obudowy&quot;}\">Seadme kesta materjal<\/td>\n<td data-sheets-value=\"{&quot;1&quot;:2,&quot;2&quot;:&quot;stal malowana &quot;}\">EPP\/v\u00e4rvitud teras<\/td>\n<\/tr>\n<tr>\n<td colspan=\"3\" rowspan=\"1\" data-sheets-value=\"{&quot;1&quot;:2,&quot;2&quot;:&quot;Izolacja &quot;}\">Isolatsioon<\/td>\n<td data-sheets-value=\"{&quot;1&quot;:2,&quot;2&quot;:&quot;40 mm, we\u0142na mineralna&quot;}\">EPP<\/td>\n<\/tr>\n<tr>\n<td colspan=\"3\" rowspan=\"1\" data-sheets-value=\"{&quot;1&quot;:2,&quot;2&quot;:&quot;Filtr: czerpnia&quot;}\">Sissepuhke filter<\/td>\n<td data-sheets-value=\"{&quot;1&quot;:2,&quot;2&quot;:&quot;F7&quot;}\">F7+G4<\/td>\n<\/tr>\n<tr>\n<td colspan=\"3\" rowspan=\"1\" data-sheets-value=\"{&quot;1&quot;:2,&quot;2&quot;:&quot;Filtr: wyci\u0105g&quot;}\">V\u00e4ljat\u00f5mbe filter<\/td>\n<td data-sheets-value=\"{&quot;1&quot;:2,&quot;2&quot;:&quot;G4 (F7*)&quot;}\">G4<\/td>\n<\/tr>\n<tr>\n<td colspan=\"3\" rowspan=\"1\" data-sheets-value=\"{&quot;1&quot;:2,&quot;2&quot;:&quot;\u015arednica kr\u00f3\u0107c\u00f3w przy\u0142\u0105czeniowych powietrza&quot;}\">\u00dchendustorude l\u00e4bim\u00f5\u00f5t<\/td>\n<td data-sheets-value=\"{&quot;1&quot;:2,&quot;2&quot;:&quot;\u00d8160 mm&quot;}\">\u00d8 200 mm<\/td>\n<\/tr>\n<tr>\n<td colspan=\"3\" rowspan=\"1\" data-sheets-value=\"{&quot;1&quot;:2,&quot;2&quot;:&quot;Waga [kg]&quot;}\">Kaal<\/td>\n<td data-sheets-value=\"{&quot;1&quot;:3,&quot;3&quot;:68}\">32 kg<\/td>\n<\/tr>\n<tr>\n<td colspan=\"3\" rowspan=\"1\" data-sheets-value=\"{&quot;1&quot;:2,&quot;2&quot;:&quot;Przep\u0142yw dla 100Pa [m3\/h]&quot;}\">\u00d5hutootlikkus 100Pa jaoks<\/td>\n<td data-sheets-value=\"{&quot;1&quot;:3,&quot;3&quot;:470}\">420 m3\/h<\/td>\n<\/tr>\n<tr>\n<td colspan=\"3\" rowspan=\"1\" data-sheets-value=\"{&quot;1&quot;:2,&quot;2&quot;:&quot;Rodzaj sterownika&quot;}\">Juhtpuldi t\u00fc\u00fcp<\/td>\n<td data-sheets-value=\"{&quot;1&quot;:2,&quot;2&quot;:&quot;A3&quot;}\">A4<\/td>\n<\/tr>\n<tr>\n<td colspan=\"3\" rowspan=\"1\" data-sheets-value=\"{&quot;1&quot;:2,&quot;2&quot;:&quot;Wymiary [d\u0142ugo\u015b\u0107 x szeroko\u015b\u0107 x wysoko\u015b\u0107]&quot;}\">M\u00f5\u00f5tmed [pikkus x laius x k\u00f5rgus]<\/td>\n<td data-sheets-value=\"{&quot;1&quot;:2,&quot;2&quot;:&quot;878x745x677&quot;}\">1075 x 770 x 602 mm<\/td>\n<\/tr>\n<tr>\n<td colspan=\"3\" rowspan=\"1\" data-sheets-value=\"{&quot;1&quot;:2,&quot;2&quot;:&quot;Moc nagrzewnicy wstepnej [kW]&quot;}\">Eelsoojendi v\u00f5imsus<\/td>\n<td data-sheets-value=\"{&quot;1&quot;:2,&quot;2&quot;:&quot;3,0&quot;}\" data-sheets-numberformat=\"{&quot;1&quot;:1}\">2,0 kW<\/td>\n<\/tr>\n<tr>\n<td colspan=\"3\" rowspan=\"1\" data-sheets-value=\"{&quot;1&quot;:2,&quot;2&quot;:&quot;Pob\u00f3r pr\u0105du nagrzewnicy wstepnej [A]&quot;}\">Eelsoojendi voolutarve<\/td>\n<td data-sheets-value=\"{&quot;1&quot;:2,&quot;2&quot;:&quot;13,0&quot;}\" data-sheets-numberformat=\"{&quot;1&quot;:1}\">8,69 A<\/td>\n<\/tr>\n<tr>\n<td colspan=\"3\" rowspan=\"1\" data-sheets-value=\"{&quot;1&quot;:2,&quot;2&quot;:&quot;Moc nagrzewnicy wt\u00f3rnej [kW]&quot;}\">J\u00e4relsoojendi v\u00f5imsus [kW]<\/td>\n<td data-sheets-value=\"{&quot;1&quot;:2,&quot;2&quot;:&quot;BRAK&quot;}\">PUUDUB<\/td>\n<\/tr>\n<tr>\n<td colspan=\"3\" rowspan=\"1\" data-sheets-value=\"{&quot;1&quot;:2,&quot;2&quot;:&quot;Pob\u00f3r pr\u0105du nagrzewnicy wt\u00f3rnej [A]&quot;}\">J\u00e4relsoojendi voolutarve [A]<\/td>\n<td data-sheets-value=\"{&quot;1&quot;:2,&quot;2&quot;:&quot;BRAK&quot;}\">PUUDUB<\/td>\n<\/tr>\n<tr>\n<td colspan=\"3\" rowspan=\"1\" data-sheets-value=\"{&quot;1&quot;:2,&quot;2&quot;:&quot;Ca\u0142kowita moc urz\u0105dzenia urz\u0105dzenia [kW]&quot;}\">Seadme koguv\u00f5imsus<\/td>\n<td data-sheets-value=\"{&quot;1&quot;:3,&quot;3&quot;:3.3}\">2,3475 kW<\/td>\n<\/tr>\n<tr>\n<td colspan=\"3\" rowspan=\"1\" data-sheets-value=\"{&quot;1&quot;:2,&quot;2&quot;:&quot;Ca\u0142kowity pob\u00f3r pr\u0105du urz\u0105dzenia [A]&quot;}\">Seadme koguvoolutarbimine<\/td>\n<td data-sheets-value=\"{&quot;1&quot;:3,&quot;3&quot;:14.5}\">15,39 A<\/td>\n<\/tr>\n<tr>\n<td colspan=\"3\" rowspan=\"1\" data-sheets-value=\"{&quot;1&quot;:2,&quot;2&quot;:&quot;Bypass &quot;}\">M\u00f6\u00f6davool<\/td>\n<td data-sheets-value=\"{&quot;1&quot;:2,&quot;2&quot;:&quot;TAK&quot;}\">JAH &#8211; AUTOMAATNE<\/td>\n<\/tr>\n<tr>\n<td colspan=\"3\" rowspan=\"2\" data-sheets-value=\"{&quot;1&quot;:2,&quot;2&quot;:&quot;Wymienik cep\u0142a&quot;}\">\n<div>Soojusvaheti asendamine<\/div>\n<\/td>\n<td data-sheets-value=\"{&quot;1&quot;:2,&quot;2&quot;:&quot;krzy\u017cowy przeciwpr\u0105dowy RECAIR&quot;}\">ristvoolne<\/td>\n<\/tr>\n<tr>\n<td data-sheets-value=\"{&quot;1&quot;:2,&quot;2&quot;:&quot;entalpiczny CORE (OPCJA)&quot;}\">entalpia CORE (VALIKULINE)<\/td>\n<\/tr>\n<tr>\n<td colspan=\"3\" rowspan=\"1\" data-sheets-value=\"{&quot;1&quot;:2,&quot;2&quot;:&quot;Wentylatory&quot;}\">Ventilaatorid<\/td>\n<td data-sheets-value=\"{&quot;1&quot;:2,&quot;2&quot;:&quot;wentylatory EC z technologi\u0105 CONSTANT FLOW&quot;}\">EC<\/td>\n<\/tr>\n<tr>\n<td colspan=\"3\" rowspan=\"1\" data-sheets-value=\"{&quot;1&quot;:2,&quot;2&quot;:&quot;Modu\u0142 internetowy &quot;}\">Veebimoodul<\/td>\n<td data-sheets-value=\"{&quot;1&quot;:2,&quot;2&quot;:&quot;TAK&quot;}\">JAH<\/td>\n<\/tr>\n<\/tbody>\n<\/table>\n<p>&nbsp;<\/p>\n<p><a href=\"https:\/\/ventilatsiooniseade.ee\/wp-content\/uploads\/2023\/02\/sk-rekuperator-air-expert-600-v-epp-classic-3.png\"><img loading=\"lazy\" decoding=\"async\" class=\"aligncenter wp-image-5296\" src=\"https:\/\/ventilatsiooniseade.ee\/wp-content\/uploads\/2023\/02\/sk-rekuperator-air-expert-600-v-epp-classic-3.png\" alt=\"ventilatsiooniseade-air-expert-600-v-epp-classic (3)\" width=\"935\" height=\"935\" srcset=\"https:\/\/ventilatsiooniseade.ee\/wp-content\/uploads\/2023\/02\/sk-rekuperator-air-expert-600-v-epp-classic-3.png 455w, https:\/\/ventilatsiooniseade.ee\/wp-content\/uploads\/2023\/02\/sk-rekuperator-air-expert-600-v-epp-classic-3-195x195.png 195w, https:\/\/ventilatsiooniseade.ee\/wp-content\/uploads\/2023\/02\/sk-rekuperator-air-expert-600-v-epp-classic-3-100x100.png 100w, https:\/\/ventilatsiooniseade.ee\/wp-content\/uploads\/2023\/02\/sk-rekuperator-air-expert-600-v-epp-classic-3-150x150.png 150w, https:\/\/ventilatsiooniseade.ee\/wp-content\/uploads\/2023\/02\/sk-rekuperator-air-expert-600-v-epp-classic-3-300x300.png 300w, https:\/\/ventilatsiooniseade.ee\/wp-content\/uploads\/2023\/02\/sk-rekuperator-air-expert-600-v-epp-classic-3-80x80.png 80w\" sizes=\"auto, (max-width: 935px) 100vw, 935px\" \/><\/a><\/p>\n<p>&nbsp;<\/p>\n","protected":false},"excerpt":{"rendered":"<div class=\"single-product-description\">\n<p><b>AIR EXPERT 400 V EPP CLASSIC ventilatsiooniseade<\/b> vertiklaasete toru\u00fchendustega.<\/p>\n<p>K\u00f5rge t\u00f6\u00f6kvaliteet tagab t\u00f6\u00f6kindluse ja energiat\u00f5hususe.<\/p>\n<p>P\u00f5hikere on valmistatud EPP-materjalist. See on suurep\u00e4rane heliisolaator, v\u00e4hendab vibratsiooni ja kaitseb m\u00fcra eest. T\u00e4nu spetsiaalsetele \u00fchendus\u00e4\u00e4rikutele \u00fcksikutes komponentides on suletud kere sajaprotsendiliselt hermeetiline, mis t\u00e4hendab v\u00e4ga head soojustagastuse t\u00f5husust. Soojustagasti p\u00f5hivarustuses on internetimoodul, mis v\u00f5imaldab kaugjuhtimist.<\/p>\n<\/div>\n","protected":false},"featured_media":5298,"comment_status":"closed","ping_status":"closed","template":"","meta":[],"product_brand":[],"product_cat":[13,160,17,24],"product_tag":[],"class_list":{"0":"post-5509","1":"product","2":"type-product","3":"status-publish","4":"has-post-thumbnail","6":"product_cat-ventilatsiooniseadmed","7":"product_cat-prodmax","8":"product_cat-soojustagastusega-ventilatsiooniseadmed","9":"product_cat-tsentraalsed-seadmed","11":"first","12":"instock","13":"shipping-taxable","14":"purchasable","15":"product-type-simple"},"_links":{"self":[{"href":"https:\/\/ventilatsiooniseade.ee\/index.php?rest_route=\/wp\/v2\/product\/5509","targetHints":{"allow":["GET"]}}],"collection":[{"href":"https:\/\/ventilatsiooniseade.ee\/index.php?rest_route=\/wp\/v2\/product"}],"about":[{"href":"https:\/\/ventilatsiooniseade.ee\/index.php?rest_route=\/wp\/v2\/types\/product"}],"replies":[{"embeddable":true,"href":"https:\/\/ventilatsiooniseade.ee\/index.php?rest_route=%2Fwp%2Fv2%2Fcomments&post=5509"}],"wp:featuredmedia":[{"embeddable":true,"href":"https:\/\/ventilatsiooniseade.ee\/index.php?rest_route=\/wp\/v2\/media\/5298"}],"wp:attachment":[{"href":"https:\/\/ventilatsiooniseade.ee\/index.php?rest_route=%2Fwp%2Fv2%2Fmedia&parent=5509"}],"wp:term":[{"taxonomy":"product_brand","embeddable":true,"href":"https:\/\/ventilatsiooniseade.ee\/index.php?rest_route=%2Fwp%2Fv2%2Fproduct_brand&post=5509"},{"taxonomy":"product_cat","embeddable":true,"href":"https:\/\/ventilatsiooniseade.ee\/index.php?rest_route=%2Fwp%2Fv2%2Fproduct_cat&post=5509"},{"taxonomy":"product_tag","embeddable":true,"href":"https:\/\/ventilatsiooniseade.ee\/index.php?rest_route=%2Fwp%2Fv2%2Fproduct_tag&post=5509"}],"curies":[{"name":"wp","href":"https:\/\/api.w.org\/{rel}","templated":true}]}}