{"id":5506,"date":"2023-06-06T10:33:45","date_gmt":"2023-06-06T07:33:45","guid":{"rendered":"http:\/\/ventilatsiooniseade.ee\/?product=air-expert-600-h-epp-classic"},"modified":"2025-09-05T13:51:13","modified_gmt":"2025-09-05T10:51:13","slug":"air-expert-600-h-epp-classic","status":"publish","type":"product","link":"https:\/\/ventilatsiooniseade.ee\/?product=air-expert-600-h-epp-classic","title":{"rendered":"AIR EXPERT 600 H EPP CLASSIC"},"content":{"rendered":"<p>&nbsp;<\/p>\n<p>&nbsp;<\/p>\n<p><a href=\"https:\/\/ventilatsiooniseade.ee\/wp-content\/uploads\/2022\/08\/AIR-EXPERT-400-CLASSIC-tehniline-joonis.png\"><img loading=\"lazy\" decoding=\"async\" class=\"aligncenter size-full wp-image-5025\" src=\"https:\/\/ventilatsiooniseade.ee\/wp-content\/uploads\/2022\/08\/AIR-EXPERT-400-CLASSIC-tehniline-joonis.png\" alt=\"AIR EXPERT-400 (CLASSIC) tehniline joonis\" width=\"706\" height=\"787\" srcset=\"https:\/\/ventilatsiooniseade.ee\/wp-content\/uploads\/2022\/08\/AIR-EXPERT-400-CLASSIC-tehniline-joonis.png 706w, https:\/\/ventilatsiooniseade.ee\/wp-content\/uploads\/2022\/08\/AIR-EXPERT-400-CLASSIC-tehniline-joonis-470x524.png 470w, https:\/\/ventilatsiooniseade.ee\/wp-content\/uploads\/2022\/08\/AIR-EXPERT-400-CLASSIC-tehniline-joonis-269x300.png 269w, https:\/\/ventilatsiooniseade.ee\/wp-content\/uploads\/2022\/08\/AIR-EXPERT-400-CLASSIC-tehniline-joonis-80x89.png 80w\" sizes=\"auto, (max-width: 706px) 100vw, 706px\" \/><\/a><\/p>\n","protected":false},"excerpt":{"rendered":"<div class=\"single-product-description\">\n<p><b>AIR EXPERT 600 H EPP CLASSIC ventilatsiooniseade<\/b> lakke paigaldamiseks. Horisontaalsete toru\u00fchendustega.<\/p>\n<p>K\u00f5rge t\u00f6\u00f6kvaliteet tagab t\u00f6\u00f6kindluse ja energiat\u00f5hususe.<\/p>\n<p>P\u00f5hikere on valmistatud EPP-materjalist. See on suurep\u00e4rane heliisolaator, v\u00e4hendab vibratsiooni ja kaitseb m\u00fcra eest. T\u00e4nu spetsiaalsetele \u00fchendus\u00e4\u00e4rikutele \u00fcksikutes komponentides on suletud kere sajaprotsendiliselt hermeetiline, mis t\u00e4hendab v\u00e4ga head soojustagastuse t\u00f5husust. Soojustagasti p\u00f5hivarustuses on internetimoodul, mis v\u00f5imaldab kaugjuhtimist. Kere visuaalseks viimistlemiseks, mis seob selle \u00fcheks tervikuks kokku, on kasutatud valge pulberv\u00e4rviga kaetud tsinkplekki.<\/p>\n<\/div>\n","protected":false},"featured_media":5021,"comment_status":"closed","ping_status":"closed","template":"","meta":[],"product_brand":[],"product_cat":[13,160,41],"product_tag":[],"class_list":{"0":"post-5506","1":"product","2":"type-product","3":"status-publish","4":"has-post-thumbnail","6":"product_cat-ventilatsiooniseadmed","7":"product_cat-prodmax","8":"product_cat-riputatavad-seadmed","10":"first","11":"instock","12":"shipping-taxable","13":"purchasable","14":"product-type-simple"},"_links":{"self":[{"href":"https:\/\/ventilatsiooniseade.ee\/index.php?rest_route=\/wp\/v2\/product\/5506","targetHints":{"allow":["GET"]}}],"collection":[{"href":"https:\/\/ventilatsiooniseade.ee\/index.php?rest_route=\/wp\/v2\/product"}],"about":[{"href":"https:\/\/ventilatsiooniseade.ee\/index.php?rest_route=\/wp\/v2\/types\/product"}],"replies":[{"embeddable":true,"href":"https:\/\/ventilatsiooniseade.ee\/index.php?rest_route=%2Fwp%2Fv2%2Fcomments&post=5506"}],"wp:featuredmedia":[{"embeddable":true,"href":"https:\/\/ventilatsiooniseade.ee\/index.php?rest_route=\/wp\/v2\/media\/5021"}],"wp:attachment":[{"href":"https:\/\/ventilatsiooniseade.ee\/index.php?rest_route=%2Fwp%2Fv2%2Fmedia&parent=5506"}],"wp:term":[{"taxonomy":"product_brand","embeddable":true,"href":"https:\/\/ventilatsiooniseade.ee\/index.php?rest_route=%2Fwp%2Fv2%2Fproduct_brand&post=5506"},{"taxonomy":"product_cat","embeddable":true,"href":"https:\/\/ventilatsiooniseade.ee\/index.php?rest_route=%2Fwp%2Fv2%2Fproduct_cat&post=5506"},{"taxonomy":"product_tag","embeddable":true,"href":"https:\/\/ventilatsiooniseade.ee\/index.php?rest_route=%2Fwp%2Fv2%2Fproduct_tag&post=5506"}],"curies":[{"name":"wp","href":"https:\/\/api.w.org\/{rel}","templated":true}]}}