{"id":5433,"date":"2023-04-25T14:08:42","date_gmt":"2023-04-25T11:08:42","guid":{"rendered":"http:\/\/ventilatsiooniseade.ee\/?product=airobot-l-erv"},"modified":"2023-04-25T14:10:23","modified_gmt":"2023-04-25T11:10:23","slug":"airobot-l-erv","status":"publish","type":"product","link":"https:\/\/ventilatsiooniseade.ee\/?product=airobot-l-erv","title":{"rendered":"AIROBOT-L-ERV"},"content":{"rendered":"<p><a href=\"https:\/\/ventilatsiooniseade.ee\/wp-content\/uploads\/2023\/04\/Nimetu-2.png\"><img loading=\"lazy\" decoding=\"async\" class=\"aligncenter size-full wp-image-5415\" src=\"https:\/\/ventilatsiooniseade.ee\/wp-content\/uploads\/2023\/04\/Nimetu-2.png\" alt=\"AIROBOT L\" width=\"888\" height=\"904\" srcset=\"https:\/\/ventilatsiooniseade.ee\/wp-content\/uploads\/2023\/04\/Nimetu-2.png 888w, https:\/\/ventilatsiooniseade.ee\/wp-content\/uploads\/2023\/04\/Nimetu-2-470x478.png 470w, https:\/\/ventilatsiooniseade.ee\/wp-content\/uploads\/2023\/04\/Nimetu-2-295x300.png 295w, https:\/\/ventilatsiooniseade.ee\/wp-content\/uploads\/2023\/04\/Nimetu-2-768x782.png 768w, https:\/\/ventilatsiooniseade.ee\/wp-content\/uploads\/2023\/04\/Nimetu-2-80x81.png 80w\" sizes=\"auto, (max-width: 888px) 100vw, 888px\" \/><\/a><\/p>\n","protected":false},"excerpt":{"rendered":"<p>Toodetud ja arendatud Eestis.<\/p>\n<p><strong>ERV- niiskus- ja soojustagastusega.<\/strong><\/p>\n<p>&#8211; Kuni 250 m3 \/h 69L\/s v\u00f5i 120 m2 ventileeritavat pinda<br \/>\n&#8211; Paigaldusasend: horisontaalselt lakke<\/p>\n<p>Standardvarustuses:<br \/>\n\u2022 Integreeritud CO\u2082, \u00f5hutemperatuuri<br \/>\nja -niiskuse andurid<br \/>\n\u2022 Autonoomne juhtimine \u2013 nutikas mootorite<br \/>\njuhtimine tagab kvaliteetse sisekliima<br \/>\n\u2022 Ruumides viibimise tuvastus<br \/>\n(koos energias\u00e4\u00e4sture\u017eiimiga)<br \/>\n\u2022 Niiskuse tuvastuse re\u017eiim<\/p>\n","protected":false},"featured_media":5417,"comment_status":"closed","ping_status":"closed","template":"","meta":[],"product_brand":[],"product_cat":[13,17,24,41],"product_tag":[],"class_list":{"0":"post-5433","1":"product","2":"type-product","3":"status-publish","4":"has-post-thumbnail","6":"product_cat-ventilatsiooniseadmed","7":"product_cat-soojustagastusega-ventilatsiooniseadmed","8":"product_cat-tsentraalsed-seadmed","9":"product_cat-riputatavad-seadmed","11":"first","12":"instock","13":"shipping-taxable","14":"purchasable","15":"product-type-simple"},"_links":{"self":[{"href":"https:\/\/ventilatsiooniseade.ee\/index.php?rest_route=\/wp\/v2\/product\/5433","targetHints":{"allow":["GET"]}}],"collection":[{"href":"https:\/\/ventilatsiooniseade.ee\/index.php?rest_route=\/wp\/v2\/product"}],"about":[{"href":"https:\/\/ventilatsiooniseade.ee\/index.php?rest_route=\/wp\/v2\/types\/product"}],"replies":[{"embeddable":true,"href":"https:\/\/ventilatsiooniseade.ee\/index.php?rest_route=%2Fwp%2Fv2%2Fcomments&post=5433"}],"wp:featuredmedia":[{"embeddable":true,"href":"https:\/\/ventilatsiooniseade.ee\/index.php?rest_route=\/wp\/v2\/media\/5417"}],"wp:attachment":[{"href":"https:\/\/ventilatsiooniseade.ee\/index.php?rest_route=%2Fwp%2Fv2%2Fmedia&parent=5433"}],"wp:term":[{"taxonomy":"product_brand","embeddable":true,"href":"https:\/\/ventilatsiooniseade.ee\/index.php?rest_route=%2Fwp%2Fv2%2Fproduct_brand&post=5433"},{"taxonomy":"product_cat","embeddable":true,"href":"https:\/\/ventilatsiooniseade.ee\/index.php?rest_route=%2Fwp%2Fv2%2Fproduct_cat&post=5433"},{"taxonomy":"product_tag","embeddable":true,"href":"https:\/\/ventilatsiooniseade.ee\/index.php?rest_route=%2Fwp%2Fv2%2Fproduct_tag&post=5433"}],"curies":[{"name":"wp","href":"https:\/\/api.w.org\/{rel}","templated":true}]}}