{"id":533,"date":"2024-05-30T10:00:38","date_gmt":"2024-05-30T07:00:38","guid":{"rendered":"http:\/\/ventilatsiooniseade.ee\/?post_type=product&#038;p=533"},"modified":"2024-05-30T12:25:12","modified_gmt":"2024-05-30T09:25:12","slug":"vents-vn-80","status":"publish","type":"product","link":"https:\/\/ventilatsiooniseade.ee\/?product=vents-vn-80","title":{"rendered":"Vents VN 80"},"content":{"rendered":"<table style=\"height: 675px;\" width=\"688\">\n<tbody>\n<tr>\n<td style=\"text-align: center;\" width=\"273\"><strong>Parameetrid<\/strong><\/td>\n<td style=\"text-align: center;\" width=\"119\"><strong>V\u00e4\u00e4rtus<\/strong><\/td>\n<td style=\"text-align: center;\" width=\"64\"><strong>M\u00f5\u00f5t\u00fchik<\/strong><\/td>\n<\/tr>\n<tr>\n<td width=\"273\">T\u00f6\u00f6kiiruse astmeid<\/td>\n<td width=\"119\">\n<p style=\"text-align: center;\">3<\/p>\n<\/td>\n<td width=\"64\"><\/td>\n<\/tr>\n<tr>\n<td width=\"273\">Toitepinge<\/td>\n<td width=\"119\">\n<p style=\"text-align: center;\">220-240<\/p>\n<\/td>\n<td width=\"64\">V<\/td>\n<\/tr>\n<tr>\n<td width=\"273\">Voolusagedus<\/td>\n<td width=\"119\">\n<p style=\"text-align: center;\">50<\/p>\n<\/td>\n<td width=\"64\">Hz<\/td>\n<\/tr>\n<tr>\n<td>V\u00f5imsustarve<\/td>\n<td width=\"119\">\n<p style=\"text-align: center;\">17\u00a0\u00a0\u00a0\u00a048<\/p>\n<\/td>\n<td width=\"64\">W<\/td>\n<\/tr>\n<tr>\n<td rowspan=\"5\">Maksimaalne \u00f5hu tootlikkus<\/td>\n<td style=\"text-align: center;\" width=\"119\">63\/102\/150<\/td>\n<td width=\"64\">m\u00b3\/h<\/td>\n<\/tr>\n<tr>\n<td style=\"text-align: center;\" width=\"119\">37,107<\/td>\n<td width=\"64\">CFM<\/td>\n<\/tr>\n<tr>\n<td style=\"text-align: center;\" width=\"119\">17,514<\/td>\n<td width=\"64\">l\/s<\/td>\n<\/tr>\n<tr>\n<td style=\"text-align: center;\" width=\"119\">0,01751<\/td>\n<td width=\"64\">m\u00b3\/s<\/td>\n<\/tr>\n<tr>\n<td width=\"119\">\n<p style=\"text-align: center;\">1052,1<\/p>\n<\/td>\n<td width=\"64\">l\/m<\/td>\n<\/tr>\n<tr>\n<td width=\"273\">Voolutarve<\/td>\n<td width=\"119\">\n<p style=\"text-align: center;\">0.14\u00a0\u00a0\u00a0\u00a00.21<\/p>\n<\/td>\n<td width=\"64\">A<\/td>\n<\/tr>\n<tr>\n<td width=\"273\">P\u00f6\u00f6rlemiskiirus<\/td>\n<td width=\"119\">\n<p style=\"text-align: center;\">1350\u00a0\u00a0\u00a0\u00a02640<\/p>\n<\/td>\n<td width=\"64\">min\u00a0<sup>-1<\/sup><\/td>\n<\/tr>\n<tr>\n<td width=\"273\">M\u00fcra 3 meetri kaugusel<\/td>\n<td width=\"119\">\n<p style=\"text-align: center;\">30\u00a0\u00a0\u00a0\u00a044<\/p>\n<\/td>\n<td width=\"64\">dBA<\/td>\n<\/tr>\n<tr>\n<td width=\"273\">Maksimaalne transporditava \u00f5hu temperatuur<\/td>\n<td width=\"119\">\n<p style=\"text-align: center;\">50<\/p>\n<\/td>\n<td width=\"64\"><sup>\u043e<\/sup>C<\/td>\n<\/tr>\n<tr>\n<td width=\"273\">Elektri\u00fchendus<\/td>\n<td width=\"119\">\n<p style=\"text-align: center;\">4\u04451.5<\/p>\n<\/td>\n<td width=\"64\">mm\u00b2<\/td>\n<\/tr>\n<tr>\n<td width=\"273\">Kaitseklass<\/td>\n<td width=\"119\">\n<p style=\"text-align: center;\">IP 55<\/p>\n<\/td>\n<td width=\"64\">class<\/td>\n<\/tr>\n<tr>\n<td width=\"273\">\u00d5hendustoru m\u00f5\u00f5dud<\/td>\n<td width=\"119\">\n<p style=\"text-align: center;\">80<\/p>\n<\/td>\n<td width=\"64\">mm<\/td>\n<\/tr>\n<\/tbody>\n<\/table>\n<p>&nbsp;<\/p>\n<p><img loading=\"lazy\" decoding=\"async\" src=\"http:\/\/www.ventilation-system.com\/images\/it\/1969_schema.gif\" alt=\"Vents VN 80\" width=\"300\" height=\"232\" \/><\/p>\n","protected":false},"excerpt":{"rendered":"<p>Plastist kestas tulekaitsesiibriga tsentrifugaalventilaator tootlikusega kuni 150 m<sup>3<\/sup>\/h.<\/p>\n<p>Sobib kasutamiseks k\u00f6\u00f6gis, vannitoas, tualettruumis, hoiu- ja muudes majapidamisruumides.<\/p>\n","protected":false},"featured_media":519,"comment_status":"closed","ping_status":"closed","template":"","meta":[],"product_brand":[],"product_cat":[13,11,66],"product_tag":[],"class_list":{"0":"post-533","1":"product","2":"type-product","3":"status-publish","4":"has-post-thumbnail","6":"product_cat-ventilatsiooniseadmed","7":"product_cat-ventilaatorid","8":"product_cat-tsentrifugaal-ventilaatorid","10":"first","11":"instock","12":"shipping-taxable","13":"purchasable","14":"product-type-simple"},"_links":{"self":[{"href":"https:\/\/ventilatsiooniseade.ee\/index.php?rest_route=\/wp\/v2\/product\/533","targetHints":{"allow":["GET"]}}],"collection":[{"href":"https:\/\/ventilatsiooniseade.ee\/index.php?rest_route=\/wp\/v2\/product"}],"about":[{"href":"https:\/\/ventilatsiooniseade.ee\/index.php?rest_route=\/wp\/v2\/types\/product"}],"replies":[{"embeddable":true,"href":"https:\/\/ventilatsiooniseade.ee\/index.php?rest_route=%2Fwp%2Fv2%2Fcomments&post=533"}],"wp:featuredmedia":[{"embeddable":true,"href":"https:\/\/ventilatsiooniseade.ee\/index.php?rest_route=\/wp\/v2\/media\/519"}],"wp:attachment":[{"href":"https:\/\/ventilatsiooniseade.ee\/index.php?rest_route=%2Fwp%2Fv2%2Fmedia&parent=533"}],"wp:term":[{"taxonomy":"product_brand","embeddable":true,"href":"https:\/\/ventilatsiooniseade.ee\/index.php?rest_route=%2Fwp%2Fv2%2Fproduct_brand&post=533"},{"taxonomy":"product_cat","embeddable":true,"href":"https:\/\/ventilatsiooniseade.ee\/index.php?rest_route=%2Fwp%2Fv2%2Fproduct_cat&post=533"},{"taxonomy":"product_tag","embeddable":true,"href":"https:\/\/ventilatsiooniseade.ee\/index.php?rest_route=%2Fwp%2Fv2%2Fproduct_tag&post=533"}],"curies":[{"name":"wp","href":"https:\/\/api.w.org\/{rel}","templated":true}]}}