{"id":5311,"date":"2023-03-13T12:48:17","date_gmt":"2023-03-13T10:48:17","guid":{"rendered":"http:\/\/ventilatsiooniseade.ee\/?product=proff-murasummuti-200-50mm-15m"},"modified":"2024-05-06T11:51:11","modified_gmt":"2024-05-06T08:51:11","slug":"proff-murasummuti-200-50mm-15m","status":"publish","type":"product","link":"https:\/\/ventilatsiooniseade.ee\/?product=proff-murasummuti-200-50mm-15m","title":{"rendered":"Proff m\u00fcrasummuti 200 (50mm) 1,5m"},"content":{"rendered":"<p>M\u00fcrasummuti \u00fchendamine:<a href=\"https:\/\/ventilatsiooniseade.ee\/wp-content\/uploads\/2020\/02\/summuti1.png\"><img loading=\"lazy\" decoding=\"async\" class=\"alignnone size-full wp-image-2704\" src=\"https:\/\/ventilatsiooniseade.ee\/wp-content\/uploads\/2020\/02\/summuti1.png\" alt=\"summuti1\" width=\"756\" height=\"569\" srcset=\"https:\/\/ventilatsiooniseade.ee\/wp-content\/uploads\/2020\/02\/summuti1.png 756w, https:\/\/ventilatsiooniseade.ee\/wp-content\/uploads\/2020\/02\/summuti1-470x354.png 470w, https:\/\/ventilatsiooniseade.ee\/wp-content\/uploads\/2020\/02\/summuti1-300x226.png 300w, https:\/\/ventilatsiooniseade.ee\/wp-content\/uploads\/2020\/02\/summuti1-80x60.png 80w\" sizes=\"auto, (max-width: 756px) 100vw, 756px\" \/><\/a><\/p>\n<p>Allolevas tabelis on v\u00e4lja toodud maksimaalne v\u00f5imalik m\u00fcrasummutus erinevate l\u00e4bim\u00f5\u00f5tude ja paigaldusviiside korral.<\/p>\n<p><a href=\"https:\/\/ventilatsiooniseade.ee\/wp-content\/uploads\/2020\/02\/M\u00dcRATABEL150-1.png\"><img loading=\"lazy\" decoding=\"async\" class=\"alignnone size-full wp-image-2710\" src=\"https:\/\/ventilatsiooniseade.ee\/wp-content\/uploads\/2020\/02\/M\u00dcRATABEL150-1.png\" alt=\"M\u00dcRATABEL1,50\" width=\"1046\" height=\"466\" srcset=\"https:\/\/ventilatsiooniseade.ee\/wp-content\/uploads\/2020\/02\/M\u00dcRATABEL150-1.png 1046w, https:\/\/ventilatsiooniseade.ee\/wp-content\/uploads\/2020\/02\/M\u00dcRATABEL150-1-470x209.png 470w, https:\/\/ventilatsiooniseade.ee\/wp-content\/uploads\/2020\/02\/M\u00dcRATABEL150-1-300x134.png 300w, https:\/\/ventilatsiooniseade.ee\/wp-content\/uploads\/2020\/02\/M\u00dcRATABEL150-1-768x342.png 768w, https:\/\/ventilatsiooniseade.ee\/wp-content\/uploads\/2020\/02\/M\u00dcRATABEL150-1-1024x456.png 1024w, https:\/\/ventilatsiooniseade.ee\/wp-content\/uploads\/2020\/02\/M\u00dcRATABEL150-1-80x36.png 80w\" sizes=\"auto, (max-width: 1046px) 100vw, 1046px\" \/><\/a><\/p>\n<p>&nbsp;<\/p>\n<p>&nbsp;<\/p>\n","protected":false},"excerpt":{"rendered":"<p>Isoleeritud alumiinuimist m\u00fcrasummuti 1,50m. Isolatsooni paksus 50mm.<\/p>\n","protected":false},"featured_media":2684,"comment_status":"closed","ping_status":"closed","template":"","meta":[],"product_brand":[],"product_cat":[126],"product_tag":[],"class_list":{"0":"post-5311","1":"product","2":"type-product","3":"status-publish","4":"has-post-thumbnail","6":"product_cat-murasummutid","8":"first","9":"instock","10":"shipping-taxable","11":"purchasable","12":"product-type-simple"},"_links":{"self":[{"href":"https:\/\/ventilatsiooniseade.ee\/index.php?rest_route=\/wp\/v2\/product\/5311","targetHints":{"allow":["GET"]}}],"collection":[{"href":"https:\/\/ventilatsiooniseade.ee\/index.php?rest_route=\/wp\/v2\/product"}],"about":[{"href":"https:\/\/ventilatsiooniseade.ee\/index.php?rest_route=\/wp\/v2\/types\/product"}],"replies":[{"embeddable":true,"href":"https:\/\/ventilatsiooniseade.ee\/index.php?rest_route=%2Fwp%2Fv2%2Fcomments&post=5311"}],"wp:featuredmedia":[{"embeddable":true,"href":"https:\/\/ventilatsiooniseade.ee\/index.php?rest_route=\/wp\/v2\/media\/2684"}],"wp:attachment":[{"href":"https:\/\/ventilatsiooniseade.ee\/index.php?rest_route=%2Fwp%2Fv2%2Fmedia&parent=5311"}],"wp:term":[{"taxonomy":"product_brand","embeddable":true,"href":"https:\/\/ventilatsiooniseade.ee\/index.php?rest_route=%2Fwp%2Fv2%2Fproduct_brand&post=5311"},{"taxonomy":"product_cat","embeddable":true,"href":"https:\/\/ventilatsiooniseade.ee\/index.php?rest_route=%2Fwp%2Fv2%2Fproduct_cat&post=5311"},{"taxonomy":"product_tag","embeddable":true,"href":"https:\/\/ventilatsiooniseade.ee\/index.php?rest_route=%2Fwp%2Fv2%2Fproduct_tag&post=5311"}],"curies":[{"name":"wp","href":"https:\/\/api.w.org\/{rel}","templated":true}]}}