{"id":5290,"date":"2024-08-05T09:30:02","date_gmt":"2024-08-05T06:30:02","guid":{"rendered":"http:\/\/ventilatsiooniseade.ee\/?product=vue-300-h2-mini-ec-a14"},"modified":"2025-09-23T13:47:10","modified_gmt":"2025-09-23T10:47:10","slug":"vue-300-h2-mini-ec-a14","status":"publish","type":"product","link":"https:\/\/ventilatsiooniseade.ee\/?product=vue-300-h2-mini-ec-a14","title":{"rendered":"VUE 300 H2 mini EC A14"},"content":{"rendered":"<p>Seadme m\u00f5\u00f5dud:<\/p>\n<p><a href=\"https:\/\/ventilatsiooniseade.ee\/wp-content\/uploads\/2020\/01\/VUE300H2mini.png\"><img loading=\"lazy\" decoding=\"async\" class=\"alignnone size-full wp-image-4353\" src=\"https:\/\/ventilatsiooniseade.ee\/wp-content\/uploads\/2020\/01\/VUE300H2mini.png\" alt=\"VUE300H2mini\" width=\"1343\" height=\"455\" srcset=\"https:\/\/ventilatsiooniseade.ee\/wp-content\/uploads\/2020\/01\/VUE300H2mini.png 1343w, https:\/\/ventilatsiooniseade.ee\/wp-content\/uploads\/2020\/01\/VUE300H2mini-470x159.png 470w, https:\/\/ventilatsiooniseade.ee\/wp-content\/uploads\/2020\/01\/VUE300H2mini-300x102.png 300w, https:\/\/ventilatsiooniseade.ee\/wp-content\/uploads\/2020\/01\/VUE300H2mini-768x260.png 768w, https:\/\/ventilatsiooniseade.ee\/wp-content\/uploads\/2020\/01\/VUE300H2mini-1024x347.png 1024w, https:\/\/ventilatsiooniseade.ee\/wp-content\/uploads\/2020\/01\/VUE300H2mini-80x27.png 80w\" sizes=\"auto, (max-width: 1343px) 100vw, 1343px\" \/><\/a><\/p>\n<p>&nbsp;<\/p>\n<p>Seadme tehniline info:<\/p>\n<table width=\"358\">\n<tbody>\n<tr>\n<td width=\"138\">Para+B1+A1:C+A1:C19<\/td>\n<td width=\"123\">VUE 300 H2 mini EC<\/td>\n<td width=\"97\">M\u00f5\u00f5t\u00fchik<\/td>\n<\/tr>\n<tr>\n<td width=\"138\" data-label=\"Parameter\">Sagedus<\/td>\n<td width=\"123\" data-label=\"VUT 300 H2 mini EC - A2 \">50\/60<\/td>\n<td width=\"97\" data-label=\"Measurement unit\">Hz<\/td>\n<\/tr>\n<tr>\n<td width=\"138\" data-label=\"Parameter\">Faas<\/td>\n<td width=\"123\" data-label=\"VUT 300 H2 mini EC - A2 \">1<\/td>\n<td width=\"97\" data-label=\"Measurement unit\">\u02dc<\/td>\n<\/tr>\n<tr>\n<td width=\"138\" data-label=\"Parameter\">Pinge<\/td>\n<td width=\"123\" data-label=\"VUT 300 H2 mini EC - A2 \">230<\/td>\n<td width=\"97\" data-label=\"Measurement unit\">V<\/td>\n<\/tr>\n<tr>\n<td width=\"138\" data-label=\"Parameter\">Maksimmalne \u00fchiku v\u00f5imsus<\/td>\n<td width=\"123\" data-label=\"VUT 300 H2 mini EC - A2 \">165<\/td>\n<td width=\"97\" data-label=\"Measurement unit\">W<\/td>\n<\/tr>\n<tr>\n<td width=\"138\" data-label=\"Parameter\">Maksimaalne \u00fchikuvool<\/td>\n<td width=\"123\" data-label=\"VUT 300 H2 mini EC - A2 \">1.3<\/td>\n<td width=\"97\" data-label=\"Measurement unit\">A<\/td>\n<\/tr>\n<tr>\n<td width=\"138\" data-label=\"Parameter\">Helir\u00f5hutase 3 m kaugusel<\/td>\n<td width=\"123\" data-label=\"VUT 300 H2 mini EC - A2 \">33<\/td>\n<td width=\"97\" data-label=\"Measurement unit\">dB\u0410<\/td>\n<\/tr>\n<tr>\n<td width=\"138\" data-label=\"Parameter\">\u00d5hu l\u00e4bilaskev\u00f5ime<\/td>\n<td width=\"123\" data-label=\"VUT 300 H2 mini EC - A2 \">300<\/td>\n<td width=\"97\" data-label=\"Measurement unit\">m\u00b3\/h<\/td>\n<\/tr>\n<tr>\n<td width=\"138\" data-label=\"Parameter\">RPM<\/td>\n<td width=\"123\" data-label=\"VUT 300 H2 mini EC - A2 \">2050<\/td>\n<td width=\"97\" data-label=\"Measurement unit\">min<sup>-1<\/sup><\/td>\n<\/tr>\n<tr>\n<td width=\"138\" data-label=\"Parameter\">Soojuse taaskasutamise efektiivsus<\/td>\n<td width=\"123\" data-label=\"VUT 300 H2 mini EC - A2 \">51&#8230;73<\/td>\n<td width=\"97\" data-label=\"Measurement unit\">%<\/td>\n<\/tr>\n<tr>\n<td width=\"138\" data-label=\"Measurement unit\">Niiskuse taastamise efektiivsus<\/td>\n<td width=\"123\">26&#8230;45<\/td>\n<td width=\"97\">%<\/td>\n<\/tr>\n<tr>\n<td width=\"138\" data-label=\"Parameter\">Isolatsioon<\/td>\n<td width=\"123\" data-label=\"VUT 300 H2 mini EC - A2 \">20 mm mineraalvill<\/td>\n<td width=\"97\" data-label=\"Measurement unit\">&#8211;<\/td>\n<\/tr>\n<tr>\n<td width=\"138\" data-label=\"Parameter\">Filter: V\u00e4ljat\u00f5mme<\/td>\n<td width=\"123\" data-label=\"VUT 300 H2 mini EC - A2 \">G4<\/td>\n<td width=\"97\" data-label=\"Measurement unit\">&#8211;<\/td>\n<\/tr>\n<tr>\n<td width=\"138\" data-label=\"Parameter\">Filter: sissepuhe<\/td>\n<td width=\"123\" data-label=\"VUT 300 H2 mini EC - A2 \">G4, F8<\/td>\n<td width=\"97\" data-label=\"Measurement unit\">&#8211;<\/td>\n<\/tr>\n<tr>\n<td width=\"138\" data-label=\"Parameter\">\u00dchendatud \u00f5hukanali l\u00e4bim\u00f5\u00f5t<\/td>\n<td width=\"123\" data-label=\"VUT 300 H2 mini EC - A2 \">125<\/td>\n<td width=\"97\" data-label=\"Measurement unit\">mm<\/td>\n<\/tr>\n<tr>\n<td width=\"138\" data-label=\"Parameter\">Kaal<\/td>\n<td width=\"123\" data-label=\"VUT 300 H2 mini EC - A2 \">28<\/td>\n<td width=\"97\" data-label=\"Measurement unit\">kg<\/td>\n<\/tr>\n<tr>\n<td width=\"138\" data-label=\"Measurement unit\">Soojusvaheti t\u00fc\u00fcp<\/td>\n<td width=\"123\">ristvool<\/td>\n<td width=\"97\" data-label=\"Measurement unit\">&#8211;<\/td>\n<\/tr>\n<\/tbody>\n<\/table>\n<p>Alloleval pildil on v\u00e4lja todud \u00fcks v\u00f5imalikest toote kasutamise v\u00f5imalustest.<\/p>\n<p><a href=\"https:\/\/ventilatsiooniseade.ee\/wp-content\/uploads\/2019\/12\/VUT-VUE-H2-mini-EC-application-900-en-1-2.png\"><img loading=\"lazy\" decoding=\"async\" class=\"alignnone size-full wp-image-1827\" src=\"https:\/\/ventilatsiooniseade.ee\/wp-content\/uploads\/2019\/12\/VUT-VUE-H2-mini-EC-application-900-en-1-2.png\" alt=\"VUT-VUE-H2-mini-EC-application-900-en-1\" width=\"900\" height=\"574\" srcset=\"https:\/\/ventilatsiooniseade.ee\/wp-content\/uploads\/2019\/12\/VUT-VUE-H2-mini-EC-application-900-en-1-2.png 900w, https:\/\/ventilatsiooniseade.ee\/wp-content\/uploads\/2019\/12\/VUT-VUE-H2-mini-EC-application-900-en-1-2-470x300.png 470w, https:\/\/ventilatsiooniseade.ee\/wp-content\/uploads\/2019\/12\/VUT-VUE-H2-mini-EC-application-900-en-1-2-300x191.png 300w, https:\/\/ventilatsiooniseade.ee\/wp-content\/uploads\/2019\/12\/VUT-VUE-H2-mini-EC-application-900-en-1-2-768x490.png 768w, https:\/\/ventilatsiooniseade.ee\/wp-content\/uploads\/2019\/12\/VUT-VUE-H2-mini-EC-application-900-en-1-2-80x51.png 80w\" sizes=\"auto, (max-width: 900px) 100vw, 900px\" \/><\/a><\/p>\n<p>&nbsp;<\/p>\n<p>Selle seadmega komplektis <strong>juhtpult A14<\/strong>.<\/p>\n<p><a href=\"https:\/\/ventilatsiooniseade.ee\/wp-content\/uploads\/2023\/02\/Juhtpult-A14.jpg\"><img loading=\"lazy\" decoding=\"async\" class=\"size-full wp-image-5288 alignleft\" src=\"https:\/\/ventilatsiooniseade.ee\/wp-content\/uploads\/2023\/02\/Juhtpult-A14.jpg\" alt=\"Juhtpult A14\" width=\"350\" height=\"370\" srcset=\"https:\/\/ventilatsiooniseade.ee\/wp-content\/uploads\/2023\/02\/Juhtpult-A14.jpg 350w, https:\/\/ventilatsiooniseade.ee\/wp-content\/uploads\/2023\/02\/Juhtpult-A14-284x300.jpg 284w, https:\/\/ventilatsiooniseade.ee\/wp-content\/uploads\/2023\/02\/Juhtpult-A14-80x85.jpg 80w\" sizes=\"auto, (max-width: 350px) 100vw, 350px\" \/><\/a><\/p>\n","protected":false},"excerpt":{"rendered":"<p>Heli- ja soojusisoleeritud metallist kestas kompaktne horisontaalsete pruntidega soojus-ja niiskustagastusega ventilatsiooniseade.<br \/>\n\u00d5huhulk kuni 250 <span id=\"td-result-l\">m\u00b3\/h<\/span> @ 100 Pa.<br \/>\nSoojustagastus kuni 85%.<\/p>\n<p><a href=\"https:\/\/ventilation-system.com\/download\/vue-mini-ec-manual-1479.pdf\"><strong><span style=\"color: #0000ff;\">Infoleht<\/span><\/strong><\/a><\/p>\n","protected":false},"featured_media":1482,"comment_status":"closed","ping_status":"closed","template":"","meta":[],"product_brand":[],"product_cat":[13,164,17,40,42],"product_tag":[],"class_list":{"0":"post-5290","1":"product","2":"type-product","3":"status-publish","4":"has-post-thumbnail","6":"product_cat-ventilatsiooniseadmed","7":"product_cat-vents","8":"product_cat-soojustagastusega-ventilatsiooniseadmed","9":"product_cat-porandakinnitusega-seadmed","10":"product_cat-porandakinnitusega-seadmed-tsentraalsed-seadmed","12":"first","13":"instock","14":"shipping-taxable","15":"purchasable","16":"product-type-simple"},"_links":{"self":[{"href":"https:\/\/ventilatsiooniseade.ee\/index.php?rest_route=\/wp\/v2\/product\/5290","targetHints":{"allow":["GET"]}}],"collection":[{"href":"https:\/\/ventilatsiooniseade.ee\/index.php?rest_route=\/wp\/v2\/product"}],"about":[{"href":"https:\/\/ventilatsiooniseade.ee\/index.php?rest_route=\/wp\/v2\/types\/product"}],"replies":[{"embeddable":true,"href":"https:\/\/ventilatsiooniseade.ee\/index.php?rest_route=%2Fwp%2Fv2%2Fcomments&post=5290"}],"wp:featuredmedia":[{"embeddable":true,"href":"https:\/\/ventilatsiooniseade.ee\/index.php?rest_route=\/wp\/v2\/media\/1482"}],"wp:attachment":[{"href":"https:\/\/ventilatsiooniseade.ee\/index.php?rest_route=%2Fwp%2Fv2%2Fmedia&parent=5290"}],"wp:term":[{"taxonomy":"product_brand","embeddable":true,"href":"https:\/\/ventilatsiooniseade.ee\/index.php?rest_route=%2Fwp%2Fv2%2Fproduct_brand&post=5290"},{"taxonomy":"product_cat","embeddable":true,"href":"https:\/\/ventilatsiooniseade.ee\/index.php?rest_route=%2Fwp%2Fv2%2Fproduct_cat&post=5290"},{"taxonomy":"product_tag","embeddable":true,"href":"https:\/\/ventilatsiooniseade.ee\/index.php?rest_route=%2Fwp%2Fv2%2Fproduct_tag&post=5290"}],"curies":[{"name":"wp","href":"https:\/\/api.w.org\/{rel}","templated":true}]}}