{"id":5283,"date":"2023-02-02T09:08:56","date_gmt":"2023-02-02T07:08:56","guid":{"rendered":"http:\/\/ventilatsiooniseade.ee\/?product=varskeohuklapp-fresh-100-thermo-siseosa"},"modified":"2023-02-02T09:11:50","modified_gmt":"2023-02-02T07:11:50","slug":"varskeohuklapp-fresh-100-thermo-siseosa","status":"publish","type":"product","link":"https:\/\/ventilatsiooniseade.ee\/?product=varskeohuklapp-fresh-100-thermo-siseosa","title":{"rendered":"V\u00e4rske\u00f5huklapp Fresh 100 THERMO siseosa"},"content":{"rendered":"","protected":false},"excerpt":{"rendered":"<p>V\u00e4rske\u00f5huklapp Fresh 100 THERMO tagab siseruumides parema \u00f5huringluse ning selle tulemusena parema sisekliima. Fresh 100 THERMO paigaldatakse k\u00f5rgele seina peale, v\u00f5imalusel radiaatori kohale.<\/p>\n","protected":false},"featured_media":5284,"comment_status":"closed","ping_status":"closed","template":"","meta":[],"product_brand":[],"product_cat":[13,140,143],"product_tag":[],"class_list":{"0":"post-5283","1":"product","2":"type-product","3":"status-publish","4":"has-post-thumbnail","6":"product_cat-ventilatsiooniseadmed","7":"product_cat-varskeohuklapp","8":"product_cat-varskeohuklapi-plafoonid-materjalid","10":"first","11":"instock","12":"shipping-taxable","13":"purchasable","14":"product-type-simple"},"_links":{"self":[{"href":"https:\/\/ventilatsiooniseade.ee\/index.php?rest_route=\/wp\/v2\/product\/5283","targetHints":{"allow":["GET"]}}],"collection":[{"href":"https:\/\/ventilatsiooniseade.ee\/index.php?rest_route=\/wp\/v2\/product"}],"about":[{"href":"https:\/\/ventilatsiooniseade.ee\/index.php?rest_route=\/wp\/v2\/types\/product"}],"replies":[{"embeddable":true,"href":"https:\/\/ventilatsiooniseade.ee\/index.php?rest_route=%2Fwp%2Fv2%2Fcomments&post=5283"}],"wp:featuredmedia":[{"embeddable":true,"href":"https:\/\/ventilatsiooniseade.ee\/index.php?rest_route=\/wp\/v2\/media\/5284"}],"wp:attachment":[{"href":"https:\/\/ventilatsiooniseade.ee\/index.php?rest_route=%2Fwp%2Fv2%2Fmedia&parent=5283"}],"wp:term":[{"taxonomy":"product_brand","embeddable":true,"href":"https:\/\/ventilatsiooniseade.ee\/index.php?rest_route=%2Fwp%2Fv2%2Fproduct_brand&post=5283"},{"taxonomy":"product_cat","embeddable":true,"href":"https:\/\/ventilatsiooniseade.ee\/index.php?rest_route=%2Fwp%2Fv2%2Fproduct_cat&post=5283"},{"taxonomy":"product_tag","embeddable":true,"href":"https:\/\/ventilatsiooniseade.ee\/index.php?rest_route=%2Fwp%2Fv2%2Fproduct_tag&post=5283"}],"curies":[{"name":"wp","href":"https:\/\/api.w.org\/{rel}","templated":true}]}}