{"id":5203,"date":"2022-10-13T12:28:26","date_gmt":"2022-10-13T09:28:26","guid":{"rendered":"http:\/\/ventilatsiooniseade.ee\/?product=ohk-ohk-soojuspump-ftxtp35mrxtp35r"},"modified":"2022-10-14T14:02:39","modified_gmt":"2022-10-14T11:02:39","slug":"ohk-ohk-soojuspump-ftxtp35mrxtp35r","status":"publish","type":"product","link":"https:\/\/ventilatsiooniseade.ee\/?product=ohk-ohk-soojuspump-ftxtp35mrxtp35r","title":{"rendered":"\u00d5hk-\u00f5hk soojuspump FTXTP35M\/RXTP35R"},"content":{"rendered":"<p><a href=\"https:\/\/ventilatsiooniseade.ee\/wp-content\/uploads\/2022\/10\/Nimetu-1-23.png\"><img loading=\"lazy\" decoding=\"async\" class=\"aligncenter size-large wp-image-5213\" src=\"https:\/\/ventilatsiooniseade.ee\/wp-content\/uploads\/2022\/10\/Nimetu-1-23-1024x565.png\" alt=\"\u00d5hk-\u00f5hk soojuspump\" width=\"1024\" height=\"565\" srcset=\"https:\/\/ventilatsiooniseade.ee\/wp-content\/uploads\/2022\/10\/Nimetu-1-23-1024x565.png 1024w, https:\/\/ventilatsiooniseade.ee\/wp-content\/uploads\/2022\/10\/Nimetu-1-23-470x259.png 470w, https:\/\/ventilatsiooniseade.ee\/wp-content\/uploads\/2022\/10\/Nimetu-1-23-300x165.png 300w, https:\/\/ventilatsiooniseade.ee\/wp-content\/uploads\/2022\/10\/Nimetu-1-23-768x424.png 768w, https:\/\/ventilatsiooniseade.ee\/wp-content\/uploads\/2022\/10\/Nimetu-1-23-80x44.png 80w, https:\/\/ventilatsiooniseade.ee\/wp-content\/uploads\/2022\/10\/Nimetu-1-23.png 1340w\" sizes=\"auto, (max-width: 1024px) 100vw, 1024px\" \/><\/a><\/p>\n","protected":false},"excerpt":{"rendered":"<p><strong>Optimized Heating IV<\/strong><\/p>\n<p>&#8211; T\u00f6\u00f6tab efektiivselt kuni -25\u00b0C v\u00e4lis\u00f5hu temperatuuril<br \/>\n&#8211; Maks. k\u00fcttev\u00f5imsus -15\u00b0C v\u00e4listemperatuuril(25M\/35M) 3.3\/4.2kW<br \/>\n&#8211; Sisetemperatuuri reguleerimise v\u00f5imalus 10\u201330\u00b0C<br \/>\n&#8211; V\u00e4ga kompaktne siseosa, sobib ukse kohale paigaldamiseks<br \/>\n&#8211; \u00d6ine re\u017eiim s\u00e4\u00e4stab energiat ja ei lase ruumi \u00fcle jahutada<br \/>\n&#8211; P\u00f5hjasoojenduseta v\u00e4lisosa<br \/>\n<strong>&#8211; Integreeritud WiFi kontroller<\/strong><br \/>\n&#8211; Onecta rakendus: juhi \u00f5hksoojuspumpa, mis tahes asukohast rakenduse abil<br \/>\n&#8211; R32 K\u00fclmaaine<\/p>\n","protected":false},"featured_media":5200,"comment_status":"closed","ping_status":"closed","template":"","meta":[],"product_brand":[],"product_cat":[73,148,152],"product_tag":[],"class_list":{"0":"post-5203","1":"product","2":"type-product","3":"status-publish","4":"has-post-thumbnail","6":"product_cat-ohksoojuspumbad","7":"product_cat-3-5-kw","8":"product_cat-seinamudelid","10":"first","11":"instock","12":"shipping-taxable","13":"purchasable","14":"product-type-simple"},"_links":{"self":[{"href":"https:\/\/ventilatsiooniseade.ee\/index.php?rest_route=\/wp\/v2\/product\/5203","targetHints":{"allow":["GET"]}}],"collection":[{"href":"https:\/\/ventilatsiooniseade.ee\/index.php?rest_route=\/wp\/v2\/product"}],"about":[{"href":"https:\/\/ventilatsiooniseade.ee\/index.php?rest_route=\/wp\/v2\/types\/product"}],"replies":[{"embeddable":true,"href":"https:\/\/ventilatsiooniseade.ee\/index.php?rest_route=%2Fwp%2Fv2%2Fcomments&post=5203"}],"wp:featuredmedia":[{"embeddable":true,"href":"https:\/\/ventilatsiooniseade.ee\/index.php?rest_route=\/wp\/v2\/media\/5200"}],"wp:attachment":[{"href":"https:\/\/ventilatsiooniseade.ee\/index.php?rest_route=%2Fwp%2Fv2%2Fmedia&parent=5203"}],"wp:term":[{"taxonomy":"product_brand","embeddable":true,"href":"https:\/\/ventilatsiooniseade.ee\/index.php?rest_route=%2Fwp%2Fv2%2Fproduct_brand&post=5203"},{"taxonomy":"product_cat","embeddable":true,"href":"https:\/\/ventilatsiooniseade.ee\/index.php?rest_route=%2Fwp%2Fv2%2Fproduct_cat&post=5203"},{"taxonomy":"product_tag","embeddable":true,"href":"https:\/\/ventilatsiooniseade.ee\/index.php?rest_route=%2Fwp%2Fv2%2Fproduct_tag&post=5203"}],"curies":[{"name":"wp","href":"https:\/\/api.w.org\/{rel}","templated":true}]}}