{"id":5167,"date":"2022-10-05T13:49:33","date_gmt":"2022-10-05T10:49:33","guid":{"rendered":"http:\/\/ventilatsiooniseade.ee\/?post_type=product&#038;p=5167"},"modified":"2022-10-05T13:49:33","modified_gmt":"2022-10-05T10:49:33","slug":"ventoxx-slim-line","status":"publish","type":"product","link":"https:\/\/ventilatsiooniseade.ee\/?product=ventoxx-slim-line","title":{"rendered":"VENTOXX Slim Line"},"content":{"rendered":"<table width=\"501\">\n<tbody>\n<tr>\n<td width=\"180\">Tehniliste n\u00e4itajate tabel:<\/td>\n<td width=\"321\"><\/td>\n<\/tr>\n<tr>\n<td width=\"180\">T\u00f6\u00f6re\u017eiimide arv<\/td>\n<td width=\"321\">17<\/td>\n<\/tr>\n<tr>\n<td width=\"180\">Kiiruste arv<\/td>\n<td width=\"321\">5<\/td>\n<\/tr>\n<tr>\n<td rowspan=\"3\" width=\"180\">Ventilatsiooni maht, m\u00b3\/h<\/p>\n<p>Ventilatsiooni maht maksimaalses t\u00f6\u00f6re\u017eiimis m\u00b3\/h<\/td>\n<td width=\"321\">15-55<\/td>\n<\/tr>\n<tr>\n<td width=\"321\"><\/td>\n<\/tr>\n<tr>\n<td width=\"321\">110<\/td>\n<\/tr>\n<tr>\n<td width=\"180\">Soojustagastuse m\u00e4\u00e4r, %<\/td>\n<td width=\"321\">70- 91%<\/td>\n<\/tr>\n<tr>\n<td rowspan=\"3\" width=\"180\">M\u00fcratase dB(A)<\/td>\n<td width=\"321\"><\/td>\n<\/tr>\n<tr>\n<td width=\"321\">17-41<\/td>\n<\/tr>\n<tr>\n<td width=\"321\"><\/td>\n<\/tr>\n<tr>\n<td width=\"180\">Pinge, V<\/td>\n<td width=\"321\">12<\/td>\n<\/tr>\n<tr>\n<td width=\"180\">Energiatarve, W\/h<\/td>\n<td width=\"321\">4,3<\/td>\n<\/tr>\n<tr>\n<td width=\"180\">Soojusvaheti t\u00fc\u00fcp<\/td>\n<td width=\"321\">keraamiline soojusvaheti<\/td>\n<\/tr>\n<tr>\n<td width=\"180\">Seinaava l\u00e4bim\u00f5\u00f5t, mm<\/td>\n<td width=\"321\">\u00d8 235 mm<\/td>\n<\/tr>\n<tr>\n<td width=\"180\">T\u00f6\u00f6temperatuur, \u00b0C<\/td>\n<td width=\"321\">-20 kuni +50<\/td>\n<\/tr>\n<tr>\n<td rowspan=\"3\" width=\"180\">M\u00f5\u00f5dud<\/td>\n<td width=\"321\">\u00d5hukanali pikkus: 140-280 mm<\/td>\n<\/tr>\n<tr>\n<td width=\"321\">Diameeter: 220 mm<\/td>\n<\/tr>\n<tr>\n<td width=\"321\">Sisemine kate: \u00d8 235 mm<br \/>\nV\u00e4limine kate: 290mm x 280 mm<\/td>\n<\/tr>\n<tr>\n<td width=\"180\">Paigutusmeetod<\/td>\n<td width=\"321\">horisontaalne asetus v\u00e4lisseinas kaldega t\u00e4nava suunas 1-3 \u00b0<\/td>\n<\/tr>\n<tr>\n<td width=\"180\">Filter<\/td>\n<td width=\"321\">G3<\/td>\n<\/tr>\n<tr>\n<td width=\"180\">Energiat\u00f5hususe klass<\/td>\n<td width=\"321\">A<\/td>\n<\/tr>\n<tr>\n<td width=\"180\">Teenus<\/td>\n<td width=\"321\">Filtrite ja soojusvaheti loputamine \u2013 iga 3 kuu j\u00e4rel. Filtrite vahetus \u2013 iga 2 aasta j\u00e4rel.<\/td>\n<\/tr>\n<\/tbody>\n<\/table>\n","protected":false},"excerpt":{"rendered":"<p>Slim Line on soojustagastusega detsentraliseeritud ventilatsiooniseade.<br \/>\nSeade on varustatud keraamilise soojusvahetiga, mis kogub kasutatud heit\u00f5hu soojust ja tagastab seej\u00e4rel sama soojuse v\u00e4ljastpoolt tulevale v\u00e4rskele \u00f5hule.<\/p>\n<p>Soojustagastusega ventilatsiooniseade \u00f5hukestele seintele paksusega 140-280 mm ja karkassmajadele. Vooluhulk: 100 m\u00b3\/h.<\/p>\n","protected":false},"featured_media":5168,"comment_status":"closed","ping_status":"closed","template":"","meta":[],"product_brand":[],"product_cat":[13,17],"product_tag":[],"class_list":{"0":"post-5167","1":"product","2":"type-product","3":"status-publish","4":"has-post-thumbnail","6":"product_cat-ventilatsiooniseadmed","7":"product_cat-soojustagastusega-ventilatsiooniseadmed","9":"first","10":"instock","11":"shipping-taxable","12":"purchasable","13":"product-type-simple"},"_links":{"self":[{"href":"https:\/\/ventilatsiooniseade.ee\/index.php?rest_route=\/wp\/v2\/product\/5167","targetHints":{"allow":["GET"]}}],"collection":[{"href":"https:\/\/ventilatsiooniseade.ee\/index.php?rest_route=\/wp\/v2\/product"}],"about":[{"href":"https:\/\/ventilatsiooniseade.ee\/index.php?rest_route=\/wp\/v2\/types\/product"}],"replies":[{"embeddable":true,"href":"https:\/\/ventilatsiooniseade.ee\/index.php?rest_route=%2Fwp%2Fv2%2Fcomments&post=5167"}],"wp:featuredmedia":[{"embeddable":true,"href":"https:\/\/ventilatsiooniseade.ee\/index.php?rest_route=\/wp\/v2\/media\/5168"}],"wp:attachment":[{"href":"https:\/\/ventilatsiooniseade.ee\/index.php?rest_route=%2Fwp%2Fv2%2Fmedia&parent=5167"}],"wp:term":[{"taxonomy":"product_brand","embeddable":true,"href":"https:\/\/ventilatsiooniseade.ee\/index.php?rest_route=%2Fwp%2Fv2%2Fproduct_brand&post=5167"},{"taxonomy":"product_cat","embeddable":true,"href":"https:\/\/ventilatsiooniseade.ee\/index.php?rest_route=%2Fwp%2Fv2%2Fproduct_cat&post=5167"},{"taxonomy":"product_tag","embeddable":true,"href":"https:\/\/ventilatsiooniseade.ee\/index.php?rest_route=%2Fwp%2Fv2%2Fproduct_tag&post=5167"}],"curies":[{"name":"wp","href":"https:\/\/api.w.org\/{rel}","templated":true}]}}