{"id":5002,"date":"2022-12-13T13:00:43","date_gmt":"2022-12-13T11:00:43","guid":{"rendered":"http:\/\/ventilatsiooniseade.ee\/?product=rd-200-standard"},"modified":"2025-05-26T13:42:16","modified_gmt":"2025-05-26T10:42:16","slug":"rd-200-standard","status":"publish","type":"product","link":"https:\/\/ventilatsiooniseade.ee\/?product=rd-200-standard","title":{"rendered":"RD-200 Standard"},"content":{"rendered":"<p>Climtec ventilatsiooniseadmed v\u00f5imaldavad teil ruumi ventileerida, s\u00e4ilitades<br \/>\noptimaalse temperatuuri, olenemata \u00f5ues olevast temperatuurist. Ventilaator<br \/>\neemaldab samaaegselt heitgaasid ja varustab ruumi v\u00e4rske \u00f5huga.<a href=\"https:\/\/ventilatsiooniseade.ee\/wp-content\/uploads\/2022\/07\/Climtec2.png\"><img loading=\"lazy\" decoding=\"async\" class=\" wp-image-4991 alignright\" src=\"https:\/\/ventilatsiooniseade.ee\/wp-content\/uploads\/2022\/07\/Climtec2.png\" alt=\"Climtec\" width=\"751\" height=\"358\" srcset=\"https:\/\/ventilatsiooniseade.ee\/wp-content\/uploads\/2022\/07\/Climtec2.png 808w, https:\/\/ventilatsiooniseade.ee\/wp-content\/uploads\/2022\/07\/Climtec2-470x224.png 470w, https:\/\/ventilatsiooniseade.ee\/wp-content\/uploads\/2022\/07\/Climtec2-300x143.png 300w, https:\/\/ventilatsiooniseade.ee\/wp-content\/uploads\/2022\/07\/Climtec2-768x366.png 768w, https:\/\/ventilatsiooniseade.ee\/wp-content\/uploads\/2022\/07\/Climtec2-80x38.png 80w\" sizes=\"auto, (max-width: 751px) 100vw, 751px\" \/><\/a><\/p>\n<p>Tutvu tootega <a href=\"https:\/\/www.youtube.com\/watch?v=dFwXO4hFtbI\">RD-200 Standard<\/a><\/p>\n<p><a href=\"https:\/\/ventilatsiooniseade.ee\/wp-content\/uploads\/2022\/07\/RD-200-Standard.png\"><img loading=\"lazy\" decoding=\"async\" class=\"wp-image-5005 alignleft\" src=\"https:\/\/ventilatsiooniseade.ee\/wp-content\/uploads\/2022\/07\/RD-200-Standard.png\" alt=\"RD-200 Standard\" width=\"342\" height=\"435\" srcset=\"https:\/\/ventilatsiooniseade.ee\/wp-content\/uploads\/2022\/07\/RD-200-Standard.png 429w, https:\/\/ventilatsiooniseade.ee\/wp-content\/uploads\/2022\/07\/RD-200-Standard-236x300.png 236w, https:\/\/ventilatsiooniseade.ee\/wp-content\/uploads\/2022\/07\/RD-200-Standard-80x102.png 80w\" sizes=\"auto, (max-width: 342px) 100vw, 342px\" \/><\/a><\/p>\n<p><a href=\"https:\/\/ventilatsiooniseade.ee\/wp-content\/uploads\/2022\/06\/Climtec.png\"><img loading=\"lazy\" decoding=\"async\" class=\"size-full wp-image-4985 alignnone\" src=\"https:\/\/ventilatsiooniseade.ee\/wp-content\/uploads\/2022\/06\/Climtec.png\" alt=\"Climtec\" width=\"731\" height=\"551\" srcset=\"https:\/\/ventilatsiooniseade.ee\/wp-content\/uploads\/2022\/06\/Climtec.png 731w, https:\/\/ventilatsiooniseade.ee\/wp-content\/uploads\/2022\/06\/Climtec-470x354.png 470w, https:\/\/ventilatsiooniseade.ee\/wp-content\/uploads\/2022\/06\/Climtec-300x226.png 300w, https:\/\/ventilatsiooniseade.ee\/wp-content\/uploads\/2022\/06\/Climtec-80x60.png 80w\" sizes=\"auto, (max-width: 731px) 100vw, 731px\" \/><\/a><\/p>\n","protected":false},"excerpt":{"rendered":"<p><strong>RD-200 Standard <\/strong>soojustagastusega ventilastiooniseade, mis on varustatud juhtpuldiga.<\/p>\n<p>Lihtne ja t\u00f5hus lahendus detsentraliseeritud energias\u00e4\u00e4stliku \u00f5huvahetuse kindlustamiseks.<\/p>\n<p>&nbsp;<\/p>\n<p>Energias\u00e4\u00e4stlik<\/p>\n<p>Lihtne paigaldus ja hooldus<\/p>\n<p>V\u00e4rske ja puhas \u00f5hk<\/p>\n<p>Ei mingit hallitust<\/p>\n<p>&nbsp;<\/p>\n","protected":false},"featured_media":5003,"comment_status":"closed","ping_status":"closed","template":"","meta":[],"product_brand":[],"product_cat":[13,17],"product_tag":[],"class_list":{"0":"post-5002","1":"product","2":"type-product","3":"status-publish","4":"has-post-thumbnail","6":"product_cat-ventilatsiooniseadmed","7":"product_cat-soojustagastusega-ventilatsiooniseadmed","9":"first","10":"instock","11":"shipping-taxable","12":"purchasable","13":"product-type-simple"},"_links":{"self":[{"href":"https:\/\/ventilatsiooniseade.ee\/index.php?rest_route=\/wp\/v2\/product\/5002","targetHints":{"allow":["GET"]}}],"collection":[{"href":"https:\/\/ventilatsiooniseade.ee\/index.php?rest_route=\/wp\/v2\/product"}],"about":[{"href":"https:\/\/ventilatsiooniseade.ee\/index.php?rest_route=\/wp\/v2\/types\/product"}],"replies":[{"embeddable":true,"href":"https:\/\/ventilatsiooniseade.ee\/index.php?rest_route=%2Fwp%2Fv2%2Fcomments&post=5002"}],"wp:featuredmedia":[{"embeddable":true,"href":"https:\/\/ventilatsiooniseade.ee\/index.php?rest_route=\/wp\/v2\/media\/5003"}],"wp:attachment":[{"href":"https:\/\/ventilatsiooniseade.ee\/index.php?rest_route=%2Fwp%2Fv2%2Fmedia&parent=5002"}],"wp:term":[{"taxonomy":"product_brand","embeddable":true,"href":"https:\/\/ventilatsiooniseade.ee\/index.php?rest_route=%2Fwp%2Fv2%2Fproduct_brand&post=5002"},{"taxonomy":"product_cat","embeddable":true,"href":"https:\/\/ventilatsiooniseade.ee\/index.php?rest_route=%2Fwp%2Fv2%2Fproduct_cat&post=5002"},{"taxonomy":"product_tag","embeddable":true,"href":"https:\/\/ventilatsiooniseade.ee\/index.php?rest_route=%2Fwp%2Fv2%2Fproduct_tag&post=5002"}],"curies":[{"name":"wp","href":"https:\/\/api.w.org\/{rel}","templated":true}]}}