{"id":4975,"date":"2023-10-18T10:39:38","date_gmt":"2023-10-18T07:39:38","guid":{"rendered":"http:\/\/ventilatsiooniseade.ee\/?post_type=product&#038;p=4975"},"modified":"2026-04-20T22:34:11","modified_gmt":"2026-04-20T19:34:11","slug":"pro-mini-300-vh-classic","status":"publish","type":"product","link":"https:\/\/ventilatsiooniseade.ee\/?product=pro-mini-300-vh-classic","title":{"rendered":"PRO MINI 300 V\/H Classic"},"content":{"rendered":"<p><b>TOOTE EELISED:<\/b><\/p>\n<ul>\n<li>KORPUS \u2013 valmistatud t\u00e4ielikult pulberv\u00e4rvitud terasest, mis on korralikult isoleeritud. See tagab suurep\u00e4rase m\u00fcra ja\u00a0 vibratsiooni summutamise.<\/li>\n<li>SOOJUSVAHETI \u2013 k\u00f5ige t\u00f5husam ja usaldusv\u00e4\u00e4rsem vastuvooluga pol\u00fcst\u00fcreenivaheti, millel on k\u00f5rge soojus\u00fclekande efektiivsus (efektiivsus kuni 98%) tuntud ettev\u00f5tetest nagu RECAIR, CORE, millel on aastatepikkune kogemus, pakkudes oma tooteid parimatele turul olevate juhtpaneelide tootjatele.<\/li>\n<li>VENTILAATORID \u2013 kasutatud on tuntud ettev\u00f5tete alalisvoolu harjavaba mootoreid (EC), mis tagavad t\u00f6\u00f6kindluse ja energias\u00e4\u00e4stliku vaikse t\u00f6\u00f6. Seda t\u00fc\u00fcpi mootorid on praegu k\u00f5ige uuenduslikum lahendus energias\u00e4\u00e4stu valdkonnas. EC mootorid tagavad suure t\u00f5hususe ja reguleerimise kogu ventilaatori kiirusevahemikus.<\/li>\n<li>M\u00d6\u00d6DAVOOL\u2013 pakutavad seadmed on varustatud 100% m\u00f6\u00f6davoolu v\u00f5imalusega, pakkudes vajadusel ruumi jahutamise v\u00f5imalust. N\u00e4iteks suve\u00f6\u00f6l saab lasta jaheda \u00f5hu otse ruumidesse ilma, et seade soojust tagastaks<\/li>\n<li>EELSOOJENDI \u2013 k\u00e4ivitatakse automaatselt. Takistab soojusvaheti k\u00fclmumist. V\u00f5imsus 0,5 kW.<\/li>\n<li>KAASAEGNE KONTROLLER \u2013 t\u00e4iustatud automaatika v\u00f5imaldab t\u00e4pselt reguleerida seadme parameetreid.<br \/>\nJuhtpaneelide automatiseerimise p\u00f5hifunktsioonid:<\/p>\n<ul>\n<li>GWC juhtimine,<\/li>\n<li>k\u00fctteseadme\/sekundaarsoojendi juhtimine,<\/li>\n<li>m\u00f6\u00f6davoolu kontroll,<\/li>\n<li>n\u00e4dalakava m\u00e4\u00e4ramine,<\/li>\n<li>filtri mustuse indikaator,<\/li>\n<li>k\u00fcttes\u00fcsteemi juhtimine,<\/li>\n<li>on-line kontroll,<\/li>\n<li>k\u00f5ikide temperatuuride lugemine.<\/li>\n<\/ul>\n<\/li>\n<\/ul>\n<table width=\"484\">\n<tbody>\n<tr>\n<td width=\"64\">Varustus:<\/td>\n<td width=\"87\">Soojusvaheti REK+17-240-22<\/td>\n<td width=\"95\">Soojusvaheti Entalpia ERV389-H240-S-011088<\/td>\n<td width=\"75\">M\u00f6\u00f6davool<\/td>\n<td width=\"82\">Automaatne m\u00f6\u00f6davool<\/td>\n<td width=\"81\">Eelsoojendi M \u2013 500W<\/td>\n<\/tr>\n<tr>\n<td>BASIC<\/td>\n<td>V<\/td>\n<td><\/td>\n<td>V<\/td>\n<td><\/td>\n<td><\/td>\n<\/tr>\n<tr>\n<td>CLASSIC<\/td>\n<td>V<\/td>\n<td><\/td>\n<td><\/td>\n<td>V<\/td>\n<td>V<\/td>\n<\/tr>\n<tr>\n<td>PREMIUM<\/td>\n<td><\/td>\n<td>V<\/td>\n<td><\/td>\n<td>V<\/td>\n<td>V<\/td>\n<\/tr>\n<\/tbody>\n<\/table>\n<p><a href=\"https:\/\/ventilatsiooniseade.ee\/wp-content\/uploads\/2021\/12\/PROMINI300.png\"><img loading=\"lazy\" decoding=\"async\" class=\"alignleft size-full wp-image-4725\" src=\"https:\/\/ventilatsiooniseade.ee\/wp-content\/uploads\/2021\/12\/PROMINI300.png\" sizes=\"auto, (max-width: 686px) 100vw, 686px\" srcset=\"https:\/\/ventilatsiooniseade.ee\/wp-content\/uploads\/2021\/12\/PROMINI300.png 686w, https:\/\/ventilatsiooniseade.ee\/wp-content\/uploads\/2021\/12\/PROMINI300-246x300.png 246w, https:\/\/ventilatsiooniseade.ee\/wp-content\/uploads\/2021\/12\/PROMINI300-80x97.png 80w, https:\/\/ventilatsiooniseade.ee\/wp-content\/uploads\/2021\/12\/PROMINI300-470x573.png 470w\" alt=\"PROMINI300\" width=\"686\" height=\"836\" \/><\/a><\/p>\n<table dir=\"ltr\" border=\"1\" width=\"556\" cellspacing=\"0\" cellpadding=\"0\">\n<tbody>\n<tr>\n<td colspan=\"3\" rowspan=\"1\" data-sheets-value=\"{&quot;1&quot;:2,&quot;2&quot;:&quot;Charakterystyki techniczne:&quot;}\"><strong>Tehnilised omadused:<\/strong><\/td>\n<td data-sheets-value=\"{&quot;1&quot;:2,&quot;2&quot;:&quot;PRO MAX 400 V&quot;}\"><strong>PRO MINI 300 V\/H<\/strong><\/td>\n<\/tr>\n<tr>\n<td colspan=\"3\" rowspan=\"1\" data-sheets-value=\"{&quot;1&quot;:2,&quot;2&quot;:&quot;Napi\u0119cie [V\/Hz]&quot;}\">Pinge [V\/Hz]<\/td>\n<td data-sheets-value=\"{&quot;1&quot;:2,&quot;2&quot;:&quot;1 x 230 V&quot;}\">1 x 230 V<\/td>\n<\/tr>\n<tr>\n<td colspan=\"3\" rowspan=\"1\" data-sheets-value=\"{&quot;1&quot;:2,&quot;2&quot;:&quot;Maksymalna moc wentylator\u00f3w&quot;}\">Maksimaalne ventilaatori v\u00f5imsus<\/td>\n<td data-sheets-value=\"{&quot;1&quot;:2,&quot;2&quot;:&quot;2 szt x 149 W &quot;}\">2 tk x 170 W<\/td>\n<\/tr>\n<tr>\n<td colspan=\"3\" rowspan=\"1\" data-sheets-value=\"{&quot;1&quot;:2,&quot;2&quot;:&quot;Maksymalny pob\u00f3r pr\u0105du wentylatora [A]&quot;}\">Ventilaatori maksimaalne voolutarbimine<\/td>\n<td data-sheets-value=\"{&quot;1&quot;:2,&quot;2&quot;:&quot;2x1,09 A&quot;}\">2\u00d71.75 A<\/td>\n<\/tr>\n<tr>\n<td colspan=\"3\" rowspan=\"1\" data-sheets-value=\"{&quot;1&quot;:2,&quot;2&quot;:&quot;Obroty [min-1]&quot;}\" data-sheets-textstyleruns=\"{&quot;1&quot;:0}\uee10{&quot;1&quot;:11,&quot;2&quot;:{&quot;2&quot;:{&quot;1&quot;:2,&quot;2&quot;:0},&quot;3&quot;:&quot;Calibri&quot;,&quot;4&quot;:8,&quot;10&quot;:2}}\uee10{&quot;1&quot;:13,&quot;2&quot;:{&quot;2&quot;:{&quot;1&quot;:2,&quot;2&quot;:0},&quot;3&quot;:&quot;Calibri&quot;,&quot;4&quot;:8}}\">Rotatsioonid [min-1]<\/td>\n<td data-sheets-value=\"{&quot;1&quot;:3,&quot;3&quot;:1390}\">4000<\/td>\n<\/tr>\n<tr>\n<td colspan=\"3\" rowspan=\"1\" data-sheets-value=\"{&quot;1&quot;:2,&quot;2&quot;:&quot;Maksymalna temp. t\u0142oczonego powietrza [0 C]&quot;}\" data-sheets-textstyleruns=\"{&quot;1&quot;:0}\uee10{&quot;1&quot;:39,&quot;2&quot;:{&quot;2&quot;:{&quot;1&quot;:2,&quot;2&quot;:0},&quot;3&quot;:&quot;Calibri&quot;,&quot;4&quot;:8,&quot;10&quot;:2}}\uee10{&quot;1&quot;:41,&quot;2&quot;:{&quot;2&quot;:{&quot;1&quot;:2,&quot;2&quot;:0},&quot;3&quot;:&quot;Calibri&quot;,&quot;4&quot;:8}}\">Maksimaalne pumbatav \u00f5hutemperatuur [0\u00a0C]<\/td>\n<td data-sheets-value=\"{&quot;1&quot;:2,&quot;2&quot;:&quot;-20 do+50&quot;}\">-20 kuni+50<\/td>\n<\/tr>\n<tr>\n<td colspan=\"3\" rowspan=\"1\" data-sheets-value=\"{&quot;1&quot;:2,&quot;2&quot;:&quot;Typ wymiennika&quot;}\">Soojusvaheti t\u00fc\u00fcp<\/td>\n<td data-sheets-value=\"{&quot;1&quot;:2,&quot;2&quot;:&quot;krzy\u017cowo-przeciwpr\u0105dowy&quot;}\">ristvoolne<\/td>\n<\/tr>\n<tr>\n<td colspan=\"3\" rowspan=\"1\" data-sheets-value=\"{&quot;1&quot;:2,&quot;2&quot;:&quot;Maksymalna Sprawno\u015b\u0107 wymiennika [%]&quot;}\">Maksimaalne soojusvaheti efektiivsus<\/td>\n<td data-sheets-value=\"{&quot;1&quot;:2,&quot;2&quot;:&quot;do 98 %&quot;}\">kuni 90 %<\/td>\n<\/tr>\n<tr>\n<td colspan=\"3\" rowspan=\"1\" data-sheets-value=\"{&quot;1&quot;:2,&quot;2&quot;:&quot;Materia\u0142 wymiennika&quot;}\">Soojusvaheti materjal<\/td>\n<td data-sheets-value=\"{&quot;1&quot;:2,&quot;2&quot;:&quot;polistyren&quot;}\">alumiinium<\/td>\n<\/tr>\n<tr>\n<td colspan=\"3\" rowspan=\"1\" data-sheets-value=\"{&quot;1&quot;:2,&quot;2&quot;:&quot;Materia\u0142 obudowy&quot;}\">Seadme kesta materjal<\/td>\n<td data-sheets-value=\"{&quot;1&quot;:2,&quot;2&quot;:&quot;stal malowana &quot;}\">v\u00e4rvitud teras<\/td>\n<\/tr>\n<tr>\n<td colspan=\"3\" rowspan=\"1\" data-sheets-value=\"{&quot;1&quot;:2,&quot;2&quot;:&quot;Izolacja &quot;}\">Isolatsioon<\/td>\n<td data-sheets-value=\"{&quot;1&quot;:2,&quot;2&quot;:&quot;40 mm, we\u0142na mineralna&quot;}\">20 mm, mineraalvill<\/td>\n<\/tr>\n<tr>\n<td colspan=\"3\" rowspan=\"1\" data-sheets-value=\"{&quot;1&quot;:2,&quot;2&quot;:&quot;Filtr: czerpnia&quot;}\">Sissepuhke filter<\/td>\n<td data-sheets-value=\"{&quot;1&quot;:2,&quot;2&quot;:&quot;F7&quot;}\">F7<\/td>\n<\/tr>\n<tr>\n<td colspan=\"3\" rowspan=\"1\" data-sheets-value=\"{&quot;1&quot;:2,&quot;2&quot;:&quot;Filtr: wyci\u0105g&quot;}\">V\u00e4ljat\u00f5mbe filter<\/td>\n<td data-sheets-value=\"{&quot;1&quot;:2,&quot;2&quot;:&quot;G4 (F7*)&quot;}\">G4 (F7*)<\/td>\n<\/tr>\n<tr>\n<td colspan=\"3\" rowspan=\"1\" data-sheets-value=\"{&quot;1&quot;:2,&quot;2&quot;:&quot;\u015arednica kr\u00f3\u0107c\u00f3w przy\u0142\u0105czeniowych powietrza&quot;}\">\u00dchendustorude l\u00e4bim\u00f5\u00f5t<\/td>\n<td data-sheets-value=\"{&quot;1&quot;:2,&quot;2&quot;:&quot;\u00d8160 mm&quot;}\">\u00d8125 mm<\/td>\n<\/tr>\n<tr>\n<td colspan=\"3\" rowspan=\"1\" data-sheets-value=\"{&quot;1&quot;:2,&quot;2&quot;:&quot;Waga [kg]&quot;}\">Kaal<\/td>\n<td data-sheets-value=\"{&quot;1&quot;:3,&quot;3&quot;:68}\">28 kg<\/td>\n<\/tr>\n<tr>\n<td colspan=\"3\" rowspan=\"1\" data-sheets-value=\"{&quot;1&quot;:2,&quot;2&quot;:&quot;Przep\u0142yw dla 100Pa [m3\/h]&quot;}\">\u00d5hutootlikkus 100Pa jaoks m3\/h<\/td>\n<td data-sheets-value=\"{&quot;1&quot;:3,&quot;3&quot;:470}\">290 V 280 H<\/td>\n<\/tr>\n<tr>\n<td colspan=\"3\" rowspan=\"1\" data-sheets-value=\"{&quot;1&quot;:2,&quot;2&quot;:&quot;Rodzaj sterownika&quot;}\">Juhtpuldi t\u00fc\u00fcp<\/td>\n<td data-sheets-value=\"{&quot;1&quot;:2,&quot;2&quot;:&quot;A3&quot;}\">A3<\/td>\n<\/tr>\n<tr>\n<td colspan=\"3\" rowspan=\"1\" data-sheets-value=\"{&quot;1&quot;:2,&quot;2&quot;:&quot;Wymiary [d\u0142ugo\u015b\u0107 x szeroko\u015b\u0107 x wysoko\u015b\u0107]&quot;}\">M\u00f5\u00f5tmed [pikkus x laius x k\u00f5rgus]<\/td>\n<td data-sheets-value=\"{&quot;1&quot;:2,&quot;2&quot;:&quot;878x745x677&quot;}\">725x245x585 mm<\/td>\n<\/tr>\n<tr>\n<td colspan=\"3\" rowspan=\"1\" data-sheets-value=\"{&quot;1&quot;:2,&quot;2&quot;:&quot;Moc nagrzewnicy wstepnej [kW]&quot;}\">Eelsoojendi v\u00f5imsus<\/td>\n<td data-sheets-value=\"{&quot;1&quot;:2,&quot;2&quot;:&quot;3,0&quot;}\" data-sheets-numberformat=\"{&quot;1&quot;:1}\">0,5 kW<\/td>\n<\/tr>\n<tr>\n<td colspan=\"3\" rowspan=\"1\" data-sheets-value=\"{&quot;1&quot;:2,&quot;2&quot;:&quot;Pob\u00f3r pr\u0105du nagrzewnicy wstepnej [A]&quot;}\">Eelsoojendi voolutarve<\/td>\n<td data-sheets-value=\"{&quot;1&quot;:2,&quot;2&quot;:&quot;13,0&quot;}\" data-sheets-numberformat=\"{&quot;1&quot;:1}\">2,17 A<\/td>\n<\/tr>\n<tr>\n<td colspan=\"3\" rowspan=\"1\" data-sheets-value=\"{&quot;1&quot;:2,&quot;2&quot;:&quot;Moc nagrzewnicy wt\u00f3rnej [kW]&quot;}\">J\u00e4relsoojendi v\u00f5imsus [kW]<\/td>\n<td data-sheets-value=\"{&quot;1&quot;:2,&quot;2&quot;:&quot;BRAK&quot;}\">PUUDUB<\/td>\n<\/tr>\n<tr>\n<td colspan=\"3\" rowspan=\"1\" data-sheets-value=\"{&quot;1&quot;:2,&quot;2&quot;:&quot;Pob\u00f3r pr\u0105du nagrzewnicy wt\u00f3rnej [A]&quot;}\">J\u00e4relsoojendi voolutarve [A]<\/td>\n<td data-sheets-value=\"{&quot;1&quot;:2,&quot;2&quot;:&quot;BRAK&quot;}\">PUUDUB<\/td>\n<\/tr>\n<tr>\n<td colspan=\"3\" rowspan=\"1\" data-sheets-value=\"{&quot;1&quot;:2,&quot;2&quot;:&quot;Ca\u0142kowita moc urz\u0105dzenia urz\u0105dzenia [kW]&quot;}\">Seadme koguv\u00f5imsus<\/td>\n<td data-sheets-value=\"{&quot;1&quot;:3,&quot;3&quot;:3.3}\">0,84 kW<\/td>\n<\/tr>\n<tr>\n<td colspan=\"3\" rowspan=\"1\" data-sheets-value=\"{&quot;1&quot;:2,&quot;2&quot;:&quot;Ca\u0142kowity pob\u00f3r pr\u0105du urz\u0105dzenia [A]&quot;}\">Seadme koguvoolutarbimine<\/td>\n<td data-sheets-value=\"{&quot;1&quot;:3,&quot;3&quot;:14.5}\">3,8 A<\/td>\n<\/tr>\n<tr>\n<td colspan=\"3\" rowspan=\"1\" data-sheets-value=\"{&quot;1&quot;:2,&quot;2&quot;:&quot;Bypass &quot;}\">M\u00f6\u00f6davool<\/td>\n<td data-sheets-value=\"{&quot;1&quot;:2,&quot;2&quot;:&quot;TAK&quot;}\">JAH<\/td>\n<\/tr>\n<tr>\n<td colspan=\"3\" rowspan=\"2\" data-sheets-value=\"{&quot;1&quot;:2,&quot;2&quot;:&quot;Wymienik cep\u0142a&quot;}\">\n<div>Soojusvaheti asendamine<\/div>\n<\/td>\n<td data-sheets-value=\"{&quot;1&quot;:2,&quot;2&quot;:&quot;krzy\u017cowy przeciwpr\u0105dowy RECAIR&quot;}\">vastuvoolne<\/td>\n<\/tr>\n<tr>\n<td data-sheets-value=\"{&quot;1&quot;:2,&quot;2&quot;:&quot;entalpiczny CORE (OPCJA)&quot;}\">entalpia CORE (VALIKULINE)<\/td>\n<\/tr>\n<tr>\n<td colspan=\"3\" rowspan=\"1\" data-sheets-value=\"{&quot;1&quot;:2,&quot;2&quot;:&quot;Wentylatory&quot;}\">Ventilaatorid<\/td>\n<td data-sheets-value=\"{&quot;1&quot;:2,&quot;2&quot;:&quot;wentylatory EC z technologi\u0105 CONSTANT FLOW&quot;}\">EC<\/td>\n<\/tr>\n<tr>\n<td colspan=\"3\" rowspan=\"1\" data-sheets-value=\"{&quot;1&quot;:2,&quot;2&quot;:&quot;Modu\u0142 internetowy &quot;}\">Veebimoodul<\/td>\n<td data-sheets-value=\"{&quot;1&quot;:2,&quot;2&quot;:&quot;TAK&quot;}\">JAH<\/td>\n<\/tr>\n<\/tbody>\n<\/table>\n","protected":false},"excerpt":{"rendered":"<div class=\"single-product-description\">\n<p><b>PROMINI 300H V-C ventilatsiooniseade<\/b> on t\u00e4ielik ventilatsiooniseade, millel on nii vertikaalsed, kui ka horisontaalsed toru\u00fchendused ja mille v\u00f5imsus on kuni 300 m3\/h.<\/p>\n<p>K\u00f5rge t\u00f6\u00f6kvaliteet tagab t\u00f6\u00f6kindluse ja energiat\u00f5hususe.<\/p>\n<\/div>\n","protected":false},"featured_media":4731,"comment_status":"closed","ping_status":"closed","template":"","meta":[],"product_brand":[],"product_cat":[13,160,17],"product_tag":[],"class_list":{"0":"post-4975","1":"product","2":"type-product","3":"status-publish","4":"has-post-thumbnail","6":"product_cat-ventilatsiooniseadmed","7":"product_cat-prodmax","8":"product_cat-soojustagastusega-ventilatsiooniseadmed","10":"first","11":"instock","12":"shipping-taxable","13":"purchasable","14":"product-type-simple"},"_links":{"self":[{"href":"https:\/\/ventilatsiooniseade.ee\/index.php?rest_route=\/wp\/v2\/product\/4975","targetHints":{"allow":["GET"]}}],"collection":[{"href":"https:\/\/ventilatsiooniseade.ee\/index.php?rest_route=\/wp\/v2\/product"}],"about":[{"href":"https:\/\/ventilatsiooniseade.ee\/index.php?rest_route=\/wp\/v2\/types\/product"}],"replies":[{"embeddable":true,"href":"https:\/\/ventilatsiooniseade.ee\/index.php?rest_route=%2Fwp%2Fv2%2Fcomments&post=4975"}],"wp:featuredmedia":[{"embeddable":true,"href":"https:\/\/ventilatsiooniseade.ee\/index.php?rest_route=\/wp\/v2\/media\/4731"}],"wp:attachment":[{"href":"https:\/\/ventilatsiooniseade.ee\/index.php?rest_route=%2Fwp%2Fv2%2Fmedia&parent=4975"}],"wp:term":[{"taxonomy":"product_brand","embeddable":true,"href":"https:\/\/ventilatsiooniseade.ee\/index.php?rest_route=%2Fwp%2Fv2%2Fproduct_brand&post=4975"},{"taxonomy":"product_cat","embeddable":true,"href":"https:\/\/ventilatsiooniseade.ee\/index.php?rest_route=%2Fwp%2Fv2%2Fproduct_cat&post=4975"},{"taxonomy":"product_tag","embeddable":true,"href":"https:\/\/ventilatsiooniseade.ee\/index.php?rest_route=%2Fwp%2Fv2%2Fproduct_tag&post=4975"}],"curies":[{"name":"wp","href":"https:\/\/api.w.org\/{rel}","templated":true}]}}