{"id":4935,"date":"2022-04-21T15:53:39","date_gmt":"2022-04-21T12:53:39","guid":{"rendered":"http:\/\/ventilatsiooniseade.ee\/?post_type=product&#038;p=4935"},"modified":"2023-05-15T15:52:16","modified_gmt":"2023-05-15T12:52:16","slug":"helios-m1100-f-ventilaator","status":"publish","type":"product","link":"https:\/\/ventilatsiooniseade.ee\/?product=helios-m1100-f-ventilaator","title":{"rendered":"Helios M1\/100 F ventilaator"},"content":{"rendered":"","protected":false},"excerpt":{"rendered":"<p>Helios M1 ventilaatorid pakuvad optimaalset lahendust nii \u00fchepereelamutes kui ka mitmekorruselistes hoonetes.<\/p>\n<p>Lisaks vaiksele ja energias\u00e4\u00e4stlikule t\u00f6\u00f6le suurendavad ka erinevad juhtimisre\u017eiimid mugavust.<\/p>\n<p>MiniVent\u00ae ja Ultrasilence\u00ae kahe kiirusega DN 100 ventilaator (90\/75 m3\/h).<br \/>\nNiiskussandur, tagasil\u00f6\u00f6giklapp, \u00fcletusaeg ca 6 minutit.<\/p>\n","protected":false},"featured_media":4933,"comment_status":"closed","ping_status":"closed","template":"","meta":[],"product_brand":[],"product_cat":[13],"product_tag":[],"class_list":{"0":"post-4935","1":"product","2":"type-product","3":"status-publish","4":"has-post-thumbnail","6":"product_cat-ventilatsiooniseadmed","8":"first","9":"instock","10":"shipping-taxable","11":"purchasable","12":"product-type-simple"},"_links":{"self":[{"href":"https:\/\/ventilatsiooniseade.ee\/index.php?rest_route=\/wp\/v2\/product\/4935","targetHints":{"allow":["GET"]}}],"collection":[{"href":"https:\/\/ventilatsiooniseade.ee\/index.php?rest_route=\/wp\/v2\/product"}],"about":[{"href":"https:\/\/ventilatsiooniseade.ee\/index.php?rest_route=\/wp\/v2\/types\/product"}],"replies":[{"embeddable":true,"href":"https:\/\/ventilatsiooniseade.ee\/index.php?rest_route=%2Fwp%2Fv2%2Fcomments&post=4935"}],"wp:featuredmedia":[{"embeddable":true,"href":"https:\/\/ventilatsiooniseade.ee\/index.php?rest_route=\/wp\/v2\/media\/4933"}],"wp:attachment":[{"href":"https:\/\/ventilatsiooniseade.ee\/index.php?rest_route=%2Fwp%2Fv2%2Fmedia&parent=4935"}],"wp:term":[{"taxonomy":"product_brand","embeddable":true,"href":"https:\/\/ventilatsiooniseade.ee\/index.php?rest_route=%2Fwp%2Fv2%2Fproduct_brand&post=4935"},{"taxonomy":"product_cat","embeddable":true,"href":"https:\/\/ventilatsiooniseade.ee\/index.php?rest_route=%2Fwp%2Fv2%2Fproduct_cat&post=4935"},{"taxonomy":"product_tag","embeddable":true,"href":"https:\/\/ventilatsiooniseade.ee\/index.php?rest_route=%2Fwp%2Fv2%2Fproduct_tag&post=4935"}],"curies":[{"name":"wp","href":"https:\/\/api.w.org\/{rel}","templated":true}]}}