{"id":4916,"date":"2022-04-21T15:40:25","date_gmt":"2022-04-21T12:40:25","guid":{"rendered":"http:\/\/ventilatsiooniseade.ee\/?post_type=product&#038;p=4916"},"modified":"2022-04-21T15:54:16","modified_gmt":"2022-04-21T12:54:16","slug":"helios-m1150-nc-ventilaator","status":"publish","type":"product","link":"https:\/\/ventilatsiooniseade.ee\/?product=helios-m1150-nc-ventilaator","title":{"rendered":"Helios M1\/150 N\/C ventilaator"},"content":{"rendered":"","protected":false},"excerpt":{"rendered":"<p>Helios M1 ventilaatorid pakuvad optimaalset lahendust nii \u00fchepereelamutes kui ka mitmekorruselistes hoonetes.<\/p>\n<p>Lisaks vaiksele ja energias\u00e4\u00e4stlikule t\u00f6\u00f6le suurendavad ka erinevad juhtimisre\u017eiimid mugavust.<\/p>\n<p>MiniVent\u00ae ja Ultrasilence\u00ae kahe kiirusega DN150 ventilaator (260\/220 m3\/h).<br \/>\nTagasil\u00f6\u00f6giklapp, programmeeritav \u00fcletusaja taimer ja intervallre\u017eiim.<\/p>\n","protected":false},"featured_media":4917,"comment_status":"closed","ping_status":"closed","template":"","meta":[],"product_brand":[],"product_cat":[13],"product_tag":[],"class_list":{"0":"post-4916","1":"product","2":"type-product","3":"status-publish","4":"has-post-thumbnail","6":"product_cat-ventilatsiooniseadmed","8":"first","9":"instock","10":"shipping-taxable","11":"purchasable","12":"product-type-simple"},"_links":{"self":[{"href":"https:\/\/ventilatsiooniseade.ee\/index.php?rest_route=\/wp\/v2\/product\/4916","targetHints":{"allow":["GET"]}}],"collection":[{"href":"https:\/\/ventilatsiooniseade.ee\/index.php?rest_route=\/wp\/v2\/product"}],"about":[{"href":"https:\/\/ventilatsiooniseade.ee\/index.php?rest_route=\/wp\/v2\/types\/product"}],"replies":[{"embeddable":true,"href":"https:\/\/ventilatsiooniseade.ee\/index.php?rest_route=%2Fwp%2Fv2%2Fcomments&post=4916"}],"wp:featuredmedia":[{"embeddable":true,"href":"https:\/\/ventilatsiooniseade.ee\/index.php?rest_route=\/wp\/v2\/media\/4917"}],"wp:attachment":[{"href":"https:\/\/ventilatsiooniseade.ee\/index.php?rest_route=%2Fwp%2Fv2%2Fmedia&parent=4916"}],"wp:term":[{"taxonomy":"product_brand","embeddable":true,"href":"https:\/\/ventilatsiooniseade.ee\/index.php?rest_route=%2Fwp%2Fv2%2Fproduct_brand&post=4916"},{"taxonomy":"product_cat","embeddable":true,"href":"https:\/\/ventilatsiooniseade.ee\/index.php?rest_route=%2Fwp%2Fv2%2Fproduct_cat&post=4916"},{"taxonomy":"product_tag","embeddable":true,"href":"https:\/\/ventilatsiooniseade.ee\/index.php?rest_route=%2Fwp%2Fv2%2Fproduct_tag&post=4916"}],"curies":[{"name":"wp","href":"https:\/\/api.w.org\/{rel}","templated":true}]}}