{"id":4869,"date":"2022-03-23T16:06:38","date_gmt":"2022-03-23T14:06:38","guid":{"rendered":"http:\/\/ventilatsiooniseade.ee\/?product=ld-160-ohu-sisse-ja-valjapuhke-seade"},"modified":"2023-08-18T11:34:49","modified_gmt":"2023-08-18T08:34:49","slug":"ld-160-ohu-sisse-ja-valjapuhke-seade","status":"publish","type":"product","link":"https:\/\/ventilatsiooniseade.ee\/?product=ld-160-ohu-sisse-ja-valjapuhke-seade","title":{"rendered":"LD-160 \u00f5hu sisse- ja v\u00e4ljapuhke seade"},"content":{"rendered":"<p><a href=\"https:\/\/ventilatsiooniseade.ee\/wp-content\/uploads\/2020\/04\/\u00d5hueralduse-elementx1.png\"><img loading=\"lazy\" decoding=\"async\" class=\"alignnone size-full wp-image-3449\" src=\"https:\/\/ventilatsiooniseade.ee\/wp-content\/uploads\/2020\/04\/\u00d5hueralduse-elementx1.png\" alt=\"\u00d5hueralduse elementx1\" width=\"844\" height=\"595\" srcset=\"https:\/\/ventilatsiooniseade.ee\/wp-content\/uploads\/2020\/04\/\u00d5hueralduse-elementx1.png 844w, https:\/\/ventilatsiooniseade.ee\/wp-content\/uploads\/2020\/04\/\u00d5hueralduse-elementx1-470x331.png 470w, https:\/\/ventilatsiooniseade.ee\/wp-content\/uploads\/2020\/04\/\u00d5hueralduse-elementx1-300x211.png 300w, https:\/\/ventilatsiooniseade.ee\/wp-content\/uploads\/2020\/04\/\u00d5hueralduse-elementx1-768x541.png 768w, https:\/\/ventilatsiooniseade.ee\/wp-content\/uploads\/2020\/04\/\u00d5hueralduse-elementx1-220x154.png 220w, https:\/\/ventilatsiooniseade.ee\/wp-content\/uploads\/2020\/04\/\u00d5hueralduse-elementx1-80x56.png 80w\" sizes=\"auto, (max-width: 844px) 100vw, 844px\" \/><\/a><\/p>\n<p>&nbsp;<\/p>\n<p><a href=\"https:\/\/ventilatsiooniseade.ee\/wp-content\/uploads\/2020\/04\/\u00d5hueralduse-elementx.png\"><img loading=\"lazy\" decoding=\"async\" class=\"alignnone size-full wp-image-3447\" src=\"https:\/\/ventilatsiooniseade.ee\/wp-content\/uploads\/2020\/04\/\u00d5hueralduse-elementx.png\" alt=\"\u00d5hueralduse elementx\" width=\"1662\" height=\"1348\" srcset=\"https:\/\/ventilatsiooniseade.ee\/wp-content\/uploads\/2020\/04\/\u00d5hueralduse-elementx.png 1662w, https:\/\/ventilatsiooniseade.ee\/wp-content\/uploads\/2020\/04\/\u00d5hueralduse-elementx-470x381.png 470w, https:\/\/ventilatsiooniseade.ee\/wp-content\/uploads\/2020\/04\/\u00d5hueralduse-elementx-300x243.png 300w, https:\/\/ventilatsiooniseade.ee\/wp-content\/uploads\/2020\/04\/\u00d5hueralduse-elementx-768x623.png 768w, https:\/\/ventilatsiooniseade.ee\/wp-content\/uploads\/2020\/04\/\u00d5hueralduse-elementx-1024x831.png 1024w, https:\/\/ventilatsiooniseade.ee\/wp-content\/uploads\/2020\/04\/\u00d5hueralduse-elementx-80x65.png 80w\" sizes=\"auto, (max-width: 1662px) 100vw, 1662px\" \/><\/a><\/p>\n<p>&nbsp;<\/p>\n","protected":false},"excerpt":{"rendered":"<p>Antud seadme n\u00e4ol on tegemist hea lahendusega olukorras kui kaht ventilatsioonikanali ava pole v\u00f5imalik teineteisestpiisavalt kaugele paigaldada. See seade aitab sisse- ja v\u00e4ljapuhke\u00f5hku eraldada, et need ei seguneks.<\/p>\n","protected":false},"featured_media":3451,"comment_status":"closed","ping_status":"closed","template":"","meta":[],"product_brand":[],"product_cat":[134,141],"product_tag":[],"class_list":{"0":"post-4869","1":"product","2":"type-product","3":"status-publish","4":"has-post-thumbnail","6":"product_cat-materjalid","7":"product_cat-ohurestid","9":"first","10":"instock","11":"shipping-taxable","12":"purchasable","13":"product-type-simple"},"_links":{"self":[{"href":"https:\/\/ventilatsiooniseade.ee\/index.php?rest_route=\/wp\/v2\/product\/4869","targetHints":{"allow":["GET"]}}],"collection":[{"href":"https:\/\/ventilatsiooniseade.ee\/index.php?rest_route=\/wp\/v2\/product"}],"about":[{"href":"https:\/\/ventilatsiooniseade.ee\/index.php?rest_route=\/wp\/v2\/types\/product"}],"replies":[{"embeddable":true,"href":"https:\/\/ventilatsiooniseade.ee\/index.php?rest_route=%2Fwp%2Fv2%2Fcomments&post=4869"}],"wp:featuredmedia":[{"embeddable":true,"href":"https:\/\/ventilatsiooniseade.ee\/index.php?rest_route=\/wp\/v2\/media\/3451"}],"wp:attachment":[{"href":"https:\/\/ventilatsiooniseade.ee\/index.php?rest_route=%2Fwp%2Fv2%2Fmedia&parent=4869"}],"wp:term":[{"taxonomy":"product_brand","embeddable":true,"href":"https:\/\/ventilatsiooniseade.ee\/index.php?rest_route=%2Fwp%2Fv2%2Fproduct_brand&post=4869"},{"taxonomy":"product_cat","embeddable":true,"href":"https:\/\/ventilatsiooniseade.ee\/index.php?rest_route=%2Fwp%2Fv2%2Fproduct_cat&post=4869"},{"taxonomy":"product_tag","embeddable":true,"href":"https:\/\/ventilatsiooniseade.ee\/index.php?rest_route=%2Fwp%2Fv2%2Fproduct_tag&post=4869"}],"curies":[{"name":"wp","href":"https:\/\/api.w.org\/{rel}","templated":true}]}}