{"id":4854,"date":"2025-04-15T09:30:12","date_gmt":"2025-04-15T06:30:12","guid":{"rendered":"http:\/\/ventilatsiooniseade.ee\/?product=vut-400-hbe-ec-a25"},"modified":"2025-05-23T15:23:06","modified_gmt":"2025-05-23T12:23:06","slug":"vut-400-hbe-ec-a25","status":"publish","type":"product","link":"https:\/\/ventilatsiooniseade.ee\/?product=vut-400-hbe-ec-a25","title":{"rendered":"VUT 400 HBE EC A25"},"content":{"rendered":"<p>Seadme tehnilised n\u00e4itajad:<\/p>\n<table class=\"min-w-full\" data-start=\"79\" data-end=\"2502\">\n<thead data-start=\"79\" data-end=\"180\">\n<tr data-start=\"79\" data-end=\"180\">\n<th data-start=\"79\" data-end=\"127\"><strong data-start=\"81\" data-end=\"95\">Parameeter<\/strong><\/th>\n<th data-start=\"127\" data-end=\"142\"><strong data-start=\"129\" data-end=\"141\">M\u00f5\u00f5t\u00fchik<\/strong><\/th>\n<th data-start=\"142\" data-end=\"180\"><strong data-start=\"144\" data-end=\"166\">VUT 400 HBE EC A25<\/strong><\/th>\n<\/tr>\n<\/thead>\n<tbody data-start=\"281\" data-end=\"2502\">\n<tr data-start=\"281\" data-end=\"381\">\n<td class=\"max-w-[calc(var(--thread-content-max-width)*2\/3)]\" data-start=\"281\" data-end=\"329\">\u00dchendatava \u00f5hukanali suurus<\/td>\n<td class=\"max-w-[calc(var(--thread-content-max-width)*2\/3)]\" data-start=\"329\" data-end=\"344\">mm<\/td>\n<td class=\"max-w-[calc(var(--thread-content-max-width)*2\/3)]\" data-start=\"344\" data-end=\"381\">200<\/td>\n<\/tr>\n<tr data-start=\"382\" data-end=\"482\">\n<td class=\"max-w-[calc(var(--thread-content-max-width)*2\/3)]\" data-start=\"382\" data-end=\"430\">Minimaalne toitepinge<\/td>\n<td class=\"max-w-[calc(var(--thread-content-max-width)*2\/3)]\" data-start=\"430\" data-end=\"445\">V<\/td>\n<td class=\"max-w-[calc(var(--thread-content-max-width)*2\/3)]\" data-start=\"445\" data-end=\"482\">230<\/td>\n<\/tr>\n<tr data-start=\"483\" data-end=\"583\">\n<td class=\"max-w-[calc(var(--thread-content-max-width)*2\/3)]\" data-start=\"483\" data-end=\"531\">Maksimaalne toitepinge<\/td>\n<td class=\"max-w-[calc(var(--thread-content-max-width)*2\/3)]\" data-start=\"531\" data-end=\"546\">V<\/td>\n<td class=\"max-w-[calc(var(--thread-content-max-width)*2\/3)]\" data-start=\"546\" data-end=\"583\">230<\/td>\n<\/tr>\n<tr data-start=\"584\" data-end=\"684\">\n<td class=\"max-w-[calc(var(--thread-content-max-width)*2\/3)]\" data-start=\"584\" data-end=\"632\">Toitesagedus<\/td>\n<td class=\"max-w-[calc(var(--thread-content-max-width)*2\/3)]\" data-start=\"632\" data-end=\"647\">Hz<\/td>\n<td class=\"max-w-[calc(var(--thread-content-max-width)*2\/3)]\" data-start=\"647\" data-end=\"684\">50\/60<\/td>\n<\/tr>\n<tr data-start=\"685\" data-end=\"785\">\n<td class=\"max-w-[calc(var(--thread-content-max-width)*2\/3)]\" data-start=\"685\" data-end=\"733\">Nimiv\u00f5imsus<\/td>\n<td class=\"max-w-[calc(var(--thread-content-max-width)*2\/3)]\" data-start=\"733\" data-end=\"748\">W<\/td>\n<td class=\"max-w-[calc(var(--thread-content-max-width)*2\/3)]\" data-start=\"748\" data-end=\"785\">289<\/td>\n<\/tr>\n<tr data-start=\"786\" data-end=\"886\">\n<td class=\"max-w-[calc(var(--thread-content-max-width)*2\/3)]\" data-start=\"786\" data-end=\"834\">Elektrilise j\u00e4relk\u00fctte v\u00f5imsus<\/td>\n<td class=\"max-w-[calc(var(--thread-content-max-width)*2\/3)]\" data-start=\"834\" data-end=\"849\">W<\/td>\n<td class=\"max-w-[calc(var(--thread-content-max-width)*2\/3)]\" data-start=\"849\" data-end=\"886\">2800<\/td>\n<\/tr>\n<tr data-start=\"887\" data-end=\"987\">\n<td class=\"max-w-[calc(var(--thread-content-max-width)*2\/3)]\" data-start=\"887\" data-end=\"935\">T\u00f6\u00f6vool<\/td>\n<td class=\"max-w-[calc(var(--thread-content-max-width)*2\/3)]\" data-start=\"935\" data-end=\"950\">A<\/td>\n<td class=\"max-w-[calc(var(--thread-content-max-width)*2\/3)]\" data-start=\"950\" data-end=\"987\">14,3<\/td>\n<\/tr>\n<tr data-start=\"988\" data-end=\"1088\">\n<td class=\"max-w-[calc(var(--thread-content-max-width)*2\/3)]\" data-start=\"988\" data-end=\"1036\">Maksimaalne \u00f5huvooluhulk<\/td>\n<td class=\"max-w-[calc(var(--thread-content-max-width)*2\/3)]\" data-start=\"1036\" data-end=\"1051\">m\u00b3\/h<\/td>\n<td class=\"max-w-[calc(var(--thread-content-max-width)*2\/3)]\" data-start=\"1051\" data-end=\"1088\">540<\/td>\n<\/tr>\n<tr data-start=\"1089\" data-end=\"1189\">\n<td class=\"max-w-[calc(var(--thread-content-max-width)*2\/3)]\" data-start=\"1089\" data-end=\"1137\">Helir\u00f5hutase LpA 3 m kaugusel<\/td>\n<td class=\"max-w-[calc(var(--thread-content-max-width)*2\/3)]\" data-start=\"1137\" data-end=\"1152\">dB(A)<\/td>\n<td class=\"max-w-[calc(var(--thread-content-max-width)*2\/3)]\" data-start=\"1152\" data-end=\"1189\">27<\/td>\n<\/tr>\n<tr data-start=\"1190\" data-end=\"1290\">\n<td class=\"max-w-[calc(var(--thread-content-max-width)*2\/3)] min-w-[calc(var(--thread-content-max-width)\/3)]\" data-start=\"1190\" data-end=\"1238\">Soojuse tagastamise kasutegur, maksimaalne<\/td>\n<td class=\"max-w-[calc(var(--thread-content-max-width)*2\/3)]\" data-start=\"1238\" data-end=\"1253\">%<\/td>\n<td class=\"max-w-[calc(var(--thread-content-max-width)*2\/3)]\" data-start=\"1253\" data-end=\"1290\">98<\/td>\n<\/tr>\n<tr data-start=\"1291\" data-end=\"1391\">\n<td class=\"max-w-[calc(var(--thread-content-max-width)*2\/3)]\" data-start=\"1291\" data-end=\"1339\">Soojusvaheti t\u00fc\u00fcp<\/td>\n<td class=\"max-w-[calc(var(--thread-content-max-width)*2\/3)]\" data-start=\"1339\" data-end=\"1354\">&#8211;<\/td>\n<td class=\"max-w-[calc(var(--thread-content-max-width)*2\/3)]\" data-start=\"1354\" data-end=\"1391\">Vastuvool<\/td>\n<\/tr>\n<tr data-start=\"1392\" data-end=\"1492\">\n<td class=\"max-w-[calc(var(--thread-content-max-width)*2\/3)]\" data-start=\"1392\" data-end=\"1440\">Soojusvaheti materjal<\/td>\n<td class=\"max-w-[calc(var(--thread-content-max-width)*2\/3)]\" data-start=\"1440\" data-end=\"1455\">&#8211;<\/td>\n<td class=\"max-w-[calc(var(--thread-content-max-width)*2\/3)]\" data-start=\"1455\" data-end=\"1492\">Pol\u00fcst\u00fcreen<\/td>\n<\/tr>\n<tr data-start=\"1493\" data-end=\"1593\">\n<td class=\"max-w-[calc(var(--thread-content-max-width)*2\/3)]\" data-start=\"1493\" data-end=\"1541\">Kaal<\/td>\n<td class=\"max-w-[calc(var(--thread-content-max-width)*2\/3)]\" data-start=\"1541\" data-end=\"1556\">kg<\/td>\n<td class=\"max-w-[calc(var(--thread-content-max-width)*2\/3)]\" data-start=\"1556\" data-end=\"1593\">76<\/td>\n<\/tr>\n<tr data-start=\"1594\" data-end=\"1694\">\n<td class=\"max-w-[calc(var(--thread-content-max-width)*2\/3)]\" data-start=\"1594\" data-end=\"1642\">V\u00e4ljat\u00f5mbe filter<\/td>\n<td class=\"max-w-[calc(var(--thread-content-max-width)*2\/3)]\" data-start=\"1642\" data-end=\"1657\">&#8211;<\/td>\n<td class=\"max-w-[calc(var(--thread-content-max-width)*2\/3)]\" data-start=\"1657\" data-end=\"1694\">G4<\/td>\n<\/tr>\n<tr data-start=\"1695\" data-end=\"1795\">\n<td class=\"max-w-[calc(var(--thread-content-max-width)*2\/3)]\" data-start=\"1695\" data-end=\"1743\">Puhastus\u00f5hu filter<\/td>\n<td class=\"max-w-[calc(var(--thread-content-max-width)*2\/3)]\" data-start=\"1743\" data-end=\"1758\">&#8211;<\/td>\n<td class=\"max-w-[calc(var(--thread-content-max-width)*2\/3)]\" data-start=\"1758\" data-end=\"1795\">G4 + F7<\/td>\n<\/tr>\n<tr data-start=\"1796\" data-end=\"1896\">\n<td class=\"max-w-[calc(var(--thread-content-max-width)*2\/3)]\" data-start=\"1796\" data-end=\"1844\">Transporditava \u00f5hu temperatuur (maks.)<\/td>\n<td class=\"max-w-[calc(var(--thread-content-max-width)*2\/3)]\" data-start=\"1844\" data-end=\"1859\">\u00b0C<\/td>\n<td class=\"max-w-[calc(var(--thread-content-max-width)*2\/3)]\" data-start=\"1859\" data-end=\"1896\">40<\/td>\n<\/tr>\n<tr data-start=\"1897\" data-end=\"1997\">\n<td class=\"max-w-[calc(var(--thread-content-max-width)*2\/3)]\" data-start=\"1897\" data-end=\"1945\">Transporditava \u00f5hu temperatuur (min.)<\/td>\n<td class=\"max-w-[calc(var(--thread-content-max-width)*2\/3)]\" data-start=\"1945\" data-end=\"1960\">\u00b0C<\/td>\n<td class=\"max-w-[calc(var(--thread-content-max-width)*2\/3)]\" data-start=\"1960\" data-end=\"1997\">-25<\/td>\n<\/tr>\n<tr data-start=\"1998\" data-end=\"2098\">\n<td class=\"max-w-[calc(var(--thread-content-max-width)*2\/3)]\" data-start=\"1998\" data-end=\"2046\">\u00dcmbritseva \u00f5hu minimaalne temperatuur<\/td>\n<td class=\"max-w-[calc(var(--thread-content-max-width)*2\/3)]\" data-start=\"2046\" data-end=\"2061\">\u00b0C<\/td>\n<td class=\"max-w-[calc(var(--thread-content-max-width)*2\/3)]\" data-start=\"2061\" data-end=\"2098\">1<\/td>\n<\/tr>\n<tr data-start=\"2099\" data-end=\"2199\">\n<td class=\"max-w-[calc(var(--thread-content-max-width)*2\/3)]\" data-start=\"2099\" data-end=\"2147\">\u00dcmbritseva \u00f5hu maksimaalne temperatuur<\/td>\n<td class=\"max-w-[calc(var(--thread-content-max-width)*2\/3)]\" data-start=\"2147\" data-end=\"2162\">\u00b0C<\/td>\n<td class=\"max-w-[calc(var(--thread-content-max-width)*2\/3)]\" data-start=\"2162\" data-end=\"2199\">40<\/td>\n<\/tr>\n<tr data-start=\"2200\" data-end=\"2300\">\n<td class=\"max-w-[calc(var(--thread-content-max-width)*2\/3)]\" data-start=\"2200\" data-end=\"2248\">\u00dcmbritseva \u00f5hu maksimaalne niiskus<\/td>\n<td class=\"max-w-[calc(var(--thread-content-max-width)*2\/3)]\" data-start=\"2248\" data-end=\"2263\">%<\/td>\n<td class=\"max-w-[calc(var(--thread-content-max-width)*2\/3)]\" data-start=\"2263\" data-end=\"2300\">80<\/td>\n<\/tr>\n<tr data-start=\"2301\" data-end=\"2401\">\n<td class=\"max-w-[calc(var(--thread-content-max-width)*2\/3)]\" data-start=\"2301\" data-end=\"2349\">Kaitseklass<\/td>\n<td class=\"max-w-[calc(var(--thread-content-max-width)*2\/3)]\" data-start=\"2349\" data-end=\"2364\">&#8211;<\/td>\n<td class=\"max-w-[calc(var(--thread-content-max-width)*2\/3)]\" data-start=\"2364\" data-end=\"2401\">IP22<\/td>\n<\/tr>\n<tr data-start=\"2402\" data-end=\"2502\">\n<td class=\"max-w-[calc(var(--thread-content-max-width)*2\/3)]\" data-start=\"2402\" data-end=\"2450\">Ajami kaitseklass<\/td>\n<td class=\"max-w-[calc(var(--thread-content-max-width)*2\/3)]\" data-start=\"2450\" data-end=\"2465\">&#8211;<\/td>\n<td class=\"max-w-[calc(var(--thread-content-max-width)*2\/3)]\" data-start=\"2465\" data-end=\"2502\">IP44<\/td>\n<\/tr>\n<\/tbody>\n<\/table>\n<p>&nbsp;<\/p>\n<p><a href=\"https:\/\/ventilation-system.com\/download\/vut-hb-ec-manual-3562.pdf\"><span style=\"color: #0000ff;\"><strong>Kasutusjuhend<\/strong><\/span><\/a><\/p>\n<p>Seadme m\u00f5\u00f5dud:<br \/>\n<a href=\"https:\/\/ventilatsiooniseade.ee\/wp-content\/uploads\/2022\/03\/VUT-400-HBE-EC-A25-m\u00f5\u00f5dud.jpeg\"><img loading=\"lazy\" decoding=\"async\" class=\"alignleft size-large wp-image-6169\" src=\"https:\/\/ventilatsiooniseade.ee\/wp-content\/uploads\/2022\/03\/VUT-400-HBE-EC-A25-m\u00f5\u00f5dud-1024x347.jpeg\" alt=\"VUT 400 HBE EC A25 m\u00f5\u00f5dud\" width=\"1024\" height=\"347\" srcset=\"https:\/\/ventilatsiooniseade.ee\/wp-content\/uploads\/2022\/03\/VUT-400-HBE-EC-A25-m\u00f5\u00f5dud-1024x347.jpeg 1024w, https:\/\/ventilatsiooniseade.ee\/wp-content\/uploads\/2022\/03\/VUT-400-HBE-EC-A25-m\u00f5\u00f5dud-470x159.jpeg 470w, https:\/\/ventilatsiooniseade.ee\/wp-content\/uploads\/2022\/03\/VUT-400-HBE-EC-A25-m\u00f5\u00f5dud-300x102.jpeg 300w, https:\/\/ventilatsiooniseade.ee\/wp-content\/uploads\/2022\/03\/VUT-400-HBE-EC-A25-m\u00f5\u00f5dud-768x260.jpeg 768w, https:\/\/ventilatsiooniseade.ee\/wp-content\/uploads\/2022\/03\/VUT-400-HBE-EC-A25-m\u00f5\u00f5dud-80x27.jpeg 80w, https:\/\/ventilatsiooniseade.ee\/wp-content\/uploads\/2022\/03\/VUT-400-HBE-EC-A25-m\u00f5\u00f5dud.jpeg 1123w\" sizes=\"auto, (max-width: 1024px) 100vw, 1024px\" \/><\/a><\/p>\n<p>&nbsp;<\/p>\n<p>&nbsp;<\/p>\n<p>&nbsp;<\/p>\n","protected":false},"excerpt":{"rendered":"<p><strong>Soojustagastusega<\/strong> efektiivne heli summutava korpusega ventilatsiooniseade.<\/p>\n<p><img loading=\"lazy\" decoding=\"async\" class=\"\" src=\"https:\/\/ventilation-system.com\/upload\/svg\/0528497001677652493.svg\" width=\"85\" height=\"85\" \/><\/p>\n<p>&nbsp;<\/p>\n<p class=\"\" data-start=\"172\" data-end=\"212\"><strong>Elektrilise j\u00e4relk\u00fctte v\u00f5imsus:<\/strong> 2800 W<br \/>\n<strong>Maksimaalne \u00f5huvooluhulk:<\/strong> 540 m\u00b3\/h<br \/>\n<strong>Helir\u00f5hutase LpA 3 meetri kaugusel:<\/strong> 27 dB(A)<br \/>\n<strong>Soojusvaheti t\u00fc\u00fcp:<\/strong> Vastuvool<br \/>\n<strong>V\u00e4ljat\u00f5mbe filter:<\/strong> G4<br \/>\n<strong>Puhastus\u00f5hu filter:<\/strong> G4 + F7<br \/>\n<strong>Heliisolatsioon<\/strong><br \/>\n<strong>Mootori t\u00fc\u00fcp:<\/strong> EC<br \/>\n<strong>Bypass-funktsioon:<\/strong> Automaatne<br \/>\n<strong>J\u00e4relk\u00fctte t\u00fc\u00fcp:<\/strong> Elektriline<br \/>\n<strong>Eelsoojendi:<\/strong> Valikuline<br \/>\n<strong>BMS protokoll:<\/strong> ModBus<br \/>\n<strong>Juhtimine:<\/strong> A25 juhtpult<br \/>\n<strong>Korpuse materjal:<\/strong> Tsingitud teras<br \/>\n<strong>Niiskusandur:<\/strong> Valikuline<br \/>\n<strong>CO\u2082 andur:<\/strong> Valikuline<br \/>\n<strong>VOC andur:<\/strong> Valikuline<br \/>\n<strong>PM2.5 andur:<\/strong> Valikuline<\/p>\n<p><a href=\"https:\/\/ventilation-system.com\/download\/vut-hb-ec-datasheet-12053.pdf\"><span style=\"color: #0000ff;\"><strong>Lisainfo<\/strong><\/span><\/a><\/p>\n","protected":false},"featured_media":6164,"comment_status":"closed","ping_status":"closed","template":"","meta":[],"product_brand":[],"product_cat":[13,164,41,42],"product_tag":[],"class_list":{"0":"post-4854","1":"product","2":"type-product","3":"status-publish","4":"has-post-thumbnail","6":"product_cat-ventilatsiooniseadmed","7":"product_cat-vents","8":"product_cat-riputatavad-seadmed","9":"product_cat-porandakinnitusega-seadmed-tsentraalsed-seadmed","11":"first","12":"instock","13":"shipping-taxable","14":"purchasable","15":"product-type-simple"},"_links":{"self":[{"href":"https:\/\/ventilatsiooniseade.ee\/index.php?rest_route=\/wp\/v2\/product\/4854","targetHints":{"allow":["GET"]}}],"collection":[{"href":"https:\/\/ventilatsiooniseade.ee\/index.php?rest_route=\/wp\/v2\/product"}],"about":[{"href":"https:\/\/ventilatsiooniseade.ee\/index.php?rest_route=\/wp\/v2\/types\/product"}],"replies":[{"embeddable":true,"href":"https:\/\/ventilatsiooniseade.ee\/index.php?rest_route=%2Fwp%2Fv2%2Fcomments&post=4854"}],"wp:featuredmedia":[{"embeddable":true,"href":"https:\/\/ventilatsiooniseade.ee\/index.php?rest_route=\/wp\/v2\/media\/6164"}],"wp:attachment":[{"href":"https:\/\/ventilatsiooniseade.ee\/index.php?rest_route=%2Fwp%2Fv2%2Fmedia&parent=4854"}],"wp:term":[{"taxonomy":"product_brand","embeddable":true,"href":"https:\/\/ventilatsiooniseade.ee\/index.php?rest_route=%2Fwp%2Fv2%2Fproduct_brand&post=4854"},{"taxonomy":"product_cat","embeddable":true,"href":"https:\/\/ventilatsiooniseade.ee\/index.php?rest_route=%2Fwp%2Fv2%2Fproduct_cat&post=4854"},{"taxonomy":"product_tag","embeddable":true,"href":"https:\/\/ventilatsiooniseade.ee\/index.php?rest_route=%2Fwp%2Fv2%2Fproduct_tag&post=4854"}],"curies":[{"name":"wp","href":"https:\/\/api.w.org\/{rel}","templated":true}]}}