{"id":4846,"date":"2024-05-28T12:00:10","date_gmt":"2024-05-28T09:00:10","guid":{"rendered":"http:\/\/ventilatsiooniseade.ee\/?product=vue-270-v5b-ec-a22-wifi"},"modified":"2024-05-28T13:37:24","modified_gmt":"2024-05-28T10:37:24","slug":"vue-270-v5b-ec-a22-wifi","status":"publish","type":"product","link":"https:\/\/ventilatsiooniseade.ee\/?product=vue-270-v5b-ec-a22-wifi","title":{"rendered":"VUE 270 V5B EC A22 wifi"},"content":{"rendered":"<p>Seadme m\u00f5\u00f5dud:<\/p>\n<p><a href=\"https:\/\/ventilatsiooniseade.ee\/wp-content\/uploads\/2019\/12\/VUE270.png\"><img loading=\"lazy\" decoding=\"async\" class=\"alignnone size-full wp-image-4390\" src=\"https:\/\/ventilatsiooniseade.ee\/wp-content\/uploads\/2019\/12\/VUE270.png\" alt=\"VUE270\" width=\"1057\" height=\"423\" srcset=\"https:\/\/ventilatsiooniseade.ee\/wp-content\/uploads\/2019\/12\/VUE270.png 1057w, https:\/\/ventilatsiooniseade.ee\/wp-content\/uploads\/2019\/12\/VUE270-470x188.png 470w, https:\/\/ventilatsiooniseade.ee\/wp-content\/uploads\/2019\/12\/VUE270-300x120.png 300w, https:\/\/ventilatsiooniseade.ee\/wp-content\/uploads\/2019\/12\/VUE270-768x307.png 768w, https:\/\/ventilatsiooniseade.ee\/wp-content\/uploads\/2019\/12\/VUE270-1024x410.png 1024w, https:\/\/ventilatsiooniseade.ee\/wp-content\/uploads\/2019\/12\/VUE270-80x32.png 80w\" sizes=\"auto, (max-width: 1057px) 100vw, 1057px\" \/><\/a>Seadme tehnilised n\u00e4itajad:<\/p>\n<table width=\"300\">\n<tbody>\n<tr>\n<td width=\"125\">Parameeter<\/td>\n<td width=\"97\">VUE 270 V5(B) EC<\/td>\n<td width=\"78\">M\u00f5\u00f5t\u00fchik<\/td>\n<\/tr>\n<tr>\n<td width=\"125\" data-label=\"Parameter\">Sagedus<\/td>\n<td width=\"97\" data-label=\"VUE 270 V5(B) EC - \">50\/60<\/td>\n<td width=\"78\" data-label=\"Measurement unit\">Hz<\/td>\n<\/tr>\n<tr>\n<td width=\"125\" data-label=\"Parameter\">Faas<\/td>\n<td width=\"97\" data-label=\"VUE 270 V5(B) EC - \">1<\/td>\n<td width=\"78\" data-label=\"Measurement unit\">\u02dc<\/td>\n<\/tr>\n<tr>\n<td width=\"125\" data-label=\"Parameter\">Oinge<\/td>\n<td width=\"97\" data-label=\"VUE 270 V5(B) EC - \">230<\/td>\n<td width=\"78\" data-label=\"Measurement unit\">V<\/td>\n<\/tr>\n<tr>\n<td width=\"125\" data-label=\"Parameter\">Maksimum \u00fchiku v\u00f5imsus<\/td>\n<td width=\"97\" data-label=\"VUE 270 V5(B) EC - \">162<\/td>\n<td width=\"78\" data-label=\"Measurement unit\">W<\/td>\n<\/tr>\n<tr>\n<td width=\"125\" data-label=\"Parameter\">Maksimum \u00fchiku vool<\/td>\n<td width=\"97\" data-label=\"VUE 270 V5(B) EC - \">1.2<\/td>\n<td width=\"78\" data-label=\"Measurement unit\">A<\/td>\n<\/tr>\n<tr>\n<td width=\"125\" data-label=\"Parameter\">\u00d5hul\u00e4bilaskev\u00f5ime<\/td>\n<td width=\"97\" data-label=\"VUE 270 V5(B) EC - \">300<\/td>\n<td width=\"78\" data-label=\"Measurement unit\">m\u00b3\/h<\/td>\n<\/tr>\n<tr>\n<td width=\"125\" data-label=\"Parameter\">Soojustagastuse t\u00f5husus<\/td>\n<td width=\"97\" data-label=\"VUE 270 V5(B) EC - \">72&#8230;94<\/td>\n<td width=\"78\" data-label=\"Measurement unit\">%<\/td>\n<\/tr>\n<tr>\n<td width=\"125\" data-label=\"Parameter\">Transporrditava\u00a0 \u00f5hu temperatuur<\/td>\n<td width=\"97\" data-label=\"VUE 270 V5(B) EC - \">-25 &#8230; +40<\/td>\n<td width=\"78\" data-label=\"Measurement unit\">\u00b0\u0421<\/td>\n<\/tr>\n<tr>\n<td width=\"125\" data-label=\"Parameter\">Helir\u00f5hutase 3m kaugusel<\/td>\n<td width=\"97\" data-label=\"VUE 270 V5(B) EC - \">34<\/td>\n<td width=\"78\" data-label=\"Measurement unit\">dB\u0410<\/td>\n<\/tr>\n<tr>\n<td width=\"125\" data-label=\"Parameter\">SEC class for A2<\/td>\n<td width=\"97\" data-label=\"VUE 270 V5(B) EC - \">\u0412<\/td>\n<td width=\"78\" data-label=\"Measurement unit\">&#8211;<\/td>\n<\/tr>\n<tr>\n<td width=\"125\" data-label=\"Parameter\">Isolatsioon<\/td>\n<td width=\"97\" data-label=\"VUE 270 V5(B) EC - \">EPP 15\u202626 mm<\/td>\n<td width=\"78\" data-label=\"Measurement unit\">&#8211;<\/td>\n<\/tr>\n<tr>\n<td width=\"125\" data-label=\"Parameter\">Korpuse materjal<\/td>\n<td width=\"97\" data-label=\"VUE 270 V5(B) EC - \"><span class=\"tlid-translation translation\" lang=\"et\"><span class=\"\" title=\"\">paisutatud pol\u00fcprop\u00fcleen<\/span><\/span><\/td>\n<td width=\"78\" data-label=\"Measurement unit\">&#8211;<\/td>\n<\/tr>\n<tr>\n<td width=\"125\" data-label=\"Parameter\">Filter: v\u00e4lja<\/td>\n<td width=\"97\" data-label=\"VUE 270 V5(B) EC - \">G4<\/td>\n<td width=\"78\" data-label=\"Measurement unit\">&#8211;<\/td>\n<\/tr>\n<tr>\n<td width=\"125\" data-label=\"Parameter\">Filter: sisse<\/td>\n<td width=\"97\" data-label=\"VUE 270 V5(B) EC - \">G4, F8<\/td>\n<td width=\"78\" data-label=\"Measurement unit\">&#8211;<\/td>\n<\/tr>\n<tr>\n<td width=\"125\" data-label=\"Parameter\">\u00dchendatud toru l\u00e4bim\u00f5\u00f5t<\/td>\n<td width=\"97\" data-label=\"VUE 270 V5(B) EC - \">125<\/td>\n<td width=\"78\" data-label=\"Measurement unit\">mm<\/td>\n<\/tr>\n<tr>\n<td width=\"125\" data-label=\"Parameter\">Kaal<\/td>\n<td width=\"97\" data-label=\"VUE 270 V5(B) EC - \">13.5<\/td>\n<td width=\"78\" data-label=\"Measurement unit\">kg<\/td>\n<\/tr>\n<tr>\n<td width=\"125\" data-label=\"Parameter\">Soojusvaheti t\u00fc\u00fcp<\/td>\n<td width=\"97\" data-label=\"VUE 270 V5(B) EC - \">vastuvoolne<\/td>\n<td width=\"78\" data-label=\"Measurement unit\">&#8211;<\/td>\n<\/tr>\n<tr>\n<td width=\"125\" data-label=\"Parameter\">Soojusvaheti materjal<\/td>\n<td width=\"97\" data-label=\"VUE 270 V5(B) EC - \">enthalpy<\/td>\n<td width=\"78\" data-label=\"Measurement unit\">&#8211;<\/td>\n<\/tr>\n<tr>\n<td width=\"125\" data-label=\"Parameter\">SEC class for A14, A21<\/td>\n<td width=\"97\" data-label=\"VUE 270 V5(B) EC - \">A<\/td>\n<td width=\"78\" data-label=\"Measurement unit\">&#8211;<\/td>\n<\/tr>\n<\/tbody>\n<\/table>\n<p>Alloleval pildil on v\u00e4lja todud \u00fcks v\u00f5imalikest toote kasutamise v\u00f5imalustest.<\/p>\n<p>&nbsp;<\/p>\n<p><a href=\"https:\/\/ventilatsiooniseade.ee\/wp-content\/uploads\/2019\/12\/VUT_VUE_270_V5B_EC_Mounting_En-3.png\"><img loading=\"lazy\" decoding=\"async\" class=\"alignnone size-full wp-image-1608\" src=\"https:\/\/ventilatsiooniseade.ee\/wp-content\/uploads\/2019\/12\/VUT_VUE_270_V5B_EC_Mounting_En-3.png\" alt=\"VUT_VUE_270_V5B_EC_Mounting_En\" width=\"700\" height=\"946\" srcset=\"https:\/\/ventilatsiooniseade.ee\/wp-content\/uploads\/2019\/12\/VUT_VUE_270_V5B_EC_Mounting_En-3.png 700w, https:\/\/ventilatsiooniseade.ee\/wp-content\/uploads\/2019\/12\/VUT_VUE_270_V5B_EC_Mounting_En-3-470x635.png 470w, https:\/\/ventilatsiooniseade.ee\/wp-content\/uploads\/2019\/12\/VUT_VUE_270_V5B_EC_Mounting_En-3-222x300.png 222w, https:\/\/ventilatsiooniseade.ee\/wp-content\/uploads\/2019\/12\/VUT_VUE_270_V5B_EC_Mounting_En-3-80x107.png 80w, https:\/\/ventilatsiooniseade.ee\/wp-content\/uploads\/2019\/12\/VUT_VUE_270_V5B_EC_Mounting_En-3-444x600.png 444w\" sizes=\"auto, (max-width: 700px) 100vw, 700px\" \/><\/a><\/p>\n<p>Seadme komplekti kuulub<strong> juhtpult A 22 wifi<\/strong>.<\/p>\n<p><a href=\"https:\/\/ventilatsiooniseade.ee\/wp-content\/uploads\/2022\/03\/a22wifi8007.png\"><img loading=\"lazy\" decoding=\"async\" class=\"alignleft wp-image-4849\" src=\"https:\/\/ventilatsiooniseade.ee\/wp-content\/uploads\/2022\/03\/a22wifi8007.png\" alt=\"a22wifi8007\" width=\"284\" height=\"284\" srcset=\"https:\/\/ventilatsiooniseade.ee\/wp-content\/uploads\/2022\/03\/a22wifi8007.png 800w, https:\/\/ventilatsiooniseade.ee\/wp-content\/uploads\/2022\/03\/a22wifi8007-195x195.png 195w, https:\/\/ventilatsiooniseade.ee\/wp-content\/uploads\/2022\/03\/a22wifi8007-100x100.png 100w, https:\/\/ventilatsiooniseade.ee\/wp-content\/uploads\/2022\/03\/a22wifi8007-470x470.png 470w, https:\/\/ventilatsiooniseade.ee\/wp-content\/uploads\/2022\/03\/a22wifi8007-150x150.png 150w, https:\/\/ventilatsiooniseade.ee\/wp-content\/uploads\/2022\/03\/a22wifi8007-300x300.png 300w, https:\/\/ventilatsiooniseade.ee\/wp-content\/uploads\/2022\/03\/a22wifi8007-768x768.png 768w, https:\/\/ventilatsiooniseade.ee\/wp-content\/uploads\/2022\/03\/a22wifi8007-80x80.png 80w\" sizes=\"auto, (max-width: 284px) 100vw, 284px\" \/><\/a><\/p>\n","protected":false},"excerpt":{"rendered":"<p>Sooju- ja niiskustagastusega, heli summutava korpusega ventilatsiooniseade.<\/p>\n<p>Sobib paigaldamiseks v\u00e4iksemale eramule v\u00f5i korterile.<\/p>\n<p>Tootlikus 264 m\u00b3\/h @ 100 Pa, soojuse taaskasutamise t\u00f5husus kuni 98%.<\/p>\n<p><a href=\"https:\/\/ventilation-system.com\/download\/1416\/\"><span style=\"color: #0000ff;\"><strong>Infoleht<\/strong><\/span><\/a><\/p>\n","protected":false},"featured_media":1458,"comment_status":"closed","ping_status":"closed","template":"","meta":[],"product_brand":[],"product_cat":[121,13,164,17,42],"product_tag":[],"class_list":{"0":"post-4846","1":"product","2":"type-product","3":"status-publish","4":"has-post-thumbnail","6":"product_cat-top-tooted","7":"product_cat-ventilatsiooniseadmed","8":"product_cat-vents","9":"product_cat-soojustagastusega-ventilatsiooniseadmed","10":"product_cat-porandakinnitusega-seadmed-tsentraalsed-seadmed","12":"first","13":"instock","14":"shipping-taxable","15":"purchasable","16":"product-type-simple"},"_links":{"self":[{"href":"https:\/\/ventilatsiooniseade.ee\/index.php?rest_route=\/wp\/v2\/product\/4846","targetHints":{"allow":["GET"]}}],"collection":[{"href":"https:\/\/ventilatsiooniseade.ee\/index.php?rest_route=\/wp\/v2\/product"}],"about":[{"href":"https:\/\/ventilatsiooniseade.ee\/index.php?rest_route=\/wp\/v2\/types\/product"}],"replies":[{"embeddable":true,"href":"https:\/\/ventilatsiooniseade.ee\/index.php?rest_route=%2Fwp%2Fv2%2Fcomments&post=4846"}],"wp:featuredmedia":[{"embeddable":true,"href":"https:\/\/ventilatsiooniseade.ee\/index.php?rest_route=\/wp\/v2\/media\/1458"}],"wp:attachment":[{"href":"https:\/\/ventilatsiooniseade.ee\/index.php?rest_route=%2Fwp%2Fv2%2Fmedia&parent=4846"}],"wp:term":[{"taxonomy":"product_brand","embeddable":true,"href":"https:\/\/ventilatsiooniseade.ee\/index.php?rest_route=%2Fwp%2Fv2%2Fproduct_brand&post=4846"},{"taxonomy":"product_cat","embeddable":true,"href":"https:\/\/ventilatsiooniseade.ee\/index.php?rest_route=%2Fwp%2Fv2%2Fproduct_cat&post=4846"},{"taxonomy":"product_tag","embeddable":true,"href":"https:\/\/ventilatsiooniseade.ee\/index.php?rest_route=%2Fwp%2Fv2%2Fproduct_tag&post=4846"}],"curies":[{"name":"wp","href":"https:\/\/api.w.org\/{rel}","templated":true}]}}