{"id":4822,"date":"2022-03-03T16:40:03","date_gmt":"2022-03-03T14:40:03","guid":{"rendered":"http:\/\/ventilatsiooniseade.ee\/?post_type=product&#038;p=4822"},"modified":"2026-04-22T10:58:27","modified_gmt":"2026-04-22T07:58:27","slug":"kutteseade-ne-micra-100","status":"publish","type":"product","link":"https:\/\/ventilatsiooniseade.ee\/?product=kutteseade-ne-micra-100","title":{"rendered":"K\u00fctteseade NE Micra 100"},"content":{"rendered":"","protected":false},"excerpt":{"rendered":"<p>K\u00fctteseade kondensaadi k\u00fclmumise v\u00e4ltimiseks \u00e4ravoolutorus ja v\u00e4liskastis.<\/p>\n","protected":false},"featured_media":4825,"comment_status":"closed","ping_status":"closed","template":"","meta":[],"product_brand":[],"product_cat":[164,17,24,40],"product_tag":[316],"class_list":{"0":"post-4822","1":"product","2":"type-product","3":"status-publish","4":"has-post-thumbnail","6":"product_cat-vents","7":"product_cat-soojustagastusega-ventilatsiooniseadmed","8":"product_cat-tsentraalsed-seadmed","9":"product_cat-porandakinnitusega-seadmed","10":"product_tag-micra-100","12":"first","13":"instock","14":"shipping-taxable","15":"purchasable","16":"product-type-simple"},"_links":{"self":[{"href":"https:\/\/ventilatsiooniseade.ee\/index.php?rest_route=\/wp\/v2\/product\/4822","targetHints":{"allow":["GET"]}}],"collection":[{"href":"https:\/\/ventilatsiooniseade.ee\/index.php?rest_route=\/wp\/v2\/product"}],"about":[{"href":"https:\/\/ventilatsiooniseade.ee\/index.php?rest_route=\/wp\/v2\/types\/product"}],"replies":[{"embeddable":true,"href":"https:\/\/ventilatsiooniseade.ee\/index.php?rest_route=%2Fwp%2Fv2%2Fcomments&post=4822"}],"wp:featuredmedia":[{"embeddable":true,"href":"https:\/\/ventilatsiooniseade.ee\/index.php?rest_route=\/wp\/v2\/media\/4825"}],"wp:attachment":[{"href":"https:\/\/ventilatsiooniseade.ee\/index.php?rest_route=%2Fwp%2Fv2%2Fmedia&parent=4822"}],"wp:term":[{"taxonomy":"product_brand","embeddable":true,"href":"https:\/\/ventilatsiooniseade.ee\/index.php?rest_route=%2Fwp%2Fv2%2Fproduct_brand&post=4822"},{"taxonomy":"product_cat","embeddable":true,"href":"https:\/\/ventilatsiooniseade.ee\/index.php?rest_route=%2Fwp%2Fv2%2Fproduct_cat&post=4822"},{"taxonomy":"product_tag","embeddable":true,"href":"https:\/\/ventilatsiooniseade.ee\/index.php?rest_route=%2Fwp%2Fv2%2Fproduct_tag&post=4822"}],"curies":[{"name":"wp","href":"https:\/\/api.w.org\/{rel}","templated":true}]}}