{"id":4821,"date":"2023-05-02T09:20:26","date_gmt":"2023-05-02T06:20:26","guid":{"rendered":"http:\/\/ventilatsiooniseade.ee\/?product=titon-hrv-1-6-q-plus-entalpia"},"modified":"2023-06-05T13:13:25","modified_gmt":"2023-06-05T10:13:25","slug":"titon-hrv-1-6-q-plus-entalpia","status":"publish","type":"product","link":"https:\/\/ventilatsiooniseade.ee\/?product=titon-hrv-1-6-q-plus-entalpia","title":{"rendered":"Titon HRV 1.6 Entalpia"},"content":{"rendered":"<p>Funktsioonid, mis sisalduvad komplektis:<\/p>\n<p>Eestikeelne kasutajas\u00f5bralik juhtpaneel Auramode\u00ae<br \/>\nIntelligentne j\u00e4\u00e4tumisvastane kaitse; j\u00e4rkj\u00e4rguline sissepuhke ventilaatori kiiruse v\u00e4hendamine j\u00e4ise \u00f5hu pealevoolu v\u00e4hendamiseks.<br \/>\nP\u00f5hjamaakliima jaoks sisaldab seadme komplekt uue p\u00f5lvkonna intelligentset \u00f5hu eelk\u00fctte kalorifeeri, et seade j\u00e4tkaks t\u00f5rgeteta t\u00f6\u00f6d ka karmi pakasega (Sisaldub hinnas). Intelligentne eelk\u00fctte kalorifeer 0 kuni 1,2 kW (kulutab elektrienergiat ca 3 korda v\u00e4hem v\u00f5rreldes SISSE\/V\u00c4LJA l\u00fclitusega kalorifeeriga).<br \/>\nIntensiivse ventileerimise taimer 0-60 minutit; v\u00f5imalik kasutada v\u00e4list impulssl\u00fclitit, mis maandab \u00e4ra riski, et seade unustatakse t\u00f6\u00f6le v\u00f5imendusega re\u017eiimi.<br \/>\nNiiskustaseme kontroll (Lisafunktsioon, mis sisaldub hinnas).<br \/>\nSissepuhke ja v\u00e4ljat\u00f5mbe ventilaatorite eraldi reguleerimine; v\u00f5imalik tekitada ruumi \u00fcler\u00f5hku.<br \/>\nKaminare\u017eiim.<br \/>\nIntelligentne suve\u00f5hu m\u00f6\u00f6davooluklapp suviseks passiivseks jahutuseks (Lisafunktsioon, mis sisaldub hinnas).<br \/>\nSummerBoost funktsioon (vt allolevat videot)<br \/>\nTarga maja \u00fchenduse protokoll RS485<\/p>\n<p><iframe loading=\"lazy\" title=\"MVHR - How it Works: SUMMERboost\u00ae\" width=\"500\" height=\"281\" src=\"https:\/\/www.youtube.com\/embed\/o39tIwFmehI?start=37&#038;feature=oembed&#038;wmode=opaque\"  allow=\"accelerometer; autoplay; clipboard-write; encrypted-media; gyroscope; picture-in-picture; web-share\" referrerpolicy=\"strict-origin-when-cross-origin\" allowfullscreen><\/iframe><\/p>\n<p style=\"text-align: center;\"><span style=\"text-decoration: underline;\">Seadme nominaal v\u00f5imekuse graafik<\/span><\/p>\n<p style=\"text-align: center;\"><a href=\"https:\/\/ventilatsiooniseade.ee\/wp-content\/uploads\/2019\/12\/HRV1.6-Performance-Curves.jpg\"><img loading=\"lazy\" decoding=\"async\" class=\"alignnone size-full wp-image-1697\" src=\"https:\/\/ventilatsiooniseade.ee\/wp-content\/uploads\/2019\/12\/HRV1.6-Performance-Curves.jpg\" alt=\"HRV1.6-Performance-Curves\" width=\"800\" height=\"409\" srcset=\"https:\/\/ventilatsiooniseade.ee\/wp-content\/uploads\/2019\/12\/HRV1.6-Performance-Curves.jpg 800w, https:\/\/ventilatsiooniseade.ee\/wp-content\/uploads\/2019\/12\/HRV1.6-Performance-Curves-470x240.jpg 470w, https:\/\/ventilatsiooniseade.ee\/wp-content\/uploads\/2019\/12\/HRV1.6-Performance-Curves-300x153.jpg 300w, https:\/\/ventilatsiooniseade.ee\/wp-content\/uploads\/2019\/12\/HRV1.6-Performance-Curves-768x393.jpg 768w, https:\/\/ventilatsiooniseade.ee\/wp-content\/uploads\/2019\/12\/HRV1.6-Performance-Curves-80x41.jpg 80w\" sizes=\"auto, (max-width: 800px) 100vw, 800px\" \/><\/a><\/p>\n<p style=\"text-align: left;\">Seadme m\u00f5\u00f5dud:<\/p>\n<p style=\"text-align: left;\"><a href=\"https:\/\/ventilatsiooniseade.ee\/wp-content\/uploads\/2019\/12\/HRV-Drawings-1.6.jpg\"><img loading=\"lazy\" decoding=\"async\" class=\"alignnone size-full wp-image-1699\" src=\"https:\/\/ventilatsiooniseade.ee\/wp-content\/uploads\/2019\/12\/HRV-Drawings-1.6.jpg\" alt=\"HRV-Drawings-1.6\" width=\"800\" height=\"479\" srcset=\"https:\/\/ventilatsiooniseade.ee\/wp-content\/uploads\/2019\/12\/HRV-Drawings-1.6.jpg 800w, https:\/\/ventilatsiooniseade.ee\/wp-content\/uploads\/2019\/12\/HRV-Drawings-1.6-470x281.jpg 470w, https:\/\/ventilatsiooniseade.ee\/wp-content\/uploads\/2019\/12\/HRV-Drawings-1.6-300x180.jpg 300w, https:\/\/ventilatsiooniseade.ee\/wp-content\/uploads\/2019\/12\/HRV-Drawings-1.6-768x460.jpg 768w, https:\/\/ventilatsiooniseade.ee\/wp-content\/uploads\/2019\/12\/HRV-Drawings-1.6-80x48.jpg 80w\" sizes=\"auto, (max-width: 800px) 100vw, 800px\" \/><\/a><\/p>\n","protected":false},"excerpt":{"rendered":"<p><span style=\"color: #2ba668;\">P\u00d5HJAMAA KOMPLEKT (ventilatsiooniseade+eelk\u00fcttekalorifeer)<\/span><\/p>\n<p>Soojustagastusega v\u00e4ga kompaktsete m\u00f5\u00f5tudega ventilatsiooniseade korterile v\u00f5i v\u00e4iksemale eramule.<br \/>\nSoovitatav kasutada kuni<strong> 170 <\/strong><b>m\u00b2<\/b> k\u00f6etava pinnaga ruumide ventileerimiseks.<\/p>\n<p>Tootlikkus\u00a0 kuni 370 m<sup>3<\/sup>\/h @ 100 Pa<\/p>\n","protected":false},"featured_media":5478,"comment_status":"closed","ping_status":"closed","template":"","meta":[],"product_brand":[],"product_cat":[121,13,40],"product_tag":[],"class_list":{"0":"post-4821","1":"product","2":"type-product","3":"status-publish","4":"has-post-thumbnail","6":"product_cat-top-tooted","7":"product_cat-ventilatsiooniseadmed","8":"product_cat-porandakinnitusega-seadmed","10":"first","11":"instock","12":"shipping-taxable","13":"purchasable","14":"product-type-simple"},"_links":{"self":[{"href":"https:\/\/ventilatsiooniseade.ee\/index.php?rest_route=\/wp\/v2\/product\/4821","targetHints":{"allow":["GET"]}}],"collection":[{"href":"https:\/\/ventilatsiooniseade.ee\/index.php?rest_route=\/wp\/v2\/product"}],"about":[{"href":"https:\/\/ventilatsiooniseade.ee\/index.php?rest_route=\/wp\/v2\/types\/product"}],"replies":[{"embeddable":true,"href":"https:\/\/ventilatsiooniseade.ee\/index.php?rest_route=%2Fwp%2Fv2%2Fcomments&post=4821"}],"wp:featuredmedia":[{"embeddable":true,"href":"https:\/\/ventilatsiooniseade.ee\/index.php?rest_route=\/wp\/v2\/media\/5478"}],"wp:attachment":[{"href":"https:\/\/ventilatsiooniseade.ee\/index.php?rest_route=%2Fwp%2Fv2%2Fmedia&parent=4821"}],"wp:term":[{"taxonomy":"product_brand","embeddable":true,"href":"https:\/\/ventilatsiooniseade.ee\/index.php?rest_route=%2Fwp%2Fv2%2Fproduct_brand&post=4821"},{"taxonomy":"product_cat","embeddable":true,"href":"https:\/\/ventilatsiooniseade.ee\/index.php?rest_route=%2Fwp%2Fv2%2Fproduct_cat&post=4821"},{"taxonomy":"product_tag","embeddable":true,"href":"https:\/\/ventilatsiooniseade.ee\/index.php?rest_route=%2Fwp%2Fv2%2Fproduct_tag&post=4821"}],"curies":[{"name":"wp","href":"https:\/\/api.w.org\/{rel}","templated":true}]}}