{"id":4773,"date":"2026-02-06T11:43:16","date_gmt":"2026-02-06T09:43:16","guid":{"rendered":"http:\/\/ventilatsiooniseade.ee\/?post_type=product&#038;p=4773"},"modified":"2026-02-06T11:52:28","modified_gmt":"2026-02-06T09:52:28","slug":"tsentrifugaalventilaator-vs-355-4e-komplekt","status":"publish","type":"product","link":"https:\/\/ventilatsiooniseade.ee\/?product=tsentrifugaalventilaator-vs-355-4e-komplekt","title":{"rendered":"VS 355-4\u0415 kanali tsentrifugaalventilaator (2890 m\u00b3\/h) komplekt"},"content":{"rendered":"<p><a href=\"https:\/\/ventilatsiooniseade.ee\/wp-content\/uploads\/2026\/02\/Kuvatommis_6-2-2026_11523_ventilation-system.com_.jpeg\"><img loading=\"lazy\" decoding=\"async\" class=\"alignnone size-large wp-image-6547\" src=\"https:\/\/ventilatsiooniseade.ee\/wp-content\/uploads\/2026\/02\/Kuvatommis_6-2-2026_11523_ventilation-system.com_-1024x448.jpeg\" alt=\"\" width=\"1024\" height=\"448\" srcset=\"https:\/\/ventilatsiooniseade.ee\/wp-content\/uploads\/2026\/02\/Kuvatommis_6-2-2026_11523_ventilation-system.com_-1024x448.jpeg 1024w, https:\/\/ventilatsiooniseade.ee\/wp-content\/uploads\/2026\/02\/Kuvatommis_6-2-2026_11523_ventilation-system.com_-300x131.jpeg 300w, https:\/\/ventilatsiooniseade.ee\/wp-content\/uploads\/2026\/02\/Kuvatommis_6-2-2026_11523_ventilation-system.com_-768x336.jpeg 768w, https:\/\/ventilatsiooniseade.ee\/wp-content\/uploads\/2026\/02\/Kuvatommis_6-2-2026_11523_ventilation-system.com_-470x206.jpeg 470w, https:\/\/ventilatsiooniseade.ee\/wp-content\/uploads\/2026\/02\/Kuvatommis_6-2-2026_11523_ventilation-system.com_.jpeg 1026w\" sizes=\"auto, (max-width: 1024px) 100vw, 1024px\" \/><\/a><a href=\"https:\/\/ventilatsiooniseade.ee\/wp-content\/uploads\/2022\/02\/uus-335.png\"><img loading=\"lazy\" decoding=\"async\" class=\"alignleft size-full wp-image-4778\" src=\"https:\/\/ventilatsiooniseade.ee\/wp-content\/uploads\/2022\/02\/uus-335.png\" alt=\"VS 355 4E\" width=\"799\" height=\"660\" srcset=\"https:\/\/ventilatsiooniseade.ee\/wp-content\/uploads\/2022\/02\/uus-335.png 799w, https:\/\/ventilatsiooniseade.ee\/wp-content\/uploads\/2022\/02\/uus-335-470x388.png 470w, https:\/\/ventilatsiooniseade.ee\/wp-content\/uploads\/2022\/02\/uus-335-300x248.png 300w, https:\/\/ventilatsiooniseade.ee\/wp-content\/uploads\/2022\/02\/uus-335-768x634.png 768w, https:\/\/ventilatsiooniseade.ee\/wp-content\/uploads\/2022\/02\/uus-335-80x66.png 80w\" sizes=\"auto, (max-width: 799px) 100vw, 799px\" \/><\/a><a href=\"https:\/\/ventilatsiooniseade.ee\/wp-content\/uploads\/2022\/02\/n\u00e4ited.png\"><img loading=\"lazy\" decoding=\"async\" class=\"alignleft size-large wp-image-4780\" src=\"https:\/\/ventilatsiooniseade.ee\/wp-content\/uploads\/2022\/02\/n\u00e4ited-1024x414.png\" alt=\"VS ventilaator\" width=\"1024\" height=\"414\" srcset=\"https:\/\/ventilatsiooniseade.ee\/wp-content\/uploads\/2022\/02\/n\u00e4ited-1024x414.png 1024w, https:\/\/ventilatsiooniseade.ee\/wp-content\/uploads\/2022\/02\/n\u00e4ited-470x190.png 470w, https:\/\/ventilatsiooniseade.ee\/wp-content\/uploads\/2022\/02\/n\u00e4ited-300x121.png 300w, https:\/\/ventilatsiooniseade.ee\/wp-content\/uploads\/2022\/02\/n\u00e4ited-768x310.png 768w, https:\/\/ventilatsiooniseade.ee\/wp-content\/uploads\/2022\/02\/n\u00e4ited-80x32.png 80w, https:\/\/ventilatsiooniseade.ee\/wp-content\/uploads\/2022\/02\/n\u00e4ited.png 1039w\" sizes=\"auto, (max-width: 1024px) 100vw, 1024px\" \/><\/a><\/p>\n","protected":false},"excerpt":{"rendered":"<p><strong>Komplektis:<\/strong><\/p>\n<p>kanali tsentrifugaalventilaator (2890 m\u00b3\/h)<br \/>\nvibratsiooni t\u00f5kestavad \u00e4\u00e4rikud 500\u0445500 2tk<\/p>\n<p><a href=\"https:\/\/ventilation-system.com\/download\/vs-datasheet-1756.pdf\"><span style=\"color: #0000ff;\"><strong>Infoleht<\/strong><\/span><\/a><\/p>\n","protected":false},"featured_media":4774,"comment_status":"closed","ping_status":"closed","template":"","meta":[],"product_brand":[],"product_cat":[11,66],"product_tag":[],"class_list":{"0":"post-4773","1":"product","2":"type-product","3":"status-publish","4":"has-post-thumbnail","6":"product_cat-ventilaatorid","7":"product_cat-tsentrifugaal-ventilaatorid","9":"first","10":"instock","11":"shipping-taxable","12":"purchasable","13":"product-type-simple"},"_links":{"self":[{"href":"https:\/\/ventilatsiooniseade.ee\/index.php?rest_route=\/wp\/v2\/product\/4773","targetHints":{"allow":["GET"]}}],"collection":[{"href":"https:\/\/ventilatsiooniseade.ee\/index.php?rest_route=\/wp\/v2\/product"}],"about":[{"href":"https:\/\/ventilatsiooniseade.ee\/index.php?rest_route=\/wp\/v2\/types\/product"}],"replies":[{"embeddable":true,"href":"https:\/\/ventilatsiooniseade.ee\/index.php?rest_route=%2Fwp%2Fv2%2Fcomments&post=4773"}],"wp:featuredmedia":[{"embeddable":true,"href":"https:\/\/ventilatsiooniseade.ee\/index.php?rest_route=\/wp\/v2\/media\/4774"}],"wp:attachment":[{"href":"https:\/\/ventilatsiooniseade.ee\/index.php?rest_route=%2Fwp%2Fv2%2Fmedia&parent=4773"}],"wp:term":[{"taxonomy":"product_brand","embeddable":true,"href":"https:\/\/ventilatsiooniseade.ee\/index.php?rest_route=%2Fwp%2Fv2%2Fproduct_brand&post=4773"},{"taxonomy":"product_cat","embeddable":true,"href":"https:\/\/ventilatsiooniseade.ee\/index.php?rest_route=%2Fwp%2Fv2%2Fproduct_cat&post=4773"},{"taxonomy":"product_tag","embeddable":true,"href":"https:\/\/ventilatsiooniseade.ee\/index.php?rest_route=%2Fwp%2Fv2%2Fproduct_tag&post=4773"}],"curies":[{"name":"wp","href":"https:\/\/api.w.org\/{rel}","templated":true}]}}