{"id":4772,"date":"2026-02-05T09:10:33","date_gmt":"2026-02-05T07:10:33","guid":{"rendered":"http:\/\/ventilatsiooniseade.ee\/?product=kanaliventilaator-vc-vk-100-q"},"modified":"2026-02-06T09:16:12","modified_gmt":"2026-02-06T07:16:12","slug":"kanaliventilaator-vc-vk-100-q","status":"publish","type":"product","link":"https:\/\/ventilatsiooniseade.ee\/?product=kanaliventilaator-vc-vk-100-q","title":{"rendered":"VC-VK 100 Q kanali tsentrifugaalventilaator (210 m\u00b3\/h)"},"content":{"rendered":"<p><a href=\"https:\/\/ventilatsiooniseade.ee\/wp-content\/uploads\/2022\/02\/Kuvatommis_6-2-2026_9156_ventilation-system.com_.jpeg\"><img loading=\"lazy\" decoding=\"async\" class=\"alignnone size-full wp-image-6523\" src=\"https:\/\/ventilatsiooniseade.ee\/wp-content\/uploads\/2022\/02\/Kuvatommis_6-2-2026_9156_ventilation-system.com_.jpeg\" alt=\"\" width=\"1024\" height=\"539\" srcset=\"https:\/\/ventilatsiooniseade.ee\/wp-content\/uploads\/2022\/02\/Kuvatommis_6-2-2026_9156_ventilation-system.com_.jpeg 1024w, https:\/\/ventilatsiooniseade.ee\/wp-content\/uploads\/2022\/02\/Kuvatommis_6-2-2026_9156_ventilation-system.com_-300x158.jpeg 300w, https:\/\/ventilatsiooniseade.ee\/wp-content\/uploads\/2022\/02\/Kuvatommis_6-2-2026_9156_ventilation-system.com_-768x404.jpeg 768w, https:\/\/ventilatsiooniseade.ee\/wp-content\/uploads\/2022\/02\/Kuvatommis_6-2-2026_9156_ventilation-system.com_-470x247.jpeg 470w\" sizes=\"auto, (max-width: 1024px) 100vw, 1024px\" \/><\/a><\/p>\n","protected":false},"excerpt":{"rendered":"<p data-start=\"120\" data-end=\"380\">Seinale paigaldatav tsentrifugaalventilaator sissepuhke- ja v\u00e4ljat\u00f5mbelahendusteks. Varustatud tahapoole kaardunud labadega tiivikuga, mis tagab t\u00f5husa ja vaikse t\u00f6\u00f6. Vastupidav kaetud terasest korpus ning AC-mootor. Ventilaatorit saab paigaldada igas asendis.<\/p>\n<p data-start=\"384\" data-end=\"410\"><strong data-start=\"688\" data-end=\"714\">Tehnilised p\u00f5hiandmed:<br \/>\n<\/strong>M\u00fcratase: <strong>36 dB(A) @ 3 m<\/strong><br \/>\nTsentrifugaaltiivik, tahapoole kaardunud labad<br \/>\n<strong>AC<\/strong>-mootor<br \/>\nKaetud <strong>terasest korpus<\/strong><br \/>\nPaigaldus <strong>igas asendis<\/p>\n<p><a href=\"https:\/\/ventilation-system.com\/download\/vc-datasheet-1554.pdf\"><span style=\"color: #0000ff;\">Infoleht<\/span><\/a><\/strong><\/p>\n","protected":false},"featured_media":2804,"comment_status":"closed","ping_status":"closed","template":"","meta":[],"product_brand":[],"product_cat":[11,66],"product_tag":[],"class_list":{"0":"post-4772","1":"product","2":"type-product","3":"status-publish","4":"has-post-thumbnail","6":"product_cat-ventilaatorid","7":"product_cat-tsentrifugaal-ventilaatorid","9":"first","10":"instock","11":"shipping-taxable","12":"purchasable","13":"product-type-simple"},"_links":{"self":[{"href":"https:\/\/ventilatsiooniseade.ee\/index.php?rest_route=\/wp\/v2\/product\/4772","targetHints":{"allow":["GET"]}}],"collection":[{"href":"https:\/\/ventilatsiooniseade.ee\/index.php?rest_route=\/wp\/v2\/product"}],"about":[{"href":"https:\/\/ventilatsiooniseade.ee\/index.php?rest_route=\/wp\/v2\/types\/product"}],"replies":[{"embeddable":true,"href":"https:\/\/ventilatsiooniseade.ee\/index.php?rest_route=%2Fwp%2Fv2%2Fcomments&post=4772"}],"wp:featuredmedia":[{"embeddable":true,"href":"https:\/\/ventilatsiooniseade.ee\/index.php?rest_route=\/wp\/v2\/media\/2804"}],"wp:attachment":[{"href":"https:\/\/ventilatsiooniseade.ee\/index.php?rest_route=%2Fwp%2Fv2%2Fmedia&parent=4772"}],"wp:term":[{"taxonomy":"product_brand","embeddable":true,"href":"https:\/\/ventilatsiooniseade.ee\/index.php?rest_route=%2Fwp%2Fv2%2Fproduct_brand&post=4772"},{"taxonomy":"product_cat","embeddable":true,"href":"https:\/\/ventilatsiooniseade.ee\/index.php?rest_route=%2Fwp%2Fv2%2Fproduct_cat&post=4772"},{"taxonomy":"product_tag","embeddable":true,"href":"https:\/\/ventilatsiooniseade.ee\/index.php?rest_route=%2Fwp%2Fv2%2Fproduct_tag&post=4772"}],"curies":[{"name":"wp","href":"https:\/\/api.w.org\/{rel}","templated":true}]}}